{"id":396498,"date":"2026-04-05T14:37:29","date_gmt":"2026-04-05T12:37:29","guid":{"rendered":"https:\/\/bogensportdiscount.ch\/produkt\/grip-7-lh-black\/"},"modified":"2026-04-17T13:44:57","modified_gmt":"2026-04-17T11:44:57","slug":"wiawis-recurve-griff-7-lh-schwarz","status":"publish","type":"product","link":"https:\/\/bogensportdiscount.ch\/fr\/produit\/wiawis-recurve-griff-7-lh-schwarz\/","title":{"rendered":"WIAWIS GRIP"},"content":{"rendered":"<p>Der WIAWIS Griff 7 in Schwarz ist ein Recurve-Griff, der speziell f\u00fcr die Verwendung mit WIAWIS Recurve-B\u00f6gen konzipiert wurde. Die Linkshand-Ausf\u00fchrung (LH) ist auf die Bed\u00fcrfnisse von Linksh\u00e4ndern ausgerichtet.<\/p>\n<p>Als Zubeh\u00f6rteil aus dem Bereich Recurve-Griffe bietet er eine direkte Austausch- oder Erg\u00e4nzungsoption f\u00fcr bestehende Setups. Die schlichte schwarze Farbgebung f\u00fcgt sich unauff\u00e4llig in verschiedene Bogenkombinationen ein.<\/p>\n<ul>\n<li>Ausf\u00fchrung f\u00fcr Linkshandbogensch\u00fctzen (LH)<\/li>\n<li>Farbe: Schwarz<\/li>\n<li>Passend f\u00fcr WIAWIS Recurve-B\u00f6gen<\/li>\n<li>Auch als Rechtshand-Variante (RH) erh\u00e4ltlich<\/li>\n<\/ul>","protected":false},"excerpt":{"rendered":"<p><strong>Marque :<\/strong> Wiawis<\/p>","protected":false},"featured_media":440316,"comment_status":"open","ping_status":"closed","template":"","meta":[],"product_brand":[473],"product_cat":[4201],"product_tag":[],"class_list":{"0":"post-396498","1":"product","2":"type-product","3":"status-publish","4":"has-post-thumbnail","6":"product_brand-wiawis","7":"product_cat-recurve-griffe-griffe-bogen-zubehoer","9":"first","10":"instock","11":"shipping-taxable","12":"purchasable","13":"product-type-variable"},"_links":{"self":[{"href":"https:\/\/bogensportdiscount.ch\/fr\/wp-json\/wp\/v2\/product\/396498","targetHints":{"allow":["GET"]}}],"collection":[{"href":"https:\/\/bogensportdiscount.ch\/fr\/wp-json\/wp\/v2\/product"}],"about":[{"href":"https:\/\/bogensportdiscount.ch\/fr\/wp-json\/wp\/v2\/types\/product"}],"replies":[{"embeddable":true,"href":"https:\/\/bogensportdiscount.ch\/fr\/wp-json\/wp\/v2\/comments?post=396498"}],"wp:featuredmedia":[{"embeddable":true,"href":"https:\/\/bogensportdiscount.ch\/fr\/wp-json\/wp\/v2\/media\/440316"}],"wp:attachment":[{"href":"https:\/\/bogensportdiscount.ch\/fr\/wp-json\/wp\/v2\/media?parent=396498"}],"wp:term":[{"taxonomy":"product_brand","embeddable":true,"href":"https:\/\/bogensportdiscount.ch\/fr\/wp-json\/wp\/v2\/product_brand?post=396498"},{"taxonomy":"product_cat","embeddable":true,"href":"https:\/\/bogensportdiscount.ch\/fr\/wp-json\/wp\/v2\/product_cat?post=396498"},{"taxonomy":"product_tag","embeddable":true,"href":"https:\/\/bogensportdiscount.ch\/fr\/wp-json\/wp\/v2\/product_tag?post=396498"}],"curies":[{"name":"wp","href":"https:\/\/api.w.org\/{rel}","templated":true}]}}