{"id":396305,"date":"2026-04-05T14:37:14","date_gmt":"2026-04-05T12:37:14","guid":{"rendered":"https:\/\/bogensportdiscount.ch\/produkt\/feathers-shield-3-lw-solid-gray-100-pk\/"},"modified":"2026-04-17T13:44:55","modified_gmt":"2026-04-17T11:44:55","slug":"gateway-feathers-federn-shield-3-lw-solid","status":"publish","type":"product","link":"https:\/\/bogensportdiscount.ch\/fr\/produit\/gateway-feathers-federn-shield-3-lw-solid\/","title":{"rendered":"GATEWAYFEATHERS FEATHERS SHIELD 3\u2033 LW SOLID 100\/PK"},"content":{"rendered":"<p>Die Gateway Feathers Shield 3&#8243; LW Solid sind Naturfedern f\u00fcr die Befiederung von Pfeilen. Das Shield-Profil ist eine bew\u00e4hrte Form, die f\u00fcr eine stabile Pfeilf\u00fchrung sorgt und sich f\u00fcr verschiedene Bogensport-Disziplinen eignet.<\/p>\n<p>Die LW-Ausf\u00fchrung (Low Weight) zeichnet sich durch ein geringes Gewicht aus, was sich positiv auf die Flugbahn und Geschwindigkeit des Pfeils auswirkt. Die Federn sind in den Farben Grau und Lila erh\u00e4ltlich und erm\u00f6glichen so eine individuelle Kennzeichnung der Pfeile.<\/p>\n<ul>\n<li>Shield-Profil f\u00fcr stabile Pfeilf\u00fchrung<\/li>\n<li>Gr\u00f6sse: 3&#8243; LW (Low Weight)<\/li>\n<li>Einfarbige Ausf\u00fchrung (Solid)<\/li>\n<li>Fabriqu\u00e9 aux \u00c9tats-Unis<\/li>\n<\/ul>","protected":false},"excerpt":{"rendered":"<p>Gateway Feathers Shield-Federn in der Gr\u00f6sse 3&#8243; LW (Low Weight) in einfarbiger Ausf\u00fchrung. Erh\u00e4ltlich in den Farben Grau und Lila. Hergestellt in den USA.<\/p>","protected":false},"featured_media":453631,"comment_status":"open","ping_status":"closed","template":"","meta":[],"product_brand":[909],"product_cat":[4307],"product_tag":[],"class_list":{"0":"post-396305","1":"product","2":"type-product","3":"status-publish","4":"has-post-thumbnail","6":"product_brand-gatewayfeathers","7":"product_cat-federn-vanes-nocks-wraps","9":"first","10":"instock","11":"shipping-taxable","12":"purchasable","13":"product-type-variable"},"_links":{"self":[{"href":"https:\/\/bogensportdiscount.ch\/fr\/wp-json\/wp\/v2\/product\/396305","targetHints":{"allow":["GET"]}}],"collection":[{"href":"https:\/\/bogensportdiscount.ch\/fr\/wp-json\/wp\/v2\/product"}],"about":[{"href":"https:\/\/bogensportdiscount.ch\/fr\/wp-json\/wp\/v2\/types\/product"}],"replies":[{"embeddable":true,"href":"https:\/\/bogensportdiscount.ch\/fr\/wp-json\/wp\/v2\/comments?post=396305"}],"wp:featuredmedia":[{"embeddable":true,"href":"https:\/\/bogensportdiscount.ch\/fr\/wp-json\/wp\/v2\/media\/453631"}],"wp:attachment":[{"href":"https:\/\/bogensportdiscount.ch\/fr\/wp-json\/wp\/v2\/media?parent=396305"}],"wp:term":[{"taxonomy":"product_brand","embeddable":true,"href":"https:\/\/bogensportdiscount.ch\/fr\/wp-json\/wp\/v2\/product_brand?post=396305"},{"taxonomy":"product_cat","embeddable":true,"href":"https:\/\/bogensportdiscount.ch\/fr\/wp-json\/wp\/v2\/product_cat?post=396305"},{"taxonomy":"product_tag","embeddable":true,"href":"https:\/\/bogensportdiscount.ch\/fr\/wp-json\/wp\/v2\/product_tag?post=396305"}],"curies":[{"name":"wp","href":"https:\/\/api.w.org\/{rel}","templated":true}]}}