{"id":396291,"date":"2026-04-05T14:37:13","date_gmt":"2026-04-05T12:37:13","guid":{"rendered":"https:\/\/bogensportdiscount.ch\/produkt\/feathers-shield-3-rw-white-100-pk\/"},"modified":"2026-04-17T13:44:54","modified_gmt":"2026-04-17T11:44:54","slug":"trueflight-federn-shield-3-rw","status":"publish","type":"product","link":"https:\/\/bogensportdiscount.ch\/fr\/produit\/trueflight-federn-shield-3-rw\/","title":{"rendered":"TRUEFLIGHT FEATHERS SHIELD 3\u2033 RW 100\/PK"},"content":{"rendered":"<p>Die Trueflight Shield 3&#8243; RW sind echte Naturfedern im Shield-Schnitt mit Rechtsdrehung, hergestellt in den USA. Sie eignen sich f\u00fcr die traditionelle Befiederung von Holz-, Aluminium- und Carbonpfeilen.<\/p>\n<p>Die Shield-Form bietet eine gute Stabilisierung des Pfeils auf kurzen bis mittleren Distanzen und ist besonders bei traditionellen Bogensch\u00fctzen beliebt. Trueflight gilt als einer der bekanntesten Hersteller von Naturfedern f\u00fcr den Bogensport.<\/p>\n<ul>\n<li>Shield-Schnitt, 3 Zoll L\u00e4nge<\/li>\n<li>Rechtsdrehung (RW)<\/li>\n<li>Naturfedern aus US-Produktion<\/li>\n<li>Erh\u00e4ltlich in 11 Farben<\/li>\n<\/ul>","protected":false},"excerpt":{"rendered":"<p>Die Trueflight Shield-Federn in 3&#8243; Gr\u00f6sse mit Rechtsdrehung (RW) sind nat\u00fcrliche Befiederungsfedern f\u00fcr traditionelle und klassische Pfeile. Erh\u00e4ltlich in einer breiten Farbauswahl.<\/p>","protected":false},"featured_media":452702,"comment_status":"open","ping_status":"closed","template":"","meta":[],"product_brand":[907],"product_cat":[4307],"product_tag":[],"class_list":{"0":"post-396291","1":"product","2":"type-product","3":"status-publish","4":"has-post-thumbnail","6":"product_brand-trueflight","7":"product_cat-federn-vanes-nocks-wraps","9":"first","10":"instock","11":"shipping-taxable","12":"purchasable","13":"product-type-variable"},"_links":{"self":[{"href":"https:\/\/bogensportdiscount.ch\/fr\/wp-json\/wp\/v2\/product\/396291","targetHints":{"allow":["GET"]}}],"collection":[{"href":"https:\/\/bogensportdiscount.ch\/fr\/wp-json\/wp\/v2\/product"}],"about":[{"href":"https:\/\/bogensportdiscount.ch\/fr\/wp-json\/wp\/v2\/types\/product"}],"replies":[{"embeddable":true,"href":"https:\/\/bogensportdiscount.ch\/fr\/wp-json\/wp\/v2\/comments?post=396291"}],"wp:featuredmedia":[{"embeddable":true,"href":"https:\/\/bogensportdiscount.ch\/fr\/wp-json\/wp\/v2\/media\/452702"}],"wp:attachment":[{"href":"https:\/\/bogensportdiscount.ch\/fr\/wp-json\/wp\/v2\/media?parent=396291"}],"wp:term":[{"taxonomy":"product_brand","embeddable":true,"href":"https:\/\/bogensportdiscount.ch\/fr\/wp-json\/wp\/v2\/product_brand?post=396291"},{"taxonomy":"product_cat","embeddable":true,"href":"https:\/\/bogensportdiscount.ch\/fr\/wp-json\/wp\/v2\/product_cat?post=396291"},{"taxonomy":"product_tag","embeddable":true,"href":"https:\/\/bogensportdiscount.ch\/fr\/wp-json\/wp\/v2\/product_tag?post=396291"}],"curies":[{"name":"wp","href":"https:\/\/api.w.org\/{rel}","templated":true}]}}