{"id":396096,"date":"2026-04-05T14:36:58","date_gmt":"2026-04-05T12:36:58","guid":{"rendered":"https:\/\/bogensportdiscount.ch\/produkt\/feathers-round-4-lw-white-100-pk\/"},"modified":"2026-04-17T13:44:53","modified_gmt":"2026-04-17T11:44:53","slug":"trueflight-federn-round-4-lw","status":"publish","type":"product","link":"https:\/\/bogensportdiscount.ch\/fr\/produit\/trueflight-federn-round-4-lw\/","title":{"rendered":"TRUEFLIGHT PLUMES RONDES 4\u2033 LW 100\/PK"},"content":{"rendered":"<p>Die TRUEFLIGHT Federn in der Round-Form mit 4 Zoll L\u00e4nge sind klassische Naturfedern f\u00fcr die Befiederung von Pfeilen. TRUEFLIGHT geh\u00f6rt zu den bekanntesten Herstellern von Naturfedern im Bogensport und steht f\u00fcr gleichbleibende Qualit\u00e4t und Flugstabilit\u00e4t.<\/p>\n<p>Die runde Form eignet sich besonders f\u00fcr Traditional- und Recurvebogen-Pfeile. Die Federn werden einzeln aufgeklebt oder mit einer Befiederungsmaschine angebracht und sorgen f\u00fcr eine stabile Flugbahn des Pfeils.<\/p>\n<ul>\n<li>Naturfeder in runder Form (Round)<\/li>\n<li>L\u00e4nge: 4 Zoll (ca. 10 cm)<\/li>\n<li>Erh\u00e4ltlich in 10 Farben: Schwarz, Blau, Braun, Gr\u00fcn, Orange, Pink, Lila, Rot, Weiss, Gelb<\/li>\n<li>Geeignet f\u00fcr Traditional- und Recurvepfeile<\/li>\n<\/ul>","protected":false},"excerpt":{"rendered":"<p><strong>Marque :<\/strong> Trueflight<\/p>","protected":false},"featured_media":449286,"comment_status":"open","ping_status":"closed","template":"","meta":[],"product_brand":[907],"product_cat":[4307],"product_tag":[],"class_list":{"0":"post-396096","1":"product","2":"type-product","3":"status-publish","4":"has-post-thumbnail","6":"product_brand-trueflight","7":"product_cat-federn-vanes-nocks-wraps","9":"first","10":"instock","11":"shipping-taxable","12":"purchasable","13":"product-type-variable"},"_links":{"self":[{"href":"https:\/\/bogensportdiscount.ch\/fr\/wp-json\/wp\/v2\/product\/396096","targetHints":{"allow":["GET"]}}],"collection":[{"href":"https:\/\/bogensportdiscount.ch\/fr\/wp-json\/wp\/v2\/product"}],"about":[{"href":"https:\/\/bogensportdiscount.ch\/fr\/wp-json\/wp\/v2\/types\/product"}],"replies":[{"embeddable":true,"href":"https:\/\/bogensportdiscount.ch\/fr\/wp-json\/wp\/v2\/comments?post=396096"}],"wp:featuredmedia":[{"embeddable":true,"href":"https:\/\/bogensportdiscount.ch\/fr\/wp-json\/wp\/v2\/media\/449286"}],"wp:attachment":[{"href":"https:\/\/bogensportdiscount.ch\/fr\/wp-json\/wp\/v2\/media?parent=396096"}],"wp:term":[{"taxonomy":"product_brand","embeddable":true,"href":"https:\/\/bogensportdiscount.ch\/fr\/wp-json\/wp\/v2\/product_brand?post=396096"},{"taxonomy":"product_cat","embeddable":true,"href":"https:\/\/bogensportdiscount.ch\/fr\/wp-json\/wp\/v2\/product_cat?post=396096"},{"taxonomy":"product_tag","embeddable":true,"href":"https:\/\/bogensportdiscount.ch\/fr\/wp-json\/wp\/v2\/product_tag?post=396096"}],"curies":[{"name":"wp","href":"https:\/\/api.w.org\/{rel}","templated":true}]}}