{"id":396080,"date":"2026-04-05T14:36:57","date_gmt":"2026-04-05T12:36:57","guid":{"rendered":"https:\/\/bogensportdiscount.ch\/produkt\/feathers-round-3-rw-solid-blue-100-pk\/"},"modified":"2026-04-17T13:44:53","modified_gmt":"2026-04-17T11:44:53","slug":"gatewayfeathers-federn-round-3-rw-solid","status":"publish","type":"product","link":"https:\/\/bogensportdiscount.ch\/fr\/produit\/gatewayfeathers-federn-round-3-rw-solid\/","title":{"rendered":"GATEWAY FEATHERS FEATHERS ROUND 3\u2033 RW SOLID 100\/PK"},"content":{"rendered":"<p>Die GATEWAYFEATHERS Federn Round 3&#8243; RW Solid sind Naturfedern f\u00fcr die Befiederung von Holz- und Carbonpfeilen. Die runde Fahnenform eignet sich f\u00fcr traditionelle B\u00f6gen sowie f\u00fcr Recurve- und Langbogenanwendungen, bei denen eine breite F\u00fchrungsfl\u00e4che gew\u00fcnscht wird.<\/p>\n<p>Die rechtsdrehende (RW) Ausrichtung sorgt f\u00fcr eine gleichm\u00e4ssige Rotation des Pfeils im Flug und damit f\u00fcr eine stabile Flugbahn. Die Solid-Ausf\u00fchrung bedeutet, dass die Federn in einer einheitlichen Farbe ohne Musterung erh\u00e4ltlich sind.<\/p>\n<ul>\n<li>Form: Round (runde Fahne), 3 Zoll<\/li>\n<li>Drehrichtung: Rechtsdrehend (RW)<\/li>\n<li>Ausf\u00fchrung: Einfarbig (Solid)<\/li>\n<li>Erh\u00e4ltlich in 12 Farben: Schwarz, Blau, Braun, Grau, Gr\u00fcn, Lime, Orange, Lila, Rot, Tan, Weiss, Gelb<\/li>\n<\/ul>","protected":false},"excerpt":{"rendered":"<p><strong>Marque :<\/strong> Gateway Feathers<\/p>","protected":false},"featured_media":453631,"comment_status":"open","ping_status":"closed","template":"","meta":[],"product_brand":[909],"product_cat":[4307],"product_tag":[],"class_list":{"0":"post-396080","1":"product","2":"type-product","3":"status-publish","4":"has-post-thumbnail","6":"product_brand-gatewayfeathers","7":"product_cat-federn-vanes-nocks-wraps","9":"first","10":"instock","11":"shipping-taxable","12":"purchasable","13":"product-type-variable"},"_links":{"self":[{"href":"https:\/\/bogensportdiscount.ch\/fr\/wp-json\/wp\/v2\/product\/396080","targetHints":{"allow":["GET"]}}],"collection":[{"href":"https:\/\/bogensportdiscount.ch\/fr\/wp-json\/wp\/v2\/product"}],"about":[{"href":"https:\/\/bogensportdiscount.ch\/fr\/wp-json\/wp\/v2\/types\/product"}],"replies":[{"embeddable":true,"href":"https:\/\/bogensportdiscount.ch\/fr\/wp-json\/wp\/v2\/comments?post=396080"}],"wp:featuredmedia":[{"embeddable":true,"href":"https:\/\/bogensportdiscount.ch\/fr\/wp-json\/wp\/v2\/media\/453631"}],"wp:attachment":[{"href":"https:\/\/bogensportdiscount.ch\/fr\/wp-json\/wp\/v2\/media?parent=396080"}],"wp:term":[{"taxonomy":"product_brand","embeddable":true,"href":"https:\/\/bogensportdiscount.ch\/fr\/wp-json\/wp\/v2\/product_brand?post=396080"},{"taxonomy":"product_cat","embeddable":true,"href":"https:\/\/bogensportdiscount.ch\/fr\/wp-json\/wp\/v2\/product_cat?post=396080"},{"taxonomy":"product_tag","embeddable":true,"href":"https:\/\/bogensportdiscount.ch\/fr\/wp-json\/wp\/v2\/product_tag?post=396080"}],"curies":[{"name":"wp","href":"https:\/\/api.w.org\/{rel}","templated":true}]}}