{"id":396065,"date":"2026-04-05T14:36:56","date_gmt":"2026-04-05T12:36:56","guid":{"rendered":"https:\/\/bogensportdiscount.ch\/produkt\/feathers-round-3-lw-solid-blue-100-pk\/"},"modified":"2026-04-17T13:44:53","modified_gmt":"2026-04-17T11:44:53","slug":"gateway-feathers-federn-round-3-lw-solid","status":"publish","type":"product","link":"https:\/\/bogensportdiscount.ch\/fr\/produit\/gateway-feathers-federn-round-3-lw-solid\/","title":{"rendered":"GATEWAY FEATHERS PLUMES RONDES 3\u2033 LW SOLID 100\/PK"},"content":{"rendered":"<p>Die Gateway Feathers Round 3&#8243; LW Solid sind Befiederungsfedern aus Naturmaterial im klassischen runden Schnitt. Mit einer L\u00e4nge von 3 Zoll sind sie f\u00fcr eine Vielzahl von Pfeildurchmessern geeignet und bieten eine zuverl\u00e4ssige Flugstabilisierung.<\/p>\n<p>Die Federn sind als Low-Weight-Variante (LW) ausgef\u00fchrt, was ein geringes Eigengewicht bei guter Steuerungswirkung bedeutet. Sie sind besonders bei traditionellen Bogensch\u00fctzen und Instinktivsch\u00fctzen beliebt, die Wert auf nat\u00fcrliche Materialien legen.<\/p>\n<ul>\n<li>Runder Schnitt, 3 Zoll L\u00e4nge<\/li>\n<li>Low-Weight-Ausf\u00fchrung (LW)<\/li>\n<li>Erh\u00e4ltlich in 11 Volltonfarben<\/li>\n<li>Geeignet f\u00fcr traditionelle B\u00f6gen und Pfeile<\/li>\n<\/ul>","protected":false},"excerpt":{"rendered":"<p><strong>Marque :<\/strong> Gateway Feathers<\/p>","protected":false},"featured_media":453631,"comment_status":"open","ping_status":"closed","template":"","meta":[],"product_brand":[909],"product_cat":[4307],"product_tag":[],"class_list":{"0":"post-396065","1":"product","2":"type-product","3":"status-publish","4":"has-post-thumbnail","6":"product_brand-gatewayfeathers","7":"product_cat-federn-vanes-nocks-wraps","9":"first","10":"instock","11":"shipping-taxable","12":"purchasable","13":"product-type-variable"},"_links":{"self":[{"href":"https:\/\/bogensportdiscount.ch\/fr\/wp-json\/wp\/v2\/product\/396065","targetHints":{"allow":["GET"]}}],"collection":[{"href":"https:\/\/bogensportdiscount.ch\/fr\/wp-json\/wp\/v2\/product"}],"about":[{"href":"https:\/\/bogensportdiscount.ch\/fr\/wp-json\/wp\/v2\/types\/product"}],"replies":[{"embeddable":true,"href":"https:\/\/bogensportdiscount.ch\/fr\/wp-json\/wp\/v2\/comments?post=396065"}],"wp:featuredmedia":[{"embeddable":true,"href":"https:\/\/bogensportdiscount.ch\/fr\/wp-json\/wp\/v2\/media\/453631"}],"wp:attachment":[{"href":"https:\/\/bogensportdiscount.ch\/fr\/wp-json\/wp\/v2\/media?parent=396065"}],"wp:term":[{"taxonomy":"product_brand","embeddable":true,"href":"https:\/\/bogensportdiscount.ch\/fr\/wp-json\/wp\/v2\/product_brand?post=396065"},{"taxonomy":"product_cat","embeddable":true,"href":"https:\/\/bogensportdiscount.ch\/fr\/wp-json\/wp\/v2\/product_cat?post=396065"},{"taxonomy":"product_tag","embeddable":true,"href":"https:\/\/bogensportdiscount.ch\/fr\/wp-json\/wp\/v2\/product_tag?post=396065"}],"curies":[{"name":"wp","href":"https:\/\/api.w.org\/{rel}","templated":true}]}}