{"id":396052,"date":"2026-04-05T14:36:54","date_gmt":"2026-04-05T12:36:54","guid":{"rendered":"https:\/\/bogensportdiscount.ch\/produkt\/feathers-round-3-rw-white-100-pk\/"},"modified":"2026-04-17T13:44:52","modified_gmt":"2026-04-17T11:44:52","slug":"trueflight-federn-round-3-rw","status":"publish","type":"product","link":"https:\/\/bogensportdiscount.ch\/fr\/produit\/trueflight-federn-round-3-rw\/","title":{"rendered":"TRUEFLIGHT FEATHERS ROND 3\u2033 RW 100\/PK"},"content":{"rendered":"<p>Les plumes TRUEFLIGHT Round de taille 3\u2033 sont des plumes naturelles avec une rotation \u00e0 droite (Right Wing, RW) et conviennent au voltage traditionnel des fl\u00e8ches. Les plumes Round offrent une trajectoire r\u00e9guli\u00e8re et sym\u00e9trique et sont appr\u00e9ci\u00e9es des archers traditionnels ainsi que des archers de campagne.<\/p>\n<p>TRUEFLIGHT fait partie des fabricants de plumes naturelles les plus connus dans le domaine du tir \u00e0 l'arc et est synonyme de qualit\u00e9 constante en termes de forme et de taille des plumes. Les plumes sont disponibles dans de nombreuses couleurs, ce qui permet une personnalisation visuelle des fl\u00e8ches.<\/p>\n<ul>\n<li>Ressort naturel, coupe 3\u2033 Round, rotation \u00e0 droite (RW)<\/li>\n<li>Convient aux arcs traditionnels et au plumage des fl\u00e8ches de campagne<\/li>\n<li>Disponible en 11 couleurs : noir, bleu, marron, gris, vert, orange, rose, violet, rouge, blanc, jaune<\/li>\n<li>Forme r\u00e9guli\u00e8re pour un vol de fl\u00e8che stable<\/li>\n<\/ul>","protected":false},"excerpt":{"rendered":"<p><strong>Marque :<\/strong> Trueflight<\/p>","protected":false},"featured_media":452704,"comment_status":"open","ping_status":"closed","template":"","meta":[],"product_brand":[907],"product_cat":[4307],"product_tag":[],"class_list":{"0":"post-396052","1":"product","2":"type-product","3":"status-publish","4":"has-post-thumbnail","6":"product_brand-trueflight","7":"product_cat-federn-vanes-nocks-wraps","9":"first","10":"instock","11":"shipping-taxable","12":"purchasable","13":"product-type-variable"},"_links":{"self":[{"href":"https:\/\/bogensportdiscount.ch\/fr\/wp-json\/wp\/v2\/product\/396052","targetHints":{"allow":["GET"]}}],"collection":[{"href":"https:\/\/bogensportdiscount.ch\/fr\/wp-json\/wp\/v2\/product"}],"about":[{"href":"https:\/\/bogensportdiscount.ch\/fr\/wp-json\/wp\/v2\/types\/product"}],"replies":[{"embeddable":true,"href":"https:\/\/bogensportdiscount.ch\/fr\/wp-json\/wp\/v2\/comments?post=396052"}],"wp:featuredmedia":[{"embeddable":true,"href":"https:\/\/bogensportdiscount.ch\/fr\/wp-json\/wp\/v2\/media\/452704"}],"wp:attachment":[{"href":"https:\/\/bogensportdiscount.ch\/fr\/wp-json\/wp\/v2\/media?parent=396052"}],"wp:term":[{"taxonomy":"product_brand","embeddable":true,"href":"https:\/\/bogensportdiscount.ch\/fr\/wp-json\/wp\/v2\/product_brand?post=396052"},{"taxonomy":"product_cat","embeddable":true,"href":"https:\/\/bogensportdiscount.ch\/fr\/wp-json\/wp\/v2\/product_cat?post=396052"},{"taxonomy":"product_tag","embeddable":true,"href":"https:\/\/bogensportdiscount.ch\/fr\/wp-json\/wp\/v2\/product_tag?post=396052"}],"curies":[{"name":"wp","href":"https:\/\/api.w.org\/{rel}","templated":true}]}}