{"id":396037,"date":"2026-04-05T14:36:53","date_gmt":"2026-04-05T12:36:53","guid":{"rendered":"https:\/\/bogensportdiscount.ch\/produkt\/feathers-round-3-lw-white-100-pk\/"},"modified":"2026-04-17T13:44:52","modified_gmt":"2026-04-17T11:44:52","slug":"trueflight-federn-round-3-lw","status":"publish","type":"product","link":"https:\/\/bogensportdiscount.ch\/fr\/produit\/trueflight-federn-round-3-lw\/","title":{"rendered":"TRUEFLIGHT PLUMES RONDES 3\u2033 LW 100\/PK"},"content":{"rendered":"<p>Die Trueflight Federn Round 3&#8243; LW sind nat\u00fcrliche Befiederungsfedern f\u00fcr traditionelle Bogensch\u00fctzen und alle, die auf echte Naturfedern setzen. Das Round-Profil sorgt f\u00fcr eine ruhige Flugstabilisierung, w\u00e4hrend das LW-Profil (Low Wing) einen flachen Aufsatz auf dem Pfeilschaft erm\u00f6glicht.<\/p>\n<p>Mit 3 Zoll L\u00e4nge sind diese Federn vielseitig einsetzbar \u2013 ob f\u00fcr Holz-, Carbon- oder Aluminiumpfeile. Trueflight geh\u00f6rt zu den bekanntesten Herstellern von Naturfedern im Bogensport und steht f\u00fcr gleichm\u00e4ssige Qualit\u00e4t und zuverl\u00e4ssige Flugeigenschaften.<\/p>\n<ul>\n<li>Naturfedern im Round-Profil, 3 Zoll<\/li>\n<li>Low Profile (LW) f\u00fcr flachen Sitz am Schaft<\/li>\n<li>Erh\u00e4ltlich in 11 verschiedenen Farben<\/li>\n<li>Geeignet f\u00fcr traditionelle und instinktive Bogensch\u00fctzen<\/li>\n<\/ul>","protected":false},"excerpt":{"rendered":"<p><strong>Marque :<\/strong> Trueflight<\/p>","protected":false},"featured_media":449280,"comment_status":"open","ping_status":"closed","template":"","meta":[],"product_brand":[907],"product_cat":[4307],"product_tag":[],"class_list":{"0":"post-396037","1":"product","2":"type-product","3":"status-publish","4":"has-post-thumbnail","6":"product_brand-trueflight","7":"product_cat-federn-vanes-nocks-wraps","9":"first","10":"instock","11":"shipping-taxable","12":"purchasable","13":"product-type-variable"},"_links":{"self":[{"href":"https:\/\/bogensportdiscount.ch\/fr\/wp-json\/wp\/v2\/product\/396037","targetHints":{"allow":["GET"]}}],"collection":[{"href":"https:\/\/bogensportdiscount.ch\/fr\/wp-json\/wp\/v2\/product"}],"about":[{"href":"https:\/\/bogensportdiscount.ch\/fr\/wp-json\/wp\/v2\/types\/product"}],"replies":[{"embeddable":true,"href":"https:\/\/bogensportdiscount.ch\/fr\/wp-json\/wp\/v2\/comments?post=396037"}],"wp:featuredmedia":[{"embeddable":true,"href":"https:\/\/bogensportdiscount.ch\/fr\/wp-json\/wp\/v2\/media\/449280"}],"wp:attachment":[{"href":"https:\/\/bogensportdiscount.ch\/fr\/wp-json\/wp\/v2\/media?parent=396037"}],"wp:term":[{"taxonomy":"product_brand","embeddable":true,"href":"https:\/\/bogensportdiscount.ch\/fr\/wp-json\/wp\/v2\/product_brand?post=396037"},{"taxonomy":"product_cat","embeddable":true,"href":"https:\/\/bogensportdiscount.ch\/fr\/wp-json\/wp\/v2\/product_cat?post=396037"},{"taxonomy":"product_tag","embeddable":true,"href":"https:\/\/bogensportdiscount.ch\/fr\/wp-json\/wp\/v2\/product_tag?post=396037"}],"curies":[{"name":"wp","href":"https:\/\/api.w.org\/{rel}","templated":true}]}}