{"id":395913,"date":"2026-04-05T14:36:45","date_gmt":"2026-04-05T12:36:45","guid":{"rendered":"https:\/\/bogensportdiscount.ch\/produkt\/hunting-bows-meridian-brown-62-rh-25-lbs-fastflight-string-incl\/"},"modified":"2026-04-20T13:32:17","modified_gmt":"2026-04-20T11:32:17","slug":"bucktrailelite-einteiliger-jagdbogen-meridian-gray-62-rh-40-lbs","status":"publish","type":"product","link":"https:\/\/bogensportdiscount.ch\/fr\/produit\/bucktrailelite-einteiliger-jagdbogen-meridian-gray-62-rh-40-lbs\/","title":{"rendered":"BUCKTRAILELITE JAGDBOEGEN MERIDIAN LBS FASTFLIGHT SEHNE INKL."},"content":{"rendered":"<p>Le Meridian de BUCKTRAILELITE est un arc long monobloc de la gamme Hunting Bows, con\u00e7u pour une utilisation \u00e0 la chasse. Avec une longueur de 62 pouces, il offre une phase de traction douce et un bon \u00e9quilibre \u2014 des caract\u00e9ristiques typiques appr\u00e9ci\u00e9es des chasseurs sur le terrain.<\/p>\n<p>Le mod\u00e8le est disponible en main droite (RH) et main gauche (LH) et peut \u00eatre configur\u00e9 avec des poids de tir de 20 \u00e0 55 lbs. Cet exemplaire est \u00e9quip\u00e9 d'un poids de tir de 40 lbs. La livraison comprend une corde FastFlight qui, gr\u00e2ce \u00e0 sa faible \u00e9lasticit\u00e9, assure une vitesse de fl\u00e8che plus \u00e9lev\u00e9e.<\/p>\n<ul>\n<li>Arc de chasse monobloc, longueur 62 pouces<\/li>\n<li>Poids de tir : 40 lbs (disponible de 20 \u00e0 55 lbs)<\/li>\n<li>Convient pour les archers droitiers et gauchers<\/li>\n<li>Corde FastFlight incluse<\/li>\n<\/ul>","protected":false},"excerpt":{"rendered":"<p>Le BUCKTRAILELITE Meridian est un arc de chasse monobloc d'une longueur de 62 pouces. Il est con\u00e7u pour les tireurs droitiers et est livr\u00e9 avec un poids de tir de 40 lbs ainsi qu'une corde FastFlight. Disponible dans les couleurs Gray et Brown.<\/p>","protected":false},"featured_media":449275,"comment_status":"open","ping_status":"closed","template":"","meta":[],"product_brand":[625],"product_cat":[4274],"product_tag":[],"class_list":{"0":"post-395913","1":"product","2":"type-product","3":"status-publish","4":"has-post-thumbnail","6":"product_brand-bucktrailelite","7":"product_cat-jagdboegen","9":"first","10":"instock","11":"shipping-taxable","12":"purchasable","13":"product-type-variable"},"yoast_head":"<!-- This site is optimized with the Yoast SEO plugin v27.4 - https:\/\/yoast.com\/product\/yoast-seo-wordpress\/ -->\n<title>BUCKTRAILELITE JAGDBOEGEN MERIDIAN LBS FASTFLIGHT SEHNE INKL. - Bogensportdiscount \u2013 B\u00f6gen, Pfeile, Targets &amp; Zubeh\u00f6r<\/title>\n<meta name=\"robots\" content=\"noindex, follow, max-snippet:-1, max-image-preview:large, max-video-preview:-1\" \/>\n<meta property=\"og:locale\" content=\"fr_FR\" \/>\n<meta property=\"og:type\" content=\"article\" \/>\n<meta property=\"og:title\" content=\"BUCKTRAILELITE JAGDBOEGEN MERIDIAN LBS FASTFLIGHT SEHNE INKL. - Bogensportdiscount \u2013 B\u00f6gen, Pfeile, Targets &amp; Zubeh\u00f6r\" \/>\n<meta property=\"og:description\" content=\"Der BUCKTRAILELITE Meridian ist ein einteiliger Jagdbogen mit einer L\u00e4nge von 62 Zoll. Er ist f\u00fcr Rechtshandsch\u00fctzen ausgelegt und wird mit einem Zuggewicht von 40 lbs sowie einer FastFlight-Sehne geliefert. Erh\u00e4ltlich in den Farben Gray und Brown.\" \/>\n<meta property=\"og:url\" content=\"https:\/\/bogensportdiscount.ch\/fr\/produit\/bucktrailelite-einteiliger-jagdbogen-meridian-gray-62-rh-40-lbs\/\" \/>\n<meta property=\"og:site_name\" content=\"Bogensportdiscount \u2013 B\u00f6gen, Pfeile, Targets &amp; Zubeh\u00f6r\" \/>\n<meta property=\"article:modified_time\" content=\"2026-04-20T11:32:17+00:00\" \/>\n<meta property=\"og:image\" content=\"https:\/\/bogensportdiscount.ch\/wp-content\/uploads\/bsm-images\/A012252_1.png\" \/>\n\t<meta property=\"og:image:width\" content=\"1200\" \/>\n\t<meta property=\"og:image:height\" content=\"800\" \/>\n\t<meta property=\"og:image:type\" content=\"image\/png\" \/>\n<meta name=\"twitter:card\" content=\"summary_large_image\" \/>\n<meta name=\"twitter:label1\" content=\"Dur\u00e9e de lecture estim\u00e9e\" \/>\n\t<meta name=\"twitter:data1\" content=\"1 minute\" \/>\n<script type=\"application\/ld+json\" class=\"yoast-schema-graph\">{\"@context\":\"https:\\\/\\\/schema.org\",\"@graph\":[{\"@type\":\"WebPage\",\"@id\":\"https:\\\/\\\/bogensportdiscount.ch\\\/fr\\\/produit\\\/bucktrailelite-einteiliger-jagdbogen-meridian-gray-62-rh-40-lbs\\\/\",\"url\":\"https:\\\/\\\/bogensportdiscount.ch\\\/fr\\\/produit\\\/bucktrailelite-einteiliger-jagdbogen-meridian-gray-62-rh-40-lbs\\\/\",\"name\":\"BUCKTRAILELITE JAGDBOEGEN MERIDIAN LBS FASTFLIGHT SEHNE INKL. - Bogensportdiscount \u2013 B\u00f6gen, Pfeile, Targets &amp; Zubeh\u00f6r\",\"isPartOf\":{\"@id\":\"https:\\\/\\\/bogensportdiscount.ch\\\/#website\"},\"primaryImageOfPage\":{\"@id\":\"https:\\\/\\\/bogensportdiscount.ch\\\/fr\\\/produit\\\/bucktrailelite-einteiliger-jagdbogen-meridian-gray-62-rh-40-lbs\\\/#primaryimage\"},\"image\":{\"@id\":\"https:\\\/\\\/bogensportdiscount.ch\\\/fr\\\/produit\\\/bucktrailelite-einteiliger-jagdbogen-meridian-gray-62-rh-40-lbs\\\/#primaryimage\"},\"thumbnailUrl\":\"https:\\\/\\\/bogensportdiscount.ch\\\/wp-content\\\/uploads\\\/bsm-images\\\/A012252_1.png\",\"datePublished\":\"2026-04-05T12:36:45+00:00\",\"dateModified\":\"2026-04-20T11:32:17+00:00\",\"breadcrumb\":{\"@id\":\"https:\\\/\\\/bogensportdiscount.ch\\\/fr\\\/produit\\\/bucktrailelite-einteiliger-jagdbogen-meridian-gray-62-rh-40-lbs\\\/#breadcrumb\"},\"inLanguage\":\"fr-FR\",\"potentialAction\":[{\"@type\":\"ReadAction\",\"target\":[\"https:\\\/\\\/bogensportdiscount.ch\\\/fr\\\/produit\\\/bucktrailelite-einteiliger-jagdbogen-meridian-gray-62-rh-40-lbs\\\/\"]}]},{\"@type\":\"ImageObject\",\"inLanguage\":\"fr-FR\",\"@id\":\"https:\\\/\\\/bogensportdiscount.ch\\\/fr\\\/produit\\\/bucktrailelite-einteiliger-jagdbogen-meridian-gray-62-rh-40-lbs\\\/#primaryimage\",\"url\":\"https:\\\/\\\/bogensportdiscount.ch\\\/wp-content\\\/uploads\\\/bsm-images\\\/A012252_1.png\",\"contentUrl\":\"https:\\\/\\\/bogensportdiscount.ch\\\/wp-content\\\/uploads\\\/bsm-images\\\/A012252_1.png\",\"width\":1200,\"height\":800},{\"@type\":\"BreadcrumbList\",\"@id\":\"https:\\\/\\\/bogensportdiscount.ch\\\/fr\\\/produit\\\/bucktrailelite-einteiliger-jagdbogen-meridian-gray-62-rh-40-lbs\\\/#breadcrumb\",\"itemListElement\":[{\"@type\":\"ListItem\",\"position\":1,\"name\":\"Home\",\"item\":\"https:\\\/\\\/bogensportdiscount.ch\\\/\"},{\"@type\":\"ListItem\",\"position\":2,\"name\":\"Shop\",\"item\":\"https:\\\/\\\/bogensportdiscount.ch\\\/shop\\\/\"},{\"@type\":\"ListItem\",\"position\":3,\"name\":\"BUCKTRAILELITE JAGDBOEGEN MERIDIAN LBS FASTFLIGHT SEHNE INKL.\"}]},{\"@type\":\"WebSite\",\"@id\":\"https:\\\/\\\/bogensportdiscount.ch\\\/#website\",\"url\":\"https:\\\/\\\/bogensportdiscount.ch\\\/\",\"name\":\"Bogensportdiscount\",\"description\":\"\",\"potentialAction\":[{\"@type\":\"SearchAction\",\"target\":{\"@type\":\"EntryPoint\",\"urlTemplate\":\"https:\\\/\\\/bogensportdiscount.ch\\\/?s={search_term_string}\"},\"query-input\":{\"@type\":\"PropertyValueSpecification\",\"valueRequired\":true,\"valueName\":\"search_term_string\"}}],\"inLanguage\":\"fr-FR\"}]}<\/script>\n<!-- \/ Yoast SEO plugin. -->","yoast_head_json":{"title":"BUCKTRAILELITE JAGDBOEGEN MERIDIAN LBS FASTFLIGHT SEHNE INKL. - Bogensportdiscount \u2013 B\u00f6gen, Pfeile, Targets &amp; Zubeh\u00f6r","robots":{"index":"noindex","follow":"follow","max-snippet":"max-snippet:-1","max-image-preview":"max-image-preview:large","max-video-preview":"max-video-preview:-1"},"og_locale":"fr_FR","og_type":"article","og_title":"BUCKTRAILELITE JAGDBOEGEN MERIDIAN LBS FASTFLIGHT SEHNE INKL. - Bogensportdiscount \u2013 B\u00f6gen, Pfeile, Targets &amp; Zubeh\u00f6r","og_description":"Der BUCKTRAILELITE Meridian ist ein einteiliger Jagdbogen mit einer L\u00e4nge von 62 Zoll. Er ist f\u00fcr Rechtshandsch\u00fctzen ausgelegt und wird mit einem Zuggewicht von 40 lbs sowie einer FastFlight-Sehne geliefert. Erh\u00e4ltlich in den Farben Gray und Brown.","og_url":"https:\/\/bogensportdiscount.ch\/fr\/produit\/bucktrailelite-einteiliger-jagdbogen-meridian-gray-62-rh-40-lbs\/","og_site_name":"Bogensportdiscount \u2013 B\u00f6gen, Pfeile, Targets &amp; Zubeh\u00f6r","article_modified_time":"2026-04-20T11:32:17+00:00","og_image":[{"width":1200,"height":800,"url":"https:\/\/bogensportdiscount.ch\/wp-content\/uploads\/bsm-images\/A012252_1.png","type":"image\/png"}],"twitter_card":"summary_large_image","twitter_misc":{"Dur\u00e9e de lecture estim\u00e9e":"1 minute"},"schema":{"@context":"https:\/\/schema.org","@graph":[{"@type":"WebPage","@id":"https:\/\/bogensportdiscount.ch\/fr\/produit\/bucktrailelite-einteiliger-jagdbogen-meridian-gray-62-rh-40-lbs\/","url":"https:\/\/bogensportdiscount.ch\/fr\/produit\/bucktrailelite-einteiliger-jagdbogen-meridian-gray-62-rh-40-lbs\/","name":"BUCKTRAILELITE JAGDBOEGEN MERIDIAN LBS FASTFLIGHT SEHNE INKL. - Bogensportdiscount \u2013 B\u00f6gen, Pfeile, Targets &amp; Zubeh\u00f6r","isPartOf":{"@id":"https:\/\/bogensportdiscount.ch\/#website"},"primaryImageOfPage":{"@id":"https:\/\/bogensportdiscount.ch\/fr\/produit\/bucktrailelite-einteiliger-jagdbogen-meridian-gray-62-rh-40-lbs\/#primaryimage"},"image":{"@id":"https:\/\/bogensportdiscount.ch\/fr\/produit\/bucktrailelite-einteiliger-jagdbogen-meridian-gray-62-rh-40-lbs\/#primaryimage"},"thumbnailUrl":"https:\/\/bogensportdiscount.ch\/wp-content\/uploads\/bsm-images\/A012252_1.png","datePublished":"2026-04-05T12:36:45+00:00","dateModified":"2026-04-20T11:32:17+00:00","breadcrumb":{"@id":"https:\/\/bogensportdiscount.ch\/fr\/produit\/bucktrailelite-einteiliger-jagdbogen-meridian-gray-62-rh-40-lbs\/#breadcrumb"},"inLanguage":"fr-FR","potentialAction":[{"@type":"ReadAction","target":["https:\/\/bogensportdiscount.ch\/fr\/produit\/bucktrailelite-einteiliger-jagdbogen-meridian-gray-62-rh-40-lbs\/"]}]},{"@type":"ImageObject","inLanguage":"fr-FR","@id":"https:\/\/bogensportdiscount.ch\/fr\/produit\/bucktrailelite-einteiliger-jagdbogen-meridian-gray-62-rh-40-lbs\/#primaryimage","url":"https:\/\/bogensportdiscount.ch\/wp-content\/uploads\/bsm-images\/A012252_1.png","contentUrl":"https:\/\/bogensportdiscount.ch\/wp-content\/uploads\/bsm-images\/A012252_1.png","width":1200,"height":800},{"@type":"BreadcrumbList","@id":"https:\/\/bogensportdiscount.ch\/fr\/produit\/bucktrailelite-einteiliger-jagdbogen-meridian-gray-62-rh-40-lbs\/#breadcrumb","itemListElement":[{"@type":"ListItem","position":1,"name":"Home","item":"https:\/\/bogensportdiscount.ch\/"},{"@type":"ListItem","position":2,"name":"Shop","item":"https:\/\/bogensportdiscount.ch\/shop\/"},{"@type":"ListItem","position":3,"name":"BUCKTRAILELITE JAGDBOEGEN MERIDIAN LBS FASTFLIGHT SEHNE INKL."}]},{"@type":"WebSite","@id":"https:\/\/bogensportdiscount.ch\/#website","url":"https:\/\/bogensportdiscount.ch\/","name":"Bogensportdiscount","description":"","potentialAction":[{"@type":"SearchAction","target":{"@type":"EntryPoint","urlTemplate":"https:\/\/bogensportdiscount.ch\/?s={search_term_string}"},"query-input":{"@type":"PropertyValueSpecification","valueRequired":true,"valueName":"search_term_string"}}],"inLanguage":"fr-FR"}]}},"_links":{"self":[{"href":"https:\/\/bogensportdiscount.ch\/fr\/wp-json\/wp\/v2\/product\/395913","targetHints":{"allow":["GET"]}}],"collection":[{"href":"https:\/\/bogensportdiscount.ch\/fr\/wp-json\/wp\/v2\/product"}],"about":[{"href":"https:\/\/bogensportdiscount.ch\/fr\/wp-json\/wp\/v2\/types\/product"}],"replies":[{"embeddable":true,"href":"https:\/\/bogensportdiscount.ch\/fr\/wp-json\/wp\/v2\/comments?post=395913"}],"wp:featuredmedia":[{"embeddable":true,"href":"https:\/\/bogensportdiscount.ch\/fr\/wp-json\/wp\/v2\/media\/449275"}],"wp:attachment":[{"href":"https:\/\/bogensportdiscount.ch\/fr\/wp-json\/wp\/v2\/media?parent=395913"}],"wp:term":[{"taxonomy":"product_brand","embeddable":true,"href":"https:\/\/bogensportdiscount.ch\/fr\/wp-json\/wp\/v2\/product_brand?post=395913"},{"taxonomy":"product_cat","embeddable":true,"href":"https:\/\/bogensportdiscount.ch\/fr\/wp-json\/wp\/v2\/product_cat?post=395913"},{"taxonomy":"product_tag","embeddable":true,"href":"https:\/\/bogensportdiscount.ch\/fr\/wp-json\/wp\/v2\/product_tag?post=395913"}],"curies":[{"name":"wp","href":"https:\/\/api.w.org\/{rel}","templated":true}]}}