{"id":395879,"date":"2026-04-05T14:36:42","date_gmt":"2026-04-05T12:36:42","guid":{"rendered":"https:\/\/bogensportdiscount.ch\/produkt\/hunting-bows-bowmen-58-rh-25-lbs-fastflight-string-incl\/"},"modified":"2026-04-17T15:42:11","modified_gmt":"2026-04-17T13:42:11","slug":"buck-trail-elite-jagdbogen-bowmen-58","status":"publish","type":"product","link":"https:\/\/bogensportdiscount.ch\/fr\/produit\/buck-trail-elite-jagdbogen-bowmen-58\/","title":{"rendered":"BUCKTRAILELITE BOWMEN ONE-PIECE RECURVE BOW"},"content":{"rendered":"<p>Der Buck Trail Elite Bowmen ist ein einteiliger Jagdbogen mit einer L\u00e4nge von 58&#8243;. Er ist in verschiedenen Zuggewichten von 25 bis 60 lbs erh\u00e4ltlich und eignet sich damit f\u00fcr unterschiedliche Anforderungen im Jagdbereich und im traditionellen Bogenschiessen.<\/p>\n<p>Der Bowmen ist sowohl f\u00fcr Rechts- als auch f\u00fcr Linksh\u00e4nder erh\u00e4ltlich und bietet damit eine breite Einsatzflexibilit\u00e4t. Als einteiliger Bogen zeichnet er sich durch seine kompakte Handhabung und unkomplizierte Nutzung im Feld aus.<\/p>\n<ul>\n<li>L\u00e4nge: 58&#8243;<\/li>\n<li>Zuggewichte von 25 bis 60 lbs w\u00e4hlbar<\/li>\n<li>Erh\u00e4ltlich f\u00fcr Links- und Rechtsh\u00e4nder<\/li>\n<li>Einteilige Konstruktion f\u00fcr den Einsatz bei der Jagd<\/li>\n<\/ul>","protected":false},"excerpt":{"rendered":"<table>\n<tr>\n<th>Propri\u00e9t\u00e9<\/th>\n<th>Valeur<\/th>\n<\/tr>\n<tr>\n<td>Bogentyp<\/td>\n<td>Einteiliger Jagdbogen<\/td>\n<\/tr>\n<tr>\n<td>Longueur<\/td>\n<td>58&#8243;<\/td>\n<\/tr>\n<tr>\n<td>Poids de traction<\/td>\n<td>25\u201360 lbs<\/td>\n<\/tr>\n<tr>\n<td>Main<\/td>\n<td>main gauche \/ main droite<\/td>\n<\/tr>\n<tr>\n<td>Origine<\/td>\n<td>Slowenien<\/td>\n<\/tr>\n<\/table>","protected":false},"featured_media":449272,"comment_status":"open","ping_status":"closed","template":"","meta":[],"product_brand":[625],"product_cat":[4274],"product_tag":[],"class_list":{"0":"post-395879","1":"product","2":"type-product","3":"status-publish","4":"has-post-thumbnail","6":"product_brand-bucktrailelite","7":"product_cat-jagdboegen","9":"first","10":"instock","11":"shipping-taxable","12":"purchasable","13":"product-type-variable"},"_links":{"self":[{"href":"https:\/\/bogensportdiscount.ch\/fr\/wp-json\/wp\/v2\/product\/395879","targetHints":{"allow":["GET"]}}],"collection":[{"href":"https:\/\/bogensportdiscount.ch\/fr\/wp-json\/wp\/v2\/product"}],"about":[{"href":"https:\/\/bogensportdiscount.ch\/fr\/wp-json\/wp\/v2\/types\/product"}],"replies":[{"embeddable":true,"href":"https:\/\/bogensportdiscount.ch\/fr\/wp-json\/wp\/v2\/comments?post=395879"}],"wp:featuredmedia":[{"embeddable":true,"href":"https:\/\/bogensportdiscount.ch\/fr\/wp-json\/wp\/v2\/media\/449272"}],"wp:attachment":[{"href":"https:\/\/bogensportdiscount.ch\/fr\/wp-json\/wp\/v2\/media?parent=395879"}],"wp:term":[{"taxonomy":"product_brand","embeddable":true,"href":"https:\/\/bogensportdiscount.ch\/fr\/wp-json\/wp\/v2\/product_brand?post=395879"},{"taxonomy":"product_cat","embeddable":true,"href":"https:\/\/bogensportdiscount.ch\/fr\/wp-json\/wp\/v2\/product_cat?post=395879"},{"taxonomy":"product_tag","embeddable":true,"href":"https:\/\/bogensportdiscount.ch\/fr\/wp-json\/wp\/v2\/product_tag?post=395879"}],"curies":[{"name":"wp","href":"https:\/\/api.w.org\/{rel}","templated":true}]}}