{"id":395632,"date":"2026-04-05T14:36:25","date_gmt":"2026-04-05T12:36:25","guid":{"rendered":"https:\/\/bogensportdiscount.ch\/produkt\/foam-target-centres-domino-infill-part-132\/"},"modified":"2026-04-19T11:53:43","modified_gmt":"2026-04-19T09:53:43","slug":"danage-schaumstoff-zielscheibe-domino-ersatzkern","status":"publish","type":"product","link":"https:\/\/bogensportdiscount.ch\/fr\/produit\/danage-schaumstoff-zielscheibe-domino-ersatzkern\/","title":{"rendered":"DANAGE FOAM ZIEL CENTRES DOMINO INFILL TEIL"},"content":{"rendered":"<p>Dieses Ersatzteil ist der Schaumstoff-Innenkern (Infill) f\u00fcr das DANAGE Domino Sackziel. Er wird eingesetzt, wenn der originale Kern durch intensiven Gebrauch verschlissen ist und ausgetauscht werden muss.<\/p>\n<p>Durch den gezielten Austausch nur des Kerns l\u00e4sst sich die Lebensdauer des gesamten Ziels verl\u00e4ngern, ohne den \u00e4usseren Rahmen oder die H\u00fclle ersetzen zu m\u00fcssen. Das Ersatzteil ist auf das DANAGE Domino-System abgestimmt.<\/p>\n<ul>\n<li>Ersatzkern f\u00fcr DANAGE Domino Sackziele<\/li>\n<li>Mat\u00e9riau: Mousse<\/li>\n<li>Verl\u00e4ngert die Lebensdauer des Gesamtziels<\/li>\n<li>Passgenau f\u00fcr das Domino-System<\/li>\n<\/ul>","protected":false},"excerpt":{"rendered":"<p><strong>Marque :<\/strong> Danage<\/p>","protected":false},"featured_media":449265,"comment_status":"open","ping_status":"closed","template":"","meta":[],"product_brand":[792],"product_cat":[4338],"product_tag":[],"class_list":{"0":"post-395632","1":"product","2":"type-product","3":"status-publish","4":"has-post-thumbnail","6":"product_brand-danage","7":"product_cat-center-teilen-fuer-ziele","9":"first","10":"instock","11":"shipping-taxable","12":"purchasable","13":"product-type-variable"},"_links":{"self":[{"href":"https:\/\/bogensportdiscount.ch\/fr\/wp-json\/wp\/v2\/product\/395632","targetHints":{"allow":["GET"]}}],"collection":[{"href":"https:\/\/bogensportdiscount.ch\/fr\/wp-json\/wp\/v2\/product"}],"about":[{"href":"https:\/\/bogensportdiscount.ch\/fr\/wp-json\/wp\/v2\/types\/product"}],"replies":[{"embeddable":true,"href":"https:\/\/bogensportdiscount.ch\/fr\/wp-json\/wp\/v2\/comments?post=395632"}],"wp:featuredmedia":[{"embeddable":true,"href":"https:\/\/bogensportdiscount.ch\/fr\/wp-json\/wp\/v2\/media\/449265"}],"wp:attachment":[{"href":"https:\/\/bogensportdiscount.ch\/fr\/wp-json\/wp\/v2\/media?parent=395632"}],"wp:term":[{"taxonomy":"product_brand","embeddable":true,"href":"https:\/\/bogensportdiscount.ch\/fr\/wp-json\/wp\/v2\/product_brand?post=395632"},{"taxonomy":"product_cat","embeddable":true,"href":"https:\/\/bogensportdiscount.ch\/fr\/wp-json\/wp\/v2\/product_cat?post=395632"},{"taxonomy":"product_tag","embeddable":true,"href":"https:\/\/bogensportdiscount.ch\/fr\/wp-json\/wp\/v2\/product_tag?post=395632"}],"curies":[{"name":"wp","href":"https:\/\/api.w.org\/{rel}","templated":true}]}}