{"id":395556,"date":"2026-04-05T14:36:19","date_gmt":"2026-04-05T12:36:19","guid":{"rendered":"https:\/\/bogensportdiscount.ch\/produkt\/limbsaver-recurve-broadband-solid-limb-damper-black\/"},"modified":"2026-04-17T13:33:16","modified_gmt":"2026-04-17T11:33:16","slug":"limbsaver-recurve-wurfarmda-mpfer-broadband-solid-limb-damper","status":"publish","type":"product","link":"https:\/\/bogensportdiscount.ch\/fr\/produit\/limbsaver-recurve-wurfarmda-mpfer-broadband-solid-limb-damper\/","title":{"rendered":"LIMBSAVER RECURVE BROAD BAND SOLID LIMB DAMPER"},"content":{"rendered":"<p>Der LIMBSAVER Broadband Solid Limb Damper ist ein Wurfarmd\u00e4mpfer speziell f\u00fcr Recurvebogen. Er wird direkt an den Wurfarm montiert und d\u00e4mpft Vibrationen sowie Ger\u00e4usche, die beim Schuss entstehen. Dies tr\u00e4gt zu einem ruhigeren Schussbild und weniger Erm\u00fcdung der Hand bei l\u00e4ngerem Training bei.<\/p>\n<p>Die D\u00e4mpfer bestehen aus dem von LIMBSAVER entwickelten NAVCOM-Material, das auf breitbandige Schwingungsd\u00e4mpfung ausgelegt ist. Die kompakte Bauform erm\u00f6glicht eine einfache Montage ohne Werkzeug.<\/p>\n<ul>\n<li>Geeignet f\u00fcr Recurvebogen mit Solid-Limbs<\/li>\n<li>Breitband-D\u00e4mpfung reduziert Vibrationen und Ger\u00e4usche<\/li>\n<li>Einfache Montage direkt am Wurfarm<\/li>\n<li>Erh\u00e4ltlich in 9 Farben<\/li>\n<\/ul>","protected":false},"excerpt":{"rendered":"<p><strong>Marque :<\/strong> Limbsaver<\/p>","protected":false},"featured_media":449250,"comment_status":"open","ping_status":"closed","template":"","meta":[],"product_brand":[801],"product_cat":[4614],"product_tag":[],"class_list":{"0":"post-395556","1":"product","2":"type-product","3":"status-publish","4":"has-post-thumbnail","6":"product_brand-limbsaver","7":"product_cat-wurfarm-daempfer","9":"first","10":"instock","11":"shipping-taxable","12":"purchasable","13":"product-type-variable"},"_links":{"self":[{"href":"https:\/\/bogensportdiscount.ch\/fr\/wp-json\/wp\/v2\/product\/395556","targetHints":{"allow":["GET"]}}],"collection":[{"href":"https:\/\/bogensportdiscount.ch\/fr\/wp-json\/wp\/v2\/product"}],"about":[{"href":"https:\/\/bogensportdiscount.ch\/fr\/wp-json\/wp\/v2\/types\/product"}],"replies":[{"embeddable":true,"href":"https:\/\/bogensportdiscount.ch\/fr\/wp-json\/wp\/v2\/comments?post=395556"}],"wp:featuredmedia":[{"embeddable":true,"href":"https:\/\/bogensportdiscount.ch\/fr\/wp-json\/wp\/v2\/media\/449250"}],"wp:attachment":[{"href":"https:\/\/bogensportdiscount.ch\/fr\/wp-json\/wp\/v2\/media?parent=395556"}],"wp:term":[{"taxonomy":"product_brand","embeddable":true,"href":"https:\/\/bogensportdiscount.ch\/fr\/wp-json\/wp\/v2\/product_brand?post=395556"},{"taxonomy":"product_cat","embeddable":true,"href":"https:\/\/bogensportdiscount.ch\/fr\/wp-json\/wp\/v2\/product_cat?post=395556"},{"taxonomy":"product_tag","embeddable":true,"href":"https:\/\/bogensportdiscount.ch\/fr\/wp-json\/wp\/v2\/product_tag?post=395556"}],"curies":[{"name":"wp","href":"https:\/\/api.w.org\/{rel}","templated":true}]}}