{"id":395548,"date":"2026-04-05T14:36:18","date_gmt":"2026-04-05T12:36:18","guid":{"rendered":"https:\/\/bogensportdiscount.ch\/produkt\/limb-dampers-limbsaver-broadband-split-black-with-black-bands\/"},"modified":"2026-04-17T13:33:16","modified_gmt":"2026-04-17T11:33:16","slug":"limbsaver-wurfarmdaempfer-broadband-split-schwarz","status":"publish","type":"product","link":"https:\/\/bogensportdiscount.ch\/fr\/produit\/limbsaver-wurfarmdaempfer-broadband-split-schwarz\/","title":{"rendered":"LIMB DAMPERS LIMBSAVER BROADBAND SPLIT BLACK WITH BANDS"},"content":{"rendered":"<p>Die LIMBSAVER Broadband Split Wurfarmd\u00e4mpfer sind speziell entwickelt, um Vibrationen und unerw\u00fcnschte Ger\u00e4usche zu absorbieren, die beim Abschuss entstehen. Durch die bew\u00e4hrte LIMBSAVER-Technologie wird die Energie gezielt aus den Wurfarmenden abgeleitet.<\/p>\n<p>Die D\u00e4mpfer werden direkt an den Wurfarmen montiert und sind in mehreren Farben erh\u00e4ltlich: Schwarz, Blau, Camo, Gr\u00fcn, Orange, Rot und Gelb. So lassen sie sich optisch an verschiedene Bogensetups anpassen.<\/p>\n<ul>\n<li>Reduziert Vibrationen und Ger\u00e4usche beim Abschuss<\/li>\n<li>Einfache Montage an den Wurfarmen<\/li>\n<li>Erh\u00e4ltlich in 7 Farben<\/li>\n<li>Split-Design f\u00fcr breite Kompatibilit\u00e4t<\/li>\n<\/ul>","protected":false},"excerpt":{"rendered":"<p><strong>Marque :<\/strong> Limbsaver<\/p>","protected":false},"featured_media":449248,"comment_status":"open","ping_status":"closed","template":"","meta":[],"product_brand":[801],"product_cat":[4614],"product_tag":[],"class_list":{"0":"post-395548","1":"product","2":"type-product","3":"status-publish","4":"has-post-thumbnail","6":"product_brand-limbsaver","7":"product_cat-wurfarm-daempfer","9":"first","10":"instock","11":"shipping-taxable","12":"purchasable","13":"product-type-variable"},"_links":{"self":[{"href":"https:\/\/bogensportdiscount.ch\/fr\/wp-json\/wp\/v2\/product\/395548","targetHints":{"allow":["GET"]}}],"collection":[{"href":"https:\/\/bogensportdiscount.ch\/fr\/wp-json\/wp\/v2\/product"}],"about":[{"href":"https:\/\/bogensportdiscount.ch\/fr\/wp-json\/wp\/v2\/types\/product"}],"replies":[{"embeddable":true,"href":"https:\/\/bogensportdiscount.ch\/fr\/wp-json\/wp\/v2\/comments?post=395548"}],"wp:featuredmedia":[{"embeddable":true,"href":"https:\/\/bogensportdiscount.ch\/fr\/wp-json\/wp\/v2\/media\/449248"}],"wp:attachment":[{"href":"https:\/\/bogensportdiscount.ch\/fr\/wp-json\/wp\/v2\/media?parent=395548"}],"wp:term":[{"taxonomy":"product_brand","embeddable":true,"href":"https:\/\/bogensportdiscount.ch\/fr\/wp-json\/wp\/v2\/product_brand?post=395548"},{"taxonomy":"product_cat","embeddable":true,"href":"https:\/\/bogensportdiscount.ch\/fr\/wp-json\/wp\/v2\/product_cat?post=395548"},{"taxonomy":"product_tag","embeddable":true,"href":"https:\/\/bogensportdiscount.ch\/fr\/wp-json\/wp\/v2\/product_tag?post=395548"}],"curies":[{"name":"wp","href":"https:\/\/api.w.org\/{rel}","templated":true}]}}