{"id":395516,"date":"2026-04-05T14:36:15","date_gmt":"2026-04-05T12:36:15","guid":{"rendered":"https:\/\/bogensportdiscount.ch\/produkt\/stabilizer-dampers-flex-ball-2-0-1-4-1-4-blue\/"},"modified":"2026-05-14T15:25:32","modified_gmt":"2026-05-14T13:25:32","slug":"flexarchery-stabilisatordaempfer-flex-ball-2-0-1-4-1-4","status":"publish","type":"product","link":"https:\/\/bogensportdiscount.ch\/fr\/produit\/flexarchery-stabilisatordaempfer-flex-ball-2-0-1-4-1-4\/","title":{"rendered":"FLEXARCHERY AMORTISSEUR DE STABILISATEUR FLEX-BALL 2.0 1\/4-1\/4"},"content":{"rendered":"<p>Le Flex-Ball 2.0 de FLEXARCHERY est un amortisseur de stabilisateur pour l'arc classique et l'arc \u00e0 poulies. Il dispose d'un filetage 1\/4 pouce des deux c\u00f4t\u00e9s, ce qui lui permet de s'installer de fa\u00e7on standard entre l'arc et le stabilisateur ou entre deux tiges de stabilisateur.<\/p>\n<p>La construction \u00e0 rotule du Flex-Ball 2.0 absorbe les vibrations et les chocs g\u00e9n\u00e9r\u00e9s lors du processus de tir, contribuant ainsi \u00e0 une image de vis\u00e9e plus stable et \u00e0 une sensation de d\u00e9clenchement plus agr\u00e9able. Le produit est fabriqu\u00e9 en Espagne et est disponible en quatre couleurs.<\/p>\n<ul>\n<li>Filetage 1\/4 pouce des deux c\u00f4t\u00e9s pour les syst\u00e8mes de stabilisateurs courants<\/li>\n<li>L'amortisseur \u00e0 rotule r\u00e9duit les vibrations et les chocs<\/li>\n<li>Disponible en Noir, Bleu, Orange et Rouge<\/li>\n<li>Fabriqu\u00e9 en Espagne<\/li>\n<\/ul>","protected":false},"excerpt":{"rendered":"<table>\n<tr>\n<th>Propri\u00e9t\u00e9<\/th>\n<th>Valeur<\/th>\n<\/tr>\n<tr>\n<td>Marque<\/td>\n<td>Flex-Archery<\/td>\n<\/tr>\n<tr>\n<td>Pays d'origine<\/td>\n<td>Espagne<\/td>\n<\/tr>\n<\/table>","protected":false},"featured_media":522918,"comment_status":"open","ping_status":"closed","template":"","meta":[],"product_brand":[447],"product_cat":[4197],"product_tag":[],"class_list":{"0":"post-395516","1":"product","2":"type-product","3":"status-publish","4":"has-post-thumbnail","6":"product_brand-flexarchery","7":"product_cat-stabilisations-daempfer","8":"product_shipping_class-bsd-standard","10":"first","11":"instock","12":"shipping-taxable","13":"purchasable","14":"product-type-variable"},"yoast_head":"<!-- This site is optimized with the Yoast SEO plugin v27.6 - https:\/\/yoast.com\/product\/yoast-seo-wordpress\/ -->\n<title>FLEXARCHERY STABILISATOR-D\u00c4MPFER FLEX-BALL 2.0 1\/4-1\/4 - Bogensportdiscount \u2013 B\u00f6gen, Pfeile, Targets &amp; Zubeh\u00f6r<\/title>\n<meta name=\"description\" content=\"FLEXARCHERY STABILISATOR-D\u00c4MPFER FLEX-BALL 2.0 1\/4-1\/4 g\u00fcnstig kaufen bei Bogensportdiscount \u2013 Top-Marken, schneller Versand aus der Schweiz.\" \/>\n<meta name=\"robots\" content=\"index, follow, max-snippet:-1, max-image-preview:large, max-video-preview:-1\" \/>\n<link rel=\"canonical\" href=\"https:\/\/bogensportdiscount.ch\/fr\/produit\/flexarchery-stabilisatordaempfer-flex-ball-2-0-1-4-1-4\/\" \/>\n<meta property=\"og:locale\" content=\"fr_FR\" \/>\n<meta property=\"og:type\" content=\"article\" \/>\n<meta property=\"og:title\" content=\"FLEXARCHERY STABILISATOR-D\u00c4MPFER FLEX-BALL 2.0 1\/4-1\/4 - Bogensportdiscount \u2013 B\u00f6gen, Pfeile, Targets &amp; Zubeh\u00f6r\" \/>\n<meta property=\"og:description\" content=\"FLEXARCHERY STABILISATOR-D\u00c4MPFER FLEX-BALL 2.0 1\/4-1\/4 g\u00fcnstig kaufen bei Bogensportdiscount \u2013 Top-Marken, schneller Versand aus der Schweiz.\" \/>\n<meta property=\"og:url\" content=\"https:\/\/bogensportdiscount.ch\/fr\/produit\/flexarchery-stabilisatordaempfer-flex-ball-2-0-1-4-1-4\/\" \/>\n<meta property=\"og:site_name\" content=\"Bogensportdiscount \u2013 B\u00f6gen, Pfeile, Targets &amp; Zubeh\u00f6r\" \/>\n<meta property=\"article:modified_time\" content=\"2026-05-14T13:25:32+00:00\" \/>\n<meta property=\"og:image\" content=\"https:\/\/bogensportdiscount.ch\/wp-content\/uploads\/bsm-images\/A031636_1.jpg\" \/>\n\t<meta property=\"og:image:width\" content=\"1024\" \/>\n\t<meta property=\"og:image:height\" content=\"531\" \/>\n\t<meta property=\"og:image:type\" content=\"image\/jpeg\" \/>\n<meta name=\"twitter:card\" content=\"summary_large_image\" \/>\n<script type=\"application\/ld+json\" class=\"yoast-schema-graph\">{\"@context\":\"https:\\\/\\\/schema.org\",\"@graph\":[{\"@type\":\"WebPage\",\"@id\":\"https:\\\/\\\/bogensportdiscount.ch\\\/produkt\\\/flexarchery-stabilisatordaempfer-flex-ball-2-0-1-4-1-4\\\/\",\"url\":\"https:\\\/\\\/bogensportdiscount.ch\\\/produkt\\\/flexarchery-stabilisatordaempfer-flex-ball-2-0-1-4-1-4\\\/\",\"name\":\"FLEXARCHERY STABILISATOR-D\u00c4MPFER FLEX-BALL 2.0 1\\\/4-1\\\/4 - Bogensportdiscount \u2013 B\u00f6gen, Pfeile, Targets &amp; Zubeh\u00f6r\",\"isPartOf\":{\"@id\":\"https:\\\/\\\/bogensportdiscount.ch\\\/#website\"},\"primaryImageOfPage\":{\"@id\":\"https:\\\/\\\/bogensportdiscount.ch\\\/produkt\\\/flexarchery-stabilisatordaempfer-flex-ball-2-0-1-4-1-4\\\/#primaryimage\"},\"image\":{\"@id\":\"https:\\\/\\\/bogensportdiscount.ch\\\/produkt\\\/flexarchery-stabilisatordaempfer-flex-ball-2-0-1-4-1-4\\\/#primaryimage\"},\"thumbnailUrl\":\"https:\\\/\\\/bogensportdiscount.ch\\\/wp-content\\\/uploads\\\/bsm-images\\\/A031636_1.jpg\",\"datePublished\":\"2026-04-05T12:36:15+00:00\",\"dateModified\":\"2026-05-14T13:25:32+00:00\",\"description\":\"FLEXARCHERY STABILISATOR-D\u00c4MPFER FLEX-BALL 2.0 1\\\/4-1\\\/4 g\u00fcnstig kaufen bei Bogensportdiscount \u2013 Top-Marken, schneller Versand aus der Schweiz.\",\"breadcrumb\":{\"@id\":\"https:\\\/\\\/bogensportdiscount.ch\\\/produkt\\\/flexarchery-stabilisatordaempfer-flex-ball-2-0-1-4-1-4\\\/#breadcrumb\"},\"inLanguage\":\"fr-FR\",\"potentialAction\":[{\"@type\":\"ReadAction\",\"target\":[\"https:\\\/\\\/bogensportdiscount.ch\\\/produkt\\\/flexarchery-stabilisatordaempfer-flex-ball-2-0-1-4-1-4\\\/\"]}]},{\"@type\":\"ImageObject\",\"inLanguage\":\"fr-FR\",\"@id\":\"https:\\\/\\\/bogensportdiscount.ch\\\/produkt\\\/flexarchery-stabilisatordaempfer-flex-ball-2-0-1-4-1-4\\\/#primaryimage\",\"url\":\"https:\\\/\\\/bogensportdiscount.ch\\\/wp-content\\\/uploads\\\/bsm-images\\\/A031636_1.jpg\",\"contentUrl\":\"https:\\\/\\\/bogensportdiscount.ch\\\/wp-content\\\/uploads\\\/bsm-images\\\/A031636_1.jpg\",\"width\":1024,\"height\":531},{\"@type\":\"BreadcrumbList\",\"@id\":\"https:\\\/\\\/bogensportdiscount.ch\\\/produkt\\\/flexarchery-stabilisatordaempfer-flex-ball-2-0-1-4-1-4\\\/#breadcrumb\",\"itemListElement\":[{\"@type\":\"ListItem\",\"position\":1,\"name\":\"Home\",\"item\":\"https:\\\/\\\/bogensportdiscount.ch\\\/\"},{\"@type\":\"ListItem\",\"position\":2,\"name\":\"Shop\",\"item\":\"https:\\\/\\\/bogensportdiscount.ch\\\/shop\\\/\"},{\"@type\":\"ListItem\",\"position\":3,\"name\":\"FLEXARCHERY STABILIZER DAMPERS FLEX-BALL 2.0 1\\\/4-1\\\/4\"}]},{\"@type\":\"WebSite\",\"@id\":\"https:\\\/\\\/bogensportdiscount.ch\\\/#website\",\"url\":\"https:\\\/\\\/bogensportdiscount.ch\\\/\",\"name\":\"Bogensportdiscount\",\"description\":\"\",\"potentialAction\":[{\"@type\":\"SearchAction\",\"target\":{\"@type\":\"EntryPoint\",\"urlTemplate\":\"https:\\\/\\\/bogensportdiscount.ch\\\/?s={search_term_string}\"},\"query-input\":{\"@type\":\"PropertyValueSpecification\",\"valueRequired\":true,\"valueName\":\"search_term_string\"}}],\"inLanguage\":\"fr-FR\"}]}<\/script>\n<!-- \/ Yoast SEO plugin. -->","yoast_head_json":{"title":"FLEXARCHERY STABILISATOR-D\u00c4MPFER FLEX-BALL 2.0 1\/4-1\/4 - Bogensportdiscount \u2013 B\u00f6gen, Pfeile, Targets &amp; Zubeh\u00f6r","description":"FLEXARCHERY STABILISATOR-D\u00c4MPFER FLEX-BALL 2.0 1\/4-1\/4 g\u00fcnstig kaufen bei Bogensportdiscount \u2013 Top-Marken, schneller Versand aus der Schweiz.","robots":{"index":"index","follow":"follow","max-snippet":"max-snippet:-1","max-image-preview":"max-image-preview:large","max-video-preview":"max-video-preview:-1"},"canonical":"https:\/\/bogensportdiscount.ch\/fr\/produit\/flexarchery-stabilisatordaempfer-flex-ball-2-0-1-4-1-4\/","og_locale":"fr_FR","og_type":"article","og_title":"FLEXARCHERY STABILISATOR-D\u00c4MPFER FLEX-BALL 2.0 1\/4-1\/4 - Bogensportdiscount \u2013 B\u00f6gen, Pfeile, Targets &amp; Zubeh\u00f6r","og_description":"FLEXARCHERY STABILISATOR-D\u00c4MPFER FLEX-BALL 2.0 1\/4-1\/4 g\u00fcnstig kaufen bei Bogensportdiscount \u2013 Top-Marken, schneller Versand aus der Schweiz.","og_url":"https:\/\/bogensportdiscount.ch\/fr\/produit\/flexarchery-stabilisatordaempfer-flex-ball-2-0-1-4-1-4\/","og_site_name":"Bogensportdiscount \u2013 B\u00f6gen, Pfeile, Targets &amp; Zubeh\u00f6r","article_modified_time":"2026-05-14T13:25:32+00:00","og_image":[{"width":1024,"height":531,"url":"https:\/\/bogensportdiscount.ch\/wp-content\/uploads\/bsm-images\/A031636_1.jpg","type":"image\/jpeg"}],"twitter_card":"summary_large_image","schema":{"@context":"https:\/\/schema.org","@graph":[{"@type":"WebPage","@id":"https:\/\/bogensportdiscount.ch\/produkt\/flexarchery-stabilisatordaempfer-flex-ball-2-0-1-4-1-4\/","url":"https:\/\/bogensportdiscount.ch\/produkt\/flexarchery-stabilisatordaempfer-flex-ball-2-0-1-4-1-4\/","name":"FLEXARCHERY STABILISATOR-D\u00c4MPFER FLEX-BALL 2.0 1\/4-1\/4 - Bogensportdiscount \u2013 B\u00f6gen, Pfeile, Targets &amp; Zubeh\u00f6r","isPartOf":{"@id":"https:\/\/bogensportdiscount.ch\/#website"},"primaryImageOfPage":{"@id":"https:\/\/bogensportdiscount.ch\/produkt\/flexarchery-stabilisatordaempfer-flex-ball-2-0-1-4-1-4\/#primaryimage"},"image":{"@id":"https:\/\/bogensportdiscount.ch\/produkt\/flexarchery-stabilisatordaempfer-flex-ball-2-0-1-4-1-4\/#primaryimage"},"thumbnailUrl":"https:\/\/bogensportdiscount.ch\/wp-content\/uploads\/bsm-images\/A031636_1.jpg","datePublished":"2026-04-05T12:36:15+00:00","dateModified":"2026-05-14T13:25:32+00:00","description":"FLEXARCHERY STABILISATOR-D\u00c4MPFER FLEX-BALL 2.0 1\/4-1\/4 g\u00fcnstig kaufen bei Bogensportdiscount \u2013 Top-Marken, schneller Versand aus der Schweiz.","breadcrumb":{"@id":"https:\/\/bogensportdiscount.ch\/produkt\/flexarchery-stabilisatordaempfer-flex-ball-2-0-1-4-1-4\/#breadcrumb"},"inLanguage":"fr-FR","potentialAction":[{"@type":"ReadAction","target":["https:\/\/bogensportdiscount.ch\/produkt\/flexarchery-stabilisatordaempfer-flex-ball-2-0-1-4-1-4\/"]}]},{"@type":"ImageObject","inLanguage":"fr-FR","@id":"https:\/\/bogensportdiscount.ch\/produkt\/flexarchery-stabilisatordaempfer-flex-ball-2-0-1-4-1-4\/#primaryimage","url":"https:\/\/bogensportdiscount.ch\/wp-content\/uploads\/bsm-images\/A031636_1.jpg","contentUrl":"https:\/\/bogensportdiscount.ch\/wp-content\/uploads\/bsm-images\/A031636_1.jpg","width":1024,"height":531},{"@type":"BreadcrumbList","@id":"https:\/\/bogensportdiscount.ch\/produkt\/flexarchery-stabilisatordaempfer-flex-ball-2-0-1-4-1-4\/#breadcrumb","itemListElement":[{"@type":"ListItem","position":1,"name":"Home","item":"https:\/\/bogensportdiscount.ch\/"},{"@type":"ListItem","position":2,"name":"Shop","item":"https:\/\/bogensportdiscount.ch\/shop\/"},{"@type":"ListItem","position":3,"name":"FLEXARCHERY STABILIZER DAMPERS FLEX-BALL 2.0 1\/4-1\/4"}]},{"@type":"WebSite","@id":"https:\/\/bogensportdiscount.ch\/#website","url":"https:\/\/bogensportdiscount.ch\/","name":"Bogensportdiscount","description":"","potentialAction":[{"@type":"SearchAction","target":{"@type":"EntryPoint","urlTemplate":"https:\/\/bogensportdiscount.ch\/?s={search_term_string}"},"query-input":{"@type":"PropertyValueSpecification","valueRequired":true,"valueName":"search_term_string"}}],"inLanguage":"fr-FR"}]}},"_links":{"self":[{"href":"https:\/\/bogensportdiscount.ch\/fr\/wp-json\/wp\/v2\/product\/395516","targetHints":{"allow":["GET"]}}],"collection":[{"href":"https:\/\/bogensportdiscount.ch\/fr\/wp-json\/wp\/v2\/product"}],"about":[{"href":"https:\/\/bogensportdiscount.ch\/fr\/wp-json\/wp\/v2\/types\/product"}],"replies":[{"embeddable":true,"href":"https:\/\/bogensportdiscount.ch\/fr\/wp-json\/wp\/v2\/comments?post=395516"}],"wp:featuredmedia":[{"embeddable":true,"href":"https:\/\/bogensportdiscount.ch\/fr\/wp-json\/wp\/v2\/media\/522918"}],"wp:attachment":[{"href":"https:\/\/bogensportdiscount.ch\/fr\/wp-json\/wp\/v2\/media?parent=395516"}],"wp:term":[{"taxonomy":"product_brand","embeddable":true,"href":"https:\/\/bogensportdiscount.ch\/fr\/wp-json\/wp\/v2\/product_brand?post=395516"},{"taxonomy":"product_cat","embeddable":true,"href":"https:\/\/bogensportdiscount.ch\/fr\/wp-json\/wp\/v2\/product_cat?post=395516"},{"taxonomy":"product_tag","embeddable":true,"href":"https:\/\/bogensportdiscount.ch\/fr\/wp-json\/wp\/v2\/product_tag?post=395516"}],"curies":[{"name":"wp","href":"https:\/\/api.w.org\/{rel}","templated":true}]}}