{"id":395509,"date":"2026-04-05T14:36:14","date_gmt":"2026-04-05T12:36:14","guid":{"rendered":"https:\/\/bogensportdiscount.ch\/produkt\/stabilizer-dampers-microhex-vibration-damper-black\/"},"modified":"2026-05-14T15:25:32","modified_gmt":"2026-05-14T13:25:32","slug":"bstinger-stabilisatordaempfer-microhex-vibrationsdaempfer","status":"publish","type":"product","link":"https:\/\/bogensportdiscount.ch\/fr\/produit\/bstinger-stabilisatordaempfer-microhex-vibrationsdaempfer\/","title":{"rendered":"BSTINGER AMORTISSEUR DE STABILISATEUR MICROHEX AMORTISSEUR DE VIBRATIONS"},"content":{"rendered":"<p>Le B-STINGER MicroHex est un amortisseur de vibrations pour stabilisateurs de tir \u00e0 l'arc. Il se monte entre l'arc et le stabilisateur ou sur la tige du stabilisateur, et amortit les vibrations g\u00e9n\u00e9r\u00e9es lors du tir.<\/p>\n<p>En r\u00e9duisant les oscillations, la durabilit\u00e9 du syst\u00e8me de stabilisation est am\u00e9lior\u00e9e et le tireur b\u00e9n\u00e9ficie d'un retour au calme plus rapide apr\u00e8s le tir. Le produit est fabriqu\u00e9 aux \u00c9tats-Unis.<\/p>\n<ul>\n<li>Amortit les vibrations sur le stabilisateur<\/li>\n<li>Disponible en Noir et Violet<\/li>\n<li>Compatible avec les syst\u00e8mes de stabilisation courants<\/li>\n<li>Fabriqu\u00e9 aux \u00c9tats-Unis<\/li>\n<\/ul>","protected":false},"excerpt":{"rendered":"<table>\n<tr>\n<th>Propri\u00e9t\u00e9<\/th>\n<th>Valeur<\/th>\n<\/tr>\n<tr>\n<td>Marque<\/td>\n<td>B-Stinger<\/td>\n<\/tr>\n<tr>\n<td>Pays d'origine<\/td>\n<td>USA<\/td>\n<\/tr>\n<\/table>","protected":false},"featured_media":523804,"comment_status":"open","ping_status":"closed","template":"","meta":[],"product_brand":[512],"product_cat":[4197],"product_tag":[],"class_list":{"0":"post-395509","1":"product","2":"type-product","3":"status-publish","4":"has-post-thumbnail","6":"product_brand-bstinger","7":"product_cat-stabilisations-daempfer","8":"product_shipping_class-bsd-standard","10":"first","11":"instock","12":"shipping-taxable","13":"purchasable","14":"product-type-variable"},"yoast_head":"<!-- This site is optimized with the Yoast SEO plugin v27.6 - https:\/\/yoast.com\/product\/yoast-seo-wordpress\/ -->\n<title>BSTINGER STABILISATOR-D\u00c4MPFER MICROHEX VIBRATIONSD\u00c4MPFER - Bogensportdiscount \u2013 B\u00f6gen, Pfeile, Targets &amp; Zubeh\u00f6r<\/title>\n<meta name=\"description\" content=\"BSTINGER STABILISATOR-D\u00c4MPFER MICROHEX VIBRATIONSD\u00c4MPFER g\u00fcnstig kaufen bei Bogensportdiscount \u2013 Top-Marken, schneller Versand aus der Schweiz.\" \/>\n<meta name=\"robots\" content=\"index, follow, max-snippet:-1, max-image-preview:large, max-video-preview:-1\" \/>\n<link rel=\"canonical\" href=\"https:\/\/bogensportdiscount.ch\/fr\/produit\/bstinger-stabilisatordaempfer-microhex-vibrationsdaempfer\/\" \/>\n<meta property=\"og:locale\" content=\"fr_FR\" \/>\n<meta property=\"og:type\" content=\"article\" \/>\n<meta property=\"og:title\" content=\"BSTINGER STABILISATOR-D\u00c4MPFER MICROHEX VIBRATIONSD\u00c4MPFER - Bogensportdiscount \u2013 B\u00f6gen, Pfeile, Targets &amp; Zubeh\u00f6r\" \/>\n<meta property=\"og:description\" content=\"BSTINGER STABILISATOR-D\u00c4MPFER MICROHEX VIBRATIONSD\u00c4MPFER g\u00fcnstig kaufen bei Bogensportdiscount \u2013 Top-Marken, schneller Versand aus der Schweiz.\" \/>\n<meta property=\"og:url\" content=\"https:\/\/bogensportdiscount.ch\/fr\/produit\/bstinger-stabilisatordaempfer-microhex-vibrationsdaempfer\/\" \/>\n<meta property=\"og:site_name\" content=\"Bogensportdiscount \u2013 B\u00f6gen, Pfeile, Targets &amp; Zubeh\u00f6r\" \/>\n<meta property=\"article:modified_time\" content=\"2026-05-14T13:25:32+00:00\" \/>\n<meta property=\"og:image\" content=\"https:\/\/bogensportdiscount.ch\/wp-content\/uploads\/bsm-images\/A031634_1.jpg\" \/>\n\t<meta property=\"og:image:width\" content=\"1092\" \/>\n\t<meta property=\"og:image:height\" content=\"941\" \/>\n\t<meta property=\"og:image:type\" content=\"image\/jpeg\" \/>\n<meta name=\"twitter:card\" content=\"summary_large_image\" \/>\n<script type=\"application\/ld+json\" class=\"yoast-schema-graph\">{\"@context\":\"https:\\\/\\\/schema.org\",\"@graph\":[{\"@type\":\"WebPage\",\"@id\":\"https:\\\/\\\/bogensportdiscount.ch\\\/produkt\\\/bstinger-stabilisatordaempfer-microhex-vibrationsdaempfer\\\/\",\"url\":\"https:\\\/\\\/bogensportdiscount.ch\\\/produkt\\\/bstinger-stabilisatordaempfer-microhex-vibrationsdaempfer\\\/\",\"name\":\"BSTINGER STABILISATOR-D\u00c4MPFER MICROHEX VIBRATIONSD\u00c4MPFER - Bogensportdiscount \u2013 B\u00f6gen, Pfeile, Targets &amp; Zubeh\u00f6r\",\"isPartOf\":{\"@id\":\"https:\\\/\\\/bogensportdiscount.ch\\\/#website\"},\"primaryImageOfPage\":{\"@id\":\"https:\\\/\\\/bogensportdiscount.ch\\\/produkt\\\/bstinger-stabilisatordaempfer-microhex-vibrationsdaempfer\\\/#primaryimage\"},\"image\":{\"@id\":\"https:\\\/\\\/bogensportdiscount.ch\\\/produkt\\\/bstinger-stabilisatordaempfer-microhex-vibrationsdaempfer\\\/#primaryimage\"},\"thumbnailUrl\":\"https:\\\/\\\/bogensportdiscount.ch\\\/wp-content\\\/uploads\\\/bsm-images\\\/A031634_1.jpg\",\"datePublished\":\"2026-04-05T12:36:14+00:00\",\"dateModified\":\"2026-05-14T13:25:32+00:00\",\"description\":\"BSTINGER STABILISATOR-D\u00c4MPFER MICROHEX VIBRATIONSD\u00c4MPFER g\u00fcnstig kaufen bei Bogensportdiscount \u2013 Top-Marken, schneller Versand aus der Schweiz.\",\"breadcrumb\":{\"@id\":\"https:\\\/\\\/bogensportdiscount.ch\\\/produkt\\\/bstinger-stabilisatordaempfer-microhex-vibrationsdaempfer\\\/#breadcrumb\"},\"inLanguage\":\"fr-FR\",\"potentialAction\":[{\"@type\":\"ReadAction\",\"target\":[\"https:\\\/\\\/bogensportdiscount.ch\\\/produkt\\\/bstinger-stabilisatordaempfer-microhex-vibrationsdaempfer\\\/\"]}]},{\"@type\":\"ImageObject\",\"inLanguage\":\"fr-FR\",\"@id\":\"https:\\\/\\\/bogensportdiscount.ch\\\/produkt\\\/bstinger-stabilisatordaempfer-microhex-vibrationsdaempfer\\\/#primaryimage\",\"url\":\"https:\\\/\\\/bogensportdiscount.ch\\\/wp-content\\\/uploads\\\/bsm-images\\\/A031634_1.jpg\",\"contentUrl\":\"https:\\\/\\\/bogensportdiscount.ch\\\/wp-content\\\/uploads\\\/bsm-images\\\/A031634_1.jpg\",\"width\":1092,\"height\":941},{\"@type\":\"BreadcrumbList\",\"@id\":\"https:\\\/\\\/bogensportdiscount.ch\\\/produkt\\\/bstinger-stabilisatordaempfer-microhex-vibrationsdaempfer\\\/#breadcrumb\",\"itemListElement\":[{\"@type\":\"ListItem\",\"position\":1,\"name\":\"Home\",\"item\":\"https:\\\/\\\/bogensportdiscount.ch\\\/\"},{\"@type\":\"ListItem\",\"position\":2,\"name\":\"Shop\",\"item\":\"https:\\\/\\\/bogensportdiscount.ch\\\/shop\\\/\"},{\"@type\":\"ListItem\",\"position\":3,\"name\":\"BSTINGER STABILIZER DAMPERS MICROHEX VIBRATION DAMPER\"}]},{\"@type\":\"WebSite\",\"@id\":\"https:\\\/\\\/bogensportdiscount.ch\\\/#website\",\"url\":\"https:\\\/\\\/bogensportdiscount.ch\\\/\",\"name\":\"Bogensportdiscount\",\"description\":\"\",\"potentialAction\":[{\"@type\":\"SearchAction\",\"target\":{\"@type\":\"EntryPoint\",\"urlTemplate\":\"https:\\\/\\\/bogensportdiscount.ch\\\/?s={search_term_string}\"},\"query-input\":{\"@type\":\"PropertyValueSpecification\",\"valueRequired\":true,\"valueName\":\"search_term_string\"}}],\"inLanguage\":\"fr-FR\"}]}<\/script>\n<!-- \/ Yoast SEO plugin. -->","yoast_head_json":{"title":"BSTINGER STABILISATOR-D\u00c4MPFER MICROHEX VIBRATIONSD\u00c4MPFER - Bogensportdiscount \u2013 B\u00f6gen, Pfeile, Targets &amp; Zubeh\u00f6r","description":"BSTINGER STABILISATOR-D\u00c4MPFER MICROHEX VIBRATIONSD\u00c4MPFER g\u00fcnstig kaufen bei Bogensportdiscount \u2013 Top-Marken, schneller Versand aus der Schweiz.","robots":{"index":"index","follow":"follow","max-snippet":"max-snippet:-1","max-image-preview":"max-image-preview:large","max-video-preview":"max-video-preview:-1"},"canonical":"https:\/\/bogensportdiscount.ch\/fr\/produit\/bstinger-stabilisatordaempfer-microhex-vibrationsdaempfer\/","og_locale":"fr_FR","og_type":"article","og_title":"BSTINGER STABILISATOR-D\u00c4MPFER MICROHEX VIBRATIONSD\u00c4MPFER - Bogensportdiscount \u2013 B\u00f6gen, Pfeile, Targets &amp; Zubeh\u00f6r","og_description":"BSTINGER STABILISATOR-D\u00c4MPFER MICROHEX VIBRATIONSD\u00c4MPFER g\u00fcnstig kaufen bei Bogensportdiscount \u2013 Top-Marken, schneller Versand aus der Schweiz.","og_url":"https:\/\/bogensportdiscount.ch\/fr\/produit\/bstinger-stabilisatordaempfer-microhex-vibrationsdaempfer\/","og_site_name":"Bogensportdiscount \u2013 B\u00f6gen, Pfeile, Targets &amp; Zubeh\u00f6r","article_modified_time":"2026-05-14T13:25:32+00:00","og_image":[{"width":1092,"height":941,"url":"https:\/\/bogensportdiscount.ch\/wp-content\/uploads\/bsm-images\/A031634_1.jpg","type":"image\/jpeg"}],"twitter_card":"summary_large_image","schema":{"@context":"https:\/\/schema.org","@graph":[{"@type":"WebPage","@id":"https:\/\/bogensportdiscount.ch\/produkt\/bstinger-stabilisatordaempfer-microhex-vibrationsdaempfer\/","url":"https:\/\/bogensportdiscount.ch\/produkt\/bstinger-stabilisatordaempfer-microhex-vibrationsdaempfer\/","name":"BSTINGER STABILISATOR-D\u00c4MPFER MICROHEX VIBRATIONSD\u00c4MPFER - Bogensportdiscount \u2013 B\u00f6gen, Pfeile, Targets &amp; Zubeh\u00f6r","isPartOf":{"@id":"https:\/\/bogensportdiscount.ch\/#website"},"primaryImageOfPage":{"@id":"https:\/\/bogensportdiscount.ch\/produkt\/bstinger-stabilisatordaempfer-microhex-vibrationsdaempfer\/#primaryimage"},"image":{"@id":"https:\/\/bogensportdiscount.ch\/produkt\/bstinger-stabilisatordaempfer-microhex-vibrationsdaempfer\/#primaryimage"},"thumbnailUrl":"https:\/\/bogensportdiscount.ch\/wp-content\/uploads\/bsm-images\/A031634_1.jpg","datePublished":"2026-04-05T12:36:14+00:00","dateModified":"2026-05-14T13:25:32+00:00","description":"BSTINGER STABILISATOR-D\u00c4MPFER MICROHEX VIBRATIONSD\u00c4MPFER g\u00fcnstig kaufen bei Bogensportdiscount \u2013 Top-Marken, schneller Versand aus der Schweiz.","breadcrumb":{"@id":"https:\/\/bogensportdiscount.ch\/produkt\/bstinger-stabilisatordaempfer-microhex-vibrationsdaempfer\/#breadcrumb"},"inLanguage":"fr-FR","potentialAction":[{"@type":"ReadAction","target":["https:\/\/bogensportdiscount.ch\/produkt\/bstinger-stabilisatordaempfer-microhex-vibrationsdaempfer\/"]}]},{"@type":"ImageObject","inLanguage":"fr-FR","@id":"https:\/\/bogensportdiscount.ch\/produkt\/bstinger-stabilisatordaempfer-microhex-vibrationsdaempfer\/#primaryimage","url":"https:\/\/bogensportdiscount.ch\/wp-content\/uploads\/bsm-images\/A031634_1.jpg","contentUrl":"https:\/\/bogensportdiscount.ch\/wp-content\/uploads\/bsm-images\/A031634_1.jpg","width":1092,"height":941},{"@type":"BreadcrumbList","@id":"https:\/\/bogensportdiscount.ch\/produkt\/bstinger-stabilisatordaempfer-microhex-vibrationsdaempfer\/#breadcrumb","itemListElement":[{"@type":"ListItem","position":1,"name":"Home","item":"https:\/\/bogensportdiscount.ch\/"},{"@type":"ListItem","position":2,"name":"Shop","item":"https:\/\/bogensportdiscount.ch\/shop\/"},{"@type":"ListItem","position":3,"name":"BSTINGER STABILIZER DAMPERS MICROHEX VIBRATION DAMPER"}]},{"@type":"WebSite","@id":"https:\/\/bogensportdiscount.ch\/#website","url":"https:\/\/bogensportdiscount.ch\/","name":"Bogensportdiscount","description":"","potentialAction":[{"@type":"SearchAction","target":{"@type":"EntryPoint","urlTemplate":"https:\/\/bogensportdiscount.ch\/?s={search_term_string}"},"query-input":{"@type":"PropertyValueSpecification","valueRequired":true,"valueName":"search_term_string"}}],"inLanguage":"fr-FR"}]}},"_links":{"self":[{"href":"https:\/\/bogensportdiscount.ch\/fr\/wp-json\/wp\/v2\/product\/395509","targetHints":{"allow":["GET"]}}],"collection":[{"href":"https:\/\/bogensportdiscount.ch\/fr\/wp-json\/wp\/v2\/product"}],"about":[{"href":"https:\/\/bogensportdiscount.ch\/fr\/wp-json\/wp\/v2\/types\/product"}],"replies":[{"embeddable":true,"href":"https:\/\/bogensportdiscount.ch\/fr\/wp-json\/wp\/v2\/comments?post=395509"}],"wp:featuredmedia":[{"embeddable":true,"href":"https:\/\/bogensportdiscount.ch\/fr\/wp-json\/wp\/v2\/media\/523804"}],"wp:attachment":[{"href":"https:\/\/bogensportdiscount.ch\/fr\/wp-json\/wp\/v2\/media?parent=395509"}],"wp:term":[{"taxonomy":"product_brand","embeddable":true,"href":"https:\/\/bogensportdiscount.ch\/fr\/wp-json\/wp\/v2\/product_brand?post=395509"},{"taxonomy":"product_cat","embeddable":true,"href":"https:\/\/bogensportdiscount.ch\/fr\/wp-json\/wp\/v2\/product_cat?post=395509"},{"taxonomy":"product_tag","embeddable":true,"href":"https:\/\/bogensportdiscount.ch\/fr\/wp-json\/wp\/v2\/product_tag?post=395509"}],"curies":[{"name":"wp","href":"https:\/\/api.w.org\/{rel}","templated":true}]}}