{"id":395488,"date":"2026-04-05T14:36:12","date_gmt":"2026-04-05T12:36:12","guid":{"rendered":"https:\/\/bogensportdiscount.ch\/produkt\/riser-dampers-rubber-hds-body-3-8-thick-colored-blue-2-pck\/"},"modified":"2026-05-14T15:25:32","modified_gmt":"2026-05-14T13:25:32","slug":"mathews-riser-daempfer-hds-body-3-8-gummi-farbig","status":"publish","type":"product","link":"https:\/\/bogensportdiscount.ch\/fr\/produit\/mathews-riser-daempfer-hds-body-3-8-gummi-farbig\/","title":{"rendered":"MATHEWS AMORTISSEUR DE POIGN\u00c9E CAOUTCHOUC HDS BODY 3\/8&#8243; \u00c9PAIS COLOR\u00c9 2\/PCK"},"content":{"rendered":"<p>Les amortisseurs de poign\u00e9e MATHEWS HDS Body sont fabriqu\u00e9s en caoutchouc et ont une \u00e9paisseur de 3\/8 pouces. Ils se montent sur la poign\u00e9e de l'arc et r\u00e9duisent les vibrations ainsi que les bruits apr\u00e8s le tir.<\/p>\n<p>Le produit est disponible en trois couleurs \u2013 Noir, Bleu et Rouge \u2013 et convient aux arcs \u00e0 poulies MATHEWS \u00e9quip\u00e9s d'un syst\u00e8me d'amortissement HDS correspondant ou destin\u00e9s \u00e0 \u00eatre mis \u00e0 niveau.<\/p>\n<ul>\n<li>\u00c9paisseur : 3\/8 pouces<\/li>\n<li>Mat\u00e9riau : Caoutchouc<\/li>\n<li>Compatible avec le montage MATHEWS HDS Body<\/li>\n<li>Disponible en noir, bleu et rouge<\/li>\n<\/ul>","protected":false},"excerpt":{"rendered":"<table>\n<tr>\n<th>Propri\u00e9t\u00e9<\/th>\n<th>Valeur<\/th>\n<\/tr>\n<tr>\n<td>Marque<\/td>\n<td>Mathews<\/td>\n<\/tr>\n<tr>\n<td>Pays d'origine<\/td>\n<td>USA<\/td>\n<\/tr>\n<\/table>","protected":false},"featured_media":449239,"comment_status":"open","ping_status":"closed","template":"","meta":[],"product_brand":[427],"product_cat":[4341],"product_tag":[],"class_list":{"0":"post-395488","1":"product","2":"type-product","3":"status-publish","4":"has-post-thumbnail","6":"product_brand-mathews","7":"product_cat-mittelteil-daempfer","8":"product_shipping_class-bsd-standard","10":"first","11":"instock","12":"shipping-taxable","13":"purchasable","14":"product-type-variable"},"yoast_head":"<!-- This site is optimized with the Yoast SEO plugin v27.6 - https:\/\/yoast.com\/product\/yoast-seo-wordpress\/ -->\n<title>MATHEWS MITTELTEIL-D\u00c4MPFER GUMMI HDS BODY 3\/8&quot; DICK FARBIG 2\/PCK - Bogensportdiscount \u2013 B\u00f6gen, Pfeile, Targets &amp; Zubeh\u00f6r<\/title>\n<meta name=\"description\" content=\"MATHEWS MITTELTEIL-D\u00c4MPFER GUMMI HDS BODY 3\/8&quot; DICK FARBIG 2\/PCK g\u00fcnstig kaufen bei Bogensportdiscount \u2013 Top-Marken, schneller Versand aus der Schweiz.\" \/>\n<meta name=\"robots\" content=\"index, follow, max-snippet:-1, max-image-preview:large, max-video-preview:-1\" \/>\n<link rel=\"canonical\" href=\"https:\/\/bogensportdiscount.ch\/fr\/produit\/mathews-riser-daempfer-hds-body-3-8-gummi-farbig\/\" \/>\n<meta property=\"og:locale\" content=\"fr_FR\" \/>\n<meta property=\"og:type\" content=\"article\" \/>\n<meta property=\"og:title\" content=\"MATHEWS MITTELTEIL-D\u00c4MPFER GUMMI HDS BODY 3\/8&quot; DICK FARBIG 2\/PCK - Bogensportdiscount \u2013 B\u00f6gen, Pfeile, Targets &amp; Zubeh\u00f6r\" \/>\n<meta property=\"og:description\" content=\"MATHEWS MITTELTEIL-D\u00c4MPFER GUMMI HDS BODY 3\/8&quot; DICK FARBIG 2\/PCK g\u00fcnstig kaufen bei Bogensportdiscount \u2013 Top-Marken, schneller Versand aus der Schweiz.\" \/>\n<meta property=\"og:url\" content=\"https:\/\/bogensportdiscount.ch\/fr\/produit\/mathews-riser-daempfer-hds-body-3-8-gummi-farbig\/\" \/>\n<meta property=\"og:site_name\" content=\"Bogensportdiscount \u2013 B\u00f6gen, Pfeile, Targets &amp; Zubeh\u00f6r\" \/>\n<meta property=\"article:modified_time\" content=\"2026-05-14T13:25:32+00:00\" \/>\n<meta property=\"og:image\" content=\"https:\/\/bogensportdiscount.ch\/wp-content\/uploads\/bsm-images\/A011309_1.png\" \/>\n\t<meta property=\"og:image:width\" content=\"1216\" \/>\n\t<meta property=\"og:image:height\" content=\"588\" \/>\n\t<meta property=\"og:image:type\" content=\"image\/png\" \/>\n<meta name=\"twitter:card\" content=\"summary_large_image\" \/>\n<script type=\"application\/ld+json\" class=\"yoast-schema-graph\">{\"@context\":\"https:\\\/\\\/schema.org\",\"@graph\":[{\"@type\":\"WebPage\",\"@id\":\"https:\\\/\\\/bogensportdiscount.ch\\\/produkt\\\/mathews-riser-daempfer-hds-body-3-8-gummi-farbig\\\/\",\"url\":\"https:\\\/\\\/bogensportdiscount.ch\\\/produkt\\\/mathews-riser-daempfer-hds-body-3-8-gummi-farbig\\\/\",\"name\":\"MATHEWS MITTELTEIL-D\u00c4MPFER GUMMI HDS BODY 3\\\/8\\\" DICK FARBIG 2\\\/PCK - Bogensportdiscount \u2013 B\u00f6gen, Pfeile, Targets &amp; Zubeh\u00f6r\",\"isPartOf\":{\"@id\":\"https:\\\/\\\/bogensportdiscount.ch\\\/#website\"},\"primaryImageOfPage\":{\"@id\":\"https:\\\/\\\/bogensportdiscount.ch\\\/produkt\\\/mathews-riser-daempfer-hds-body-3-8-gummi-farbig\\\/#primaryimage\"},\"image\":{\"@id\":\"https:\\\/\\\/bogensportdiscount.ch\\\/produkt\\\/mathews-riser-daempfer-hds-body-3-8-gummi-farbig\\\/#primaryimage\"},\"thumbnailUrl\":\"https:\\\/\\\/bogensportdiscount.ch\\\/wp-content\\\/uploads\\\/bsm-images\\\/A011309_1.png\",\"datePublished\":\"2026-04-05T12:36:12+00:00\",\"dateModified\":\"2026-05-14T13:25:32+00:00\",\"description\":\"MATHEWS MITTELTEIL-D\u00c4MPFER GUMMI HDS BODY 3\\\/8\\\" DICK FARBIG 2\\\/PCK g\u00fcnstig kaufen bei Bogensportdiscount \u2013 Top-Marken, schneller Versand aus der Schweiz.\",\"breadcrumb\":{\"@id\":\"https:\\\/\\\/bogensportdiscount.ch\\\/produkt\\\/mathews-riser-daempfer-hds-body-3-8-gummi-farbig\\\/#breadcrumb\"},\"inLanguage\":\"fr-FR\",\"potentialAction\":[{\"@type\":\"ReadAction\",\"target\":[\"https:\\\/\\\/bogensportdiscount.ch\\\/produkt\\\/mathews-riser-daempfer-hds-body-3-8-gummi-farbig\\\/\"]}]},{\"@type\":\"ImageObject\",\"inLanguage\":\"fr-FR\",\"@id\":\"https:\\\/\\\/bogensportdiscount.ch\\\/produkt\\\/mathews-riser-daempfer-hds-body-3-8-gummi-farbig\\\/#primaryimage\",\"url\":\"https:\\\/\\\/bogensportdiscount.ch\\\/wp-content\\\/uploads\\\/bsm-images\\\/A011309_1.png\",\"contentUrl\":\"https:\\\/\\\/bogensportdiscount.ch\\\/wp-content\\\/uploads\\\/bsm-images\\\/A011309_1.png\",\"width\":1216,\"height\":588},{\"@type\":\"BreadcrumbList\",\"@id\":\"https:\\\/\\\/bogensportdiscount.ch\\\/produkt\\\/mathews-riser-daempfer-hds-body-3-8-gummi-farbig\\\/#breadcrumb\",\"itemListElement\":[{\"@type\":\"ListItem\",\"position\":1,\"name\":\"Home\",\"item\":\"https:\\\/\\\/bogensportdiscount.ch\\\/\"},{\"@type\":\"ListItem\",\"position\":2,\"name\":\"Shop\",\"item\":\"https:\\\/\\\/bogensportdiscount.ch\\\/shop\\\/\"},{\"@type\":\"ListItem\",\"position\":3,\"name\":\"MATHEWS RISER DAMPERS RUBBER HDS BODY 3\\\/8&#8243; THICK COLORED 2\\\/PCK\"}]},{\"@type\":\"WebSite\",\"@id\":\"https:\\\/\\\/bogensportdiscount.ch\\\/#website\",\"url\":\"https:\\\/\\\/bogensportdiscount.ch\\\/\",\"name\":\"Bogensportdiscount\",\"description\":\"\",\"potentialAction\":[{\"@type\":\"SearchAction\",\"target\":{\"@type\":\"EntryPoint\",\"urlTemplate\":\"https:\\\/\\\/bogensportdiscount.ch\\\/?s={search_term_string}\"},\"query-input\":{\"@type\":\"PropertyValueSpecification\",\"valueRequired\":true,\"valueName\":\"search_term_string\"}}],\"inLanguage\":\"fr-FR\"}]}<\/script>\n<!-- \/ Yoast SEO plugin. -->","yoast_head_json":{"title":"MATHEWS MITTELTEIL-D\u00c4MPFER GUMMI HDS BODY 3\/8\" DICK FARBIG 2\/PCK - Bogensportdiscount \u2013 B\u00f6gen, Pfeile, Targets &amp; Zubeh\u00f6r","description":"MATHEWS MITTELTEIL-D\u00c4MPFER GUMMI HDS BODY 3\/8\" DICK FARBIG 2\/PCK g\u00fcnstig kaufen bei Bogensportdiscount \u2013 Top-Marken, schneller Versand aus der Schweiz.","robots":{"index":"index","follow":"follow","max-snippet":"max-snippet:-1","max-image-preview":"max-image-preview:large","max-video-preview":"max-video-preview:-1"},"canonical":"https:\/\/bogensportdiscount.ch\/fr\/produit\/mathews-riser-daempfer-hds-body-3-8-gummi-farbig\/","og_locale":"fr_FR","og_type":"article","og_title":"MATHEWS MITTELTEIL-D\u00c4MPFER GUMMI HDS BODY 3\/8\" DICK FARBIG 2\/PCK - Bogensportdiscount \u2013 B\u00f6gen, Pfeile, Targets &amp; Zubeh\u00f6r","og_description":"MATHEWS MITTELTEIL-D\u00c4MPFER GUMMI HDS BODY 3\/8\" DICK FARBIG 2\/PCK g\u00fcnstig kaufen bei Bogensportdiscount \u2013 Top-Marken, schneller Versand aus der Schweiz.","og_url":"https:\/\/bogensportdiscount.ch\/fr\/produit\/mathews-riser-daempfer-hds-body-3-8-gummi-farbig\/","og_site_name":"Bogensportdiscount \u2013 B\u00f6gen, Pfeile, Targets &amp; Zubeh\u00f6r","article_modified_time":"2026-05-14T13:25:32+00:00","og_image":[{"width":1216,"height":588,"url":"https:\/\/bogensportdiscount.ch\/wp-content\/uploads\/bsm-images\/A011309_1.png","type":"image\/png"}],"twitter_card":"summary_large_image","schema":{"@context":"https:\/\/schema.org","@graph":[{"@type":"WebPage","@id":"https:\/\/bogensportdiscount.ch\/produkt\/mathews-riser-daempfer-hds-body-3-8-gummi-farbig\/","url":"https:\/\/bogensportdiscount.ch\/produkt\/mathews-riser-daempfer-hds-body-3-8-gummi-farbig\/","name":"MATHEWS MITTELTEIL-D\u00c4MPFER GUMMI HDS BODY 3\/8\" DICK FARBIG 2\/PCK - Bogensportdiscount \u2013 B\u00f6gen, Pfeile, Targets &amp; Zubeh\u00f6r","isPartOf":{"@id":"https:\/\/bogensportdiscount.ch\/#website"},"primaryImageOfPage":{"@id":"https:\/\/bogensportdiscount.ch\/produkt\/mathews-riser-daempfer-hds-body-3-8-gummi-farbig\/#primaryimage"},"image":{"@id":"https:\/\/bogensportdiscount.ch\/produkt\/mathews-riser-daempfer-hds-body-3-8-gummi-farbig\/#primaryimage"},"thumbnailUrl":"https:\/\/bogensportdiscount.ch\/wp-content\/uploads\/bsm-images\/A011309_1.png","datePublished":"2026-04-05T12:36:12+00:00","dateModified":"2026-05-14T13:25:32+00:00","description":"MATHEWS MITTELTEIL-D\u00c4MPFER GUMMI HDS BODY 3\/8\" DICK FARBIG 2\/PCK g\u00fcnstig kaufen bei Bogensportdiscount \u2013 Top-Marken, schneller Versand aus der Schweiz.","breadcrumb":{"@id":"https:\/\/bogensportdiscount.ch\/produkt\/mathews-riser-daempfer-hds-body-3-8-gummi-farbig\/#breadcrumb"},"inLanguage":"fr-FR","potentialAction":[{"@type":"ReadAction","target":["https:\/\/bogensportdiscount.ch\/produkt\/mathews-riser-daempfer-hds-body-3-8-gummi-farbig\/"]}]},{"@type":"ImageObject","inLanguage":"fr-FR","@id":"https:\/\/bogensportdiscount.ch\/produkt\/mathews-riser-daempfer-hds-body-3-8-gummi-farbig\/#primaryimage","url":"https:\/\/bogensportdiscount.ch\/wp-content\/uploads\/bsm-images\/A011309_1.png","contentUrl":"https:\/\/bogensportdiscount.ch\/wp-content\/uploads\/bsm-images\/A011309_1.png","width":1216,"height":588},{"@type":"BreadcrumbList","@id":"https:\/\/bogensportdiscount.ch\/produkt\/mathews-riser-daempfer-hds-body-3-8-gummi-farbig\/#breadcrumb","itemListElement":[{"@type":"ListItem","position":1,"name":"Home","item":"https:\/\/bogensportdiscount.ch\/"},{"@type":"ListItem","position":2,"name":"Shop","item":"https:\/\/bogensportdiscount.ch\/shop\/"},{"@type":"ListItem","position":3,"name":"MATHEWS RISER DAMPERS RUBBER HDS BODY 3\/8&#8243; THICK COLORED 2\/PCK"}]},{"@type":"WebSite","@id":"https:\/\/bogensportdiscount.ch\/#website","url":"https:\/\/bogensportdiscount.ch\/","name":"Bogensportdiscount","description":"","potentialAction":[{"@type":"SearchAction","target":{"@type":"EntryPoint","urlTemplate":"https:\/\/bogensportdiscount.ch\/?s={search_term_string}"},"query-input":{"@type":"PropertyValueSpecification","valueRequired":true,"valueName":"search_term_string"}}],"inLanguage":"fr-FR"}]}},"_links":{"self":[{"href":"https:\/\/bogensportdiscount.ch\/fr\/wp-json\/wp\/v2\/product\/395488","targetHints":{"allow":["GET"]}}],"collection":[{"href":"https:\/\/bogensportdiscount.ch\/fr\/wp-json\/wp\/v2\/product"}],"about":[{"href":"https:\/\/bogensportdiscount.ch\/fr\/wp-json\/wp\/v2\/types\/product"}],"replies":[{"embeddable":true,"href":"https:\/\/bogensportdiscount.ch\/fr\/wp-json\/wp\/v2\/comments?post=395488"}],"wp:featuredmedia":[{"embeddable":true,"href":"https:\/\/bogensportdiscount.ch\/fr\/wp-json\/wp\/v2\/media\/449239"}],"wp:attachment":[{"href":"https:\/\/bogensportdiscount.ch\/fr\/wp-json\/wp\/v2\/media?parent=395488"}],"wp:term":[{"taxonomy":"product_brand","embeddable":true,"href":"https:\/\/bogensportdiscount.ch\/fr\/wp-json\/wp\/v2\/product_brand?post=395488"},{"taxonomy":"product_cat","embeddable":true,"href":"https:\/\/bogensportdiscount.ch\/fr\/wp-json\/wp\/v2\/product_cat?post=395488"},{"taxonomy":"product_tag","embeddable":true,"href":"https:\/\/bogensportdiscount.ch\/fr\/wp-json\/wp\/v2\/product_tag?post=395488"}],"curies":[{"name":"wp","href":"https:\/\/api.w.org\/{rel}","templated":true}]}}