{"id":395482,"date":"2026-04-05T14:36:11","date_gmt":"2026-04-05T12:36:11","guid":{"rendered":"https:\/\/bogensportdiscount.ch\/produkt\/stabilizer-dampers-a-bomb-1-damper-5-16\/"},"modified":"2026-05-14T15:25:32","modified_gmt":"2026-05-14T13:25:32","slug":"doinker-stabilisatordaempfer-a-bomb","status":"publish","type":"product","link":"https:\/\/bogensportdiscount.ch\/fr\/produit\/doinker-stabilisatordaempfer-a-bomb\/","title":{"rendered":"DOINKER AMORTISSEUR DE STABILISATEUR A BOMB"},"content":{"rendered":"<p>Le DOINKER A Bomb est un amortisseur de stabilisateur qui se monte sur le stabilisateur et r\u00e9duit les vibrations ainsi que les chocs apr\u00e8s le tir. Il est disponible en deux longueurs (1&#8243; et 4&#8243;) et deux diam\u00e8tres (3\/4&#8243; et 5\/16&#8243;), ce qui lui permet d'\u00eatre utilis\u00e9 en compatibilit\u00e9 avec une grande vari\u00e9t\u00e9 de syst\u00e8mes de stabilisation.<\/p>\n<p>DOINKER est un fabricant am\u00e9ricain avec une longue exp\u00e9rience dans le domaine des amortisseurs pour le tir \u00e0 l'arc. Le A Bomb convient aussi bien aux arcs classiques qu'aux arcs \u00e0 poulies.<\/p>\n<ul>\n<li>Pour la r\u00e9duction des vibrations et des chocs sur le stabilisateur<\/li>\n<li>Disponible en longueur 1&#8243; et 4&#8243;<\/li>\n<li>Disponible en diam\u00e8tre 3\/4&#8243; et 5\/16&#8243;<\/li>\n<li>Fabriqu\u00e9 aux \u00c9tats-Unis<\/li>\n<\/ul>","protected":false},"excerpt":{"rendered":"<table>\n<tr>\n<th>Propri\u00e9t\u00e9<\/th>\n<th>Valeur<\/th>\n<\/tr>\n<tr>\n<td>Marque<\/td>\n<td>T\u00e9tine<\/td>\n<\/tr>\n<tr>\n<td>Pays d'origine<\/td>\n<td>USA<\/td>\n<\/tr>\n<\/table>","protected":false},"featured_media":449237,"comment_status":"open","ping_status":"closed","template":"","meta":[],"product_brand":[785],"product_cat":[4197],"product_tag":[],"class_list":{"0":"post-395482","1":"product","2":"type-product","3":"status-publish","4":"has-post-thumbnail","6":"product_brand-doinker","7":"product_cat-stabilisations-daempfer","8":"product_shipping_class-bsd-standard","10":"first","11":"instock","12":"shipping-taxable","13":"purchasable","14":"product-type-variable"},"yoast_head":"<!-- This site is optimized with the Yoast SEO plugin v27.6 - https:\/\/yoast.com\/product\/yoast-seo-wordpress\/ -->\n<title>DOINKER STABILISATOR-D\u00c4MPFER A BOMB - Bogensportdiscount \u2013 B\u00f6gen, Pfeile, Targets &amp; Zubeh\u00f6r<\/title>\n<meta name=\"description\" content=\"DOINKER STABILISATOR-D\u00c4MPFER A BOMB g\u00fcnstig kaufen bei Bogensportdiscount \u2013 Top-Marken, schneller Versand aus der Schweiz.\" \/>\n<meta name=\"robots\" content=\"index, follow, max-snippet:-1, max-image-preview:large, max-video-preview:-1\" \/>\n<link rel=\"canonical\" href=\"https:\/\/bogensportdiscount.ch\/fr\/produit\/doinker-stabilisatordaempfer-a-bomb\/\" \/>\n<meta property=\"og:locale\" content=\"fr_FR\" \/>\n<meta property=\"og:type\" content=\"article\" \/>\n<meta property=\"og:title\" content=\"DOINKER STABILISATOR-D\u00c4MPFER A BOMB - Bogensportdiscount \u2013 B\u00f6gen, Pfeile, Targets &amp; Zubeh\u00f6r\" \/>\n<meta property=\"og:description\" content=\"DOINKER STABILISATOR-D\u00c4MPFER A BOMB g\u00fcnstig kaufen bei Bogensportdiscount \u2013 Top-Marken, schneller Versand aus der Schweiz.\" \/>\n<meta property=\"og:url\" content=\"https:\/\/bogensportdiscount.ch\/fr\/produit\/doinker-stabilisatordaempfer-a-bomb\/\" \/>\n<meta property=\"og:site_name\" content=\"Bogensportdiscount \u2013 B\u00f6gen, Pfeile, Targets &amp; Zubeh\u00f6r\" \/>\n<meta property=\"article:modified_time\" content=\"2026-05-14T13:25:32+00:00\" \/>\n<meta property=\"og:image\" content=\"https:\/\/bogensportdiscount.ch\/wp-content\/uploads\/bsm-images\/A011301_1.png\" \/>\n\t<meta property=\"og:image:width\" content=\"764\" \/>\n\t<meta property=\"og:image:height\" content=\"546\" \/>\n\t<meta property=\"og:image:type\" content=\"image\/png\" \/>\n<meta name=\"twitter:card\" content=\"summary_large_image\" \/>\n<script type=\"application\/ld+json\" class=\"yoast-schema-graph\">{\"@context\":\"https:\\\/\\\/schema.org\",\"@graph\":[{\"@type\":\"WebPage\",\"@id\":\"https:\\\/\\\/bogensportdiscount.ch\\\/produkt\\\/doinker-stabilisatordaempfer-a-bomb\\\/\",\"url\":\"https:\\\/\\\/bogensportdiscount.ch\\\/produkt\\\/doinker-stabilisatordaempfer-a-bomb\\\/\",\"name\":\"DOINKER STABILISATOR-D\u00c4MPFER A BOMB - Bogensportdiscount \u2013 B\u00f6gen, Pfeile, Targets &amp; Zubeh\u00f6r\",\"isPartOf\":{\"@id\":\"https:\\\/\\\/bogensportdiscount.ch\\\/#website\"},\"primaryImageOfPage\":{\"@id\":\"https:\\\/\\\/bogensportdiscount.ch\\\/produkt\\\/doinker-stabilisatordaempfer-a-bomb\\\/#primaryimage\"},\"image\":{\"@id\":\"https:\\\/\\\/bogensportdiscount.ch\\\/produkt\\\/doinker-stabilisatordaempfer-a-bomb\\\/#primaryimage\"},\"thumbnailUrl\":\"https:\\\/\\\/bogensportdiscount.ch\\\/wp-content\\\/uploads\\\/bsm-images\\\/A011301_1.png\",\"datePublished\":\"2026-04-05T12:36:11+00:00\",\"dateModified\":\"2026-05-14T13:25:32+00:00\",\"description\":\"DOINKER STABILISATOR-D\u00c4MPFER A BOMB g\u00fcnstig kaufen bei Bogensportdiscount \u2013 Top-Marken, schneller Versand aus der Schweiz.\",\"breadcrumb\":{\"@id\":\"https:\\\/\\\/bogensportdiscount.ch\\\/produkt\\\/doinker-stabilisatordaempfer-a-bomb\\\/#breadcrumb\"},\"inLanguage\":\"fr-FR\",\"potentialAction\":[{\"@type\":\"ReadAction\",\"target\":[\"https:\\\/\\\/bogensportdiscount.ch\\\/produkt\\\/doinker-stabilisatordaempfer-a-bomb\\\/\"]}]},{\"@type\":\"ImageObject\",\"inLanguage\":\"fr-FR\",\"@id\":\"https:\\\/\\\/bogensportdiscount.ch\\\/produkt\\\/doinker-stabilisatordaempfer-a-bomb\\\/#primaryimage\",\"url\":\"https:\\\/\\\/bogensportdiscount.ch\\\/wp-content\\\/uploads\\\/bsm-images\\\/A011301_1.png\",\"contentUrl\":\"https:\\\/\\\/bogensportdiscount.ch\\\/wp-content\\\/uploads\\\/bsm-images\\\/A011301_1.png\",\"width\":764,\"height\":546},{\"@type\":\"BreadcrumbList\",\"@id\":\"https:\\\/\\\/bogensportdiscount.ch\\\/produkt\\\/doinker-stabilisatordaempfer-a-bomb\\\/#breadcrumb\",\"itemListElement\":[{\"@type\":\"ListItem\",\"position\":1,\"name\":\"Home\",\"item\":\"https:\\\/\\\/bogensportdiscount.ch\\\/\"},{\"@type\":\"ListItem\",\"position\":2,\"name\":\"Shop\",\"item\":\"https:\\\/\\\/bogensportdiscount.ch\\\/shop\\\/\"},{\"@type\":\"ListItem\",\"position\":3,\"name\":\"DOINKER STABILIZER DAMPERS A BOMB\"}]},{\"@type\":\"WebSite\",\"@id\":\"https:\\\/\\\/bogensportdiscount.ch\\\/#website\",\"url\":\"https:\\\/\\\/bogensportdiscount.ch\\\/\",\"name\":\"Bogensportdiscount\",\"description\":\"\",\"potentialAction\":[{\"@type\":\"SearchAction\",\"target\":{\"@type\":\"EntryPoint\",\"urlTemplate\":\"https:\\\/\\\/bogensportdiscount.ch\\\/?s={search_term_string}\"},\"query-input\":{\"@type\":\"PropertyValueSpecification\",\"valueRequired\":true,\"valueName\":\"search_term_string\"}}],\"inLanguage\":\"fr-FR\"}]}<\/script>\n<!-- \/ Yoast SEO plugin. -->","yoast_head_json":{"title":"DOINKER STABILISATOR-D\u00c4MPFER A BOMB - Bogensportdiscount \u2013 B\u00f6gen, Pfeile, Targets &amp; Zubeh\u00f6r","description":"DOINKER STABILISATOR-D\u00c4MPFER A BOMB g\u00fcnstig kaufen bei Bogensportdiscount \u2013 Top-Marken, schneller Versand aus der Schweiz.","robots":{"index":"index","follow":"follow","max-snippet":"max-snippet:-1","max-image-preview":"max-image-preview:large","max-video-preview":"max-video-preview:-1"},"canonical":"https:\/\/bogensportdiscount.ch\/fr\/produit\/doinker-stabilisatordaempfer-a-bomb\/","og_locale":"fr_FR","og_type":"article","og_title":"DOINKER STABILISATOR-D\u00c4MPFER A BOMB - Bogensportdiscount \u2013 B\u00f6gen, Pfeile, Targets &amp; Zubeh\u00f6r","og_description":"DOINKER STABILISATOR-D\u00c4MPFER A BOMB g\u00fcnstig kaufen bei Bogensportdiscount \u2013 Top-Marken, schneller Versand aus der Schweiz.","og_url":"https:\/\/bogensportdiscount.ch\/fr\/produit\/doinker-stabilisatordaempfer-a-bomb\/","og_site_name":"Bogensportdiscount \u2013 B\u00f6gen, Pfeile, Targets &amp; Zubeh\u00f6r","article_modified_time":"2026-05-14T13:25:32+00:00","og_image":[{"width":764,"height":546,"url":"https:\/\/bogensportdiscount.ch\/wp-content\/uploads\/bsm-images\/A011301_1.png","type":"image\/png"}],"twitter_card":"summary_large_image","schema":{"@context":"https:\/\/schema.org","@graph":[{"@type":"WebPage","@id":"https:\/\/bogensportdiscount.ch\/produkt\/doinker-stabilisatordaempfer-a-bomb\/","url":"https:\/\/bogensportdiscount.ch\/produkt\/doinker-stabilisatordaempfer-a-bomb\/","name":"DOINKER STABILISATOR-D\u00c4MPFER A BOMB - Bogensportdiscount \u2013 B\u00f6gen, Pfeile, Targets &amp; Zubeh\u00f6r","isPartOf":{"@id":"https:\/\/bogensportdiscount.ch\/#website"},"primaryImageOfPage":{"@id":"https:\/\/bogensportdiscount.ch\/produkt\/doinker-stabilisatordaempfer-a-bomb\/#primaryimage"},"image":{"@id":"https:\/\/bogensportdiscount.ch\/produkt\/doinker-stabilisatordaempfer-a-bomb\/#primaryimage"},"thumbnailUrl":"https:\/\/bogensportdiscount.ch\/wp-content\/uploads\/bsm-images\/A011301_1.png","datePublished":"2026-04-05T12:36:11+00:00","dateModified":"2026-05-14T13:25:32+00:00","description":"DOINKER STABILISATOR-D\u00c4MPFER A BOMB g\u00fcnstig kaufen bei Bogensportdiscount \u2013 Top-Marken, schneller Versand aus der Schweiz.","breadcrumb":{"@id":"https:\/\/bogensportdiscount.ch\/produkt\/doinker-stabilisatordaempfer-a-bomb\/#breadcrumb"},"inLanguage":"fr-FR","potentialAction":[{"@type":"ReadAction","target":["https:\/\/bogensportdiscount.ch\/produkt\/doinker-stabilisatordaempfer-a-bomb\/"]}]},{"@type":"ImageObject","inLanguage":"fr-FR","@id":"https:\/\/bogensportdiscount.ch\/produkt\/doinker-stabilisatordaempfer-a-bomb\/#primaryimage","url":"https:\/\/bogensportdiscount.ch\/wp-content\/uploads\/bsm-images\/A011301_1.png","contentUrl":"https:\/\/bogensportdiscount.ch\/wp-content\/uploads\/bsm-images\/A011301_1.png","width":764,"height":546},{"@type":"BreadcrumbList","@id":"https:\/\/bogensportdiscount.ch\/produkt\/doinker-stabilisatordaempfer-a-bomb\/#breadcrumb","itemListElement":[{"@type":"ListItem","position":1,"name":"Home","item":"https:\/\/bogensportdiscount.ch\/"},{"@type":"ListItem","position":2,"name":"Shop","item":"https:\/\/bogensportdiscount.ch\/shop\/"},{"@type":"ListItem","position":3,"name":"DOINKER STABILIZER DAMPERS A BOMB"}]},{"@type":"WebSite","@id":"https:\/\/bogensportdiscount.ch\/#website","url":"https:\/\/bogensportdiscount.ch\/","name":"Bogensportdiscount","description":"","potentialAction":[{"@type":"SearchAction","target":{"@type":"EntryPoint","urlTemplate":"https:\/\/bogensportdiscount.ch\/?s={search_term_string}"},"query-input":{"@type":"PropertyValueSpecification","valueRequired":true,"valueName":"search_term_string"}}],"inLanguage":"fr-FR"}]}},"_links":{"self":[{"href":"https:\/\/bogensportdiscount.ch\/fr\/wp-json\/wp\/v2\/product\/395482","targetHints":{"allow":["GET"]}}],"collection":[{"href":"https:\/\/bogensportdiscount.ch\/fr\/wp-json\/wp\/v2\/product"}],"about":[{"href":"https:\/\/bogensportdiscount.ch\/fr\/wp-json\/wp\/v2\/types\/product"}],"replies":[{"embeddable":true,"href":"https:\/\/bogensportdiscount.ch\/fr\/wp-json\/wp\/v2\/comments?post=395482"}],"wp:featuredmedia":[{"embeddable":true,"href":"https:\/\/bogensportdiscount.ch\/fr\/wp-json\/wp\/v2\/media\/449237"}],"wp:attachment":[{"href":"https:\/\/bogensportdiscount.ch\/fr\/wp-json\/wp\/v2\/media?parent=395482"}],"wp:term":[{"taxonomy":"product_brand","embeddable":true,"href":"https:\/\/bogensportdiscount.ch\/fr\/wp-json\/wp\/v2\/product_brand?post=395482"},{"taxonomy":"product_cat","embeddable":true,"href":"https:\/\/bogensportdiscount.ch\/fr\/wp-json\/wp\/v2\/product_cat?post=395482"},{"taxonomy":"product_tag","embeddable":true,"href":"https:\/\/bogensportdiscount.ch\/fr\/wp-json\/wp\/v2\/product_tag?post=395482"}],"curies":[{"name":"wp","href":"https:\/\/api.w.org\/{rel}","templated":true}]}}