{"id":395374,"date":"2026-04-05T14:35:58","date_gmt":"2026-04-05T12:35:58","guid":{"rendered":"https:\/\/bogensportdiscount.ch\/produkt\/compound-rex-rotating-module-20-29-15-55lbs-rh-skull-camo\/"},"modified":"2026-04-17T13:33:15","modified_gmt":"2026-04-17T11:33:15","slug":"ekpoelang-compound-bogen-rex-rotating-module-20-29-zoll-15-55-lbs-rh","status":"publish","type":"product","link":"https:\/\/bogensportdiscount.ch\/fr\/produit\/ekpoelang-compound-bogen-rex-rotating-module-20-29-zoll-15-55-lbs-rh\/","title":{"rendered":"EKPOELANG COMPOUND REX MODULE ROTATIF 20-29\u2033 \/ 15-55LBS RH"},"content":{"rendered":"<p>Der EKPOELANG Rex ist ein Compoundbogen der kompakten Klasse (unter 35 Zoll) und richtet sich an Einsteiger sowie Sch\u00fctzen, die einen anpassungsf\u00e4higen Bogen suchen. Dank des rotierenden Modul-Systems lassen sich Zugl\u00e4nge und Zuggewicht ohne Bogenpressen-Umbau in einem weiten Bereich einstellen.<\/p>\n<p>Die Zugl\u00e4nge ist stufenlos von 20 bis 29 Zoll und das Zuggewicht von 15 bis 55 lbs einstellbar, was den Rex besonders f\u00fcr wachsende Sch\u00fctzen oder Personen geeignet macht, die ihren Bogen \u00fcber einen l\u00e4ngeren Zeitraum nutzen m\u00f6chten. Der Bogen ist f\u00fcr Rechtsschiessen (RH) ausgelegt.<\/p>\n<ul>\n<li>Zugl\u00e4nge: 20\u201329 Zoll<\/li>\n<li>Zuggewicht: 15\u201355 lbs<\/li>\n<li>Rotierendes Modul-System f\u00fcr flexible Einstellung<\/li>\n<li>Erh\u00e4ltlich in Schwarz und Camo<\/li>\n<\/ul>","protected":false},"excerpt":{"rendered":"<p><strong>Marque :<\/strong> EK &#8211; Poelang<br \/><strong>Axle-to-axle (inch):<\/strong> 28<br \/><strong>Brace height (inch):<\/strong> 7,25<br \/><strong>Module:<\/strong> Rotating mod<br \/><strong>Let Off %:<\/strong> 65<\/p>","protected":false},"featured_media":449194,"comment_status":"open","ping_status":"closed","template":"","meta":[],"product_brand":[471],"product_cat":[4524],"product_tag":[],"class_list":{"0":"post-395374","1":"product","2":"type-product","3":"status-publish","4":"has-post-thumbnail","6":"product_brand-ekpoelang","7":"product_cat-jagdboegen-compound-boegen-boegen","9":"first","10":"instock","11":"shipping-taxable","12":"purchasable","13":"product-type-variable"},"_links":{"self":[{"href":"https:\/\/bogensportdiscount.ch\/fr\/wp-json\/wp\/v2\/product\/395374","targetHints":{"allow":["GET"]}}],"collection":[{"href":"https:\/\/bogensportdiscount.ch\/fr\/wp-json\/wp\/v2\/product"}],"about":[{"href":"https:\/\/bogensportdiscount.ch\/fr\/wp-json\/wp\/v2\/types\/product"}],"replies":[{"embeddable":true,"href":"https:\/\/bogensportdiscount.ch\/fr\/wp-json\/wp\/v2\/comments?post=395374"}],"wp:featuredmedia":[{"embeddable":true,"href":"https:\/\/bogensportdiscount.ch\/fr\/wp-json\/wp\/v2\/media\/449194"}],"wp:attachment":[{"href":"https:\/\/bogensportdiscount.ch\/fr\/wp-json\/wp\/v2\/media?parent=395374"}],"wp:term":[{"taxonomy":"product_brand","embeddable":true,"href":"https:\/\/bogensportdiscount.ch\/fr\/wp-json\/wp\/v2\/product_brand?post=395374"},{"taxonomy":"product_cat","embeddable":true,"href":"https:\/\/bogensportdiscount.ch\/fr\/wp-json\/wp\/v2\/product_cat?post=395374"},{"taxonomy":"product_tag","embeddable":true,"href":"https:\/\/bogensportdiscount.ch\/fr\/wp-json\/wp\/v2\/product_tag?post=395374"}],"curies":[{"name":"wp","href":"https:\/\/api.w.org\/{rel}","templated":true}]}}