{"id":395368,"date":"2026-04-05T14:35:57","date_gmt":"2026-04-05T12:35:57","guid":{"rendered":"https:\/\/bogensportdiscount.ch\/produkt\/quiver-accessories-parts-compound-bow-holders-bow-rest-leg-attachment-leather-black\/"},"modified":"2026-05-14T15:25:31","modified_gmt":"2026-05-14T13:25:31","slug":"gompy-koecher-zubehoer-compound-bogenhalter-beinbefestigung-leder","status":"publish","type":"product","link":"https:\/\/bogensportdiscount.ch\/fr\/produit\/gompy-koecher-zubehoer-compound-bogenhalter-beinbefestigung-leder\/","title":{"rendered":"GOMPY ACCESSOIRES &amp; PI\u00c8CES CARQUOIS SUPPORT ARC \u00c0 POULIES REPOSE-FL\u00c8CHE FIXATION JAMBE CUIR"},"content":{"rendered":"<p>La fixation cuisse en cuir GOMPY est un accessoire pour carquois avec support d'arc \u00e0 poulies int\u00e9gr\u00e9. La fixation se porte sur la cuisse et assure un maintien stable de l'arc pendant la s\u00e9ance de tir.<\/p>\n<p>Le mod\u00e8le est fabriqu\u00e9 en cuir et disponible en noir et marron. Il s'adresse aux archers qui utilisent un carquois de terrain avec support d'arc et recherchent une fixation cuisse fiable.<\/p>\n<ul>\n<li>Mat\u00e9riau : cuir<\/li>\n<li>Compatible avec les supports d'arc \u00e0 poulies sur carquois<\/li>\n<li>Fixation sur la cuisse<\/li>\n<li>Disponible en noir et brun<\/li>\n<\/ul>","protected":false},"excerpt":{"rendered":"<table>\n<tr>\n<th>Propri\u00e9t\u00e9<\/th>\n<th>Valeur<\/th>\n<\/tr>\n<tr>\n<td>Marque<\/td>\n<td>Gompy<\/td>\n<\/tr>\n<tr>\n<td>Pays d'origine<\/td>\n<td>Pays-Bas<\/td>\n<\/tr>\n<\/table>","protected":false},"featured_media":449190,"comment_status":"open","ping_status":"closed","template":"","meta":[],"product_brand":[596],"product_cat":[4164],"product_tag":[],"class_list":{"0":"post-395368","1":"product","2":"type-product","3":"status-publish","4":"has-post-thumbnail","6":"product_brand-gompy","7":"product_cat-zubehoer-einzelteile","8":"product_shipping_class-bsd-standard","10":"first","11":"instock","12":"shipping-taxable","13":"purchasable","14":"product-type-variable"},"yoast_head":"<!-- This site is optimized with the Yoast SEO plugin v27.6 - https:\/\/yoast.com\/product\/yoast-seo-wordpress\/ -->\n<title>GOMPY K\u00d6CHER ZUBEH\u00d6R &amp; TEILE COMPOUNDBOGEN HALTER BOGEN AUFLAGE BEIN-BEFESTIGUNG LEDER - Bogensportdiscount \u2013 B\u00f6gen, Pfeile, Targets &amp; Zubeh\u00f6r<\/title>\n<meta name=\"description\" content=\"GOMPY K\u00d6CHER ZUBEH\u00d6R &amp; TEILE COMPOUNDBOGEN HALTER BOGEN AUFLAGE BEIN-BEFESTIGUNG LEDER g\u00fcnstig kaufen bei Bogensportdiscount \u2013 Top-Marken, schneller Versand aus der Schweiz.\" \/>\n<meta name=\"robots\" content=\"index, follow, max-snippet:-1, max-image-preview:large, max-video-preview:-1\" \/>\n<link rel=\"canonical\" href=\"https:\/\/bogensportdiscount.ch\/fr\/produit\/gompy-koecher-zubehoer-compound-bogenhalter-beinbefestigung-leder\/\" \/>\n<meta property=\"og:locale\" content=\"fr_FR\" \/>\n<meta property=\"og:type\" content=\"article\" \/>\n<meta property=\"og:title\" content=\"GOMPY K\u00d6CHER ZUBEH\u00d6R &amp; TEILE COMPOUNDBOGEN HALTER BOGEN AUFLAGE BEIN-BEFESTIGUNG LEDER - Bogensportdiscount \u2013 B\u00f6gen, Pfeile, Targets &amp; Zubeh\u00f6r\" \/>\n<meta property=\"og:description\" content=\"GOMPY K\u00d6CHER ZUBEH\u00d6R &amp; TEILE COMPOUNDBOGEN HALTER BOGEN AUFLAGE BEIN-BEFESTIGUNG LEDER g\u00fcnstig kaufen bei Bogensportdiscount \u2013 Top-Marken, schneller Versand aus der Schweiz.\" \/>\n<meta property=\"og:url\" content=\"https:\/\/bogensportdiscount.ch\/fr\/produit\/gompy-koecher-zubehoer-compound-bogenhalter-beinbefestigung-leder\/\" \/>\n<meta property=\"og:site_name\" content=\"Bogensportdiscount \u2013 B\u00f6gen, Pfeile, Targets &amp; Zubeh\u00f6r\" \/>\n<meta property=\"article:modified_time\" content=\"2026-05-14T13:25:31+00:00\" \/>\n<meta property=\"og:image\" content=\"https:\/\/bogensportdiscount.ch\/wp-content\/uploads\/bsm-images\/A010828_1.png\" \/>\n\t<meta property=\"og:image:width\" content=\"999\" \/>\n\t<meta property=\"og:image:height\" content=\"745\" \/>\n\t<meta property=\"og:image:type\" content=\"image\/png\" \/>\n<meta name=\"twitter:card\" content=\"summary_large_image\" \/>\n<script type=\"application\/ld+json\" class=\"yoast-schema-graph\">{\"@context\":\"https:\\\/\\\/schema.org\",\"@graph\":[{\"@type\":\"WebPage\",\"@id\":\"https:\\\/\\\/bogensportdiscount.ch\\\/produkt\\\/gompy-koecher-zubehoer-compound-bogenhalter-beinbefestigung-leder\\\/\",\"url\":\"https:\\\/\\\/bogensportdiscount.ch\\\/produkt\\\/gompy-koecher-zubehoer-compound-bogenhalter-beinbefestigung-leder\\\/\",\"name\":\"GOMPY K\u00d6CHER ZUBEH\u00d6R & TEILE COMPOUNDBOGEN HALTER BOGEN AUFLAGE BEIN-BEFESTIGUNG LEDER - Bogensportdiscount \u2013 B\u00f6gen, Pfeile, Targets &amp; Zubeh\u00f6r\",\"isPartOf\":{\"@id\":\"https:\\\/\\\/bogensportdiscount.ch\\\/#website\"},\"primaryImageOfPage\":{\"@id\":\"https:\\\/\\\/bogensportdiscount.ch\\\/produkt\\\/gompy-koecher-zubehoer-compound-bogenhalter-beinbefestigung-leder\\\/#primaryimage\"},\"image\":{\"@id\":\"https:\\\/\\\/bogensportdiscount.ch\\\/produkt\\\/gompy-koecher-zubehoer-compound-bogenhalter-beinbefestigung-leder\\\/#primaryimage\"},\"thumbnailUrl\":\"https:\\\/\\\/bogensportdiscount.ch\\\/wp-content\\\/uploads\\\/bsm-images\\\/A010828_1.png\",\"datePublished\":\"2026-04-05T12:35:57+00:00\",\"dateModified\":\"2026-05-14T13:25:31+00:00\",\"description\":\"GOMPY K\u00d6CHER ZUBEH\u00d6R & TEILE COMPOUNDBOGEN HALTER BOGEN AUFLAGE BEIN-BEFESTIGUNG LEDER g\u00fcnstig kaufen bei Bogensportdiscount \u2013 Top-Marken, schneller Versand aus der Schweiz.\",\"breadcrumb\":{\"@id\":\"https:\\\/\\\/bogensportdiscount.ch\\\/produkt\\\/gompy-koecher-zubehoer-compound-bogenhalter-beinbefestigung-leder\\\/#breadcrumb\"},\"inLanguage\":\"fr-FR\",\"potentialAction\":[{\"@type\":\"ReadAction\",\"target\":[\"https:\\\/\\\/bogensportdiscount.ch\\\/produkt\\\/gompy-koecher-zubehoer-compound-bogenhalter-beinbefestigung-leder\\\/\"]}]},{\"@type\":\"ImageObject\",\"inLanguage\":\"fr-FR\",\"@id\":\"https:\\\/\\\/bogensportdiscount.ch\\\/produkt\\\/gompy-koecher-zubehoer-compound-bogenhalter-beinbefestigung-leder\\\/#primaryimage\",\"url\":\"https:\\\/\\\/bogensportdiscount.ch\\\/wp-content\\\/uploads\\\/bsm-images\\\/A010828_1.png\",\"contentUrl\":\"https:\\\/\\\/bogensportdiscount.ch\\\/wp-content\\\/uploads\\\/bsm-images\\\/A010828_1.png\",\"width\":999,\"height\":745},{\"@type\":\"BreadcrumbList\",\"@id\":\"https:\\\/\\\/bogensportdiscount.ch\\\/produkt\\\/gompy-koecher-zubehoer-compound-bogenhalter-beinbefestigung-leder\\\/#breadcrumb\",\"itemListElement\":[{\"@type\":\"ListItem\",\"position\":1,\"name\":\"Home\",\"item\":\"https:\\\/\\\/bogensportdiscount.ch\\\/\"},{\"@type\":\"ListItem\",\"position\":2,\"name\":\"Shop\",\"item\":\"https:\\\/\\\/bogensportdiscount.ch\\\/shop\\\/\"},{\"@type\":\"ListItem\",\"position\":3,\"name\":\"GOMPY QUIVER ACCESSORIES &#038; PARTS COMPOUND BOW HOLDERS BOW REST LEG ATTACHMENT LEATHER\"}]},{\"@type\":\"WebSite\",\"@id\":\"https:\\\/\\\/bogensportdiscount.ch\\\/#website\",\"url\":\"https:\\\/\\\/bogensportdiscount.ch\\\/\",\"name\":\"Bogensportdiscount\",\"description\":\"\",\"potentialAction\":[{\"@type\":\"SearchAction\",\"target\":{\"@type\":\"EntryPoint\",\"urlTemplate\":\"https:\\\/\\\/bogensportdiscount.ch\\\/?s={search_term_string}\"},\"query-input\":{\"@type\":\"PropertyValueSpecification\",\"valueRequired\":true,\"valueName\":\"search_term_string\"}}],\"inLanguage\":\"fr-FR\"}]}<\/script>\n<!-- \/ Yoast SEO plugin. -->","yoast_head_json":{"title":"GOMPY K\u00d6CHER ZUBEH\u00d6R & TEILE COMPOUNDBOGEN HALTER BOGEN AUFLAGE BEIN-BEFESTIGUNG LEDER - Bogensportdiscount \u2013 B\u00f6gen, Pfeile, Targets &amp; Zubeh\u00f6r","description":"GOMPY K\u00d6CHER ZUBEH\u00d6R & TEILE COMPOUNDBOGEN HALTER BOGEN AUFLAGE BEIN-BEFESTIGUNG LEDER g\u00fcnstig kaufen bei Bogensportdiscount \u2013 Top-Marken, schneller Versand aus der Schweiz.","robots":{"index":"index","follow":"follow","max-snippet":"max-snippet:-1","max-image-preview":"max-image-preview:large","max-video-preview":"max-video-preview:-1"},"canonical":"https:\/\/bogensportdiscount.ch\/fr\/produit\/gompy-koecher-zubehoer-compound-bogenhalter-beinbefestigung-leder\/","og_locale":"fr_FR","og_type":"article","og_title":"GOMPY K\u00d6CHER ZUBEH\u00d6R & TEILE COMPOUNDBOGEN HALTER BOGEN AUFLAGE BEIN-BEFESTIGUNG LEDER - Bogensportdiscount \u2013 B\u00f6gen, Pfeile, Targets &amp; Zubeh\u00f6r","og_description":"GOMPY K\u00d6CHER ZUBEH\u00d6R & TEILE COMPOUNDBOGEN HALTER BOGEN AUFLAGE BEIN-BEFESTIGUNG LEDER g\u00fcnstig kaufen bei Bogensportdiscount \u2013 Top-Marken, schneller Versand aus der Schweiz.","og_url":"https:\/\/bogensportdiscount.ch\/fr\/produit\/gompy-koecher-zubehoer-compound-bogenhalter-beinbefestigung-leder\/","og_site_name":"Bogensportdiscount \u2013 B\u00f6gen, Pfeile, Targets &amp; Zubeh\u00f6r","article_modified_time":"2026-05-14T13:25:31+00:00","og_image":[{"width":999,"height":745,"url":"https:\/\/bogensportdiscount.ch\/wp-content\/uploads\/bsm-images\/A010828_1.png","type":"image\/png"}],"twitter_card":"summary_large_image","schema":{"@context":"https:\/\/schema.org","@graph":[{"@type":"WebPage","@id":"https:\/\/bogensportdiscount.ch\/produkt\/gompy-koecher-zubehoer-compound-bogenhalter-beinbefestigung-leder\/","url":"https:\/\/bogensportdiscount.ch\/produkt\/gompy-koecher-zubehoer-compound-bogenhalter-beinbefestigung-leder\/","name":"GOMPY K\u00d6CHER ZUBEH\u00d6R & TEILE COMPOUNDBOGEN HALTER BOGEN AUFLAGE BEIN-BEFESTIGUNG LEDER - Bogensportdiscount \u2013 B\u00f6gen, Pfeile, Targets &amp; Zubeh\u00f6r","isPartOf":{"@id":"https:\/\/bogensportdiscount.ch\/#website"},"primaryImageOfPage":{"@id":"https:\/\/bogensportdiscount.ch\/produkt\/gompy-koecher-zubehoer-compound-bogenhalter-beinbefestigung-leder\/#primaryimage"},"image":{"@id":"https:\/\/bogensportdiscount.ch\/produkt\/gompy-koecher-zubehoer-compound-bogenhalter-beinbefestigung-leder\/#primaryimage"},"thumbnailUrl":"https:\/\/bogensportdiscount.ch\/wp-content\/uploads\/bsm-images\/A010828_1.png","datePublished":"2026-04-05T12:35:57+00:00","dateModified":"2026-05-14T13:25:31+00:00","description":"GOMPY K\u00d6CHER ZUBEH\u00d6R & TEILE COMPOUNDBOGEN HALTER BOGEN AUFLAGE BEIN-BEFESTIGUNG LEDER g\u00fcnstig kaufen bei Bogensportdiscount \u2013 Top-Marken, schneller Versand aus der Schweiz.","breadcrumb":{"@id":"https:\/\/bogensportdiscount.ch\/produkt\/gompy-koecher-zubehoer-compound-bogenhalter-beinbefestigung-leder\/#breadcrumb"},"inLanguage":"fr-FR","potentialAction":[{"@type":"ReadAction","target":["https:\/\/bogensportdiscount.ch\/produkt\/gompy-koecher-zubehoer-compound-bogenhalter-beinbefestigung-leder\/"]}]},{"@type":"ImageObject","inLanguage":"fr-FR","@id":"https:\/\/bogensportdiscount.ch\/produkt\/gompy-koecher-zubehoer-compound-bogenhalter-beinbefestigung-leder\/#primaryimage","url":"https:\/\/bogensportdiscount.ch\/wp-content\/uploads\/bsm-images\/A010828_1.png","contentUrl":"https:\/\/bogensportdiscount.ch\/wp-content\/uploads\/bsm-images\/A010828_1.png","width":999,"height":745},{"@type":"BreadcrumbList","@id":"https:\/\/bogensportdiscount.ch\/produkt\/gompy-koecher-zubehoer-compound-bogenhalter-beinbefestigung-leder\/#breadcrumb","itemListElement":[{"@type":"ListItem","position":1,"name":"Home","item":"https:\/\/bogensportdiscount.ch\/"},{"@type":"ListItem","position":2,"name":"Shop","item":"https:\/\/bogensportdiscount.ch\/shop\/"},{"@type":"ListItem","position":3,"name":"GOMPY QUIVER ACCESSORIES &#038; PARTS COMPOUND BOW HOLDERS BOW REST LEG ATTACHMENT LEATHER"}]},{"@type":"WebSite","@id":"https:\/\/bogensportdiscount.ch\/#website","url":"https:\/\/bogensportdiscount.ch\/","name":"Bogensportdiscount","description":"","potentialAction":[{"@type":"SearchAction","target":{"@type":"EntryPoint","urlTemplate":"https:\/\/bogensportdiscount.ch\/?s={search_term_string}"},"query-input":{"@type":"PropertyValueSpecification","valueRequired":true,"valueName":"search_term_string"}}],"inLanguage":"fr-FR"}]}},"_links":{"self":[{"href":"https:\/\/bogensportdiscount.ch\/fr\/wp-json\/wp\/v2\/product\/395368","targetHints":{"allow":["GET"]}}],"collection":[{"href":"https:\/\/bogensportdiscount.ch\/fr\/wp-json\/wp\/v2\/product"}],"about":[{"href":"https:\/\/bogensportdiscount.ch\/fr\/wp-json\/wp\/v2\/types\/product"}],"replies":[{"embeddable":true,"href":"https:\/\/bogensportdiscount.ch\/fr\/wp-json\/wp\/v2\/comments?post=395368"}],"wp:featuredmedia":[{"embeddable":true,"href":"https:\/\/bogensportdiscount.ch\/fr\/wp-json\/wp\/v2\/media\/449190"}],"wp:attachment":[{"href":"https:\/\/bogensportdiscount.ch\/fr\/wp-json\/wp\/v2\/media?parent=395368"}],"wp:term":[{"taxonomy":"product_brand","embeddable":true,"href":"https:\/\/bogensportdiscount.ch\/fr\/wp-json\/wp\/v2\/product_brand?post=395368"},{"taxonomy":"product_cat","embeddable":true,"href":"https:\/\/bogensportdiscount.ch\/fr\/wp-json\/wp\/v2\/product_cat?post=395368"},{"taxonomy":"product_tag","embeddable":true,"href":"https:\/\/bogensportdiscount.ch\/fr\/wp-json\/wp\/v2\/product_tag?post=395368"}],"curies":[{"name":"wp","href":"https:\/\/api.w.org\/{rel}","templated":true}]}}