{"id":395299,"date":"2026-04-05T14:35:50","date_gmt":"2026-04-05T12:35:50","guid":{"rendered":"https:\/\/bogensportdiscount.ch\/produkt\/bow-tip-protector-string-keepers-tip-guard-12-bag-smoke\/"},"modified":"2026-04-20T13:32:08","modified_gmt":"2026-04-20T11:32:08","slug":"saunders-bogentipp-schutz-string-keeper-tip-guard","status":"publish","type":"product","link":"https:\/\/bogensportdiscount.ch\/fr\/produit\/saunders-bogentipp-schutz-string-keeper-tip-guard\/","title":{"rendered":"SAUNDERS BOGENSPITZENSCHUTZ \/ SEHNENHALTER TIP GUARD"},"content":{"rendered":"<p>Der SAUNDERS Bogentipp-Schutz mit integrierter String Keeper Funktion ist ein praktisches Zubeh\u00f6rteil f\u00fcr Bogensch\u00fctzen. Er sch\u00fctzt die empfindlichen Bogenspitzen vor Kratzern und Besch\u00e4digungen und sorgt daf\u00fcr, dass die Bogensehne sicher am Bogen gehalten wird.<\/p>\n<p>Das Produkt ist in den USA gefertigt und stammt vom renommierten Hersteller Saunders, der seit Jahren Bogensportzubeh\u00f6r produziert.<\/p>\n<ul>\n<li>Sch\u00fctzt die Bogenspitzen vor Abnutzung und Besch\u00e4digungen<\/li>\n<li>H\u00e4lt die Bogensehne sicher in Position (String Keeper)<\/li>\n<li>Einfache Handhabung beim Transport und bei der Lagerung<\/li>\n<li>Fabriqu\u00e9 aux \u00c9tats-Unis<\/li>\n<\/ul>","protected":false},"excerpt":{"rendered":"<p>Der SAUNDERS Bogentipp-Schutz \/ String Keeper Tip Guard sch\u00fctzt die Bogenspitzen vor Abnutzung und h\u00e4lt die Bogensehne sicher in Position. Geeignet f\u00fcr den Einsatz beim Transport und bei der Lagerung des Bogens.<\/p>","protected":false},"featured_media":449169,"comment_status":"open","ping_status":"closed","template":"","meta":[],"product_brand":[779],"product_cat":[4415],"product_tag":[],"class_list":{"0":"post-395299","1":"product","2":"type-product","3":"status-publish","4":"has-post-thumbnail","6":"product_brand-saunders","7":"product_cat-endenschutz-string-keepers","9":"first","10":"instock","11":"shipping-taxable","12":"purchasable","13":"product-type-variable"},"yoast_head":"<!-- This site is optimized with the Yoast SEO plugin v27.4 - https:\/\/yoast.com\/product\/yoast-seo-wordpress\/ -->\n<title>SAUNDERS BOGENSPITZENSCHUTZ \/ SEHNENHALTER TIP GUARD - Bogensportdiscount \u2013 B\u00f6gen, Pfeile, Targets &amp; Zubeh\u00f6r<\/title>\n<meta name=\"robots\" content=\"noindex, follow, max-snippet:-1, max-image-preview:large, max-video-preview:-1\" \/>\n<meta property=\"og:locale\" content=\"fr_FR\" \/>\n<meta property=\"og:type\" content=\"article\" \/>\n<meta property=\"og:title\" content=\"SAUNDERS BOGENSPITZENSCHUTZ \/ SEHNENHALTER TIP GUARD - Bogensportdiscount \u2013 B\u00f6gen, Pfeile, Targets &amp; Zubeh\u00f6r\" \/>\n<meta property=\"og:description\" content=\"Der SAUNDERS Bogentipp-Schutz \/ String Keeper Tip Guard sch\u00fctzt die Bogenspitzen vor Abnutzung und h\u00e4lt die Bogensehne sicher in Position. Geeignet f\u00fcr den Einsatz beim Transport und bei der Lagerung des Bogens.\" \/>\n<meta property=\"og:url\" content=\"https:\/\/bogensportdiscount.ch\/fr\/produit\/saunders-bogentipp-schutz-string-keeper-tip-guard\/\" \/>\n<meta property=\"og:site_name\" content=\"Bogensportdiscount \u2013 B\u00f6gen, Pfeile, Targets &amp; Zubeh\u00f6r\" \/>\n<meta property=\"article:modified_time\" content=\"2026-04-20T11:32:08+00:00\" \/>\n<meta property=\"og:image\" content=\"https:\/\/bogensportdiscount.ch\/wp-content\/uploads\/bsm-images\/A010714_1.png\" \/>\n\t<meta property=\"og:image:width\" content=\"1772\" \/>\n\t<meta property=\"og:image:height\" content=\"1181\" \/>\n\t<meta property=\"og:image:type\" content=\"image\/png\" \/>\n<meta name=\"twitter:card\" content=\"summary_large_image\" \/>\n<script type=\"application\/ld+json\" class=\"yoast-schema-graph\">{\"@context\":\"https:\\\/\\\/schema.org\",\"@graph\":[{\"@type\":\"WebPage\",\"@id\":\"https:\\\/\\\/bogensportdiscount.ch\\\/produkt\\\/saunders-bogentipp-schutz-string-keeper-tip-guard\\\/\",\"url\":\"https:\\\/\\\/bogensportdiscount.ch\\\/produkt\\\/saunders-bogentipp-schutz-string-keeper-tip-guard\\\/\",\"name\":\"SAUNDERS BOGENSPITZENSCHUTZ \\\/ SEHNENHALTER TIP GUARD - Bogensportdiscount \u2013 B\u00f6gen, Pfeile, Targets &amp; Zubeh\u00f6r\",\"isPartOf\":{\"@id\":\"https:\\\/\\\/bogensportdiscount.ch\\\/#website\"},\"primaryImageOfPage\":{\"@id\":\"https:\\\/\\\/bogensportdiscount.ch\\\/produkt\\\/saunders-bogentipp-schutz-string-keeper-tip-guard\\\/#primaryimage\"},\"image\":{\"@id\":\"https:\\\/\\\/bogensportdiscount.ch\\\/produkt\\\/saunders-bogentipp-schutz-string-keeper-tip-guard\\\/#primaryimage\"},\"thumbnailUrl\":\"https:\\\/\\\/bogensportdiscount.ch\\\/wp-content\\\/uploads\\\/bsm-images\\\/A010714_1.png\",\"datePublished\":\"2026-04-05T12:35:50+00:00\",\"dateModified\":\"2026-04-20T11:32:08+00:00\",\"breadcrumb\":{\"@id\":\"https:\\\/\\\/bogensportdiscount.ch\\\/produkt\\\/saunders-bogentipp-schutz-string-keeper-tip-guard\\\/#breadcrumb\"},\"inLanguage\":\"fr-FR\",\"potentialAction\":[{\"@type\":\"ReadAction\",\"target\":[\"https:\\\/\\\/bogensportdiscount.ch\\\/produkt\\\/saunders-bogentipp-schutz-string-keeper-tip-guard\\\/\"]}]},{\"@type\":\"ImageObject\",\"inLanguage\":\"fr-FR\",\"@id\":\"https:\\\/\\\/bogensportdiscount.ch\\\/produkt\\\/saunders-bogentipp-schutz-string-keeper-tip-guard\\\/#primaryimage\",\"url\":\"https:\\\/\\\/bogensportdiscount.ch\\\/wp-content\\\/uploads\\\/bsm-images\\\/A010714_1.png\",\"contentUrl\":\"https:\\\/\\\/bogensportdiscount.ch\\\/wp-content\\\/uploads\\\/bsm-images\\\/A010714_1.png\",\"width\":1772,\"height\":1181},{\"@type\":\"BreadcrumbList\",\"@id\":\"https:\\\/\\\/bogensportdiscount.ch\\\/produkt\\\/saunders-bogentipp-schutz-string-keeper-tip-guard\\\/#breadcrumb\",\"itemListElement\":[{\"@type\":\"ListItem\",\"position\":1,\"name\":\"Home\",\"item\":\"https:\\\/\\\/bogensportdiscount.ch\\\/\"},{\"@type\":\"ListItem\",\"position\":2,\"name\":\"Shop\",\"item\":\"https:\\\/\\\/bogensportdiscount.ch\\\/shop\\\/\"},{\"@type\":\"ListItem\",\"position\":3,\"name\":\"SAUNDERS BOGENSPITZENSCHUTZ \\\/ SEHNENHALTER TIP GUARD\"}]},{\"@type\":\"WebSite\",\"@id\":\"https:\\\/\\\/bogensportdiscount.ch\\\/#website\",\"url\":\"https:\\\/\\\/bogensportdiscount.ch\\\/\",\"name\":\"Bogensportdiscount\",\"description\":\"\",\"potentialAction\":[{\"@type\":\"SearchAction\",\"target\":{\"@type\":\"EntryPoint\",\"urlTemplate\":\"https:\\\/\\\/bogensportdiscount.ch\\\/?s={search_term_string}\"},\"query-input\":{\"@type\":\"PropertyValueSpecification\",\"valueRequired\":true,\"valueName\":\"search_term_string\"}}],\"inLanguage\":\"fr-FR\"}]}<\/script>\n<!-- \/ Yoast SEO plugin. -->","yoast_head_json":{"title":"SAUNDERS BOGENSPITZENSCHUTZ \/ SEHNENHALTER TIP GUARD - Bogensportdiscount \u2013 B\u00f6gen, Pfeile, Targets &amp; Zubeh\u00f6r","robots":{"index":"noindex","follow":"follow","max-snippet":"max-snippet:-1","max-image-preview":"max-image-preview:large","max-video-preview":"max-video-preview:-1"},"og_locale":"fr_FR","og_type":"article","og_title":"SAUNDERS BOGENSPITZENSCHUTZ \/ SEHNENHALTER TIP GUARD - Bogensportdiscount \u2013 B\u00f6gen, Pfeile, Targets &amp; Zubeh\u00f6r","og_description":"Der SAUNDERS Bogentipp-Schutz \/ String Keeper Tip Guard sch\u00fctzt die Bogenspitzen vor Abnutzung und h\u00e4lt die Bogensehne sicher in Position. Geeignet f\u00fcr den Einsatz beim Transport und bei der Lagerung des Bogens.","og_url":"https:\/\/bogensportdiscount.ch\/fr\/produit\/saunders-bogentipp-schutz-string-keeper-tip-guard\/","og_site_name":"Bogensportdiscount \u2013 B\u00f6gen, Pfeile, Targets &amp; Zubeh\u00f6r","article_modified_time":"2026-04-20T11:32:08+00:00","og_image":[{"width":1772,"height":1181,"url":"https:\/\/bogensportdiscount.ch\/wp-content\/uploads\/bsm-images\/A010714_1.png","type":"image\/png"}],"twitter_card":"summary_large_image","schema":{"@context":"https:\/\/schema.org","@graph":[{"@type":"WebPage","@id":"https:\/\/bogensportdiscount.ch\/produkt\/saunders-bogentipp-schutz-string-keeper-tip-guard\/","url":"https:\/\/bogensportdiscount.ch\/produkt\/saunders-bogentipp-schutz-string-keeper-tip-guard\/","name":"SAUNDERS BOGENSPITZENSCHUTZ \/ SEHNENHALTER TIP GUARD - Bogensportdiscount \u2013 B\u00f6gen, Pfeile, Targets &amp; Zubeh\u00f6r","isPartOf":{"@id":"https:\/\/bogensportdiscount.ch\/#website"},"primaryImageOfPage":{"@id":"https:\/\/bogensportdiscount.ch\/produkt\/saunders-bogentipp-schutz-string-keeper-tip-guard\/#primaryimage"},"image":{"@id":"https:\/\/bogensportdiscount.ch\/produkt\/saunders-bogentipp-schutz-string-keeper-tip-guard\/#primaryimage"},"thumbnailUrl":"https:\/\/bogensportdiscount.ch\/wp-content\/uploads\/bsm-images\/A010714_1.png","datePublished":"2026-04-05T12:35:50+00:00","dateModified":"2026-04-20T11:32:08+00:00","breadcrumb":{"@id":"https:\/\/bogensportdiscount.ch\/produkt\/saunders-bogentipp-schutz-string-keeper-tip-guard\/#breadcrumb"},"inLanguage":"fr-FR","potentialAction":[{"@type":"ReadAction","target":["https:\/\/bogensportdiscount.ch\/produkt\/saunders-bogentipp-schutz-string-keeper-tip-guard\/"]}]},{"@type":"ImageObject","inLanguage":"fr-FR","@id":"https:\/\/bogensportdiscount.ch\/produkt\/saunders-bogentipp-schutz-string-keeper-tip-guard\/#primaryimage","url":"https:\/\/bogensportdiscount.ch\/wp-content\/uploads\/bsm-images\/A010714_1.png","contentUrl":"https:\/\/bogensportdiscount.ch\/wp-content\/uploads\/bsm-images\/A010714_1.png","width":1772,"height":1181},{"@type":"BreadcrumbList","@id":"https:\/\/bogensportdiscount.ch\/produkt\/saunders-bogentipp-schutz-string-keeper-tip-guard\/#breadcrumb","itemListElement":[{"@type":"ListItem","position":1,"name":"Home","item":"https:\/\/bogensportdiscount.ch\/"},{"@type":"ListItem","position":2,"name":"Shop","item":"https:\/\/bogensportdiscount.ch\/shop\/"},{"@type":"ListItem","position":3,"name":"SAUNDERS BOGENSPITZENSCHUTZ \/ SEHNENHALTER TIP GUARD"}]},{"@type":"WebSite","@id":"https:\/\/bogensportdiscount.ch\/#website","url":"https:\/\/bogensportdiscount.ch\/","name":"Bogensportdiscount","description":"","potentialAction":[{"@type":"SearchAction","target":{"@type":"EntryPoint","urlTemplate":"https:\/\/bogensportdiscount.ch\/?s={search_term_string}"},"query-input":{"@type":"PropertyValueSpecification","valueRequired":true,"valueName":"search_term_string"}}],"inLanguage":"fr-FR"}]}},"_links":{"self":[{"href":"https:\/\/bogensportdiscount.ch\/fr\/wp-json\/wp\/v2\/product\/395299","targetHints":{"allow":["GET"]}}],"collection":[{"href":"https:\/\/bogensportdiscount.ch\/fr\/wp-json\/wp\/v2\/product"}],"about":[{"href":"https:\/\/bogensportdiscount.ch\/fr\/wp-json\/wp\/v2\/types\/product"}],"replies":[{"embeddable":true,"href":"https:\/\/bogensportdiscount.ch\/fr\/wp-json\/wp\/v2\/comments?post=395299"}],"wp:featuredmedia":[{"embeddable":true,"href":"https:\/\/bogensportdiscount.ch\/fr\/wp-json\/wp\/v2\/media\/449169"}],"wp:attachment":[{"href":"https:\/\/bogensportdiscount.ch\/fr\/wp-json\/wp\/v2\/media?parent=395299"}],"wp:term":[{"taxonomy":"product_brand","embeddable":true,"href":"https:\/\/bogensportdiscount.ch\/fr\/wp-json\/wp\/v2\/product_brand?post=395299"},{"taxonomy":"product_cat","embeddable":true,"href":"https:\/\/bogensportdiscount.ch\/fr\/wp-json\/wp\/v2\/product_cat?post=395299"},{"taxonomy":"product_tag","embeddable":true,"href":"https:\/\/bogensportdiscount.ch\/fr\/wp-json\/wp\/v2\/product_tag?post=395299"}],"curies":[{"name":"wp","href":"https:\/\/api.w.org\/{rel}","templated":true}]}}