{"id":395240,"date":"2026-04-05T14:35:44","date_gmt":"2026-04-05T12:35:44","guid":{"rendered":"https:\/\/bogensportdiscount.ch\/produkt\/wrist-slings-pbse-cobra-with-leather-mount-black\/"},"modified":"2026-04-17T13:33:13","modified_gmt":"2026-04-17T11:33:13","slug":"paradox-handgelenkschlinge-pbse-cobra-lederhalterung","status":"publish","type":"product","link":"https:\/\/bogensportdiscount.ch\/fr\/produit\/paradox-handgelenkschlinge-pbse-cobra-lederhalterung\/","title":{"rendered":"PARADOX WRIST SLINGS PBSE COBRA WITH LEATHER MOUNT"},"content":{"rendered":"<p>Die PARADOX Handgelenkschlinge PBSE Cobra kombiniert eine strapazierf\u00e4hige Schlinge mit einer hochwertigen Lederhalterung. Die Lederhalterung sorgt f\u00fcr eine stabile Verbindung zwischen Schlinge und Bogen und verhindert, dass der Bogen nach dem Schuss aus der Hand f\u00e4llt.<\/p>\n<p>Die Schlinge ist in verschiedenen Farbkombinationen erh\u00e4ltlich \u2013 darunter Schwarz, Schwarz\/Blau, Schwarz\/Gr\u00fcn, Schwarz\/Rot, Braun, Olive und Weiss \u2013 und l\u00e4sst sich so individuell anpassen.<\/p>\n<ul>\n<li>Handgelenkschlinge mit Lederhalterung<\/li>\n<li>Verhindert das Herunterfallen des Bogens nach dem Schuss<\/li>\n<li>Erh\u00e4ltlich in 7 Farbvarianten<\/li>\n<li>Geeignet f\u00fcr den Einsatz beim Training und Wettkampf<\/li>\n<\/ul>","protected":false},"excerpt":{"rendered":"<p><strong>Marque :<\/strong> Paradox<\/p>","protected":false},"featured_media":449145,"comment_status":"open","ping_status":"closed","template":"","meta":[],"product_brand":[793],"product_cat":[4332],"product_tag":[],"class_list":{"0":"post-395240","1":"product","2":"type-product","3":"status-publish","4":"has-post-thumbnail","6":"product_brand-paradox","7":"product_cat-bogen-handgelenkschlinge","9":"first","10":"instock","11":"shipping-taxable","12":"purchasable","13":"product-type-variable"},"_links":{"self":[{"href":"https:\/\/bogensportdiscount.ch\/fr\/wp-json\/wp\/v2\/product\/395240","targetHints":{"allow":["GET"]}}],"collection":[{"href":"https:\/\/bogensportdiscount.ch\/fr\/wp-json\/wp\/v2\/product"}],"about":[{"href":"https:\/\/bogensportdiscount.ch\/fr\/wp-json\/wp\/v2\/types\/product"}],"replies":[{"embeddable":true,"href":"https:\/\/bogensportdiscount.ch\/fr\/wp-json\/wp\/v2\/comments?post=395240"}],"wp:featuredmedia":[{"embeddable":true,"href":"https:\/\/bogensportdiscount.ch\/fr\/wp-json\/wp\/v2\/media\/449145"}],"wp:attachment":[{"href":"https:\/\/bogensportdiscount.ch\/fr\/wp-json\/wp\/v2\/media?parent=395240"}],"wp:term":[{"taxonomy":"product_brand","embeddable":true,"href":"https:\/\/bogensportdiscount.ch\/fr\/wp-json\/wp\/v2\/product_brand?post=395240"},{"taxonomy":"product_cat","embeddable":true,"href":"https:\/\/bogensportdiscount.ch\/fr\/wp-json\/wp\/v2\/product_cat?post=395240"},{"taxonomy":"product_tag","embeddable":true,"href":"https:\/\/bogensportdiscount.ch\/fr\/wp-json\/wp\/v2\/product_tag?post=395240"}],"curies":[{"name":"wp","href":"https:\/\/api.w.org\/{rel}","templated":true}]}}