{"id":395121,"date":"2026-04-05T14:35:32","date_gmt":"2026-04-05T12:35:32","guid":{"rendered":"https:\/\/bogensportdiscount.ch\/produkt\/blunts-nylon-horiz-popnjay-speedy-black-eagle-magnum-xl5-by-lathe-50pk\/"},"modified":"2026-04-15T12:17:49","modified_gmt":"2026-04-15T10:17:49","slug":"black-eagle-nylon-blunt-horizontal-popinjay-speedy-magnum","status":"publish","type":"product","link":"https:\/\/bogensportdiscount.ch\/fr\/produit\/black-eagle-nylon-blunt-horizontal-popinjay-speedy-magnum\/","title":{"rendered":"BLUNTS NYLON HORIZ. POPNJAY SPEEDY BLACK EAGLE MAGNUM"},"content":{"rendered":"<p>Der Black Eagle Nylon-Blunt Horizontal Popinjay Speedy Magnum ist ein Blunt-Aufsatz speziell f\u00fcr den Popinjay-Bogensport (Papageienschiessen). Bei dieser Disziplin werden V\u00f6gel-Attrappen von einer horizontalen Stange geschossen, wof\u00fcr stumpfe Pfeilspitzen verwendet werden, die den Vogel treffen ohne ihn zu besch\u00e4digen.<\/p>\n<p>Der Aufsatz ist aus Nylon gefertigt und auf die Speedy-Magnum-Pfeile von Black Eagle abgestimmt. Die horizontale Ausf\u00fchrung ist f\u00fcr das klassische horizontale Popinjay-Schiessen konzipiert.<\/p>\n<ul>\n<li>Blunt-Aufsatz aus Nylon<\/li>\n<li>F\u00fcr horizontales Popinjay-Schiessen<\/li>\n<li>Kompatibel mit Black Eagle Speedy Magnum Pfeilen<\/li>\n<li>Schonende stumpfe Spitze f\u00fcr den Popinjay-Sport<\/li>\n<\/ul>","protected":false},"excerpt":{"rendered":"<p><strong>Marque :<\/strong> ER Plastic<\/p>","protected":false},"featured_media":449110,"comment_status":"open","ping_status":"closed","template":"","meta":[],"product_brand":[875],"product_cat":[4185],"product_tag":[],"class_list":{"0":"post-395121","1":"product","2":"type-product","3":"status-publish","4":"has-post-thumbnail","6":"product_brand-blackeagle","7":"product_cat-komponenten","9":"first","10":"instock","11":"shipping-taxable","12":"purchasable","13":"product-type-variable"},"_links":{"self":[{"href":"https:\/\/bogensportdiscount.ch\/fr\/wp-json\/wp\/v2\/product\/395121","targetHints":{"allow":["GET"]}}],"collection":[{"href":"https:\/\/bogensportdiscount.ch\/fr\/wp-json\/wp\/v2\/product"}],"about":[{"href":"https:\/\/bogensportdiscount.ch\/fr\/wp-json\/wp\/v2\/types\/product"}],"replies":[{"embeddable":true,"href":"https:\/\/bogensportdiscount.ch\/fr\/wp-json\/wp\/v2\/comments?post=395121"}],"wp:featuredmedia":[{"embeddable":true,"href":"https:\/\/bogensportdiscount.ch\/fr\/wp-json\/wp\/v2\/media\/449110"}],"wp:attachment":[{"href":"https:\/\/bogensportdiscount.ch\/fr\/wp-json\/wp\/v2\/media?parent=395121"}],"wp:term":[{"taxonomy":"product_brand","embeddable":true,"href":"https:\/\/bogensportdiscount.ch\/fr\/wp-json\/wp\/v2\/product_brand?post=395121"},{"taxonomy":"product_cat","embeddable":true,"href":"https:\/\/bogensportdiscount.ch\/fr\/wp-json\/wp\/v2\/product_cat?post=395121"},{"taxonomy":"product_tag","embeddable":true,"href":"https:\/\/bogensportdiscount.ch\/fr\/wp-json\/wp\/v2\/product_tag?post=395121"}],"curies":[{"name":"wp","href":"https:\/\/api.w.org\/{rel}","templated":true}]}}