{"id":395109,"date":"2026-04-05T14:35:30","date_gmt":"2026-04-05T12:35:30","guid":{"rendered":"https:\/\/bogensportdiscount.ch\/produkt\/blunts-nylon-horiz-popnjay-kolibri-s10-inside-dia-9-60mm\/"},"modified":"2026-04-17T13:33:12","modified_gmt":"2026-04-17T11:33:12","slug":"erplastic-blunt-nylon-horizontal-popinjay-kolibri","status":"publish","type":"product","link":"https:\/\/bogensportdiscount.ch\/fr\/produit\/erplastic-blunt-nylon-horizontal-popinjay-kolibri\/","title":{"rendered":"ERPLASTIC BLUNTS NYLON HORIZ. POPNJAY COLIBRI"},"content":{"rendered":"<p>Der ERPLASTIC Blunt Nylon Horizontal Popinjay Kolibri ist eine Spezialkomponente f\u00fcr den Popinjay-Bogensport (Papageien-Schiessen). Der Blunt aus Nylon ist f\u00fcr das horizontale Schiessen auf den sogenannten Kolibri \u2013 den kleinsten Vogel auf der Popinjay-Stange \u2013 ausgelegt.<\/p>\n<p>Nylon-Blunts dieser Art verdr\u00e4ngen die klassische Pfeilspitze und sorgen daf\u00fcr, dass die auf der Stange platzierten Ziele sauber getroffen und abgeworfen werden, ohne Besch\u00e4digungen an Stange oder Ziel zu verursachen. Die Materialwahl gew\u00e4hrleistet eine ausreichende Masse f\u00fcr effektive Treffer.<\/p>\n<ul>\n<li>Material: Nylon<\/li>\n<li>Ausf\u00fchrung: Horizontal (f\u00fcr Popinjay-Schiessen)<\/li>\n<li>Zielgr\u00f6sse: Kolibri<\/li>\n<li>Kategorie: Pop-N-Jay-Komponenten<\/li>\n<\/ul>","protected":false},"excerpt":{"rendered":"<p><strong>Marque :<\/strong> ER Plastic<\/p>","protected":false},"featured_media":453631,"comment_status":"open","ping_status":"closed","template":"","meta":[],"product_brand":[790],"product_cat":[4185],"product_tag":[],"class_list":{"0":"post-395109","1":"product","2":"type-product","3":"status-publish","4":"has-post-thumbnail","6":"product_brand-erplastic","7":"product_cat-komponenten","9":"first","10":"instock","11":"shipping-taxable","12":"purchasable","13":"product-type-variable"},"_links":{"self":[{"href":"https:\/\/bogensportdiscount.ch\/fr\/wp-json\/wp\/v2\/product\/395109","targetHints":{"allow":["GET"]}}],"collection":[{"href":"https:\/\/bogensportdiscount.ch\/fr\/wp-json\/wp\/v2\/product"}],"about":[{"href":"https:\/\/bogensportdiscount.ch\/fr\/wp-json\/wp\/v2\/types\/product"}],"replies":[{"embeddable":true,"href":"https:\/\/bogensportdiscount.ch\/fr\/wp-json\/wp\/v2\/comments?post=395109"}],"wp:featuredmedia":[{"embeddable":true,"href":"https:\/\/bogensportdiscount.ch\/fr\/wp-json\/wp\/v2\/media\/453631"}],"wp:attachment":[{"href":"https:\/\/bogensportdiscount.ch\/fr\/wp-json\/wp\/v2\/media?parent=395109"}],"wp:term":[{"taxonomy":"product_brand","embeddable":true,"href":"https:\/\/bogensportdiscount.ch\/fr\/wp-json\/wp\/v2\/product_brand?post=395109"},{"taxonomy":"product_cat","embeddable":true,"href":"https:\/\/bogensportdiscount.ch\/fr\/wp-json\/wp\/v2\/product_cat?post=395109"},{"taxonomy":"product_tag","embeddable":true,"href":"https:\/\/bogensportdiscount.ch\/fr\/wp-json\/wp\/v2\/product_tag?post=395109"}],"curies":[{"name":"wp","href":"https:\/\/api.w.org\/{rel}","templated":true}]}}