{"id":395100,"date":"2026-04-05T14:35:29","date_gmt":"2026-04-05T12:35:29","guid":{"rendered":"https:\/\/bogensportdiscount.ch\/produkt\/shafts-magnum-xl-5-spine-500-pack-of-10\/"},"modified":"2026-04-19T11:53:42","modified_gmt":"2026-04-19T09:53:42","slug":"black-eagle-schaefte-magnum-xl-5-spine-500-10er-pack","status":"publish","type":"product","link":"https:\/\/bogensportdiscount.ch\/fr\/produit\/black-eagle-schaefte-magnum-xl-5-spine-500-10er-pack\/","title":{"rendered":"BLACKEAGLE MAGNUM \u2013 LOT DE 10"},"content":{"rendered":"<p>Les tubes Black Eagle Magnum XL-5 en Spine 500 sont disponibles en pack de 10 et conviennent pour une utilisation comme fl\u00e8ches Pop-N-Jay et fl\u00e8ches sp\u00e9ciales. La classification Spine 500 correspond \u00e0 un comportement de tube plus souple et est typiquement adapt\u00e9e aux poids de tirage plus l\u00e9gers.<\/p>\n<p>Les tubes Magnum XL-5 de Black Eagle sont con\u00e7us pour la durabilit\u00e9 et des propri\u00e9t\u00e9s de vol constantes. Ils sont disponibles en diff\u00e9rentes rigidit\u00e9s (250 \u00e0 500), permettant une adaptation \u00e0 diff\u00e9rentes configurations d'arcs.<\/p>\n<ul>\n<li>10 tubes par paquet<\/li>\n<li>Spine 500 \u2013 adapt\u00e9 aux poids de tir l\u00e9gers<\/li>\n<li>Disponible en d'autres variantes de Spine (250, 300, 350, 400)<\/li>\n<li>Adapt\u00e9 comme fl\u00e8che sp\u00e9ciale et f\u00fbt Pop-N-Jay<\/li>\n<\/ul>","protected":false},"excerpt":{"rendered":"<table>\n<tr>\n<th>Propri\u00e9t\u00e9<\/th>\n<th>Valeur<\/th>\n<\/tr>\n<tr>\n<td>Marque<\/td>\n<td>Black Eagle<\/td>\n<\/tr>\n<tr>\n<td>Mod\u00e8le<\/td>\n<td>Magnum XL-5<\/td>\n<\/tr>\n<tr>\n<td>Colonne vert\u00e9brale<\/td>\n<td>500<\/td>\n<\/tr>\n<tr>\n<td>Contenu de la livraison<\/td>\n<td>10 f\u00fbts<\/td>\n<\/tr>\n<tr>\n<td>Pays d'origine<\/td>\n<td>Chine<\/td>\n<\/tr>\n<\/table>","protected":false},"featured_media":513794,"comment_status":"open","ping_status":"closed","template":"","meta":[],"product_brand":[875],"product_cat":[4437],"product_tag":[],"class_list":{"0":"post-395100","1":"product","2":"type-product","3":"status-publish","4":"has-post-thumbnail","6":"product_brand-blackeagle","7":"product_cat-schaefte-pop-n-jay","9":"first","10":"instock","11":"shipping-taxable","12":"purchasable","13":"product-type-variable"},"yoast_head":"<!-- This site is optimized with the Yoast SEO plugin v27.4 - https:\/\/yoast.com\/product\/yoast-seo-wordpress\/ -->\n<title>BLACKEAGLE SCHAEFTE MAGNUM - 10ER PACK - Bogensportdiscount \u2013 B\u00f6gen, Pfeile, Targets &amp; Zubeh\u00f6r<\/title>\n<meta name=\"robots\" content=\"noindex, follow, max-snippet:-1, max-image-preview:large, max-video-preview:-1\" \/>\n<meta property=\"og:locale\" content=\"fr_FR\" \/>\n<meta property=\"og:type\" content=\"article\" \/>\n<meta property=\"og:title\" content=\"BLACKEAGLE SCHAEFTE MAGNUM - 10ER PACK - Bogensportdiscount \u2013 B\u00f6gen, Pfeile, Targets &amp; Zubeh\u00f6r\" \/>\n<meta property=\"og:description\" content=\"EigenschaftWertMarkeBlack EagleModellMagnum XL-5Spine500Lieferumfang10 Sch\u00e4fteHerkunftslandChina\" \/>\n<meta property=\"og:url\" content=\"https:\/\/bogensportdiscount.ch\/fr\/produit\/black-eagle-schaefte-magnum-xl-5-spine-500-10er-pack\/\" \/>\n<meta property=\"og:site_name\" content=\"Bogensportdiscount \u2013 B\u00f6gen, Pfeile, Targets &amp; Zubeh\u00f6r\" \/>\n<meta property=\"article:modified_time\" content=\"2026-04-19T09:53:42+00:00\" \/>\n<meta property=\"og:image\" content=\"https:\/\/bogensportdiscount.ch\/wp-content\/uploads\/bsm-images\/A031081_1.jpg\" \/>\n\t<meta property=\"og:image:width\" content=\"1772\" \/>\n\t<meta property=\"og:image:height\" content=\"586\" \/>\n\t<meta property=\"og:image:type\" content=\"image\/jpeg\" \/>\n<meta name=\"twitter:card\" content=\"summary_large_image\" \/>\n<script type=\"application\/ld+json\" class=\"yoast-schema-graph\">{\"@context\":\"https:\\\/\\\/schema.org\",\"@graph\":[{\"@type\":\"WebPage\",\"@id\":\"https:\\\/\\\/bogensportdiscount.ch\\\/fr\\\/produit\\\/black-eagle-schaefte-magnum-xl-5-spine-500-10er-pack\\\/\",\"url\":\"https:\\\/\\\/bogensportdiscount.ch\\\/fr\\\/produit\\\/black-eagle-schaefte-magnum-xl-5-spine-500-10er-pack\\\/\",\"name\":\"BLACKEAGLE SCHAEFTE MAGNUM - 10ER PACK - Bogensportdiscount \u2013 B\u00f6gen, Pfeile, Targets &amp; Zubeh\u00f6r\",\"isPartOf\":{\"@id\":\"https:\\\/\\\/bogensportdiscount.ch\\\/#website\"},\"primaryImageOfPage\":{\"@id\":\"https:\\\/\\\/bogensportdiscount.ch\\\/fr\\\/produit\\\/black-eagle-schaefte-magnum-xl-5-spine-500-10er-pack\\\/#primaryimage\"},\"image\":{\"@id\":\"https:\\\/\\\/bogensportdiscount.ch\\\/fr\\\/produit\\\/black-eagle-schaefte-magnum-xl-5-spine-500-10er-pack\\\/#primaryimage\"},\"thumbnailUrl\":\"https:\\\/\\\/bogensportdiscount.ch\\\/wp-content\\\/uploads\\\/bsm-images\\\/A031081_1.jpg\",\"datePublished\":\"2026-04-05T12:35:29+00:00\",\"dateModified\":\"2026-04-19T09:53:42+00:00\",\"breadcrumb\":{\"@id\":\"https:\\\/\\\/bogensportdiscount.ch\\\/fr\\\/produit\\\/black-eagle-schaefte-magnum-xl-5-spine-500-10er-pack\\\/#breadcrumb\"},\"inLanguage\":\"fr-FR\",\"potentialAction\":[{\"@type\":\"ReadAction\",\"target\":[\"https:\\\/\\\/bogensportdiscount.ch\\\/fr\\\/produit\\\/black-eagle-schaefte-magnum-xl-5-spine-500-10er-pack\\\/\"]}]},{\"@type\":\"ImageObject\",\"inLanguage\":\"fr-FR\",\"@id\":\"https:\\\/\\\/bogensportdiscount.ch\\\/fr\\\/produit\\\/black-eagle-schaefte-magnum-xl-5-spine-500-10er-pack\\\/#primaryimage\",\"url\":\"https:\\\/\\\/bogensportdiscount.ch\\\/wp-content\\\/uploads\\\/bsm-images\\\/A031081_1.jpg\",\"contentUrl\":\"https:\\\/\\\/bogensportdiscount.ch\\\/wp-content\\\/uploads\\\/bsm-images\\\/A031081_1.jpg\",\"width\":1772,\"height\":586},{\"@type\":\"BreadcrumbList\",\"@id\":\"https:\\\/\\\/bogensportdiscount.ch\\\/fr\\\/produit\\\/black-eagle-schaefte-magnum-xl-5-spine-500-10er-pack\\\/#breadcrumb\",\"itemListElement\":[{\"@type\":\"ListItem\",\"position\":1,\"name\":\"Home\",\"item\":\"https:\\\/\\\/bogensportdiscount.ch\\\/\"},{\"@type\":\"ListItem\",\"position\":2,\"name\":\"Shop\",\"item\":\"https:\\\/\\\/bogensportdiscount.ch\\\/shop\\\/\"},{\"@type\":\"ListItem\",\"position\":3,\"name\":\"BLACKEAGLE SCHAEFTE MAGNUM &#8211; 10ER PACK\"}]},{\"@type\":\"WebSite\",\"@id\":\"https:\\\/\\\/bogensportdiscount.ch\\\/#website\",\"url\":\"https:\\\/\\\/bogensportdiscount.ch\\\/\",\"name\":\"Bogensportdiscount\",\"description\":\"\",\"potentialAction\":[{\"@type\":\"SearchAction\",\"target\":{\"@type\":\"EntryPoint\",\"urlTemplate\":\"https:\\\/\\\/bogensportdiscount.ch\\\/?s={search_term_string}\"},\"query-input\":{\"@type\":\"PropertyValueSpecification\",\"valueRequired\":true,\"valueName\":\"search_term_string\"}}],\"inLanguage\":\"fr-FR\"}]}<\/script>\n<!-- \/ Yoast SEO plugin. -->","yoast_head_json":{"title":"BLACKEAGLE SCHAEFTE MAGNUM - 10ER PACK - Bogensportdiscount \u2013 B\u00f6gen, Pfeile, Targets &amp; Zubeh\u00f6r","robots":{"index":"noindex","follow":"follow","max-snippet":"max-snippet:-1","max-image-preview":"max-image-preview:large","max-video-preview":"max-video-preview:-1"},"og_locale":"fr_FR","og_type":"article","og_title":"BLACKEAGLE SCHAEFTE MAGNUM - 10ER PACK - Bogensportdiscount \u2013 B\u00f6gen, Pfeile, Targets &amp; Zubeh\u00f6r","og_description":"EigenschaftWertMarkeBlack EagleModellMagnum XL-5Spine500Lieferumfang10 Sch\u00e4fteHerkunftslandChina","og_url":"https:\/\/bogensportdiscount.ch\/fr\/produit\/black-eagle-schaefte-magnum-xl-5-spine-500-10er-pack\/","og_site_name":"Bogensportdiscount \u2013 B\u00f6gen, Pfeile, Targets &amp; Zubeh\u00f6r","article_modified_time":"2026-04-19T09:53:42+00:00","og_image":[{"width":1772,"height":586,"url":"https:\/\/bogensportdiscount.ch\/wp-content\/uploads\/bsm-images\/A031081_1.jpg","type":"image\/jpeg"}],"twitter_card":"summary_large_image","schema":{"@context":"https:\/\/schema.org","@graph":[{"@type":"WebPage","@id":"https:\/\/bogensportdiscount.ch\/fr\/produit\/black-eagle-schaefte-magnum-xl-5-spine-500-10er-pack\/","url":"https:\/\/bogensportdiscount.ch\/fr\/produit\/black-eagle-schaefte-magnum-xl-5-spine-500-10er-pack\/","name":"BLACKEAGLE SCHAEFTE MAGNUM - 10ER PACK - Bogensportdiscount \u2013 B\u00f6gen, Pfeile, Targets &amp; Zubeh\u00f6r","isPartOf":{"@id":"https:\/\/bogensportdiscount.ch\/#website"},"primaryImageOfPage":{"@id":"https:\/\/bogensportdiscount.ch\/fr\/produit\/black-eagle-schaefte-magnum-xl-5-spine-500-10er-pack\/#primaryimage"},"image":{"@id":"https:\/\/bogensportdiscount.ch\/fr\/produit\/black-eagle-schaefte-magnum-xl-5-spine-500-10er-pack\/#primaryimage"},"thumbnailUrl":"https:\/\/bogensportdiscount.ch\/wp-content\/uploads\/bsm-images\/A031081_1.jpg","datePublished":"2026-04-05T12:35:29+00:00","dateModified":"2026-04-19T09:53:42+00:00","breadcrumb":{"@id":"https:\/\/bogensportdiscount.ch\/fr\/produit\/black-eagle-schaefte-magnum-xl-5-spine-500-10er-pack\/#breadcrumb"},"inLanguage":"fr-FR","potentialAction":[{"@type":"ReadAction","target":["https:\/\/bogensportdiscount.ch\/fr\/produit\/black-eagle-schaefte-magnum-xl-5-spine-500-10er-pack\/"]}]},{"@type":"ImageObject","inLanguage":"fr-FR","@id":"https:\/\/bogensportdiscount.ch\/fr\/produit\/black-eagle-schaefte-magnum-xl-5-spine-500-10er-pack\/#primaryimage","url":"https:\/\/bogensportdiscount.ch\/wp-content\/uploads\/bsm-images\/A031081_1.jpg","contentUrl":"https:\/\/bogensportdiscount.ch\/wp-content\/uploads\/bsm-images\/A031081_1.jpg","width":1772,"height":586},{"@type":"BreadcrumbList","@id":"https:\/\/bogensportdiscount.ch\/fr\/produit\/black-eagle-schaefte-magnum-xl-5-spine-500-10er-pack\/#breadcrumb","itemListElement":[{"@type":"ListItem","position":1,"name":"Home","item":"https:\/\/bogensportdiscount.ch\/"},{"@type":"ListItem","position":2,"name":"Shop","item":"https:\/\/bogensportdiscount.ch\/shop\/"},{"@type":"ListItem","position":3,"name":"BLACKEAGLE SCHAEFTE MAGNUM &#8211; 10ER PACK"}]},{"@type":"WebSite","@id":"https:\/\/bogensportdiscount.ch\/#website","url":"https:\/\/bogensportdiscount.ch\/","name":"Bogensportdiscount","description":"","potentialAction":[{"@type":"SearchAction","target":{"@type":"EntryPoint","urlTemplate":"https:\/\/bogensportdiscount.ch\/?s={search_term_string}"},"query-input":{"@type":"PropertyValueSpecification","valueRequired":true,"valueName":"search_term_string"}}],"inLanguage":"fr-FR"}]}},"_links":{"self":[{"href":"https:\/\/bogensportdiscount.ch\/fr\/wp-json\/wp\/v2\/product\/395100","targetHints":{"allow":["GET"]}}],"collection":[{"href":"https:\/\/bogensportdiscount.ch\/fr\/wp-json\/wp\/v2\/product"}],"about":[{"href":"https:\/\/bogensportdiscount.ch\/fr\/wp-json\/wp\/v2\/types\/product"}],"replies":[{"embeddable":true,"href":"https:\/\/bogensportdiscount.ch\/fr\/wp-json\/wp\/v2\/comments?post=395100"}],"wp:featuredmedia":[{"embeddable":true,"href":"https:\/\/bogensportdiscount.ch\/fr\/wp-json\/wp\/v2\/media\/513794"}],"wp:attachment":[{"href":"https:\/\/bogensportdiscount.ch\/fr\/wp-json\/wp\/v2\/media?parent=395100"}],"wp:term":[{"taxonomy":"product_brand","embeddable":true,"href":"https:\/\/bogensportdiscount.ch\/fr\/wp-json\/wp\/v2\/product_brand?post=395100"},{"taxonomy":"product_cat","embeddable":true,"href":"https:\/\/bogensportdiscount.ch\/fr\/wp-json\/wp\/v2\/product_cat?post=395100"},{"taxonomy":"product_tag","embeddable":true,"href":"https:\/\/bogensportdiscount.ch\/fr\/wp-json\/wp\/v2\/product_tag?post=395100"}],"curies":[{"name":"wp","href":"https:\/\/api.w.org\/{rel}","templated":true}]}}