{"id":395011,"date":"2026-04-05T14:35:21","date_gmt":"2026-04-05T12:35:21","guid":{"rendered":"https:\/\/bogensportdiscount.ch\/produkt\/parts-compound-bows-axle-e-clips-hdw-1-4\/"},"modified":"2026-05-14T15:25:28","modified_gmt":"2026-05-14T13:25:28","slug":"bowtech-compound-bogen-ersatzteil-achsen-e-clips","status":"publish","type":"product","link":"https:\/\/bogensportdiscount.ch\/fr\/produit\/bowtech-compound-bogen-ersatzteil-achsen-e-clips\/","title":{"rendered":"BOWTECH PI\u00c8CES ARC \u00c0 POULIES AXES E-CLIPS"},"content":{"rendered":"<p>Ces E-clips de BOWTECH sont des pi\u00e8ces de rechange d'origine pour les axes des arcs \u00e0 poulies. Ils maintiennent les axes en position correcte et assurent une fixation fiable des composants du syst\u00e8me de poulie.<\/p>\n<p>Les clips sont disponibles en deux longueurs (4&#8243; et 8&#8243;) ainsi qu'en deux diam\u00e8tres (1\/4&#8243; et 1\/8&#8243;) afin de couvrir diff\u00e9rentes configurations d'axes. En tant que pi\u00e8ce de rechange d'origine BOWTECH, ils sont adapt\u00e9s aux sp\u00e9cifications des arcs \u00e0 poulies BOWTECH.<\/p>\n<ul>\n<li>Pi\u00e8ce de rechange BOWTECH d'origine<\/li>\n<li>Pour la fixation des axes sur les arcs \u00e0 poulies<\/li>\n<li>Disponible en longueur 4&#8243; et 8&#8243;<\/li>\n<li>Diam\u00e8tre 1\/4&#8243; et 1\/8&#8243;<\/li>\n<\/ul>","protected":false},"excerpt":{"rendered":"<table>\n<tr>\n<th>Propri\u00e9t\u00e9<\/th>\n<th>Valeur<\/th>\n<\/tr>\n<tr>\n<td>Marque<\/td>\n<td>Bowtech<\/td>\n<\/tr>\n<tr>\n<td>Type<\/td>\n<td>Cam<\/td>\n<\/tr>\n<tr>\n<td>Pays d'origine<\/td>\n<td>USA<\/td>\n<\/tr>\n<\/table>","protected":false},"featured_media":449094,"comment_status":"open","ping_status":"closed","template":"","meta":[],"product_brand":[451],"product_cat":[4526],"product_tag":[],"class_list":{"0":"post-395011","1":"product","2":"type-product","3":"status-publish","4":"has-post-thumbnail","6":"product_brand-bowtech","7":"product_cat-einzelteile-fuer-compound-boegen","8":"product_shipping_class-bsd-standard","10":"first","11":"instock","12":"shipping-taxable","13":"purchasable","14":"product-type-variable"},"yoast_head":"<!-- This site is optimized with the Yoast SEO plugin v27.6 - https:\/\/yoast.com\/product\/yoast-seo-wordpress\/ -->\n<title>BOWTECH TEILE COMPOUNDBOGEN ACHSEN E-CLIPS - Bogensportdiscount \u2013 B\u00f6gen, Pfeile, Targets &amp; Zubeh\u00f6r<\/title>\n<meta name=\"description\" content=\"BOWTECH TEILE COMPOUNDBOGEN ACHSEN E-CLIPS g\u00fcnstig kaufen bei Bogensportdiscount \u2013 Top-Marken, schneller Versand aus der Schweiz.\" \/>\n<meta name=\"robots\" content=\"index, follow, max-snippet:-1, max-image-preview:large, max-video-preview:-1\" \/>\n<link rel=\"canonical\" href=\"https:\/\/bogensportdiscount.ch\/fr\/produit\/bowtech-compound-bogen-ersatzteil-achsen-e-clips\/\" \/>\n<meta property=\"og:locale\" content=\"fr_FR\" \/>\n<meta property=\"og:type\" content=\"article\" \/>\n<meta property=\"og:title\" content=\"BOWTECH TEILE COMPOUNDBOGEN ACHSEN E-CLIPS - Bogensportdiscount \u2013 B\u00f6gen, Pfeile, Targets &amp; Zubeh\u00f6r\" \/>\n<meta property=\"og:description\" content=\"BOWTECH TEILE COMPOUNDBOGEN ACHSEN E-CLIPS g\u00fcnstig kaufen bei Bogensportdiscount \u2013 Top-Marken, schneller Versand aus der Schweiz.\" \/>\n<meta property=\"og:url\" content=\"https:\/\/bogensportdiscount.ch\/fr\/produit\/bowtech-compound-bogen-ersatzteil-achsen-e-clips\/\" \/>\n<meta property=\"og:site_name\" content=\"Bogensportdiscount \u2013 B\u00f6gen, Pfeile, Targets &amp; Zubeh\u00f6r\" \/>\n<meta property=\"article:modified_time\" content=\"2026-05-14T13:25:28+00:00\" \/>\n<meta property=\"og:image\" content=\"https:\/\/bogensportdiscount.ch\/wp-content\/uploads\/bsm-images\/A009970_1.png\" \/>\n\t<meta property=\"og:image:width\" content=\"452\" \/>\n\t<meta property=\"og:image:height\" content=\"426\" \/>\n\t<meta property=\"og:image:type\" content=\"image\/png\" \/>\n<meta name=\"twitter:card\" content=\"summary_large_image\" \/>\n<script type=\"application\/ld+json\" class=\"yoast-schema-graph\">{\"@context\":\"https:\\\/\\\/schema.org\",\"@graph\":[{\"@type\":\"WebPage\",\"@id\":\"https:\\\/\\\/bogensportdiscount.ch\\\/produkt\\\/bowtech-compound-bogen-ersatzteil-achsen-e-clips\\\/\",\"url\":\"https:\\\/\\\/bogensportdiscount.ch\\\/produkt\\\/bowtech-compound-bogen-ersatzteil-achsen-e-clips\\\/\",\"name\":\"BOWTECH TEILE COMPOUNDBOGEN ACHSEN E-CLIPS - Bogensportdiscount \u2013 B\u00f6gen, Pfeile, Targets &amp; Zubeh\u00f6r\",\"isPartOf\":{\"@id\":\"https:\\\/\\\/bogensportdiscount.ch\\\/#website\"},\"primaryImageOfPage\":{\"@id\":\"https:\\\/\\\/bogensportdiscount.ch\\\/produkt\\\/bowtech-compound-bogen-ersatzteil-achsen-e-clips\\\/#primaryimage\"},\"image\":{\"@id\":\"https:\\\/\\\/bogensportdiscount.ch\\\/produkt\\\/bowtech-compound-bogen-ersatzteil-achsen-e-clips\\\/#primaryimage\"},\"thumbnailUrl\":\"https:\\\/\\\/bogensportdiscount.ch\\\/wp-content\\\/uploads\\\/bsm-images\\\/A009970_1.png\",\"datePublished\":\"2026-04-05T12:35:21+00:00\",\"dateModified\":\"2026-05-14T13:25:28+00:00\",\"description\":\"BOWTECH TEILE COMPOUNDBOGEN ACHSEN E-CLIPS g\u00fcnstig kaufen bei Bogensportdiscount \u2013 Top-Marken, schneller Versand aus der Schweiz.\",\"breadcrumb\":{\"@id\":\"https:\\\/\\\/bogensportdiscount.ch\\\/produkt\\\/bowtech-compound-bogen-ersatzteil-achsen-e-clips\\\/#breadcrumb\"},\"inLanguage\":\"fr-FR\",\"potentialAction\":[{\"@type\":\"ReadAction\",\"target\":[\"https:\\\/\\\/bogensportdiscount.ch\\\/produkt\\\/bowtech-compound-bogen-ersatzteil-achsen-e-clips\\\/\"]}]},{\"@type\":\"ImageObject\",\"inLanguage\":\"fr-FR\",\"@id\":\"https:\\\/\\\/bogensportdiscount.ch\\\/produkt\\\/bowtech-compound-bogen-ersatzteil-achsen-e-clips\\\/#primaryimage\",\"url\":\"https:\\\/\\\/bogensportdiscount.ch\\\/wp-content\\\/uploads\\\/bsm-images\\\/A009970_1.png\",\"contentUrl\":\"https:\\\/\\\/bogensportdiscount.ch\\\/wp-content\\\/uploads\\\/bsm-images\\\/A009970_1.png\",\"width\":452,\"height\":426},{\"@type\":\"BreadcrumbList\",\"@id\":\"https:\\\/\\\/bogensportdiscount.ch\\\/produkt\\\/bowtech-compound-bogen-ersatzteil-achsen-e-clips\\\/#breadcrumb\",\"itemListElement\":[{\"@type\":\"ListItem\",\"position\":1,\"name\":\"Home\",\"item\":\"https:\\\/\\\/bogensportdiscount.ch\\\/\"},{\"@type\":\"ListItem\",\"position\":2,\"name\":\"Shop\",\"item\":\"https:\\\/\\\/bogensportdiscount.ch\\\/shop\\\/\"},{\"@type\":\"ListItem\",\"position\":3,\"name\":\"BOWTECH PARTS COMPOUND BOWS AXLE E-CLIPS\"}]},{\"@type\":\"WebSite\",\"@id\":\"https:\\\/\\\/bogensportdiscount.ch\\\/#website\",\"url\":\"https:\\\/\\\/bogensportdiscount.ch\\\/\",\"name\":\"Bogensportdiscount\",\"description\":\"\",\"potentialAction\":[{\"@type\":\"SearchAction\",\"target\":{\"@type\":\"EntryPoint\",\"urlTemplate\":\"https:\\\/\\\/bogensportdiscount.ch\\\/?s={search_term_string}\"},\"query-input\":{\"@type\":\"PropertyValueSpecification\",\"valueRequired\":true,\"valueName\":\"search_term_string\"}}],\"inLanguage\":\"fr-FR\"}]}<\/script>\n<!-- \/ Yoast SEO plugin. -->","yoast_head_json":{"title":"BOWTECH TEILE COMPOUNDBOGEN ACHSEN E-CLIPS - Bogensportdiscount \u2013 B\u00f6gen, Pfeile, Targets &amp; Zubeh\u00f6r","description":"BOWTECH TEILE COMPOUNDBOGEN ACHSEN E-CLIPS g\u00fcnstig kaufen bei Bogensportdiscount \u2013 Top-Marken, schneller Versand aus der Schweiz.","robots":{"index":"index","follow":"follow","max-snippet":"max-snippet:-1","max-image-preview":"max-image-preview:large","max-video-preview":"max-video-preview:-1"},"canonical":"https:\/\/bogensportdiscount.ch\/fr\/produit\/bowtech-compound-bogen-ersatzteil-achsen-e-clips\/","og_locale":"fr_FR","og_type":"article","og_title":"BOWTECH TEILE COMPOUNDBOGEN ACHSEN E-CLIPS - Bogensportdiscount \u2013 B\u00f6gen, Pfeile, Targets &amp; Zubeh\u00f6r","og_description":"BOWTECH TEILE COMPOUNDBOGEN ACHSEN E-CLIPS g\u00fcnstig kaufen bei Bogensportdiscount \u2013 Top-Marken, schneller Versand aus der Schweiz.","og_url":"https:\/\/bogensportdiscount.ch\/fr\/produit\/bowtech-compound-bogen-ersatzteil-achsen-e-clips\/","og_site_name":"Bogensportdiscount \u2013 B\u00f6gen, Pfeile, Targets &amp; Zubeh\u00f6r","article_modified_time":"2026-05-14T13:25:28+00:00","og_image":[{"width":452,"height":426,"url":"https:\/\/bogensportdiscount.ch\/wp-content\/uploads\/bsm-images\/A009970_1.png","type":"image\/png"}],"twitter_card":"summary_large_image","schema":{"@context":"https:\/\/schema.org","@graph":[{"@type":"WebPage","@id":"https:\/\/bogensportdiscount.ch\/produkt\/bowtech-compound-bogen-ersatzteil-achsen-e-clips\/","url":"https:\/\/bogensportdiscount.ch\/produkt\/bowtech-compound-bogen-ersatzteil-achsen-e-clips\/","name":"BOWTECH TEILE COMPOUNDBOGEN ACHSEN E-CLIPS - Bogensportdiscount \u2013 B\u00f6gen, Pfeile, Targets &amp; Zubeh\u00f6r","isPartOf":{"@id":"https:\/\/bogensportdiscount.ch\/#website"},"primaryImageOfPage":{"@id":"https:\/\/bogensportdiscount.ch\/produkt\/bowtech-compound-bogen-ersatzteil-achsen-e-clips\/#primaryimage"},"image":{"@id":"https:\/\/bogensportdiscount.ch\/produkt\/bowtech-compound-bogen-ersatzteil-achsen-e-clips\/#primaryimage"},"thumbnailUrl":"https:\/\/bogensportdiscount.ch\/wp-content\/uploads\/bsm-images\/A009970_1.png","datePublished":"2026-04-05T12:35:21+00:00","dateModified":"2026-05-14T13:25:28+00:00","description":"BOWTECH TEILE COMPOUNDBOGEN ACHSEN E-CLIPS g\u00fcnstig kaufen bei Bogensportdiscount \u2013 Top-Marken, schneller Versand aus der Schweiz.","breadcrumb":{"@id":"https:\/\/bogensportdiscount.ch\/produkt\/bowtech-compound-bogen-ersatzteil-achsen-e-clips\/#breadcrumb"},"inLanguage":"fr-FR","potentialAction":[{"@type":"ReadAction","target":["https:\/\/bogensportdiscount.ch\/produkt\/bowtech-compound-bogen-ersatzteil-achsen-e-clips\/"]}]},{"@type":"ImageObject","inLanguage":"fr-FR","@id":"https:\/\/bogensportdiscount.ch\/produkt\/bowtech-compound-bogen-ersatzteil-achsen-e-clips\/#primaryimage","url":"https:\/\/bogensportdiscount.ch\/wp-content\/uploads\/bsm-images\/A009970_1.png","contentUrl":"https:\/\/bogensportdiscount.ch\/wp-content\/uploads\/bsm-images\/A009970_1.png","width":452,"height":426},{"@type":"BreadcrumbList","@id":"https:\/\/bogensportdiscount.ch\/produkt\/bowtech-compound-bogen-ersatzteil-achsen-e-clips\/#breadcrumb","itemListElement":[{"@type":"ListItem","position":1,"name":"Home","item":"https:\/\/bogensportdiscount.ch\/"},{"@type":"ListItem","position":2,"name":"Shop","item":"https:\/\/bogensportdiscount.ch\/shop\/"},{"@type":"ListItem","position":3,"name":"BOWTECH PARTS COMPOUND BOWS AXLE E-CLIPS"}]},{"@type":"WebSite","@id":"https:\/\/bogensportdiscount.ch\/#website","url":"https:\/\/bogensportdiscount.ch\/","name":"Bogensportdiscount","description":"","potentialAction":[{"@type":"SearchAction","target":{"@type":"EntryPoint","urlTemplate":"https:\/\/bogensportdiscount.ch\/?s={search_term_string}"},"query-input":{"@type":"PropertyValueSpecification","valueRequired":true,"valueName":"search_term_string"}}],"inLanguage":"fr-FR"}]}},"_links":{"self":[{"href":"https:\/\/bogensportdiscount.ch\/fr\/wp-json\/wp\/v2\/product\/395011","targetHints":{"allow":["GET"]}}],"collection":[{"href":"https:\/\/bogensportdiscount.ch\/fr\/wp-json\/wp\/v2\/product"}],"about":[{"href":"https:\/\/bogensportdiscount.ch\/fr\/wp-json\/wp\/v2\/types\/product"}],"replies":[{"embeddable":true,"href":"https:\/\/bogensportdiscount.ch\/fr\/wp-json\/wp\/v2\/comments?post=395011"}],"wp:featuredmedia":[{"embeddable":true,"href":"https:\/\/bogensportdiscount.ch\/fr\/wp-json\/wp\/v2\/media\/449094"}],"wp:attachment":[{"href":"https:\/\/bogensportdiscount.ch\/fr\/wp-json\/wp\/v2\/media?parent=395011"}],"wp:term":[{"taxonomy":"product_brand","embeddable":true,"href":"https:\/\/bogensportdiscount.ch\/fr\/wp-json\/wp\/v2\/product_brand?post=395011"},{"taxonomy":"product_cat","embeddable":true,"href":"https:\/\/bogensportdiscount.ch\/fr\/wp-json\/wp\/v2\/product_cat?post=395011"},{"taxonomy":"product_tag","embeddable":true,"href":"https:\/\/bogensportdiscount.ch\/fr\/wp-json\/wp\/v2\/product_tag?post=395011"}],"curies":[{"name":"wp","href":"https:\/\/api.w.org\/{rel}","templated":true}]}}