{"id":395008,"date":"2026-04-05T14:35:21","date_gmt":"2026-04-05T12:35:21","guid":{"rendered":"https:\/\/bogensportdiscount.ch\/produkt\/adaptors-for-broadheads-5-16-hollow-point-adapter-28gr-12pk\/"},"modified":"2026-04-17T13:33:11","modified_gmt":"2026-04-17T11:33:11","slug":"zwickey-adapter-fuer-breitblattspitzen","status":"publish","type":"product","link":"https:\/\/bogensportdiscount.ch\/fr\/produit\/zwickey-adapter-fuer-breitblattspitzen\/","title":{"rendered":"ZWICKEY ADAPTORS FOR BROADHEADS 12PK"},"content":{"rendered":"<p>Die Zwickey Adapter erm\u00f6glichen die sichere Befestigung von Breitblattspitzen auf Pfeilsch\u00e4ften unterschiedlicher Durchmesser. Sie sind in zwei Gewichtsvarianten (28 GR und 36 GR) sowie in den Schaftdurchmessern 11\/32 und 5\/16 erh\u00e4ltlich.<\/p>\n<p>Die Adapter werden in den USA gefertigt und sind auf die Breitblattspitzen von Zwickey abgestimmt. Sie eignen sich f\u00fcr traditionelle Bogensch\u00fctzen, die mit nat\u00fcrlichen oder klassischen Pfeilsch\u00e4ften schiessen.<\/p>\n<ul>\n<li>Gewicht: 28 GR oder 36 GR<\/li>\n<li>Durchmesser: 11\/32 oder 5\/16<\/li>\n<li>Fabriqu\u00e9 aux \u00c9tats-Unis<\/li>\n<li>Kompatibel mit Zwickey Breitblattspitzen<\/li>\n<\/ul>","protected":false},"excerpt":{"rendered":"<p>Zwickey Adapter zur Montage von Breitblattspitzen auf Pfeilsch\u00e4fte. Erh\u00e4ltlich in den Gewichten 28 GR und 36 GR sowie den Durchmessern 11\/32 und 5\/16.<\/p>","protected":false},"featured_media":440433,"comment_status":"open","ping_status":"closed","template":"","meta":[],"product_brand":[811],"product_cat":[4179],"product_tag":[],"class_list":{"0":"post-395008","1":"product","2":"type-product","3":"status-publish","4":"has-post-thumbnail","6":"product_brand-zwickey","7":"product_cat-einzelteile-zubehoer","9":"first","10":"instock","11":"shipping-taxable","12":"purchasable","13":"product-type-variable"},"_links":{"self":[{"href":"https:\/\/bogensportdiscount.ch\/fr\/wp-json\/wp\/v2\/product\/395008","targetHints":{"allow":["GET"]}}],"collection":[{"href":"https:\/\/bogensportdiscount.ch\/fr\/wp-json\/wp\/v2\/product"}],"about":[{"href":"https:\/\/bogensportdiscount.ch\/fr\/wp-json\/wp\/v2\/types\/product"}],"replies":[{"embeddable":true,"href":"https:\/\/bogensportdiscount.ch\/fr\/wp-json\/wp\/v2\/comments?post=395008"}],"wp:featuredmedia":[{"embeddable":true,"href":"https:\/\/bogensportdiscount.ch\/fr\/wp-json\/wp\/v2\/media\/440433"}],"wp:attachment":[{"href":"https:\/\/bogensportdiscount.ch\/fr\/wp-json\/wp\/v2\/media?parent=395008"}],"wp:term":[{"taxonomy":"product_brand","embeddable":true,"href":"https:\/\/bogensportdiscount.ch\/fr\/wp-json\/wp\/v2\/product_brand?post=395008"},{"taxonomy":"product_cat","embeddable":true,"href":"https:\/\/bogensportdiscount.ch\/fr\/wp-json\/wp\/v2\/product_cat?post=395008"},{"taxonomy":"product_tag","embeddable":true,"href":"https:\/\/bogensportdiscount.ch\/fr\/wp-json\/wp\/v2\/product_tag?post=395008"}],"curies":[{"name":"wp","href":"https:\/\/api.w.org\/{rel}","templated":true}]}}