{"id":394909,"date":"2026-04-05T14:35:11","date_gmt":"2026-04-05T12:35:11","guid":{"rendered":"https:\/\/bogensportdiscount.ch\/produkt\/single-armguards-md-17x8cm-polyester-600d-2-fasteners-blue\/"},"modified":"2026-04-23T15:42:41","modified_gmt":"2026-04-23T13:42:41","slug":"avalon-einzel-armschutz-md-17x8cm-polyester-600d-2-verschluesse","status":"publish","type":"product","link":"https:\/\/bogensportdiscount.ch\/fr\/produit\/avalon-einzel-armschutz-md-17x8cm-polyester-600d-2-verschluesse\/","title":{"rendered":"AVALON Einzel-Armschutz MD 17x8cm Polyester 600D 2 Verschl\u00fcsse"},"content":{"rendered":"<p>Der AVALON Einzel-Armschutz sch\u00fctzt den Unterarm des Bogensch\u00fctzen zuverl\u00e4ssig vor dem R\u00fcckschlag der Bogensehne. Das Material aus 600D Polyester sorgt f\u00fcr eine solide und langlebige Schutzfl\u00e4che, die den Anforderungen im Training und im Wettkampf standh\u00e4lt.<\/p>\n<p>Mit einer Fl\u00e4che von 17 x 8 cm (Gr\u00f6sse MD) bietet der Armschutz ausreichend Abdeckung f\u00fcr die meisten Unterarmgr\u00f6ssen. Die zwei Befestigungsb\u00e4nder gew\u00e4hrleisten einen festen und rutschfesten Sitz w\u00e4hrend des Schiessens.<\/p>\n<ul>\n<li>Gr\u00f6sse MD: 17 x 8 cm<\/li>\n<li>Material: 600D Polyester \u2013 robust und strapazierf\u00e4hig<\/li>\n<li>2 Befestigungsverschl\u00fcsse f\u00fcr sicheren Halt<\/li>\n<li>Disponible en noir, bleu et rouge<\/li>\n<\/ul>","protected":false},"excerpt":{"rendered":"<p>Der AVALON Einzel-Armschutz in der Gr\u00f6sse MD (17 x 8 cm) ist aus robustem 600D Polyester gefertigt und wird mit 2 Befestigungsb\u00e4ndern sicher am Arm fixiert. Erh\u00e4ltlich in den Farben Schwarz, Blau und Rot.<\/p>","protected":false},"featured_media":449078,"comment_status":"open","ping_status":"closed","template":"","meta":[],"product_brand":[449],"product_cat":[4155],"product_tag":[],"class_list":{"0":"post-394909","1":"product","2":"type-product","3":"status-publish","4":"has-post-thumbnail","6":"product_brand-avalon","7":"product_cat-singel-armschutz","8":"product_shipping_class-bsd-standard","10":"first","11":"instock","12":"shipping-taxable","13":"purchasable","14":"product-type-variable"},"yoast_head":"<!-- This site is optimized with the Yoast SEO plugin v27.4 - https:\/\/yoast.com\/product\/yoast-seo-wordpress\/ -->\n<title>AVALON Protection de bras individuelle MD 17 x 8 cm, polyester 600D, 2 fermetures - Bogensportdiscount \u2013 Arcs, fl\u00e8ches, cibles et accessoires<\/title>\n<meta name=\"description\" content=\"Achetez les prot\u00e8ge-bras AVALON MD 17 x 8 cm en polyester 600D avec 2 fermetures \u00e0 un prix avantageux chez Bogensportdiscount \u2013 Grandes marques, livraison rapide depuis la Suisse.\" \/>\n<meta name=\"robots\" content=\"index, follow, max-snippet:-1, max-image-preview:large, max-video-preview:-1\" \/>\n<link rel=\"canonical\" href=\"https:\/\/bogensportdiscount.ch\/fr\/produit\/avalon-einzel-armschutz-md-17x8cm-polyester-600d-2-verschluesse\/\" \/>\n<meta property=\"og:locale\" content=\"fr_FR\" \/>\n<meta property=\"og:type\" content=\"article\" \/>\n<meta property=\"og:title\" content=\"AVALON Protection de bras individuelle MD 17 x 8 cm, polyester 600D, 2 fermetures - Bogensportdiscount \u2013 Arcs, fl\u00e8ches, cibles et accessoires\" \/>\n<meta property=\"og:description\" content=\"Achetez les prot\u00e8ge-bras AVALON MD 17 x 8 cm en polyester 600D avec 2 fermetures \u00e0 un prix avantageux chez Bogensportdiscount \u2013 Grandes marques, livraison rapide depuis la Suisse.\" \/>\n<meta property=\"og:url\" content=\"https:\/\/bogensportdiscount.ch\/fr\/produit\/avalon-einzel-armschutz-md-17x8cm-polyester-600d-2-verschluesse\/\" \/>\n<meta property=\"og:site_name\" content=\"Bogensportdiscount \u2013 B\u00f6gen, Pfeile, Targets &amp; Zubeh\u00f6r\" \/>\n<meta property=\"article:modified_time\" content=\"2026-04-23T13:42:41+00:00\" \/>\n<meta property=\"og:image\" content=\"https:\/\/bogensportdiscount.ch\/wp-content\/uploads\/bsm-images\/A009680_1.png\" \/>\n\t<meta property=\"og:image:width\" content=\"7360\" \/>\n\t<meta property=\"og:image:height\" content=\"2345\" \/>\n\t<meta property=\"og:image:type\" content=\"image\/png\" \/>\n<meta name=\"twitter:card\" content=\"summary_large_image\" \/>\n<meta name=\"twitter:label1\" content=\"Dur\u00e9e de lecture estim\u00e9e\" \/>\n\t<meta name=\"twitter:data1\" content=\"1 minute\" \/>\n<script type=\"application\/ld+json\" class=\"yoast-schema-graph\">{\"@context\":\"https:\\\/\\\/schema.org\",\"@graph\":[{\"@type\":\"WebPage\",\"@id\":\"https:\\\/\\\/bogensportdiscount.ch\\\/produkt\\\/avalon-einzel-armschutz-md-17x8cm-polyester-600d-2-verschluesse\\\/\",\"url\":\"https:\\\/\\\/bogensportdiscount.ch\\\/produkt\\\/avalon-einzel-armschutz-md-17x8cm-polyester-600d-2-verschluesse\\\/\",\"name\":\"AVALON Einzel-Armschutz MD 17x8cm Polyester 600D 2 Verschl\u00fcsse - Bogensportdiscount \u2013 B\u00f6gen, Pfeile, Targets &amp; Zubeh\u00f6r\",\"isPartOf\":{\"@id\":\"https:\\\/\\\/bogensportdiscount.ch\\\/#website\"},\"primaryImageOfPage\":{\"@id\":\"https:\\\/\\\/bogensportdiscount.ch\\\/produkt\\\/avalon-einzel-armschutz-md-17x8cm-polyester-600d-2-verschluesse\\\/#primaryimage\"},\"image\":{\"@id\":\"https:\\\/\\\/bogensportdiscount.ch\\\/produkt\\\/avalon-einzel-armschutz-md-17x8cm-polyester-600d-2-verschluesse\\\/#primaryimage\"},\"thumbnailUrl\":\"https:\\\/\\\/bogensportdiscount.ch\\\/wp-content\\\/uploads\\\/bsm-images\\\/A009680_1.png\",\"datePublished\":\"2026-04-05T12:35:11+00:00\",\"dateModified\":\"2026-04-23T13:42:41+00:00\",\"description\":\"AVALON Einzel-Armschutz MD 17x8cm Polyester 600D 2 Verschl\u00fcsse g\u00fcnstig kaufen bei Bogensportdiscount \u2013 Top-Marken, schneller Versand aus der Schweiz.\",\"breadcrumb\":{\"@id\":\"https:\\\/\\\/bogensportdiscount.ch\\\/produkt\\\/avalon-einzel-armschutz-md-17x8cm-polyester-600d-2-verschluesse\\\/#breadcrumb\"},\"inLanguage\":\"fr-FR\",\"potentialAction\":[{\"@type\":\"ReadAction\",\"target\":[\"https:\\\/\\\/bogensportdiscount.ch\\\/produkt\\\/avalon-einzel-armschutz-md-17x8cm-polyester-600d-2-verschluesse\\\/\"]}]},{\"@type\":\"ImageObject\",\"inLanguage\":\"fr-FR\",\"@id\":\"https:\\\/\\\/bogensportdiscount.ch\\\/produkt\\\/avalon-einzel-armschutz-md-17x8cm-polyester-600d-2-verschluesse\\\/#primaryimage\",\"url\":\"https:\\\/\\\/bogensportdiscount.ch\\\/wp-content\\\/uploads\\\/bsm-images\\\/A009680_1.png\",\"contentUrl\":\"https:\\\/\\\/bogensportdiscount.ch\\\/wp-content\\\/uploads\\\/bsm-images\\\/A009680_1.png\",\"width\":7360,\"height\":2345},{\"@type\":\"BreadcrumbList\",\"@id\":\"https:\\\/\\\/bogensportdiscount.ch\\\/produkt\\\/avalon-einzel-armschutz-md-17x8cm-polyester-600d-2-verschluesse\\\/#breadcrumb\",\"itemListElement\":[{\"@type\":\"ListItem\",\"position\":1,\"name\":\"Home\",\"item\":\"https:\\\/\\\/bogensportdiscount.ch\\\/\"},{\"@type\":\"ListItem\",\"position\":2,\"name\":\"Shop\",\"item\":\"https:\\\/\\\/bogensportdiscount.ch\\\/shop\\\/\"},{\"@type\":\"ListItem\",\"position\":3,\"name\":\"AVALON Einzel-Armschutz MD 17x8cm Polyester 600D 2 Verschl\u00fcsse\"}]},{\"@type\":\"WebSite\",\"@id\":\"https:\\\/\\\/bogensportdiscount.ch\\\/#website\",\"url\":\"https:\\\/\\\/bogensportdiscount.ch\\\/\",\"name\":\"Bogensportdiscount\",\"description\":\"\",\"potentialAction\":[{\"@type\":\"SearchAction\",\"target\":{\"@type\":\"EntryPoint\",\"urlTemplate\":\"https:\\\/\\\/bogensportdiscount.ch\\\/?s={search_term_string}\"},\"query-input\":{\"@type\":\"PropertyValueSpecification\",\"valueRequired\":true,\"valueName\":\"search_term_string\"}}],\"inLanguage\":\"fr-FR\"}]}<\/script>\n<!-- \/ Yoast SEO plugin. -->","yoast_head_json":{"title":"AVALON Protection de bras individuelle MD 17 x 8 cm, polyester 600D, 2 fermetures - Bogensportdiscount \u2013 Arcs, fl\u00e8ches, cibles et accessoires","description":"Achetez les prot\u00e8ge-bras AVALON MD 17 x 8 cm en polyester 600D avec 2 fermetures \u00e0 un prix avantageux chez Bogensportdiscount \u2013 Grandes marques, livraison rapide depuis la Suisse.","robots":{"index":"index","follow":"follow","max-snippet":"max-snippet:-1","max-image-preview":"max-image-preview:large","max-video-preview":"max-video-preview:-1"},"canonical":"https:\/\/bogensportdiscount.ch\/fr\/produit\/avalon-einzel-armschutz-md-17x8cm-polyester-600d-2-verschluesse\/","og_locale":"fr_FR","og_type":"article","og_title":"AVALON Protection de bras individuelle MD 17 x 8 cm, polyester 600D, 2 fermetures - Bogensportdiscount \u2013 Arcs, fl\u00e8ches, cibles et accessoires","og_description":"Achetez les prot\u00e8ge-bras AVALON MD 17 x 8 cm en polyester 600D avec 2 fermetures \u00e0 un prix avantageux chez Bogensportdiscount \u2013 Grandes marques, livraison rapide depuis la Suisse.","og_url":"https:\/\/bogensportdiscount.ch\/fr\/produit\/avalon-einzel-armschutz-md-17x8cm-polyester-600d-2-verschluesse\/","og_site_name":"Bogensportdiscount \u2013 B\u00f6gen, Pfeile, Targets &amp; Zubeh\u00f6r","article_modified_time":"2026-04-23T13:42:41+00:00","og_image":[{"url":"https:\/\/bogensportdiscount.ch\/wp-content\/uploads\/bsm-images\/A009680_1.png","width":7360,"height":2345,"type":"image\/png"}],"twitter_card":"summary_large_image","twitter_misc":{"Dur\u00e9e de lecture estim\u00e9e":"1 minute"},"schema":{"@context":"https:\/\/schema.org","@graph":[{"@type":"WebPage","@id":"https:\/\/bogensportdiscount.ch\/produkt\/avalon-einzel-armschutz-md-17x8cm-polyester-600d-2-verschluesse\/","url":"https:\/\/bogensportdiscount.ch\/produkt\/avalon-einzel-armschutz-md-17x8cm-polyester-600d-2-verschluesse\/","name":"AVALON Protection de bras individuelle MD 17 x 8 cm, polyester 600D, 2 fermetures - Bogensportdiscount \u2013 Arcs, fl\u00e8ches, cibles et accessoires","isPartOf":{"@id":"https:\/\/bogensportdiscount.ch\/#website"},"primaryImageOfPage":{"@id":"https:\/\/bogensportdiscount.ch\/produkt\/avalon-einzel-armschutz-md-17x8cm-polyester-600d-2-verschluesse\/#primaryimage"},"image":{"@id":"https:\/\/bogensportdiscount.ch\/produkt\/avalon-einzel-armschutz-md-17x8cm-polyester-600d-2-verschluesse\/#primaryimage"},"thumbnailUrl":"https:\/\/bogensportdiscount.ch\/wp-content\/uploads\/bsm-images\/A009680_1.png","datePublished":"2026-04-05T12:35:11+00:00","dateModified":"2026-04-23T13:42:41+00:00","description":"Achetez les prot\u00e8ge-bras AVALON MD 17 x 8 cm en polyester 600D avec 2 fermetures \u00e0 un prix avantageux chez Bogensportdiscount \u2013 Grandes marques, livraison rapide depuis la Suisse.","breadcrumb":{"@id":"https:\/\/bogensportdiscount.ch\/produkt\/avalon-einzel-armschutz-md-17x8cm-polyester-600d-2-verschluesse\/#breadcrumb"},"inLanguage":"fr-FR","potentialAction":[{"@type":"ReadAction","target":["https:\/\/bogensportdiscount.ch\/produkt\/avalon-einzel-armschutz-md-17x8cm-polyester-600d-2-verschluesse\/"]}]},{"@type":"ImageObject","inLanguage":"fr-FR","@id":"https:\/\/bogensportdiscount.ch\/produkt\/avalon-einzel-armschutz-md-17x8cm-polyester-600d-2-verschluesse\/#primaryimage","url":"https:\/\/bogensportdiscount.ch\/wp-content\/uploads\/bsm-images\/A009680_1.png","contentUrl":"https:\/\/bogensportdiscount.ch\/wp-content\/uploads\/bsm-images\/A009680_1.png","width":7360,"height":2345},{"@type":"BreadcrumbList","@id":"https:\/\/bogensportdiscount.ch\/produkt\/avalon-einzel-armschutz-md-17x8cm-polyester-600d-2-verschluesse\/#breadcrumb","itemListElement":[{"@type":"ListItem","position":1,"name":"Home","item":"https:\/\/bogensportdiscount.ch\/"},{"@type":"ListItem","position":2,"name":"Shop","item":"https:\/\/bogensportdiscount.ch\/shop\/"},{"@type":"ListItem","position":3,"name":"AVALON Einzel-Armschutz MD 17x8cm Polyester 600D 2 Verschl\u00fcsse"}]},{"@type":"WebSite","@id":"https:\/\/bogensportdiscount.ch\/#website","url":"https:\/\/bogensportdiscount.ch\/","name":"Bogensportdiscount","description":"","potentialAction":[{"@type":"SearchAction","target":{"@type":"EntryPoint","urlTemplate":"https:\/\/bogensportdiscount.ch\/?s={search_term_string}"},"query-input":{"@type":"PropertyValueSpecification","valueRequired":true,"valueName":"search_term_string"}}],"inLanguage":"fr-FR"}]}},"_links":{"self":[{"href":"https:\/\/bogensportdiscount.ch\/fr\/wp-json\/wp\/v2\/product\/394909","targetHints":{"allow":["GET"]}}],"collection":[{"href":"https:\/\/bogensportdiscount.ch\/fr\/wp-json\/wp\/v2\/product"}],"about":[{"href":"https:\/\/bogensportdiscount.ch\/fr\/wp-json\/wp\/v2\/types\/product"}],"replies":[{"embeddable":true,"href":"https:\/\/bogensportdiscount.ch\/fr\/wp-json\/wp\/v2\/comments?post=394909"}],"wp:featuredmedia":[{"embeddable":true,"href":"https:\/\/bogensportdiscount.ch\/fr\/wp-json\/wp\/v2\/media\/449078"}],"wp:attachment":[{"href":"https:\/\/bogensportdiscount.ch\/fr\/wp-json\/wp\/v2\/media?parent=394909"}],"wp:term":[{"taxonomy":"product_brand","embeddable":true,"href":"https:\/\/bogensportdiscount.ch\/fr\/wp-json\/wp\/v2\/product_brand?post=394909"},{"taxonomy":"product_cat","embeddable":true,"href":"https:\/\/bogensportdiscount.ch\/fr\/wp-json\/wp\/v2\/product_cat?post=394909"},{"taxonomy":"product_tag","embeddable":true,"href":"https:\/\/bogensportdiscount.ch\/fr\/wp-json\/wp\/v2\/product_tag?post=394909"}],"curies":[{"name":"wp","href":"https:\/\/api.w.org\/{rel}","templated":true}]}}