{"id":394905,"date":"2026-04-05T14:35:10","date_gmt":"2026-04-05T12:35:10","guid":{"rendered":"https:\/\/bogensportdiscount.ch\/produkt\/single-armguards-sm-17x6cm-polyester-600d-2-fasteners-black\/"},"modified":"2026-04-23T15:42:41","modified_gmt":"2026-04-23T13:42:41","slug":"avalon-armschutz-single-sm-17x6cm-polyester-600d-2-verschluesse","status":"publish","type":"product","link":"https:\/\/bogensportdiscount.ch\/fr\/produkt\/avalon-armschutz-single-sm-17x6cm-polyester-600d-2-verschluesse\/","title":{"rendered":"AVALON Armschutz Single SM 17x6cm Polyester 600D 2 Verschl\u00fcsse"},"content":{"rendered":"<p>Der AVALON Single Armschutz sch\u00fctzt den Unterarm des Bogensch\u00fctzen zuverl\u00e4ssig vor dem R\u00fcckschlag der Bogensehne. Mit einer Gr\u00f6sse von 17&#215;6 cm und der Bezeichnung SM eignet er sich f\u00fcr kleinere Unterarme und bietet einen soliden Schutzbereich.<\/p>\n<p>Das Material aus 600D Polyester sorgt f\u00fcr Langlebigkeit und angenehmen Tragekomfort. Zwei Klettverschl\u00fcsse erm\u00f6glichen eine individuelle und sichere Passform am Arm.<\/p>\n<ul>\n<li>Gr\u00f6sse SM: 17&#215;6 cm<\/li>\n<li>Material: 600D Polyester<\/li>\n<li>2 Klettverschl\u00fcsse f\u00fcr sicheren Halt<\/li>\n<li>Disponible en noir, bleu et rouge<\/li>\n<\/ul>","protected":false},"excerpt":{"rendered":"<p>Der AVALON Single Armschutz in der Gr\u00f6sse SM (17&#215;6 cm) besteht aus robustem 600D Polyester und wird mit 2 Klettverschl\u00fcssen sicher am Arm befestigt. Erh\u00e4ltlich in den Farben Schwarz, Blau und Rot.<\/p>","protected":false},"featured_media":449071,"comment_status":"open","ping_status":"closed","template":"","meta":[],"product_brand":[449],"product_cat":[4155],"product_tag":[],"class_list":{"0":"post-394905","1":"product","2":"type-product","3":"status-publish","4":"has-post-thumbnail","6":"product_brand-avalon","7":"product_cat-singel-armschutz","8":"product_shipping_class-bsd-standard","10":"first","11":"instock","12":"shipping-taxable","13":"purchasable","14":"product-type-variable"},"yoast_head":"<!-- This site is optimized with the Yoast SEO plugin v27.4 - https:\/\/yoast.com\/product\/yoast-seo-wordpress\/ -->\n<title>Prot\u00e8ge-bras AVALON Single SM 17 x 6 cm, polyester 600D, 2 fermetures - Bogensportdiscount \u2013 Arcs, fl\u00e8ches, cibles et accessoires<\/title>\n<meta name=\"description\" content=\"Achetez les prot\u00e8ge-bras AVALON Single SM 17 x 6 cm en polyester 600D avec 2 fermetures \u00e0 un prix avantageux chez Bogensportdiscount \u2013 Grandes marques, livraison rapide depuis la Suisse.\" \/>\n<meta name=\"robots\" content=\"index, follow, max-snippet:-1, max-image-preview:large, max-video-preview:-1\" \/>\n<link rel=\"canonical\" href=\"https:\/\/bogensportdiscount.ch\/fr\/produit\/avalon-armschutz-single-sm-17x6cm-polyester-600d-2-verschluesse\/\" \/>\n<meta property=\"og:locale\" content=\"fr_FR\" \/>\n<meta property=\"og:type\" content=\"article\" \/>\n<meta property=\"og:title\" content=\"Prot\u00e8ge-bras AVALON Single SM 17 x 6 cm, polyester 600D, 2 fermetures - Bogensportdiscount \u2013 Arcs, fl\u00e8ches, cibles et accessoires\" \/>\n<meta property=\"og:description\" content=\"Achetez les prot\u00e8ge-bras AVALON Single SM 17 x 6 cm en polyester 600D avec 2 fermetures \u00e0 un prix avantageux chez Bogensportdiscount \u2013 Grandes marques, livraison rapide depuis la Suisse.\" \/>\n<meta property=\"og:url\" content=\"https:\/\/bogensportdiscount.ch\/fr\/produit\/avalon-armschutz-single-sm-17x6cm-polyester-600d-2-verschluesse\/\" \/>\n<meta property=\"og:site_name\" content=\"Bogensportdiscount \u2013 B\u00f6gen, Pfeile, Targets &amp; Zubeh\u00f6r\" \/>\n<meta property=\"article:modified_time\" content=\"2026-04-23T13:42:41+00:00\" \/>\n<meta property=\"og:image\" content=\"https:\/\/bogensportdiscount.ch\/wp-content\/uploads\/bsm-images\/A009677_1.png\" \/>\n\t<meta property=\"og:image:width\" content=\"3135\" \/>\n\t<meta property=\"og:image:height\" content=\"2274\" \/>\n\t<meta property=\"og:image:type\" content=\"image\/png\" \/>\n<meta name=\"twitter:card\" content=\"summary_large_image\" \/>\n<script type=\"application\/ld+json\" class=\"yoast-schema-graph\">{\"@context\":\"https:\\\/\\\/schema.org\",\"@graph\":[{\"@type\":\"WebPage\",\"@id\":\"https:\\\/\\\/bogensportdiscount.ch\\\/produkt\\\/avalon-armschutz-single-sm-17x6cm-polyester-600d-2-verschluesse\\\/\",\"url\":\"https:\\\/\\\/bogensportdiscount.ch\\\/produkt\\\/avalon-armschutz-single-sm-17x6cm-polyester-600d-2-verschluesse\\\/\",\"name\":\"AVALON Armschutz Single SM 17x6cm Polyester 600D 2 Verschl\u00fcsse - Bogensportdiscount \u2013 B\u00f6gen, Pfeile, Targets &amp; Zubeh\u00f6r\",\"isPartOf\":{\"@id\":\"https:\\\/\\\/bogensportdiscount.ch\\\/#website\"},\"primaryImageOfPage\":{\"@id\":\"https:\\\/\\\/bogensportdiscount.ch\\\/produkt\\\/avalon-armschutz-single-sm-17x6cm-polyester-600d-2-verschluesse\\\/#primaryimage\"},\"image\":{\"@id\":\"https:\\\/\\\/bogensportdiscount.ch\\\/produkt\\\/avalon-armschutz-single-sm-17x6cm-polyester-600d-2-verschluesse\\\/#primaryimage\"},\"thumbnailUrl\":\"https:\\\/\\\/bogensportdiscount.ch\\\/wp-content\\\/uploads\\\/bsm-images\\\/A009677_1.png\",\"datePublished\":\"2026-04-05T12:35:10+00:00\",\"dateModified\":\"2026-04-23T13:42:41+00:00\",\"description\":\"AVALON Armschutz Single SM 17x6cm Polyester 600D 2 Verschl\u00fcsse g\u00fcnstig kaufen bei Bogensportdiscount \u2013 Top-Marken, schneller Versand aus der Schweiz.\",\"breadcrumb\":{\"@id\":\"https:\\\/\\\/bogensportdiscount.ch\\\/produkt\\\/avalon-armschutz-single-sm-17x6cm-polyester-600d-2-verschluesse\\\/#breadcrumb\"},\"inLanguage\":\"fr-FR\",\"potentialAction\":[{\"@type\":\"ReadAction\",\"target\":[\"https:\\\/\\\/bogensportdiscount.ch\\\/produkt\\\/avalon-armschutz-single-sm-17x6cm-polyester-600d-2-verschluesse\\\/\"]}]},{\"@type\":\"ImageObject\",\"inLanguage\":\"fr-FR\",\"@id\":\"https:\\\/\\\/bogensportdiscount.ch\\\/produkt\\\/avalon-armschutz-single-sm-17x6cm-polyester-600d-2-verschluesse\\\/#primaryimage\",\"url\":\"https:\\\/\\\/bogensportdiscount.ch\\\/wp-content\\\/uploads\\\/bsm-images\\\/A009677_1.png\",\"contentUrl\":\"https:\\\/\\\/bogensportdiscount.ch\\\/wp-content\\\/uploads\\\/bsm-images\\\/A009677_1.png\",\"width\":3135,\"height\":2274},{\"@type\":\"BreadcrumbList\",\"@id\":\"https:\\\/\\\/bogensportdiscount.ch\\\/produkt\\\/avalon-armschutz-single-sm-17x6cm-polyester-600d-2-verschluesse\\\/#breadcrumb\",\"itemListElement\":[{\"@type\":\"ListItem\",\"position\":1,\"name\":\"Home\",\"item\":\"https:\\\/\\\/bogensportdiscount.ch\\\/\"},{\"@type\":\"ListItem\",\"position\":2,\"name\":\"Shop\",\"item\":\"https:\\\/\\\/bogensportdiscount.ch\\\/shop\\\/\"},{\"@type\":\"ListItem\",\"position\":3,\"name\":\"AVALON Armschutz Single SM 17x6cm Polyester 600D 2 Verschl\u00fcsse\"}]},{\"@type\":\"WebSite\",\"@id\":\"https:\\\/\\\/bogensportdiscount.ch\\\/#website\",\"url\":\"https:\\\/\\\/bogensportdiscount.ch\\\/\",\"name\":\"Bogensportdiscount\",\"description\":\"\",\"potentialAction\":[{\"@type\":\"SearchAction\",\"target\":{\"@type\":\"EntryPoint\",\"urlTemplate\":\"https:\\\/\\\/bogensportdiscount.ch\\\/?s={search_term_string}\"},\"query-input\":{\"@type\":\"PropertyValueSpecification\",\"valueRequired\":true,\"valueName\":\"search_term_string\"}}],\"inLanguage\":\"fr-FR\"}]}<\/script>\n<!-- \/ Yoast SEO plugin. -->","yoast_head_json":{"title":"Prot\u00e8ge-bras AVALON Single SM 17 x 6 cm, polyester 600D, 2 fermetures - Bogensportdiscount \u2013 Arcs, fl\u00e8ches, cibles et accessoires","description":"Achetez les prot\u00e8ge-bras AVALON Single SM 17 x 6 cm en polyester 600D avec 2 fermetures \u00e0 un prix avantageux chez Bogensportdiscount \u2013 Grandes marques, livraison rapide depuis la Suisse.","robots":{"index":"index","follow":"follow","max-snippet":"max-snippet:-1","max-image-preview":"max-image-preview:large","max-video-preview":"max-video-preview:-1"},"canonical":"https:\/\/bogensportdiscount.ch\/fr\/produit\/avalon-armschutz-single-sm-17x6cm-polyester-600d-2-verschluesse\/","og_locale":"fr_FR","og_type":"article","og_title":"Prot\u00e8ge-bras AVALON Single SM 17 x 6 cm, polyester 600D, 2 fermetures - Bogensportdiscount \u2013 Arcs, fl\u00e8ches, cibles et accessoires","og_description":"Achetez les prot\u00e8ge-bras AVALON Single SM 17 x 6 cm en polyester 600D avec 2 fermetures \u00e0 un prix avantageux chez Bogensportdiscount \u2013 Grandes marques, livraison rapide depuis la Suisse.","og_url":"https:\/\/bogensportdiscount.ch\/fr\/produit\/avalon-armschutz-single-sm-17x6cm-polyester-600d-2-verschluesse\/","og_site_name":"Bogensportdiscount \u2013 B\u00f6gen, Pfeile, Targets &amp; Zubeh\u00f6r","article_modified_time":"2026-04-23T13:42:41+00:00","og_image":[{"url":"https:\/\/bogensportdiscount.ch\/wp-content\/uploads\/bsm-images\/A009677_1.png","width":3135,"height":2274,"type":"image\/png"}],"twitter_card":"summary_large_image","schema":{"@context":"https:\/\/schema.org","@graph":[{"@type":"WebPage","@id":"https:\/\/bogensportdiscount.ch\/produkt\/avalon-armschutz-single-sm-17x6cm-polyester-600d-2-verschluesse\/","url":"https:\/\/bogensportdiscount.ch\/produkt\/avalon-armschutz-single-sm-17x6cm-polyester-600d-2-verschluesse\/","name":"Prot\u00e8ge-bras AVALON Single SM 17 x 6 cm, polyester 600D, 2 fermetures - Bogensportdiscount \u2013 Arcs, fl\u00e8ches, cibles et accessoires","isPartOf":{"@id":"https:\/\/bogensportdiscount.ch\/#website"},"primaryImageOfPage":{"@id":"https:\/\/bogensportdiscount.ch\/produkt\/avalon-armschutz-single-sm-17x6cm-polyester-600d-2-verschluesse\/#primaryimage"},"image":{"@id":"https:\/\/bogensportdiscount.ch\/produkt\/avalon-armschutz-single-sm-17x6cm-polyester-600d-2-verschluesse\/#primaryimage"},"thumbnailUrl":"https:\/\/bogensportdiscount.ch\/wp-content\/uploads\/bsm-images\/A009677_1.png","datePublished":"2026-04-05T12:35:10+00:00","dateModified":"2026-04-23T13:42:41+00:00","description":"Achetez les prot\u00e8ge-bras AVALON Single SM 17 x 6 cm en polyester 600D avec 2 fermetures \u00e0 un prix avantageux chez Bogensportdiscount \u2013 Grandes marques, livraison rapide depuis la Suisse.","breadcrumb":{"@id":"https:\/\/bogensportdiscount.ch\/produkt\/avalon-armschutz-single-sm-17x6cm-polyester-600d-2-verschluesse\/#breadcrumb"},"inLanguage":"fr-FR","potentialAction":[{"@type":"ReadAction","target":["https:\/\/bogensportdiscount.ch\/produkt\/avalon-armschutz-single-sm-17x6cm-polyester-600d-2-verschluesse\/"]}]},{"@type":"ImageObject","inLanguage":"fr-FR","@id":"https:\/\/bogensportdiscount.ch\/produkt\/avalon-armschutz-single-sm-17x6cm-polyester-600d-2-verschluesse\/#primaryimage","url":"https:\/\/bogensportdiscount.ch\/wp-content\/uploads\/bsm-images\/A009677_1.png","contentUrl":"https:\/\/bogensportdiscount.ch\/wp-content\/uploads\/bsm-images\/A009677_1.png","width":3135,"height":2274},{"@type":"BreadcrumbList","@id":"https:\/\/bogensportdiscount.ch\/produkt\/avalon-armschutz-single-sm-17x6cm-polyester-600d-2-verschluesse\/#breadcrumb","itemListElement":[{"@type":"ListItem","position":1,"name":"Home","item":"https:\/\/bogensportdiscount.ch\/"},{"@type":"ListItem","position":2,"name":"Shop","item":"https:\/\/bogensportdiscount.ch\/shop\/"},{"@type":"ListItem","position":3,"name":"AVALON Armschutz Single SM 17x6cm Polyester 600D 2 Verschl\u00fcsse"}]},{"@type":"WebSite","@id":"https:\/\/bogensportdiscount.ch\/#website","url":"https:\/\/bogensportdiscount.ch\/","name":"Bogensportdiscount","description":"","potentialAction":[{"@type":"SearchAction","target":{"@type":"EntryPoint","urlTemplate":"https:\/\/bogensportdiscount.ch\/?s={search_term_string}"},"query-input":{"@type":"PropertyValueSpecification","valueRequired":true,"valueName":"search_term_string"}}],"inLanguage":"fr-FR"}]}},"_links":{"self":[{"href":"https:\/\/bogensportdiscount.ch\/fr\/wp-json\/wp\/v2\/product\/394905","targetHints":{"allow":["GET"]}}],"collection":[{"href":"https:\/\/bogensportdiscount.ch\/fr\/wp-json\/wp\/v2\/product"}],"about":[{"href":"https:\/\/bogensportdiscount.ch\/fr\/wp-json\/wp\/v2\/types\/product"}],"replies":[{"embeddable":true,"href":"https:\/\/bogensportdiscount.ch\/fr\/wp-json\/wp\/v2\/comments?post=394905"}],"wp:featuredmedia":[{"embeddable":true,"href":"https:\/\/bogensportdiscount.ch\/fr\/wp-json\/wp\/v2\/media\/449071"}],"wp:attachment":[{"href":"https:\/\/bogensportdiscount.ch\/fr\/wp-json\/wp\/v2\/media?parent=394905"}],"wp:term":[{"taxonomy":"product_brand","embeddable":true,"href":"https:\/\/bogensportdiscount.ch\/fr\/wp-json\/wp\/v2\/product_brand?post=394905"},{"taxonomy":"product_cat","embeddable":true,"href":"https:\/\/bogensportdiscount.ch\/fr\/wp-json\/wp\/v2\/product_cat?post=394905"},{"taxonomy":"product_tag","embeddable":true,"href":"https:\/\/bogensportdiscount.ch\/fr\/wp-json\/wp\/v2\/product_tag?post=394905"}],"curies":[{"name":"wp","href":"https:\/\/api.w.org\/{rel}","templated":true}]}}