{"id":394846,"date":"2026-04-05T14:35:04","date_gmt":"2026-04-05T12:35:04","guid":{"rendered":"https:\/\/bogensportdiscount.ch\/produkt\/compound-m1-rotating-mod-20-70lbs-19-30-rh-black\/"},"modified":"2026-04-17T13:33:09","modified_gmt":"2026-04-17T11:33:09","slug":"topoint-compoundbogen-m1-rotating-mod-20-70-lbs-19-30-rh","status":"publish","type":"product","link":"https:\/\/bogensportdiscount.ch\/fr\/produit\/topoint-compoundbogen-m1-rotating-mod-20-70-lbs-19-30-rh\/","title":{"rendered":"TOPOINT COMPOUND M1 ROTATING MOD 20-70LBS \/ 19\u2033-30\u2033 \/ RH \/"},"content":{"rendered":"<p>Der TOPOINT M1 ist ein vielseitiger Compoundbogen, der sich dank des rotierenden Moduls \u00fcber einen breiten Zuggewichts- und Auszugsl\u00e4ngenbereich anpassen l\u00e4sst. Mit 20 bis 70 lbs Zuggewicht und einer Auszugsl\u00e4nge von 19 bis 30 Zoll eignet er sich sowohl f\u00fcr Einsteiger als auch f\u00fcr Sch\u00fctzen mit wachsendem Leistungsniveau.<\/p>\n<p>Das rotierende Modul erm\u00f6glicht eine einfache Anpassung der Auszugsl\u00e4nge, ohne dass ein vollst\u00e4ndiger Modulwechsel notwendig ist. Der Bogen ist f\u00fcr Rechtsh\u00e4nder ausgelegt und in den Ausf\u00fchrungen Schwarz und Camouflage erh\u00e4ltlich.<\/p>\n<ul>\n<li>Zuggewicht: 20\u201370 lbs stufenlos einstellbar<\/li>\n<li>Auszugsl\u00e4nge: 19\u201330 Zoll \u00fcber rotierendes Modul anpassbar<\/li>\n<li>F\u00fcr Rechtsh\u00e4nder (RH)<\/li>\n<li>Erh\u00e4ltlich in Schwarz und Camouflage<\/li>\n<\/ul>","protected":false},"excerpt":{"rendered":"<p><strong>Marque :<\/strong> Topoint<br \/><strong>Axle-to-axle (inch):<\/strong> 28<br \/><strong>Brace height (inch):<\/strong> 7<br \/><strong>Module:<\/strong> Rotating mod<br \/><strong>Let Off %:<\/strong> 80<br \/><strong>mat\u00e9riel :<\/strong> Aluminum<\/p>","protected":false},"featured_media":449058,"comment_status":"open","ping_status":"closed","template":"","meta":[],"product_brand":[436],"product_cat":[4524],"product_tag":[],"class_list":{"0":"post-394846","1":"product","2":"type-product","3":"status-publish","4":"has-post-thumbnail","6":"product_brand-topoint","7":"product_cat-jagdboegen-compound-boegen-boegen","9":"first","10":"instock","11":"shipping-taxable","12":"purchasable","13":"product-type-variable"},"_links":{"self":[{"href":"https:\/\/bogensportdiscount.ch\/fr\/wp-json\/wp\/v2\/product\/394846","targetHints":{"allow":["GET"]}}],"collection":[{"href":"https:\/\/bogensportdiscount.ch\/fr\/wp-json\/wp\/v2\/product"}],"about":[{"href":"https:\/\/bogensportdiscount.ch\/fr\/wp-json\/wp\/v2\/types\/product"}],"replies":[{"embeddable":true,"href":"https:\/\/bogensportdiscount.ch\/fr\/wp-json\/wp\/v2\/comments?post=394846"}],"wp:featuredmedia":[{"embeddable":true,"href":"https:\/\/bogensportdiscount.ch\/fr\/wp-json\/wp\/v2\/media\/449058"}],"wp:attachment":[{"href":"https:\/\/bogensportdiscount.ch\/fr\/wp-json\/wp\/v2\/media?parent=394846"}],"wp:term":[{"taxonomy":"product_brand","embeddable":true,"href":"https:\/\/bogensportdiscount.ch\/fr\/wp-json\/wp\/v2\/product_brand?post=394846"},{"taxonomy":"product_cat","embeddable":true,"href":"https:\/\/bogensportdiscount.ch\/fr\/wp-json\/wp\/v2\/product_cat?post=394846"},{"taxonomy":"product_tag","embeddable":true,"href":"https:\/\/bogensportdiscount.ch\/fr\/wp-json\/wp\/v2\/product_tag?post=394846"}],"curies":[{"name":"wp","href":"https:\/\/api.w.org\/{rel}","templated":true}]}}