{"id":394781,"date":"2026-04-05T14:34:55","date_gmt":"2026-04-05T12:34:55","guid":{"rendered":"https:\/\/bogensportdiscount.ch\/produkt\/targets-3-d-chamois-summer-color-grazing-group-2-l93cm-h80\/"},"modified":"2026-05-14T15:25:27","modified_gmt":"2026-05-14T13:25:27","slug":"srt-targets-3d-ziel-gaemse-sommerfarbe-grasend-gruppe-2-l93cm-h80cm","status":"publish","type":"product","link":"https:\/\/bogensportdiscount.ch\/fr\/produit\/srt-targets-3d-ziel-gaemse-sommerfarbe-grasend-gruppe-2-l93cm-h80cm\/","title":{"rendered":"SRT CIBLE 3D CHAMOIS COULEUR EN TRAIN DE PA\u00ceTRE &#8211; GROUPE 2 &#8211; L93cm H80"},"content":{"rendered":"<p>La cible 3D chamois de SRT Targets repr\u00e9sente un chamois en train de brouter dans sa couleur naturelle estivale et s'adresse aux archers \u00e0 la recherche de cibles animali\u00e8res r\u00e9alistes pour l'entra\u00eenement et la comp\u00e9tition. L'attribution au groupe 2 correspond aux classifications courantes des parcours 3D et d\u00e9finit les distances de tir pour les comp\u00e9titions.<\/p>\n<p>Avec une longueur de 93 cm et une hauteur de 80 cm, le mod\u00e8le offre un format de cible proche de la r\u00e9alit\u00e9. Le produit est fabriqu\u00e9 en Italie.<\/p>\n<ul>\n<li>Chamois r\u00e9aliste en couleur estivale, pose en train de brouter<\/li>\n<li>Classification groupe 2 pour les parcours et les comp\u00e9titions<\/li>\n<li>Dimensions : L93 cm \/ H80 cm<\/li>\n<li>Fabriqu\u00e9 en Italie par SRT Targets<\/li>\n<\/ul>","protected":false},"excerpt":{"rendered":"<table>\n<tr>\n<th>Propri\u00e9t\u00e9<\/th>\n<th>Valeur<\/th>\n<\/tr>\n<tr>\n<td>Marque<\/td>\n<td>SRT Targets<\/td>\n<\/tr>\n<tr>\n<td>Pays d'origine<\/td>\n<td>Italie<\/td>\n<\/tr>\n<\/table>","protected":false},"featured_media":449028,"comment_status":"open","ping_status":"closed","template":"","meta":[],"product_brand":[410],"product_cat":[4313],"product_tag":[],"class_list":{"0":"post-394781","1":"product","2":"type-product","3":"status-publish","4":"has-post-thumbnail","6":"product_brand-srt","7":"product_cat-schafe-ziegen","8":"product_shipping_class-bsd-sperrgut","10":"first","11":"instock","12":"shipping-taxable","13":"purchasable","14":"product-type-variable"},"yoast_head":"<!-- This site is optimized with the Yoast SEO plugin v27.6 - https:\/\/yoast.com\/product\/yoast-seo-wordpress\/ -->\n<title>SRT 3D-ZIEL GEMSE FARBE WEIDEND - GRUPPE 2 - L93cm H80 - Bogensportdiscount \u2013 B\u00f6gen, Pfeile, Targets &amp; Zubeh\u00f6r<\/title>\n<meta name=\"description\" content=\"SRT 3D-ZIEL GEMSE FARBE WEIDEND - GRUPPE 2 - L93cm H80 g\u00fcnstig kaufen bei Bogensportdiscount \u2013 Top-Marken, schneller Versand aus der Schweiz.\" \/>\n<meta name=\"robots\" content=\"index, follow, max-snippet:-1, max-image-preview:large, max-video-preview:-1\" \/>\n<link rel=\"canonical\" href=\"https:\/\/bogensportdiscount.ch\/fr\/produit\/srt-targets-3d-ziel-gaemse-sommerfarbe-grasend-gruppe-2-l93cm-h80cm\/\" \/>\n<meta property=\"og:locale\" content=\"fr_FR\" \/>\n<meta property=\"og:type\" content=\"article\" \/>\n<meta property=\"og:title\" content=\"SRT 3D-ZIEL GEMSE FARBE WEIDEND - GRUPPE 2 - L93cm H80 - Bogensportdiscount \u2013 B\u00f6gen, Pfeile, Targets &amp; Zubeh\u00f6r\" \/>\n<meta property=\"og:description\" content=\"SRT 3D-ZIEL GEMSE FARBE WEIDEND - GRUPPE 2 - L93cm H80 g\u00fcnstig kaufen bei Bogensportdiscount \u2013 Top-Marken, schneller Versand aus der Schweiz.\" \/>\n<meta property=\"og:url\" content=\"https:\/\/bogensportdiscount.ch\/fr\/produit\/srt-targets-3d-ziel-gaemse-sommerfarbe-grasend-gruppe-2-l93cm-h80cm\/\" \/>\n<meta property=\"og:site_name\" content=\"Bogensportdiscount \u2013 B\u00f6gen, Pfeile, Targets &amp; Zubeh\u00f6r\" \/>\n<meta property=\"article:modified_time\" content=\"2026-05-14T13:25:27+00:00\" \/>\n<meta property=\"og:image\" content=\"https:\/\/bogensportdiscount.ch\/wp-content\/uploads\/bsm-images\/A001553_1.jpg\" \/>\n\t<meta property=\"og:image:width\" content=\"3648\" \/>\n\t<meta property=\"og:image:height\" content=\"2736\" \/>\n\t<meta property=\"og:image:type\" content=\"image\/jpeg\" \/>\n<meta name=\"twitter:card\" content=\"summary_large_image\" \/>\n<script type=\"application\/ld+json\" class=\"yoast-schema-graph\">{\"@context\":\"https:\\\/\\\/schema.org\",\"@graph\":[{\"@type\":\"WebPage\",\"@id\":\"https:\\\/\\\/bogensportdiscount.ch\\\/produkt\\\/srt-targets-3d-ziel-gaemse-sommerfarbe-grasend-gruppe-2-l93cm-h80cm\\\/\",\"url\":\"https:\\\/\\\/bogensportdiscount.ch\\\/produkt\\\/srt-targets-3d-ziel-gaemse-sommerfarbe-grasend-gruppe-2-l93cm-h80cm\\\/\",\"name\":\"SRT 3D-ZIEL GEMSE FARBE WEIDEND - GRUPPE 2 - L93cm H80 - Bogensportdiscount \u2013 B\u00f6gen, Pfeile, Targets &amp; Zubeh\u00f6r\",\"isPartOf\":{\"@id\":\"https:\\\/\\\/bogensportdiscount.ch\\\/#website\"},\"primaryImageOfPage\":{\"@id\":\"https:\\\/\\\/bogensportdiscount.ch\\\/produkt\\\/srt-targets-3d-ziel-gaemse-sommerfarbe-grasend-gruppe-2-l93cm-h80cm\\\/#primaryimage\"},\"image\":{\"@id\":\"https:\\\/\\\/bogensportdiscount.ch\\\/produkt\\\/srt-targets-3d-ziel-gaemse-sommerfarbe-grasend-gruppe-2-l93cm-h80cm\\\/#primaryimage\"},\"thumbnailUrl\":\"https:\\\/\\\/bogensportdiscount.ch\\\/wp-content\\\/uploads\\\/bsm-images\\\/A001553_1.jpg\",\"datePublished\":\"2026-04-05T12:34:55+00:00\",\"dateModified\":\"2026-05-14T13:25:27+00:00\",\"description\":\"SRT 3D-ZIEL GEMSE FARBE WEIDEND - GRUPPE 2 - L93cm H80 g\u00fcnstig kaufen bei Bogensportdiscount \u2013 Top-Marken, schneller Versand aus der Schweiz.\",\"breadcrumb\":{\"@id\":\"https:\\\/\\\/bogensportdiscount.ch\\\/produkt\\\/srt-targets-3d-ziel-gaemse-sommerfarbe-grasend-gruppe-2-l93cm-h80cm\\\/#breadcrumb\"},\"inLanguage\":\"fr-FR\",\"potentialAction\":[{\"@type\":\"ReadAction\",\"target\":[\"https:\\\/\\\/bogensportdiscount.ch\\\/produkt\\\/srt-targets-3d-ziel-gaemse-sommerfarbe-grasend-gruppe-2-l93cm-h80cm\\\/\"]}]},{\"@type\":\"ImageObject\",\"inLanguage\":\"fr-FR\",\"@id\":\"https:\\\/\\\/bogensportdiscount.ch\\\/produkt\\\/srt-targets-3d-ziel-gaemse-sommerfarbe-grasend-gruppe-2-l93cm-h80cm\\\/#primaryimage\",\"url\":\"https:\\\/\\\/bogensportdiscount.ch\\\/wp-content\\\/uploads\\\/bsm-images\\\/A001553_1.jpg\",\"contentUrl\":\"https:\\\/\\\/bogensportdiscount.ch\\\/wp-content\\\/uploads\\\/bsm-images\\\/A001553_1.jpg\",\"width\":3648,\"height\":2736},{\"@type\":\"BreadcrumbList\",\"@id\":\"https:\\\/\\\/bogensportdiscount.ch\\\/produkt\\\/srt-targets-3d-ziel-gaemse-sommerfarbe-grasend-gruppe-2-l93cm-h80cm\\\/#breadcrumb\",\"itemListElement\":[{\"@type\":\"ListItem\",\"position\":1,\"name\":\"Home\",\"item\":\"https:\\\/\\\/bogensportdiscount.ch\\\/\"},{\"@type\":\"ListItem\",\"position\":2,\"name\":\"Shop\",\"item\":\"https:\\\/\\\/bogensportdiscount.ch\\\/shop\\\/\"},{\"@type\":\"ListItem\",\"position\":3,\"name\":\"SRT TARGETS 3-D CHAMOIS COLOR GRAZING &#8211; GROUP 2 &#8211; L93cm H80\"}]},{\"@type\":\"WebSite\",\"@id\":\"https:\\\/\\\/bogensportdiscount.ch\\\/#website\",\"url\":\"https:\\\/\\\/bogensportdiscount.ch\\\/\",\"name\":\"Bogensportdiscount\",\"description\":\"\",\"potentialAction\":[{\"@type\":\"SearchAction\",\"target\":{\"@type\":\"EntryPoint\",\"urlTemplate\":\"https:\\\/\\\/bogensportdiscount.ch\\\/?s={search_term_string}\"},\"query-input\":{\"@type\":\"PropertyValueSpecification\",\"valueRequired\":true,\"valueName\":\"search_term_string\"}}],\"inLanguage\":\"fr-FR\"}]}<\/script>\n<!-- \/ Yoast SEO plugin. -->","yoast_head_json":{"title":"SRT 3D-ZIEL GEMSE FARBE WEIDEND - GRUPPE 2 - L93cm H80 - Bogensportdiscount \u2013 B\u00f6gen, Pfeile, Targets &amp; Zubeh\u00f6r","description":"SRT 3D-ZIEL GEMSE FARBE WEIDEND - GRUPPE 2 - L93cm H80 g\u00fcnstig kaufen bei Bogensportdiscount \u2013 Top-Marken, schneller Versand aus der Schweiz.","robots":{"index":"index","follow":"follow","max-snippet":"max-snippet:-1","max-image-preview":"max-image-preview:large","max-video-preview":"max-video-preview:-1"},"canonical":"https:\/\/bogensportdiscount.ch\/fr\/produit\/srt-targets-3d-ziel-gaemse-sommerfarbe-grasend-gruppe-2-l93cm-h80cm\/","og_locale":"fr_FR","og_type":"article","og_title":"SRT 3D-ZIEL GEMSE FARBE WEIDEND - GRUPPE 2 - L93cm H80 - Bogensportdiscount \u2013 B\u00f6gen, Pfeile, Targets &amp; Zubeh\u00f6r","og_description":"SRT 3D-ZIEL GEMSE FARBE WEIDEND - GRUPPE 2 - L93cm H80 g\u00fcnstig kaufen bei Bogensportdiscount \u2013 Top-Marken, schneller Versand aus der Schweiz.","og_url":"https:\/\/bogensportdiscount.ch\/fr\/produit\/srt-targets-3d-ziel-gaemse-sommerfarbe-grasend-gruppe-2-l93cm-h80cm\/","og_site_name":"Bogensportdiscount \u2013 B\u00f6gen, Pfeile, Targets &amp; Zubeh\u00f6r","article_modified_time":"2026-05-14T13:25:27+00:00","og_image":[{"width":3648,"height":2736,"url":"https:\/\/bogensportdiscount.ch\/wp-content\/uploads\/bsm-images\/A001553_1.jpg","type":"image\/jpeg"}],"twitter_card":"summary_large_image","schema":{"@context":"https:\/\/schema.org","@graph":[{"@type":"WebPage","@id":"https:\/\/bogensportdiscount.ch\/produkt\/srt-targets-3d-ziel-gaemse-sommerfarbe-grasend-gruppe-2-l93cm-h80cm\/","url":"https:\/\/bogensportdiscount.ch\/produkt\/srt-targets-3d-ziel-gaemse-sommerfarbe-grasend-gruppe-2-l93cm-h80cm\/","name":"SRT 3D-ZIEL GEMSE FARBE WEIDEND - GRUPPE 2 - L93cm H80 - Bogensportdiscount \u2013 B\u00f6gen, Pfeile, Targets &amp; Zubeh\u00f6r","isPartOf":{"@id":"https:\/\/bogensportdiscount.ch\/#website"},"primaryImageOfPage":{"@id":"https:\/\/bogensportdiscount.ch\/produkt\/srt-targets-3d-ziel-gaemse-sommerfarbe-grasend-gruppe-2-l93cm-h80cm\/#primaryimage"},"image":{"@id":"https:\/\/bogensportdiscount.ch\/produkt\/srt-targets-3d-ziel-gaemse-sommerfarbe-grasend-gruppe-2-l93cm-h80cm\/#primaryimage"},"thumbnailUrl":"https:\/\/bogensportdiscount.ch\/wp-content\/uploads\/bsm-images\/A001553_1.jpg","datePublished":"2026-04-05T12:34:55+00:00","dateModified":"2026-05-14T13:25:27+00:00","description":"SRT 3D-ZIEL GEMSE FARBE WEIDEND - GRUPPE 2 - L93cm H80 g\u00fcnstig kaufen bei Bogensportdiscount \u2013 Top-Marken, schneller Versand aus der Schweiz.","breadcrumb":{"@id":"https:\/\/bogensportdiscount.ch\/produkt\/srt-targets-3d-ziel-gaemse-sommerfarbe-grasend-gruppe-2-l93cm-h80cm\/#breadcrumb"},"inLanguage":"fr-FR","potentialAction":[{"@type":"ReadAction","target":["https:\/\/bogensportdiscount.ch\/produkt\/srt-targets-3d-ziel-gaemse-sommerfarbe-grasend-gruppe-2-l93cm-h80cm\/"]}]},{"@type":"ImageObject","inLanguage":"fr-FR","@id":"https:\/\/bogensportdiscount.ch\/produkt\/srt-targets-3d-ziel-gaemse-sommerfarbe-grasend-gruppe-2-l93cm-h80cm\/#primaryimage","url":"https:\/\/bogensportdiscount.ch\/wp-content\/uploads\/bsm-images\/A001553_1.jpg","contentUrl":"https:\/\/bogensportdiscount.ch\/wp-content\/uploads\/bsm-images\/A001553_1.jpg","width":3648,"height":2736},{"@type":"BreadcrumbList","@id":"https:\/\/bogensportdiscount.ch\/produkt\/srt-targets-3d-ziel-gaemse-sommerfarbe-grasend-gruppe-2-l93cm-h80cm\/#breadcrumb","itemListElement":[{"@type":"ListItem","position":1,"name":"Home","item":"https:\/\/bogensportdiscount.ch\/"},{"@type":"ListItem","position":2,"name":"Shop","item":"https:\/\/bogensportdiscount.ch\/shop\/"},{"@type":"ListItem","position":3,"name":"SRT TARGETS 3-D CHAMOIS COLOR GRAZING &#8211; GROUP 2 &#8211; L93cm H80"}]},{"@type":"WebSite","@id":"https:\/\/bogensportdiscount.ch\/#website","url":"https:\/\/bogensportdiscount.ch\/","name":"Bogensportdiscount","description":"","potentialAction":[{"@type":"SearchAction","target":{"@type":"EntryPoint","urlTemplate":"https:\/\/bogensportdiscount.ch\/?s={search_term_string}"},"query-input":{"@type":"PropertyValueSpecification","valueRequired":true,"valueName":"search_term_string"}}],"inLanguage":"fr-FR"}]}},"_links":{"self":[{"href":"https:\/\/bogensportdiscount.ch\/fr\/wp-json\/wp\/v2\/product\/394781","targetHints":{"allow":["GET"]}}],"collection":[{"href":"https:\/\/bogensportdiscount.ch\/fr\/wp-json\/wp\/v2\/product"}],"about":[{"href":"https:\/\/bogensportdiscount.ch\/fr\/wp-json\/wp\/v2\/types\/product"}],"replies":[{"embeddable":true,"href":"https:\/\/bogensportdiscount.ch\/fr\/wp-json\/wp\/v2\/comments?post=394781"}],"wp:featuredmedia":[{"embeddable":true,"href":"https:\/\/bogensportdiscount.ch\/fr\/wp-json\/wp\/v2\/media\/449028"}],"wp:attachment":[{"href":"https:\/\/bogensportdiscount.ch\/fr\/wp-json\/wp\/v2\/media?parent=394781"}],"wp:term":[{"taxonomy":"product_brand","embeddable":true,"href":"https:\/\/bogensportdiscount.ch\/fr\/wp-json\/wp\/v2\/product_brand?post=394781"},{"taxonomy":"product_cat","embeddable":true,"href":"https:\/\/bogensportdiscount.ch\/fr\/wp-json\/wp\/v2\/product_cat?post=394781"},{"taxonomy":"product_tag","embeddable":true,"href":"https:\/\/bogensportdiscount.ch\/fr\/wp-json\/wp\/v2\/product_tag?post=394781"}],"curies":[{"name":"wp","href":"https:\/\/api.w.org\/{rel}","templated":true}]}}