{"id":394774,"date":"2026-04-05T14:34:53","date_gmt":"2026-04-05T12:34:53","guid":{"rendered":"https:\/\/bogensportdiscount.ch\/produkt\/b3archery-back-tension-releases-coop-pro-brass-back-tension-3-finger\/"},"modified":"2026-04-12T20:20:29","modified_gmt":"2026-04-12T18:20:29","slug":"b3archery-back-tension-release-coop-pro-brass-3-finger","status":"publish","type":"product","link":"https:\/\/bogensportdiscount.ch\/fr\/produit\/b3archery-back-tension-release-coop-pro-brass-3-finger\/","title":{"rendered":"B3ARCHERY BACK TENSION RELEASES COOP PRO BRASS - BACK TENSION 3-FINGER"},"content":{"rendered":"<p>Der B3ARCHERY Coop Pro Brass ist ein Back Tension Release in Messingausf\u00fchrung, ausgelegt f\u00fcr die 3-Finger-Bedienung. Back Tension Releases werden ohne direkten Fingerdruck auf einen Ausl\u00f6ser aktiviert \u2014 die Ausl\u00f6sung erfolgt durch eine gleichm\u00e4ssige Zugbewegung mit den R\u00fcckenmuskeln.<\/p>\n<p>Diese Ausl\u00f6setechnik f\u00f6rdert eine ruhige und wiederholbare Schussabgabe, da unkontrolliertes Antizipieren des Schusses reduziert wird. Der Coop Pro Brass richtet sich an Recurve- und Compoundbogensch\u00fctzen, die ihre Schussform und Konsistenz verbessern m\u00f6chten.<\/p>\n<ul>\n<li>Back Tension Ausl\u00f6semechanismus<\/li>\n<li>Ausf\u00fchrung in Messing (Brass)<\/li>\n<li>3-Finger-Bedienung<\/li>\n<li>Geeignet f\u00fcr Training und Wettkampf<\/li>\n<\/ul>","protected":false},"excerpt":{"rendered":"<p><strong>Marque :<\/strong> B3 Archery<br \/><strong>Farbe:<\/strong> Bronze<br \/><strong>Typ:<\/strong> 3-finger<br \/><strong>mat\u00e9riel :<\/strong> Messing<br \/><strong>GTIN:<\/strong> 850001576703<\/p>","protected":false},"featured_media":440446,"comment_status":"open","ping_status":"closed","template":"","meta":[],"product_brand":[629],"product_cat":[4348],"product_tag":[3546],"class_list":{"0":"post-394774","1":"product","2":"type-product","3":"status-publish","4":"has-post-thumbnail","6":"product_brand-b3archery","7":"product_cat-back-tension-releases","8":"product_tag-neuheit","10":"first","11":"instock","12":"shipping-taxable","13":"purchasable","14":"product-type-simple"},"_links":{"self":[{"href":"https:\/\/bogensportdiscount.ch\/fr\/wp-json\/wp\/v2\/product\/394774","targetHints":{"allow":["GET"]}}],"collection":[{"href":"https:\/\/bogensportdiscount.ch\/fr\/wp-json\/wp\/v2\/product"}],"about":[{"href":"https:\/\/bogensportdiscount.ch\/fr\/wp-json\/wp\/v2\/types\/product"}],"replies":[{"embeddable":true,"href":"https:\/\/bogensportdiscount.ch\/fr\/wp-json\/wp\/v2\/comments?post=394774"}],"wp:featuredmedia":[{"embeddable":true,"href":"https:\/\/bogensportdiscount.ch\/fr\/wp-json\/wp\/v2\/media\/440446"}],"wp:attachment":[{"href":"https:\/\/bogensportdiscount.ch\/fr\/wp-json\/wp\/v2\/media?parent=394774"}],"wp:term":[{"taxonomy":"product_brand","embeddable":true,"href":"https:\/\/bogensportdiscount.ch\/fr\/wp-json\/wp\/v2\/product_brand?post=394774"},{"taxonomy":"product_cat","embeddable":true,"href":"https:\/\/bogensportdiscount.ch\/fr\/wp-json\/wp\/v2\/product_cat?post=394774"},{"taxonomy":"product_tag","embeddable":true,"href":"https:\/\/bogensportdiscount.ch\/fr\/wp-json\/wp\/v2\/product_tag?post=394774"}],"curies":[{"name":"wp","href":"https:\/\/api.w.org\/{rel}","templated":true}]}}