{"id":394770,"date":"2026-04-05T14:34:52","date_gmt":"2026-04-05T12:34:52","guid":{"rendered":"https:\/\/bogensportdiscount.ch\/produkt\/blackgold-hunting-3d-sight-ascent-mountain-lite-hd-dual-track-4-dovetail-2-pin-vertical-019-rh-black\/"},"modified":"2026-04-16T13:28:31","modified_gmt":"2026-04-16T11:28:31","slug":"blackgold-jagd-3d-visier-ascent-mountain-lite-hd-dual-track-4-dovetail-2-pin-vertikal-019-rh-schwarz","status":"publish","type":"product","link":"https:\/\/bogensportdiscount.ch\/fr\/produit\/blackgold-jagd-3d-visier-ascent-mountain-lite-hd-dual-track-4-dovetail-2-pin-vertikal-019-rh-schwarz\/","title":{"rendered":"BLACKGOLD HUNTING &amp; 3D SIGHT ASCENT MOUNTAIN LITE HD DUAL TRACK 4\u2033 DOVETAIL \/ 2 PIN VERTICAL .019\u2033 RH BLACK"},"content":{"rendered":"<p>Das BLACKGOLD Ascent Mountain Lite HD Dual Track ist ein Compound-Visier, das speziell f\u00fcr die Jagd und den 3D-Bogensport entwickelt wurde. Die 4&#8243;-Dovetail-Konstruktion erm\u00f6glicht eine stabile und pr\u00e4zise Montage am Bogen, w\u00e4hrend das Dual-Track-System eine gleichm\u00e4ssige F\u00fchrung und zuverl\u00e4ssige Einstellung der Sichtlinie gew\u00e4hrleistet.<\/p>\n<p>Mit zwei vertikalen Pins in der St\u00e4rke .019&#8243; bietet das Visier klare Zielmarkierungen f\u00fcr verschiedene Distanzen. Das leichte Design des Ascent Mountain Lite HD ist auf den Einsatz im Gel\u00e4nde ausgelegt und eignet sich f\u00fcr Rechtsh\u00e4nder.<\/p>\n<ul>\n<li>Dual-Track-System f\u00fcr pr\u00e4zise Einstellbarkeit<\/li>\n<li>4&#8243; Dovetail-Montage f\u00fcr sichere Befestigung<\/li>\n<li>2 vertikale Pins in .019&#8243; St\u00e4rke<\/li>\n<li>Leichtbauweise f\u00fcr Jagd und 3D-Parcours<\/li>\n<\/ul>","protected":false},"excerpt":{"rendered":"<p><strong>Marque :<\/strong> Black Gold<br \/><strong>LH\/RH:<\/strong> RH<br \/><strong>Farbe:<\/strong> Schwarz<br \/><strong>Pin count:<\/strong> 2<br \/><strong>Pin size:<\/strong> 019<\/p>","protected":false},"featured_media":440452,"comment_status":"open","ping_status":"closed","template":"","meta":[],"product_brand":[513],"product_cat":[4263],"product_tag":[3546],"class_list":{"0":"post-394770","1":"product","2":"type-product","3":"status-publish","4":"has-post-thumbnail","6":"product_brand-blackgold","7":"product_cat-jagd-und-3d-visiere","8":"product_tag-neuheit","10":"first","11":"instock","12":"shipping-taxable","13":"purchasable","14":"product-type-simple"},"_links":{"self":[{"href":"https:\/\/bogensportdiscount.ch\/fr\/wp-json\/wp\/v2\/product\/394770","targetHints":{"allow":["GET"]}}],"collection":[{"href":"https:\/\/bogensportdiscount.ch\/fr\/wp-json\/wp\/v2\/product"}],"about":[{"href":"https:\/\/bogensportdiscount.ch\/fr\/wp-json\/wp\/v2\/types\/product"}],"replies":[{"embeddable":true,"href":"https:\/\/bogensportdiscount.ch\/fr\/wp-json\/wp\/v2\/comments?post=394770"}],"wp:featuredmedia":[{"embeddable":true,"href":"https:\/\/bogensportdiscount.ch\/fr\/wp-json\/wp\/v2\/media\/440452"}],"wp:attachment":[{"href":"https:\/\/bogensportdiscount.ch\/fr\/wp-json\/wp\/v2\/media?parent=394770"}],"wp:term":[{"taxonomy":"product_brand","embeddable":true,"href":"https:\/\/bogensportdiscount.ch\/fr\/wp-json\/wp\/v2\/product_brand?post=394770"},{"taxonomy":"product_cat","embeddable":true,"href":"https:\/\/bogensportdiscount.ch\/fr\/wp-json\/wp\/v2\/product_cat?post=394770"},{"taxonomy":"product_tag","embeddable":true,"href":"https:\/\/bogensportdiscount.ch\/fr\/wp-json\/wp\/v2\/product_tag?post=394770"}],"curies":[{"name":"wp","href":"https:\/\/api.w.org\/{rel}","templated":true}]}}