{"id":394767,"date":"2026-04-05T14:34:51","date_gmt":"2026-04-05T12:34:51","guid":{"rendered":"https:\/\/bogensportdiscount.ch\/produkt\/axcel-driver-plus-slider-for-mathews-bridge-lock-accustat-ii-scope-rh-3-pin-010-stealth\/"},"modified":"2026-04-23T07:38:19","modified_gmt":"2026-04-23T05:38:19","slug":"axcel-driver-plus-slider-mathews-bridge-lock-accustat-ii-visier-rh-3-pin-010-stealth","status":"publish","type":"product","link":"https:\/\/bogensportdiscount.ch\/fr\/produit\/axcel-driver-plus-slider-mathews-bridge-lock-accustat-ii-visier-rh-3-pin-010-stealth\/","title":{"rendered":"AXCEL DRIVER PLUS SLIDER FUER MATHEWS BRIDGE-LOCK ACCUSTAT II ZIELFERNROHR &#8211; RH 3-PIN .010 &#8211; STEALTH"},"content":{"rendered":"<p>Der Axcel Driver Plus Slider ist ein Mehrdistanz-Visier-Aufsatz, der speziell f\u00fcr die Mathews Bridge-Lock Montage konzipiert wurde. Er ist kompatibel mit dem Accustat II Scope und erm\u00f6glicht eine direkte Befestigung ohne zus\u00e4tzliche Adapter.<\/p>\n<p>Das Modell ist f\u00fcr Rechtsh\u00e4nder ausgelegt und verf\u00fcgt \u00fcber 3 Pins in der Gr\u00f6sse .010. Die Stealth-Ausf\u00fchrung in Schwarz sorgt f\u00fcr eine unauff\u00e4llige Optik, wie sie im Jagd- und 3D-Bereich gefragt ist.<\/p>\n<ul>\n<li>Kompatibel mit Mathews Bridge-Lock System<\/li>\n<li>Direct-Mount-Befestigung f\u00fcr den Accustat II Scope<\/li>\n<li>3 Pins in .010 Gr\u00f6sse<\/li>\n<li>Stealth-Ausf\u00fchrung in Schwarz, hergestellt in den USA<\/li>\n<\/ul>","protected":false},"excerpt":{"rendered":"<table>\n<tr>\n<th>Propri\u00e9t\u00e9<\/th>\n<th>Valeur<\/th>\n<\/tr>\n<tr>\n<td>Marque<\/td>\n<td>Axcel<\/td>\n<\/tr>\n<tr>\n<td>Couleur<\/td>\n<td>Noir<\/td>\n<\/tr>\n<tr>\n<td>Type<\/td>\n<td>Direct Mount<\/td>\n<\/tr>\n<tr>\n<td>Nombre de pins<\/td>\n<td>3<\/td>\n<\/tr>\n<tr>\n<td>Taille du pin<\/td>\n<td>.010<\/td>\n<\/tr>\n<tr>\n<td>R\u00e9alisation<\/td>\n<td>Stealth<\/td>\n<\/tr>\n<tr>\n<td>Main<\/td>\n<td>Droitier (RH)<\/td>\n<\/tr>\n<tr>\n<td>Pays d'origine<\/td>\n<td>USA<\/td>\n<\/tr>\n<\/table>","protected":false},"featured_media":523826,"comment_status":"open","ping_status":"closed","template":"","meta":[],"product_brand":[467],"product_cat":[4263],"product_tag":[3546],"class_list":{"0":"post-394767","1":"product","2":"type-product","3":"status-publish","4":"has-post-thumbnail","6":"product_brand-axcel","7":"product_cat-jagd-und-3d-visiere","8":"product_tag-neuheit","9":"product_shipping_class-bsd-standard","11":"first","12":"onbackorder","13":"shipping-taxable","14":"purchasable","15":"product-type-simple"},"yoast_head":"<!-- This site is optimized with the Yoast SEO plugin v27.4 - https:\/\/yoast.com\/product\/yoast-seo-wordpress\/ -->\n<title>AXCEL DRIVER PLUS SLIDER POUR LUNETTE MATHEWS BRIDGE-LOCK ACCUSTAT II - RH 3 broches .010 - STEALTH - Bogensportdiscount \u2013 Arcs, fl\u00e8ches, cibles et accessoires<\/title>\n<meta name=\"description\" content=\"AXCEL DRIVER PLUS SLIDER POUR LUNETTE DE VIS\u00c9E MATHEWS BRIDGE-LOCK ACCUSTAT II - RH 3-PIN .010 - STEALTH : achetez au meilleur prix chez Bogensportdiscount \u2013 Les meilleures marques, livraison rapide depuis la Suisse.\" \/>\n<meta name=\"robots\" content=\"index, follow, max-snippet:-1, max-image-preview:large, max-video-preview:-1\" \/>\n<link rel=\"canonical\" href=\"https:\/\/bogensportdiscount.ch\/fr\/produit\/axcel-driver-plus-slider-mathews-bridge-lock-accustat-ii-visier-rh-3-pin-010-stealth\/\" \/>\n<meta property=\"og:locale\" content=\"fr_FR\" \/>\n<meta property=\"og:type\" content=\"article\" \/>\n<meta property=\"og:title\" content=\"AXCEL DRIVER PLUS SLIDER POUR LUNETTE MATHEWS BRIDGE-LOCK ACCUSTAT II - RH 3 broches .010 - STEALTH - Bogensportdiscount \u2013 Arcs, fl\u00e8ches, cibles et accessoires\" \/>\n<meta property=\"og:description\" content=\"AXCEL DRIVER PLUS SLIDER POUR LUNETTE DE VIS\u00c9E MATHEWS BRIDGE-LOCK ACCUSTAT II - RH 3-PIN .010 - STEALTH : achetez au meilleur prix chez Bogensportdiscount \u2013 Les meilleures marques, livraison rapide depuis la Suisse.\" \/>\n<meta property=\"og:url\" content=\"https:\/\/bogensportdiscount.ch\/fr\/produit\/axcel-driver-plus-slider-mathews-bridge-lock-accustat-ii-visier-rh-3-pin-010-stealth\/\" \/>\n<meta property=\"og:site_name\" content=\"Bogensportdiscount \u2013 B\u00f6gen, Pfeile, Targets &amp; Zubeh\u00f6r\" \/>\n<meta property=\"article:modified_time\" content=\"2026-04-23T05:38:19+00:00\" \/>\n<meta property=\"og:image\" content=\"https:\/\/bogensportdiscount.ch\/wp-content\/uploads\/bsm-images\/A087720_1.png\" \/>\n\t<meta property=\"og:image:width\" content=\"2709\" \/>\n\t<meta property=\"og:image:height\" content=\"1608\" \/>\n\t<meta property=\"og:image:type\" content=\"image\/png\" \/>\n<meta name=\"twitter:card\" content=\"summary_large_image\" \/>\n<script type=\"application\/ld+json\" class=\"yoast-schema-graph\">{\"@context\":\"https:\\\/\\\/schema.org\",\"@graph\":[{\"@type\":\"WebPage\",\"@id\":\"https:\\\/\\\/bogensportdiscount.ch\\\/produkt\\\/axcel-driver-plus-slider-mathews-bridge-lock-accustat-ii-visier-rh-3-pin-010-stealth\\\/\",\"url\":\"https:\\\/\\\/bogensportdiscount.ch\\\/produkt\\\/axcel-driver-plus-slider-mathews-bridge-lock-accustat-ii-visier-rh-3-pin-010-stealth\\\/\",\"name\":\"AXCEL DRIVER PLUS SLIDER FUER MATHEWS BRIDGE-LOCK ACCUSTAT II ZIELFERNROHR - RH 3-PIN .010 - STEALTH - Bogensportdiscount \u2013 B\u00f6gen, Pfeile, Targets &amp; Zubeh\u00f6r\",\"isPartOf\":{\"@id\":\"https:\\\/\\\/bogensportdiscount.ch\\\/#website\"},\"primaryImageOfPage\":{\"@id\":\"https:\\\/\\\/bogensportdiscount.ch\\\/produkt\\\/axcel-driver-plus-slider-mathews-bridge-lock-accustat-ii-visier-rh-3-pin-010-stealth\\\/#primaryimage\"},\"image\":{\"@id\":\"https:\\\/\\\/bogensportdiscount.ch\\\/produkt\\\/axcel-driver-plus-slider-mathews-bridge-lock-accustat-ii-visier-rh-3-pin-010-stealth\\\/#primaryimage\"},\"thumbnailUrl\":\"https:\\\/\\\/bogensportdiscount.ch\\\/wp-content\\\/uploads\\\/bsm-images\\\/A087720_1.png\",\"datePublished\":\"2026-04-05T12:34:51+00:00\",\"dateModified\":\"2026-04-23T05:38:19+00:00\",\"description\":\"AXCEL DRIVER PLUS SLIDER FUER MATHEWS BRIDGE-LOCK ACCUSTAT II ZIELFERNROHR - RH 3-PIN .010 - STEALTH g\u00fcnstig kaufen bei Bogensportdiscount \u2013 Top-Marken, schneller Versand aus der Schweiz.\",\"breadcrumb\":{\"@id\":\"https:\\\/\\\/bogensportdiscount.ch\\\/produkt\\\/axcel-driver-plus-slider-mathews-bridge-lock-accustat-ii-visier-rh-3-pin-010-stealth\\\/#breadcrumb\"},\"inLanguage\":\"fr-FR\",\"potentialAction\":[{\"@type\":\"ReadAction\",\"target\":[\"https:\\\/\\\/bogensportdiscount.ch\\\/produkt\\\/axcel-driver-plus-slider-mathews-bridge-lock-accustat-ii-visier-rh-3-pin-010-stealth\\\/\"]}]},{\"@type\":\"ImageObject\",\"inLanguage\":\"fr-FR\",\"@id\":\"https:\\\/\\\/bogensportdiscount.ch\\\/produkt\\\/axcel-driver-plus-slider-mathews-bridge-lock-accustat-ii-visier-rh-3-pin-010-stealth\\\/#primaryimage\",\"url\":\"https:\\\/\\\/bogensportdiscount.ch\\\/wp-content\\\/uploads\\\/bsm-images\\\/A087720_1.png\",\"contentUrl\":\"https:\\\/\\\/bogensportdiscount.ch\\\/wp-content\\\/uploads\\\/bsm-images\\\/A087720_1.png\",\"width\":2709,\"height\":1608},{\"@type\":\"BreadcrumbList\",\"@id\":\"https:\\\/\\\/bogensportdiscount.ch\\\/produkt\\\/axcel-driver-plus-slider-mathews-bridge-lock-accustat-ii-visier-rh-3-pin-010-stealth\\\/#breadcrumb\",\"itemListElement\":[{\"@type\":\"ListItem\",\"position\":1,\"name\":\"Home\",\"item\":\"https:\\\/\\\/bogensportdiscount.ch\\\/\"},{\"@type\":\"ListItem\",\"position\":2,\"name\":\"Shop\",\"item\":\"https:\\\/\\\/bogensportdiscount.ch\\\/shop\\\/\"},{\"@type\":\"ListItem\",\"position\":3,\"name\":\"AXCEL DRIVER PLUS SLIDER FUER MATHEWS BRIDGE-LOCK ACCUSTAT II ZIELFERNROHR &#8211; RH 3-PIN .010 &#8211; STEALTH\"}]},{\"@type\":\"WebSite\",\"@id\":\"https:\\\/\\\/bogensportdiscount.ch\\\/#website\",\"url\":\"https:\\\/\\\/bogensportdiscount.ch\\\/\",\"name\":\"Bogensportdiscount\",\"description\":\"\",\"potentialAction\":[{\"@type\":\"SearchAction\",\"target\":{\"@type\":\"EntryPoint\",\"urlTemplate\":\"https:\\\/\\\/bogensportdiscount.ch\\\/?s={search_term_string}\"},\"query-input\":{\"@type\":\"PropertyValueSpecification\",\"valueRequired\":true,\"valueName\":\"search_term_string\"}}],\"inLanguage\":\"fr-FR\"}]}<\/script>\n<!-- \/ Yoast SEO plugin. -->","yoast_head_json":{"title":"AXCEL DRIVER PLUS SLIDER POUR LUNETTE MATHEWS BRIDGE-LOCK ACCUSTAT II - RH 3 broches .010 - STEALTH - Bogensportdiscount \u2013 Arcs, fl\u00e8ches, cibles et accessoires","description":"AXCEL DRIVER PLUS SLIDER POUR LUNETTE DE VIS\u00c9E MATHEWS BRIDGE-LOCK ACCUSTAT II - RH 3-PIN .010 - STEALTH : achetez au meilleur prix chez Bogensportdiscount \u2013 Les meilleures marques, livraison rapide depuis la Suisse.","robots":{"index":"index","follow":"follow","max-snippet":"max-snippet:-1","max-image-preview":"max-image-preview:large","max-video-preview":"max-video-preview:-1"},"canonical":"https:\/\/bogensportdiscount.ch\/fr\/produit\/axcel-driver-plus-slider-mathews-bridge-lock-accustat-ii-visier-rh-3-pin-010-stealth\/","og_locale":"fr_FR","og_type":"article","og_title":"AXCEL DRIVER PLUS SLIDER POUR LUNETTE MATHEWS BRIDGE-LOCK ACCUSTAT II - RH 3 broches .010 - STEALTH - Bogensportdiscount \u2013 Arcs, fl\u00e8ches, cibles et accessoires","og_description":"AXCEL DRIVER PLUS SLIDER POUR LUNETTE DE VIS\u00c9E MATHEWS BRIDGE-LOCK ACCUSTAT II - RH 3-PIN .010 - STEALTH : achetez au meilleur prix chez Bogensportdiscount \u2013 Les meilleures marques, livraison rapide depuis la Suisse.","og_url":"https:\/\/bogensportdiscount.ch\/fr\/produit\/axcel-driver-plus-slider-mathews-bridge-lock-accustat-ii-visier-rh-3-pin-010-stealth\/","og_site_name":"Bogensportdiscount \u2013 B\u00f6gen, Pfeile, Targets &amp; Zubeh\u00f6r","article_modified_time":"2026-04-23T05:38:19+00:00","og_image":[{"url":"https:\/\/bogensportdiscount.ch\/wp-content\/uploads\/bsm-images\/A087720_1.png","width":2709,"height":1608,"type":"image\/png"}],"twitter_card":"summary_large_image","schema":{"@context":"https:\/\/schema.org","@graph":[{"@type":"WebPage","@id":"https:\/\/bogensportdiscount.ch\/produkt\/axcel-driver-plus-slider-mathews-bridge-lock-accustat-ii-visier-rh-3-pin-010-stealth\/","url":"https:\/\/bogensportdiscount.ch\/produkt\/axcel-driver-plus-slider-mathews-bridge-lock-accustat-ii-visier-rh-3-pin-010-stealth\/","name":"AXCEL DRIVER PLUS SLIDER POUR LUNETTE MATHEWS BRIDGE-LOCK ACCUSTAT II - RH 3 broches .010 - STEALTH - Bogensportdiscount \u2013 Arcs, fl\u00e8ches, cibles et accessoires","isPartOf":{"@id":"https:\/\/bogensportdiscount.ch\/#website"},"primaryImageOfPage":{"@id":"https:\/\/bogensportdiscount.ch\/produkt\/axcel-driver-plus-slider-mathews-bridge-lock-accustat-ii-visier-rh-3-pin-010-stealth\/#primaryimage"},"image":{"@id":"https:\/\/bogensportdiscount.ch\/produkt\/axcel-driver-plus-slider-mathews-bridge-lock-accustat-ii-visier-rh-3-pin-010-stealth\/#primaryimage"},"thumbnailUrl":"https:\/\/bogensportdiscount.ch\/wp-content\/uploads\/bsm-images\/A087720_1.png","datePublished":"2026-04-05T12:34:51+00:00","dateModified":"2026-04-23T05:38:19+00:00","description":"AXCEL DRIVER PLUS SLIDER POUR LUNETTE DE VIS\u00c9E MATHEWS BRIDGE-LOCK ACCUSTAT II - RH 3-PIN .010 - STEALTH : achetez au meilleur prix chez Bogensportdiscount \u2013 Les meilleures marques, livraison rapide depuis la Suisse.","breadcrumb":{"@id":"https:\/\/bogensportdiscount.ch\/produkt\/axcel-driver-plus-slider-mathews-bridge-lock-accustat-ii-visier-rh-3-pin-010-stealth\/#breadcrumb"},"inLanguage":"fr-FR","potentialAction":[{"@type":"ReadAction","target":["https:\/\/bogensportdiscount.ch\/produkt\/axcel-driver-plus-slider-mathews-bridge-lock-accustat-ii-visier-rh-3-pin-010-stealth\/"]}]},{"@type":"ImageObject","inLanguage":"fr-FR","@id":"https:\/\/bogensportdiscount.ch\/produkt\/axcel-driver-plus-slider-mathews-bridge-lock-accustat-ii-visier-rh-3-pin-010-stealth\/#primaryimage","url":"https:\/\/bogensportdiscount.ch\/wp-content\/uploads\/bsm-images\/A087720_1.png","contentUrl":"https:\/\/bogensportdiscount.ch\/wp-content\/uploads\/bsm-images\/A087720_1.png","width":2709,"height":1608},{"@type":"BreadcrumbList","@id":"https:\/\/bogensportdiscount.ch\/produkt\/axcel-driver-plus-slider-mathews-bridge-lock-accustat-ii-visier-rh-3-pin-010-stealth\/#breadcrumb","itemListElement":[{"@type":"ListItem","position":1,"name":"Home","item":"https:\/\/bogensportdiscount.ch\/"},{"@type":"ListItem","position":2,"name":"Shop","item":"https:\/\/bogensportdiscount.ch\/shop\/"},{"@type":"ListItem","position":3,"name":"AXCEL DRIVER PLUS SLIDER FUER MATHEWS BRIDGE-LOCK ACCUSTAT II ZIELFERNROHR &#8211; RH 3-PIN .010 &#8211; STEALTH"}]},{"@type":"WebSite","@id":"https:\/\/bogensportdiscount.ch\/#website","url":"https:\/\/bogensportdiscount.ch\/","name":"Bogensportdiscount","description":"","potentialAction":[{"@type":"SearchAction","target":{"@type":"EntryPoint","urlTemplate":"https:\/\/bogensportdiscount.ch\/?s={search_term_string}"},"query-input":{"@type":"PropertyValueSpecification","valueRequired":true,"valueName":"search_term_string"}}],"inLanguage":"fr-FR"}]}},"_links":{"self":[{"href":"https:\/\/bogensportdiscount.ch\/fr\/wp-json\/wp\/v2\/product\/394767","targetHints":{"allow":["GET"]}}],"collection":[{"href":"https:\/\/bogensportdiscount.ch\/fr\/wp-json\/wp\/v2\/product"}],"about":[{"href":"https:\/\/bogensportdiscount.ch\/fr\/wp-json\/wp\/v2\/types\/product"}],"replies":[{"embeddable":true,"href":"https:\/\/bogensportdiscount.ch\/fr\/wp-json\/wp\/v2\/comments?post=394767"}],"wp:featuredmedia":[{"embeddable":true,"href":"https:\/\/bogensportdiscount.ch\/fr\/wp-json\/wp\/v2\/media\/523826"}],"wp:attachment":[{"href":"https:\/\/bogensportdiscount.ch\/fr\/wp-json\/wp\/v2\/media?parent=394767"}],"wp:term":[{"taxonomy":"product_brand","embeddable":true,"href":"https:\/\/bogensportdiscount.ch\/fr\/wp-json\/wp\/v2\/product_brand?post=394767"},{"taxonomy":"product_cat","embeddable":true,"href":"https:\/\/bogensportdiscount.ch\/fr\/wp-json\/wp\/v2\/product_cat?post=394767"},{"taxonomy":"product_tag","embeddable":true,"href":"https:\/\/bogensportdiscount.ch\/fr\/wp-json\/wp\/v2\/product_tag?post=394767"}],"curies":[{"name":"wp","href":"https:\/\/api.w.org\/{rel}","templated":true}]}}