{"id":394752,"date":"2026-04-05T14:34:48","date_gmt":"2026-04-05T12:34:48","guid":{"rendered":"https:\/\/bogensportdiscount.ch\/produkt\/hha-compound-sights-short-bar-tetra-max-dovetail-ryz-x3-3-pin-019-rh\/"},"modified":"2026-04-15T13:38:31","modified_gmt":"2026-04-15T11:38:31","slug":"hha-compound-visier-short-bar-tetra-max-dovetail-ryz-x3-3-pin-019-rh","status":"publish","type":"product","link":"https:\/\/bogensportdiscount.ch\/fr\/produit\/hha-compound-visier-short-bar-tetra-max-dovetail-ryz-x3-3-pin-019-rh\/","title":{"rendered":"HHA COMPOUND SIGHTS SHORT BAR TETRA MAX DOVETAIL RYZ X3 3 PIN .019\u2033 RH"},"content":{"rendered":"<p>Das HHA Compound-Visier Tetra Max Dovetail Ryz X3 ist eine Rechtsh\u00e4nder-Ausf\u00fchrung mit Short Bar und Dovetail-Befestigungssystem. Die 3-Pin-Konfiguration mit einem Fadendurchmesser von .019&#8243; erm\u00f6glicht pr\u00e4zise Entfernungseinstellungen f\u00fcr verschiedene Distanzen.<\/p>\n<p>Dank der Dovetail-Montage l\u00e4sst sich das Visier schnell und sicher am Bogen befestigen und abnehmen, ohne die Einstellungen zu verlieren. Das Modell ist auf die Anforderungen des Jagd- und 3D-Bogensports ausgelegt.<\/p>\n<ul>\n<li>3-Pin-Konfiguration mit .019&#8243; Fadendurchmesser<\/li>\n<li>Dovetail-Montagesystem f\u00fcr schnellen Wechsel<\/li>\n<li>Short Bar Bauweise<\/li>\n<li>F\u00fcr Rechtsh\u00e4nder (RH)<\/li>\n<\/ul>","protected":false},"excerpt":{"rendered":"<p><strong>Marque :<\/strong> HHA<br \/><strong>LH\/RH:<\/strong> RH<br \/><strong>Farbe:<\/strong> Schwarz<br \/><strong>Typ:<\/strong> Extension mount<br \/><strong>Pin count:<\/strong> 3<br \/><strong>Pin size:<\/strong> 019<br \/><strong>GTIN:<\/strong> 716415231075<\/p>","protected":false},"featured_media":453225,"comment_status":"open","ping_status":"closed","template":"","meta":[],"product_brand":[528],"product_cat":[4263],"product_tag":[3546],"class_list":{"0":"post-394752","1":"product","2":"type-product","3":"status-publish","4":"has-post-thumbnail","6":"product_brand-hha","7":"product_cat-jagd-und-3d-visiere","8":"product_tag-neuheit","10":"first","11":"instock","12":"shipping-taxable","13":"purchasable","14":"product-type-simple"},"_links":{"self":[{"href":"https:\/\/bogensportdiscount.ch\/fr\/wp-json\/wp\/v2\/product\/394752","targetHints":{"allow":["GET"]}}],"collection":[{"href":"https:\/\/bogensportdiscount.ch\/fr\/wp-json\/wp\/v2\/product"}],"about":[{"href":"https:\/\/bogensportdiscount.ch\/fr\/wp-json\/wp\/v2\/types\/product"}],"replies":[{"embeddable":true,"href":"https:\/\/bogensportdiscount.ch\/fr\/wp-json\/wp\/v2\/comments?post=394752"}],"wp:featuredmedia":[{"embeddable":true,"href":"https:\/\/bogensportdiscount.ch\/fr\/wp-json\/wp\/v2\/media\/453225"}],"wp:attachment":[{"href":"https:\/\/bogensportdiscount.ch\/fr\/wp-json\/wp\/v2\/media?parent=394752"}],"wp:term":[{"taxonomy":"product_brand","embeddable":true,"href":"https:\/\/bogensportdiscount.ch\/fr\/wp-json\/wp\/v2\/product_brand?post=394752"},{"taxonomy":"product_cat","embeddable":true,"href":"https:\/\/bogensportdiscount.ch\/fr\/wp-json\/wp\/v2\/product_cat?post=394752"},{"taxonomy":"product_tag","embeddable":true,"href":"https:\/\/bogensportdiscount.ch\/fr\/wp-json\/wp\/v2\/product_tag?post=394752"}],"curies":[{"name":"wp","href":"https:\/\/api.w.org\/{rel}","templated":true}]}}