{"id":394750,"date":"2026-04-05T14:34:47","date_gmt":"2026-04-05T12:34:47","guid":{"rendered":"https:\/\/bogensportdiscount.ch\/produkt\/hha-compound-sights-picatinny-mount-tetra-max-ryz-x3-3-pin-010-rh\/"},"modified":"2026-04-15T13:38:28","modified_gmt":"2026-04-15T11:38:28","slug":"hha-compound-visier-tetra-max-ryz-x3-3-pin-picatinny-mount-010-rh","status":"publish","type":"product","link":"https:\/\/bogensportdiscount.ch\/fr\/produit\/hha-compound-visier-tetra-max-ryz-x3-3-pin-picatinny-mount-010-rh\/","title":{"rendered":"HHA COMPOUND SIGHTS PICATINNY MOUNT TETRA MAX RYZ X3 3 PIN .010\u2033 RH"},"content":{"rendered":"<p>Das HHA Compound-Visier Tetra Max Ryz X3 ist ein 3-Pin-Visier mit Picatinny-Montage f\u00fcr Rechtsh\u00e4nder. Es richtet sich an Bogensch\u00fctzen, die ihr Visier \u00fcber eine standardisierte Picatinny-Schiene montieren m\u00f6chten, und eignet sich besonders f\u00fcr die Jagd sowie den 3D-Bogensport.<\/p>\n<p>Die feinen Pins im Format .010&#8243; erm\u00f6glichen eine pr\u00e4zise Zielaufnahme auch bei kleineren Zielscheiben oder auf der Jagd. Die schwarze Ausf\u00fchrung sorgt f\u00fcr ein unauff\u00e4lliges Erscheinungsbild im Feldeinsatz.<\/p>\n<ul>\n<li>Picatinny-Montage f\u00fcr flexible Befestigung<\/li>\n<li>3 Pins f\u00fcr mehrere Entfernungsmarken<\/li>\n<li>Pin-Gr\u00f6sse .010&#8243; f\u00fcr hohe Zielgenauigkeit<\/li>\n<li>Ausf\u00fchrung f\u00fcr Rechtsh\u00e4nder<\/li>\n<\/ul>","protected":false},"excerpt":{"rendered":"<table>\n<tr>\n<th>Propri\u00e9t\u00e9<\/th>\n<th>Valeur<\/th>\n<\/tr>\n<tr>\n<td>Marque<\/td>\n<td>HHA<\/td>\n<\/tr>\n<tr>\n<td>Ausf\u00fchrung<\/td>\n<td>Rechtsh\u00e4nder (RH)<\/td>\n<\/tr>\n<tr>\n<td>Couleur<\/td>\n<td>Schwarz<\/td>\n<\/tr>\n<tr>\n<td>Montagetyp<\/td>\n<td>Picatinny Mount<\/td>\n<\/tr>\n<tr>\n<td>Anzahl Pins<\/td>\n<td>3<\/td>\n<\/tr>\n<tr>\n<td>Pin-Gr\u00f6sse<\/td>\n<td>.010&#8243;<\/td>\n<\/tr>\n<tr>\n<td>Herkunftsland<\/td>\n<td>USA<\/td>\n<\/tr>\n<\/table>","protected":false},"featured_media":453222,"comment_status":"open","ping_status":"closed","template":"","meta":[],"product_brand":[528],"product_cat":[4263],"product_tag":[3546],"class_list":{"0":"post-394750","1":"product","2":"type-product","3":"status-publish","4":"has-post-thumbnail","6":"product_brand-hha","7":"product_cat-jagd-und-3d-visiere","8":"product_tag-neuheit","10":"first","11":"instock","12":"shipping-taxable","13":"purchasable","14":"product-type-simple"},"_links":{"self":[{"href":"https:\/\/bogensportdiscount.ch\/fr\/wp-json\/wp\/v2\/product\/394750","targetHints":{"allow":["GET"]}}],"collection":[{"href":"https:\/\/bogensportdiscount.ch\/fr\/wp-json\/wp\/v2\/product"}],"about":[{"href":"https:\/\/bogensportdiscount.ch\/fr\/wp-json\/wp\/v2\/types\/product"}],"replies":[{"embeddable":true,"href":"https:\/\/bogensportdiscount.ch\/fr\/wp-json\/wp\/v2\/comments?post=394750"}],"wp:featuredmedia":[{"embeddable":true,"href":"https:\/\/bogensportdiscount.ch\/fr\/wp-json\/wp\/v2\/media\/453222"}],"wp:attachment":[{"href":"https:\/\/bogensportdiscount.ch\/fr\/wp-json\/wp\/v2\/media?parent=394750"}],"wp:term":[{"taxonomy":"product_brand","embeddable":true,"href":"https:\/\/bogensportdiscount.ch\/fr\/wp-json\/wp\/v2\/product_brand?post=394750"},{"taxonomy":"product_cat","embeddable":true,"href":"https:\/\/bogensportdiscount.ch\/fr\/wp-json\/wp\/v2\/product_cat?post=394750"},{"taxonomy":"product_tag","embeddable":true,"href":"https:\/\/bogensportdiscount.ch\/fr\/wp-json\/wp\/v2\/product_tag?post=394750"}],"curies":[{"name":"wp","href":"https:\/\/api.w.org\/{rel}","templated":true}]}}