{"id":394746,"date":"2026-04-05T14:34:46","date_gmt":"2026-04-05T12:34:46","guid":{"rendered":"https:\/\/bogensportdiscount.ch\/produkt\/hha-compound-sights-tetra-ryz-x3-3-pin-019-rh\/"},"modified":"2026-04-15T13:38:28","modified_gmt":"2026-04-15T11:38:28","slug":"hha-compound-visier-tetra-ryz-x3-3-pin-019-rh","status":"publish","type":"product","link":"https:\/\/bogensportdiscount.ch\/fr\/produit\/hha-compound-visier-tetra-ryz-x3-3-pin-019-rh\/","title":{"rendered":"HHA COMPOUND SIGHTS TETRA RYZ X3 3 PIN .019\u2033 RH"},"content":{"rendered":"<p>Das HHA Tetra Ryz X3 ist ein Compound-Visier f\u00fcr Jagd und 3D-Bogenschiessen, ausgelegt f\u00fcr Rechtsh\u00e4nder. Es verf\u00fcgt \u00fcber drei Pins in der Gr\u00f6sse .019 Zoll und wird direkt am Bogen montiert (Direct Mount).<\/p>\n<p>Die schwarze Ausf\u00fchrung und die kompakte Bauweise machen das Visier zu einer soliden Wahl f\u00fcr den Einsatz im Gel\u00e4nde. Die drei Zielpins erm\u00f6glichen die Einstellung verschiedener Entfernungen.<\/p>\n<ul>\n<li>3 Pins in Gr\u00f6sse .019&#8243;<\/li>\n<li>Direct-Mount-Befestigung<\/li>\n<li>Ausf\u00fchrung f\u00fcr Rechtsh\u00e4nder<\/li>\n<li>Farbe: Schwarz<\/li>\n<\/ul>","protected":false},"excerpt":{"rendered":"<table>\n<tr>\n<th>Propri\u00e9t\u00e9<\/th>\n<th>Valeur<\/th>\n<\/tr>\n<tr>\n<td>Marque<\/td>\n<td>HHA<\/td>\n<\/tr>\n<tr>\n<td>Ausf\u00fchrung<\/td>\n<td>Rechtsh\u00e4nder (RH)<\/td>\n<\/tr>\n<tr>\n<td>Couleur<\/td>\n<td>Schwarz<\/td>\n<\/tr>\n<tr>\n<td>Montagetyp<\/td>\n<td>Direct Mount<\/td>\n<\/tr>\n<tr>\n<td>Anzahl Pins<\/td>\n<td>3<\/td>\n<\/tr>\n<tr>\n<td>Pin-Gr\u00f6sse<\/td>\n<td>.019&#8243;<\/td>\n<\/tr>\n<tr>\n<td>Origine<\/td>\n<td>USA<\/td>\n<\/tr>\n<\/table>","protected":false},"featured_media":453218,"comment_status":"open","ping_status":"closed","template":"","meta":[],"product_brand":[528],"product_cat":[4263],"product_tag":[3546],"class_list":{"0":"post-394746","1":"product","2":"type-product","3":"status-publish","4":"has-post-thumbnail","6":"product_brand-hha","7":"product_cat-jagd-und-3d-visiere","8":"product_tag-neuheit","10":"first","11":"instock","12":"shipping-taxable","13":"purchasable","14":"product-type-simple"},"_links":{"self":[{"href":"https:\/\/bogensportdiscount.ch\/fr\/wp-json\/wp\/v2\/product\/394746","targetHints":{"allow":["GET"]}}],"collection":[{"href":"https:\/\/bogensportdiscount.ch\/fr\/wp-json\/wp\/v2\/product"}],"about":[{"href":"https:\/\/bogensportdiscount.ch\/fr\/wp-json\/wp\/v2\/types\/product"}],"replies":[{"embeddable":true,"href":"https:\/\/bogensportdiscount.ch\/fr\/wp-json\/wp\/v2\/comments?post=394746"}],"wp:featuredmedia":[{"embeddable":true,"href":"https:\/\/bogensportdiscount.ch\/fr\/wp-json\/wp\/v2\/media\/453218"}],"wp:attachment":[{"href":"https:\/\/bogensportdiscount.ch\/fr\/wp-json\/wp\/v2\/media?parent=394746"}],"wp:term":[{"taxonomy":"product_brand","embeddable":true,"href":"https:\/\/bogensportdiscount.ch\/fr\/wp-json\/wp\/v2\/product_brand?post=394746"},{"taxonomy":"product_cat","embeddable":true,"href":"https:\/\/bogensportdiscount.ch\/fr\/wp-json\/wp\/v2\/product_cat?post=394746"},{"taxonomy":"product_tag","embeddable":true,"href":"https:\/\/bogensportdiscount.ch\/fr\/wp-json\/wp\/v2\/product_tag?post=394746"}],"curies":[{"name":"wp","href":"https:\/\/api.w.org\/{rel}","templated":true}]}}