{"id":394732,"date":"2026-04-05T14:34:43","date_gmt":"2026-04-05T12:34:43","guid":{"rendered":"https:\/\/bogensportdiscount.ch\/produkt\/barnett-crossbow-package-hyper-raptor-410fps-205lbs-4x36mm-illum-scope\/"},"modified":"2026-04-20T12:50:33","modified_gmt":"2026-04-20T10:50:33","slug":"barnett-compound-armbrust-paket-hyper-raptor-410fps-205lbs-4x36mm-beleuchtet-zielfernrohr","status":"publish","type":"product","link":"https:\/\/bogensportdiscount.ch\/fr\/produit\/barnett-compound-armbrust-paket-hyper-raptor-410fps-205lbs-4x36mm-beleuchtet-zielfernrohr\/","title":{"rendered":"ARBAL\u00c8TE BARNETT ARMBRUST PAKET HYPER RAPTOR 410fps 205LBS LUNETTE ILLUMIN\u00c9E 4x36mm"},"content":{"rendered":"<p>Das BARNETT Hyper Raptor ist ein komplett ausgestattetes Compound-Armbrust-Paket, das auf hohe Pfeilgeschwindigkeiten ausgelegt ist. Mit einer Leistung von 410 fps und einem Zuggewicht von 205 lbs eignet sich diese Armbrust f\u00fcr anspruchsvolle Anwendungen im Bogensport sowie f\u00fcr die Jagd.<\/p>\n<p>Das Paket enth\u00e4lt ein beleuchtetes 4x36mm Zielfernrohr, das eine zuverl\u00e4ssige Zielerfassung auch bei schlechteren Lichtverh\u00e4ltnissen erm\u00f6glicht. Als vollst\u00e4ndiges Paket bietet das Hyper Raptor einen direkten Einstieg ohne zus\u00e4tzliche Anschaffungen.<\/p>\n<ul>\n<li>Pfeilgeschwindigkeit: 410 fps<\/li>\n<li>Zuggewicht: 205 lbs<\/li>\n<li>Beleuchtetes 4x36mm Zielfernrohr im Lieferumfang<\/li>\n<li>Compound-Armbrust von BARNETT<\/li>\n<\/ul>","protected":false},"excerpt":{"rendered":"<p><strong>Marque :<\/strong> Barnett<br \/><strong>Poids de tir (Lbs):<\/strong> 205<br \/><strong>Couleur:<\/strong> Noir<br \/><strong>FPS:<\/strong> 410<br \/><strong>GTIN:<\/strong> 042609781829<\/p>","protected":false},"featured_media":453631,"comment_status":"open","ping_status":"closed","template":"","meta":[],"product_brand":[421],"product_cat":[4162],"product_tag":[3546],"class_list":{"0":"post-394732","1":"product","2":"type-product","3":"status-publish","4":"has-post-thumbnail","6":"product_brand-barnett","7":"product_cat-compound-armbrueste-armbueste","8":"product_tag-neuheit","10":"first","11":"instock","12":"shipping-taxable","13":"purchasable","14":"product-type-simple"},"yoast_head":"<!-- This site is optimized with the Yoast SEO plugin v27.4 - https:\/\/yoast.com\/product\/yoast-seo-wordpress\/ -->\n<title>ENSEMBLE ARBAL\u00c8TE BARNETT HYPER RAPTOR 410 fps 205 lbs avec lunette de vis\u00e9e 4x36 mm ILLUM. - Bogensportdiscount \u2013 Arcs, fl\u00e8ches, cibles et accessoires<\/title>\n<meta name=\"description\" content=\"KIT D&#x27;ARBAL\u00c8TE BARNETT HYPER RAPTOR 410 fps 205 lbs avec lunette de vis\u00e9e 4x36 mm ILLUM. \u00e0 prix avantageux chez Bogensportdiscount \u2013 Grandes marques, livraison rapide depuis la Suisse.\" \/>\n<meta name=\"robots\" content=\"noindex, follow, max-snippet:-1, max-image-preview:large, max-video-preview:-1\" \/>\n<meta property=\"og:locale\" content=\"fr_FR\" \/>\n<meta property=\"og:type\" content=\"article\" \/>\n<meta property=\"og:title\" content=\"ENSEMBLE ARBAL\u00c8TE BARNETT HYPER RAPTOR 410 fps 205 lbs avec lunette de vis\u00e9e 4x36 mm ILLUM. - Bogensportdiscount \u2013 Arcs, fl\u00e8ches, cibles et accessoires\" \/>\n<meta property=\"og:description\" content=\"KIT D&#x27;ARBAL\u00c8TE BARNETT HYPER RAPTOR 410 fps 205 lbs avec lunette de vis\u00e9e 4x36 mm ILLUM. \u00e0 prix avantageux chez Bogensportdiscount \u2013 Grandes marques, livraison rapide depuis la Suisse.\" \/>\n<meta property=\"og:url\" content=\"https:\/\/bogensportdiscount.ch\/fr\/prodotto\/barnett-compound-armbrust-paket-hyper-raptor-410fps-205lbs-4x36mm-beleuchtet-zielfernrohr\/\" \/>\n<meta property=\"og:site_name\" content=\"Bogensportdiscount \u2013 B\u00f6gen, Pfeile, Targets &amp; Zubeh\u00f6r\" \/>\n<meta property=\"article:modified_time\" content=\"2026-04-20T10:50:33+00:00\" \/>\n<meta property=\"og:image\" content=\"https:\/\/bogensportdiscount.ch\/wp-content\/uploads\/bsm-images\/A069428_1.png\" \/>\n\t<meta property=\"og:image:width\" content=\"1200\" \/>\n\t<meta property=\"og:image:height\" content=\"1200\" \/>\n\t<meta property=\"og:image:type\" content=\"image\/png\" \/>\n<meta name=\"twitter:card\" content=\"summary_large_image\" \/>\n<script type=\"application\/ld+json\" class=\"yoast-schema-graph\">{\"@context\":\"https:\\\/\\\/schema.org\",\"@graph\":[{\"@type\":\"WebPage\",\"@id\":\"https:\\\/\\\/bogensportdiscount.ch\\\/it\\\/prodotto\\\/barnett-compound-armbrust-paket-hyper-raptor-410fps-205lbs-4x36mm-beleuchtet-zielfernrohr\\\/\",\"url\":\"https:\\\/\\\/bogensportdiscount.ch\\\/it\\\/prodotto\\\/barnett-compound-armbrust-paket-hyper-raptor-410fps-205lbs-4x36mm-beleuchtet-zielfernrohr\\\/\",\"name\":\"BARNETT ARMBRUST PAKET HYPER RAPTOR 410fps 205LBS 4x36mm ILLUM. ZIELFERNROHR - Bogensportdiscount \u2013 B\u00f6gen, Pfeile, Targets &amp; Zubeh\u00f6r\",\"isPartOf\":{\"@id\":\"https:\\\/\\\/bogensportdiscount.ch\\\/#website\"},\"primaryImageOfPage\":{\"@id\":\"https:\\\/\\\/bogensportdiscount.ch\\\/it\\\/prodotto\\\/barnett-compound-armbrust-paket-hyper-raptor-410fps-205lbs-4x36mm-beleuchtet-zielfernrohr\\\/#primaryimage\"},\"image\":{\"@id\":\"https:\\\/\\\/bogensportdiscount.ch\\\/it\\\/prodotto\\\/barnett-compound-armbrust-paket-hyper-raptor-410fps-205lbs-4x36mm-beleuchtet-zielfernrohr\\\/#primaryimage\"},\"thumbnailUrl\":\"https:\\\/\\\/bogensportdiscount.ch\\\/wp-content\\\/uploads\\\/2026\\\/04\\\/bogensportdiscount.ch-pfeile-boegen-zubehoer-fuer-anfaenger-und-profis-zum-besten-preis-Symbolbild-kein-foto-zu-diesem-artikel_01.jpg\",\"datePublished\":\"2026-04-05T12:34:43+00:00\",\"dateModified\":\"2026-04-20T10:50:33+00:00\",\"description\":\"BARNETT ARMBRUST PAKET HYPER RAPTOR 410fps 205LBS 4x36mm ILLUM. ZIELFERNROHR g\u00fcnstig kaufen bei Bogensportdiscount \u2013 Top-Marken, schneller Versand aus der Schweiz.\",\"breadcrumb\":{\"@id\":\"https:\\\/\\\/bogensportdiscount.ch\\\/it\\\/prodotto\\\/barnett-compound-armbrust-paket-hyper-raptor-410fps-205lbs-4x36mm-beleuchtet-zielfernrohr\\\/#breadcrumb\"},\"inLanguage\":\"fr-FR\",\"potentialAction\":[{\"@type\":\"ReadAction\",\"target\":[\"https:\\\/\\\/bogensportdiscount.ch\\\/it\\\/prodotto\\\/barnett-compound-armbrust-paket-hyper-raptor-410fps-205lbs-4x36mm-beleuchtet-zielfernrohr\\\/\"]}]},{\"@type\":\"ImageObject\",\"inLanguage\":\"fr-FR\",\"@id\":\"https:\\\/\\\/bogensportdiscount.ch\\\/it\\\/prodotto\\\/barnett-compound-armbrust-paket-hyper-raptor-410fps-205lbs-4x36mm-beleuchtet-zielfernrohr\\\/#primaryimage\",\"url\":\"https:\\\/\\\/bogensportdiscount.ch\\\/wp-content\\\/uploads\\\/2026\\\/04\\\/bogensportdiscount.ch-pfeile-boegen-zubehoer-fuer-anfaenger-und-profis-zum-besten-preis-Symbolbild-kein-foto-zu-diesem-artikel_01.jpg\",\"contentUrl\":\"https:\\\/\\\/bogensportdiscount.ch\\\/wp-content\\\/uploads\\\/2026\\\/04\\\/bogensportdiscount.ch-pfeile-boegen-zubehoer-fuer-anfaenger-und-profis-zum-besten-preis-Symbolbild-kein-foto-zu-diesem-artikel_01.jpg\",\"width\":1080,\"height\":1080},{\"@type\":\"BreadcrumbList\",\"@id\":\"https:\\\/\\\/bogensportdiscount.ch\\\/it\\\/prodotto\\\/barnett-compound-armbrust-paket-hyper-raptor-410fps-205lbs-4x36mm-beleuchtet-zielfernrohr\\\/#breadcrumb\",\"itemListElement\":[{\"@type\":\"ListItem\",\"position\":1,\"name\":\"Home\",\"item\":\"https:\\\/\\\/bogensportdiscount.ch\\\/\"},{\"@type\":\"ListItem\",\"position\":2,\"name\":\"Shop\",\"item\":\"https:\\\/\\\/bogensportdiscount.ch\\\/shop\\\/\"},{\"@type\":\"ListItem\",\"position\":3,\"name\":\"BARNETT ARMBRUST PAKET HYPER RAPTOR 410fps 205LBS 4x36mm ILLUM. ZIELFERNROHR\"}]},{\"@type\":\"WebSite\",\"@id\":\"https:\\\/\\\/bogensportdiscount.ch\\\/#website\",\"url\":\"https:\\\/\\\/bogensportdiscount.ch\\\/\",\"name\":\"Bogensportdiscount\",\"description\":\"\",\"potentialAction\":[{\"@type\":\"SearchAction\",\"target\":{\"@type\":\"EntryPoint\",\"urlTemplate\":\"https:\\\/\\\/bogensportdiscount.ch\\\/?s={search_term_string}\"},\"query-input\":{\"@type\":\"PropertyValueSpecification\",\"valueRequired\":true,\"valueName\":\"search_term_string\"}}],\"inLanguage\":\"fr-FR\"}]}<\/script>\n<!-- \/ Yoast SEO plugin. -->","yoast_head_json":{"title":"ENSEMBLE ARBAL\u00c8TE BARNETT HYPER RAPTOR 410 fps 205 lbs avec lunette de vis\u00e9e 4x36 mm ILLUM. - Bogensportdiscount \u2013 Arcs, fl\u00e8ches, cibles et accessoires","description":"KIT D&#x27;ARBAL\u00c8TE BARNETT HYPER RAPTOR 410 fps 205 lbs avec lunette de vis\u00e9e 4x36 mm ILLUM. \u00e0 prix avantageux chez Bogensportdiscount \u2013 Grandes marques, livraison rapide depuis la Suisse.","robots":{"index":"noindex","follow":"follow","max-snippet":"max-snippet:-1","max-image-preview":"max-image-preview:large","max-video-preview":"max-video-preview:-1"},"og_locale":"fr_FR","og_type":"article","og_title":"ENSEMBLE ARBAL\u00c8TE BARNETT HYPER RAPTOR 410 fps 205 lbs avec lunette de vis\u00e9e 4x36 mm ILLUM. - Bogensportdiscount \u2013 Arcs, fl\u00e8ches, cibles et accessoires","og_description":"KIT D&#x27;ARBAL\u00c8TE BARNETT HYPER RAPTOR 410 fps 205 lbs avec lunette de vis\u00e9e 4x36 mm ILLUM. \u00e0 prix avantageux chez Bogensportdiscount \u2013 Grandes marques, livraison rapide depuis la Suisse.","og_url":"https:\/\/bogensportdiscount.ch\/fr\/prodotto\/barnett-compound-armbrust-paket-hyper-raptor-410fps-205lbs-4x36mm-beleuchtet-zielfernrohr\/","og_site_name":"Bogensportdiscount \u2013 B\u00f6gen, Pfeile, Targets &amp; Zubeh\u00f6r","article_modified_time":"2026-04-20T10:50:33+00:00","og_image":[{"width":1200,"height":1200,"url":"https:\/\/bogensportdiscount.ch\/wp-content\/uploads\/bsm-images\/A069428_1.png","type":"image\/png"}],"twitter_card":"summary_large_image","schema":{"@context":"https:\/\/schema.org","@graph":[{"@type":"WebPage","@id":"https:\/\/bogensportdiscount.ch\/it\/prodotto\/barnett-compound-armbrust-paket-hyper-raptor-410fps-205lbs-4x36mm-beleuchtet-zielfernrohr\/","url":"https:\/\/bogensportdiscount.ch\/it\/prodotto\/barnett-compound-armbrust-paket-hyper-raptor-410fps-205lbs-4x36mm-beleuchtet-zielfernrohr\/","name":"ENSEMBLE ARBAL\u00c8TE BARNETT HYPER RAPTOR 410 fps 205 lbs avec lunette de vis\u00e9e 4x36 mm ILLUM. - Bogensportdiscount \u2013 Arcs, fl\u00e8ches, cibles et accessoires","isPartOf":{"@id":"https:\/\/bogensportdiscount.ch\/#website"},"primaryImageOfPage":{"@id":"https:\/\/bogensportdiscount.ch\/it\/prodotto\/barnett-compound-armbrust-paket-hyper-raptor-410fps-205lbs-4x36mm-beleuchtet-zielfernrohr\/#primaryimage"},"image":{"@id":"https:\/\/bogensportdiscount.ch\/it\/prodotto\/barnett-compound-armbrust-paket-hyper-raptor-410fps-205lbs-4x36mm-beleuchtet-zielfernrohr\/#primaryimage"},"thumbnailUrl":"https:\/\/bogensportdiscount.ch\/wp-content\/uploads\/2026\/04\/bogensportdiscount.ch-pfeile-boegen-zubehoer-fuer-anfaenger-und-profis-zum-besten-preis-Symbolbild-kein-foto-zu-diesem-artikel_01.jpg","datePublished":"2026-04-05T12:34:43+00:00","dateModified":"2026-04-20T10:50:33+00:00","description":"KIT D&#x27;ARBAL\u00c8TE BARNETT HYPER RAPTOR 410 fps 205 lbs avec lunette de vis\u00e9e 4x36 mm ILLUM. \u00e0 prix avantageux chez Bogensportdiscount \u2013 Grandes marques, livraison rapide depuis la Suisse.","breadcrumb":{"@id":"https:\/\/bogensportdiscount.ch\/it\/prodotto\/barnett-compound-armbrust-paket-hyper-raptor-410fps-205lbs-4x36mm-beleuchtet-zielfernrohr\/#breadcrumb"},"inLanguage":"fr-FR","potentialAction":[{"@type":"ReadAction","target":["https:\/\/bogensportdiscount.ch\/it\/prodotto\/barnett-compound-armbrust-paket-hyper-raptor-410fps-205lbs-4x36mm-beleuchtet-zielfernrohr\/"]}]},{"@type":"ImageObject","inLanguage":"fr-FR","@id":"https:\/\/bogensportdiscount.ch\/it\/prodotto\/barnett-compound-armbrust-paket-hyper-raptor-410fps-205lbs-4x36mm-beleuchtet-zielfernrohr\/#primaryimage","url":"https:\/\/bogensportdiscount.ch\/wp-content\/uploads\/2026\/04\/bogensportdiscount.ch-pfeile-boegen-zubehoer-fuer-anfaenger-und-profis-zum-besten-preis-Symbolbild-kein-foto-zu-diesem-artikel_01.jpg","contentUrl":"https:\/\/bogensportdiscount.ch\/wp-content\/uploads\/2026\/04\/bogensportdiscount.ch-pfeile-boegen-zubehoer-fuer-anfaenger-und-profis-zum-besten-preis-Symbolbild-kein-foto-zu-diesem-artikel_01.jpg","width":1080,"height":1080},{"@type":"BreadcrumbList","@id":"https:\/\/bogensportdiscount.ch\/it\/prodotto\/barnett-compound-armbrust-paket-hyper-raptor-410fps-205lbs-4x36mm-beleuchtet-zielfernrohr\/#breadcrumb","itemListElement":[{"@type":"ListItem","position":1,"name":"Home","item":"https:\/\/bogensportdiscount.ch\/"},{"@type":"ListItem","position":2,"name":"Shop","item":"https:\/\/bogensportdiscount.ch\/shop\/"},{"@type":"ListItem","position":3,"name":"BARNETT ARMBRUST PAKET HYPER RAPTOR 410fps 205LBS 4x36mm ILLUM. ZIELFERNROHR"}]},{"@type":"WebSite","@id":"https:\/\/bogensportdiscount.ch\/#website","url":"https:\/\/bogensportdiscount.ch\/","name":"Bogensportdiscount","description":"","potentialAction":[{"@type":"SearchAction","target":{"@type":"EntryPoint","urlTemplate":"https:\/\/bogensportdiscount.ch\/?s={search_term_string}"},"query-input":{"@type":"PropertyValueSpecification","valueRequired":true,"valueName":"search_term_string"}}],"inLanguage":"fr-FR"}]}},"_links":{"self":[{"href":"https:\/\/bogensportdiscount.ch\/fr\/wp-json\/wp\/v2\/product\/394732","targetHints":{"allow":["GET"]}}],"collection":[{"href":"https:\/\/bogensportdiscount.ch\/fr\/wp-json\/wp\/v2\/product"}],"about":[{"href":"https:\/\/bogensportdiscount.ch\/fr\/wp-json\/wp\/v2\/types\/product"}],"replies":[{"embeddable":true,"href":"https:\/\/bogensportdiscount.ch\/fr\/wp-json\/wp\/v2\/comments?post=394732"}],"wp:featuredmedia":[{"embeddable":true,"href":"https:\/\/bogensportdiscount.ch\/fr\/wp-json\/wp\/v2\/media\/453631"}],"wp:attachment":[{"href":"https:\/\/bogensportdiscount.ch\/fr\/wp-json\/wp\/v2\/media?parent=394732"}],"wp:term":[{"taxonomy":"product_brand","embeddable":true,"href":"https:\/\/bogensportdiscount.ch\/fr\/wp-json\/wp\/v2\/product_brand?post=394732"},{"taxonomy":"product_cat","embeddable":true,"href":"https:\/\/bogensportdiscount.ch\/fr\/wp-json\/wp\/v2\/product_cat?post=394732"},{"taxonomy":"product_tag","embeddable":true,"href":"https:\/\/bogensportdiscount.ch\/fr\/wp-json\/wp\/v2\/product_tag?post=394732"}],"curies":[{"name":"wp","href":"https:\/\/api.w.org\/{rel}","templated":true}]}}