{"id":394717,"date":"2026-04-05T14:34:40","date_gmt":"2026-04-05T12:34:40","guid":{"rendered":"https:\/\/bogensportdiscount.ch\/produkt\/mathews-damper-parts-rubber-hds-body-roller-colored-black-5-pck\/"},"modified":"2026-05-14T07:14:10","modified_gmt":"2026-05-14T05:14:10","slug":"mathews-daempfer-ersatzteile-gummi-hds-body-roller-schwarz-5er-pack","status":"publish","type":"product","link":"https:\/\/bogensportdiscount.ch\/fr\/produit\/mathews-daempfer-ersatzteile-gummi-hds-body-roller-schwarz-5er-pack\/","title":{"rendered":"MATHEWS AMORTISSEUR PI\u00c8CES CAOUTCHOUC HDS BODY-ROLLER COULEUR NOIR 5\/PCK"},"content":{"rendered":"<p>Ce kit de pi\u00e8ces de rechange MATHEWS contient cinq rouleaux en caoutchouc pour le syst\u00e8me d'amortisseur HDS. Les pi\u00e8ces sont de couleur noire et sont destin\u00e9es \u00e0 l'entretien et \u00e0 la maintenance des amortisseurs MATHEWS existants.<\/p>\n<p>Les rouleaux en caoutchouc sont des pi\u00e8ces d'usure dans le syst\u00e8me d'amortisseur et doivent \u00eatre v\u00e9rifi\u00e9s r\u00e9guli\u00e8rement et remplac\u00e9s si n\u00e9cessaire afin de conserver l'efficacit\u00e9 compl\u00e8te de l'amortissement.<\/p>\n<ul>\n<li>Pi\u00e8ce de rechange originale MATHEWS<\/li>\n<li>Compatible avec les amortisseurs HDS Body-Roller<\/li>\n<li>Mat\u00e9riau : caoutchouc, couleur noir<\/li>\n<li>5 pi\u00e8ces par emballage<\/li>\n<\/ul>","protected":false},"excerpt":{"rendered":"<table>\n<tr>\n<th>Propri\u00e9t\u00e9<\/th>\n<th>Valeur<\/th>\n<\/tr>\n<tr>\n<td>Marque<\/td>\n<td>Mathews<\/td>\n<\/tr>\n<tr>\n<td>Couleur<\/td>\n<td>Noir<\/td>\n<\/tr>\n<tr>\n<td>Pays d'origine<\/td>\n<td>USA<\/td>\n<\/tr>\n<tr>\n<td>Contenu de l'emballage<\/td>\n<td>5 pi\u00e8ces<\/td>\n<\/tr>\n<\/table>","protected":false},"featured_media":523843,"comment_status":"open","ping_status":"closed","template":"","meta":[],"product_brand":[427],"product_cat":[4128,4195,4342],"product_tag":[3546],"class_list":{"0":"post-394717","1":"product","2":"type-product","3":"status-publish","4":"has-post-thumbnail","6":"product_brand-mathews","7":"product_cat-bogen-zubehoer","8":"product_cat-daempfer","9":"product_cat-weitere-daempfer","10":"product_tag-neuheit","11":"product_shipping_class-bsd-standard","13":"first","14":"instock","15":"shipping-taxable","16":"purchasable","17":"product-type-simple"},"yoast_head":"<!-- This site is optimized with the Yoast SEO plugin v27.6 - https:\/\/yoast.com\/product\/yoast-seo-wordpress\/ -->\n<title>Pi\u00e8ces d&#x27;amortisseurs MATHEWS en caoutchouc HDS Body-Roller, couleur noire, lot de 5 - Bogensportdiscount \u2013 Arcs, fl\u00e8ches, cibles et accessoires<\/title>\n<meta name=\"description\" content=\"Pi\u00e8ces d&#x27;amortisseurs MATHEWS en caoutchouc HDS Body-Roller, couleur noire, lot de 5 : achetez-les \u00e0 prix avantageux chez Bogensportdiscount \u2013 Grandes marques, livraison rapide depuis la Suisse.\" \/>\n<meta name=\"robots\" content=\"index, follow, max-snippet:-1, max-image-preview:large, max-video-preview:-1\" \/>\n<link rel=\"canonical\" href=\"https:\/\/bogensportdiscount.ch\/fr\/produit\/mathews-daempfer-ersatzteile-gummi-hds-body-roller-schwarz-5er-pack\/\" \/>\n<meta property=\"og:locale\" content=\"fr_FR\" \/>\n<meta property=\"og:type\" content=\"article\" \/>\n<meta property=\"og:title\" content=\"Pi\u00e8ces d&#x27;amortisseurs MATHEWS en caoutchouc HDS Body-Roller, couleur noire, lot de 5 - Bogensportdiscount \u2013 Arcs, fl\u00e8ches, cibles et accessoires\" \/>\n<meta property=\"og:description\" content=\"Pi\u00e8ces d&#x27;amortisseurs MATHEWS en caoutchouc HDS Body-Roller, couleur noire, lot de 5 : achetez-les \u00e0 prix avantageux chez Bogensportdiscount \u2013 Grandes marques, livraison rapide depuis la Suisse.\" \/>\n<meta property=\"og:url\" content=\"https:\/\/bogensportdiscount.ch\/fr\/produit\/mathews-daempfer-ersatzteile-gummi-hds-body-roller-schwarz-5er-pack\/\" \/>\n<meta property=\"og:site_name\" content=\"Bogensportdiscount \u2013 B\u00f6gen, Pfeile, Targets &amp; Zubeh\u00f6r\" \/>\n<meta property=\"article:modified_time\" content=\"2026-05-14T05:14:10+00:00\" \/>\n<meta property=\"og:image\" content=\"https:\/\/bogensportdiscount.ch\/wp-content\/uploads\/bsm-images\/A064815_1.png\" \/>\n\t<meta property=\"og:image:width\" content=\"652\" \/>\n\t<meta property=\"og:image:height\" content=\"556\" \/>\n\t<meta property=\"og:image:type\" content=\"image\/png\" \/>\n<meta name=\"twitter:card\" content=\"summary_large_image\" \/>\n<script type=\"application\/ld+json\" class=\"yoast-schema-graph\">{\"@context\":\"https:\\\/\\\/schema.org\",\"@graph\":[{\"@type\":\"WebPage\",\"@id\":\"https:\\\/\\\/bogensportdiscount.ch\\\/produkt\\\/mathews-daempfer-ersatzteile-gummi-hds-body-roller-schwarz-5er-pack\\\/\",\"url\":\"https:\\\/\\\/bogensportdiscount.ch\\\/produkt\\\/mathews-daempfer-ersatzteile-gummi-hds-body-roller-schwarz-5er-pack\\\/\",\"name\":\"MATHEWS D\u00c4MPFER TEILE GUMMI HDS BODY-ROLLER FARBIG SCHWARZ 5\\\/PCK - Bogensportdiscount \u2013 B\u00f6gen, Pfeile, Targets &amp; Zubeh\u00f6r\",\"isPartOf\":{\"@id\":\"https:\\\/\\\/bogensportdiscount.ch\\\/#website\"},\"primaryImageOfPage\":{\"@id\":\"https:\\\/\\\/bogensportdiscount.ch\\\/produkt\\\/mathews-daempfer-ersatzteile-gummi-hds-body-roller-schwarz-5er-pack\\\/#primaryimage\"},\"image\":{\"@id\":\"https:\\\/\\\/bogensportdiscount.ch\\\/produkt\\\/mathews-daempfer-ersatzteile-gummi-hds-body-roller-schwarz-5er-pack\\\/#primaryimage\"},\"thumbnailUrl\":\"https:\\\/\\\/bogensportdiscount.ch\\\/wp-content\\\/uploads\\\/bsm-images\\\/A064815_1.png\",\"datePublished\":\"2026-04-05T12:34:40+00:00\",\"dateModified\":\"2026-05-14T05:14:10+00:00\",\"description\":\"MATHEWS D\u00c4MPFER TEILE GUMMI HDS BODY-ROLLER FARBIG SCHWARZ 5\\\/PCK g\u00fcnstig kaufen bei Bogensportdiscount \u2013 Top-Marken, schneller Versand aus der Schweiz.\",\"breadcrumb\":{\"@id\":\"https:\\\/\\\/bogensportdiscount.ch\\\/produkt\\\/mathews-daempfer-ersatzteile-gummi-hds-body-roller-schwarz-5er-pack\\\/#breadcrumb\"},\"inLanguage\":\"fr-FR\",\"potentialAction\":[{\"@type\":\"ReadAction\",\"target\":[\"https:\\\/\\\/bogensportdiscount.ch\\\/produkt\\\/mathews-daempfer-ersatzteile-gummi-hds-body-roller-schwarz-5er-pack\\\/\"]}]},{\"@type\":\"ImageObject\",\"inLanguage\":\"fr-FR\",\"@id\":\"https:\\\/\\\/bogensportdiscount.ch\\\/produkt\\\/mathews-daempfer-ersatzteile-gummi-hds-body-roller-schwarz-5er-pack\\\/#primaryimage\",\"url\":\"https:\\\/\\\/bogensportdiscount.ch\\\/wp-content\\\/uploads\\\/bsm-images\\\/A064815_1.png\",\"contentUrl\":\"https:\\\/\\\/bogensportdiscount.ch\\\/wp-content\\\/uploads\\\/bsm-images\\\/A064815_1.png\",\"width\":652,\"height\":556},{\"@type\":\"BreadcrumbList\",\"@id\":\"https:\\\/\\\/bogensportdiscount.ch\\\/produkt\\\/mathews-daempfer-ersatzteile-gummi-hds-body-roller-schwarz-5er-pack\\\/#breadcrumb\",\"itemListElement\":[{\"@type\":\"ListItem\",\"position\":1,\"name\":\"Home\",\"item\":\"https:\\\/\\\/bogensportdiscount.ch\\\/\"},{\"@type\":\"ListItem\",\"position\":2,\"name\":\"Shop\",\"item\":\"https:\\\/\\\/bogensportdiscount.ch\\\/shop\\\/\"},{\"@type\":\"ListItem\",\"position\":3,\"name\":\"MATHEWS DAEMPFER TEILE GUMMI HDS BODY-ROLLER FARBIG SCHWARZ 5\\\/PCK\"}]},{\"@type\":\"WebSite\",\"@id\":\"https:\\\/\\\/bogensportdiscount.ch\\\/#website\",\"url\":\"https:\\\/\\\/bogensportdiscount.ch\\\/\",\"name\":\"Bogensportdiscount\",\"description\":\"\",\"potentialAction\":[{\"@type\":\"SearchAction\",\"target\":{\"@type\":\"EntryPoint\",\"urlTemplate\":\"https:\\\/\\\/bogensportdiscount.ch\\\/?s={search_term_string}\"},\"query-input\":{\"@type\":\"PropertyValueSpecification\",\"valueRequired\":true,\"valueName\":\"search_term_string\"}}],\"inLanguage\":\"fr-FR\"}]}<\/script>\n<!-- \/ Yoast SEO plugin. -->","yoast_head_json":{"title":"Pi\u00e8ces d&#x27;amortisseurs MATHEWS en caoutchouc HDS Body-Roller, couleur noire, lot de 5 - Bogensportdiscount \u2013 Arcs, fl\u00e8ches, cibles et accessoires","description":"Pi\u00e8ces d&#x27;amortisseurs MATHEWS en caoutchouc HDS Body-Roller, couleur noire, lot de 5 : achetez-les \u00e0 prix avantageux chez Bogensportdiscount \u2013 Grandes marques, livraison rapide depuis la Suisse.","robots":{"index":"index","follow":"follow","max-snippet":"max-snippet:-1","max-image-preview":"max-image-preview:large","max-video-preview":"max-video-preview:-1"},"canonical":"https:\/\/bogensportdiscount.ch\/fr\/produit\/mathews-daempfer-ersatzteile-gummi-hds-body-roller-schwarz-5er-pack\/","og_locale":"fr_FR","og_type":"article","og_title":"Pi\u00e8ces d&#x27;amortisseurs MATHEWS en caoutchouc HDS Body-Roller, couleur noire, lot de 5 - Bogensportdiscount \u2013 Arcs, fl\u00e8ches, cibles et accessoires","og_description":"Pi\u00e8ces d&#x27;amortisseurs MATHEWS en caoutchouc HDS Body-Roller, couleur noire, lot de 5 : achetez-les \u00e0 prix avantageux chez Bogensportdiscount \u2013 Grandes marques, livraison rapide depuis la Suisse.","og_url":"https:\/\/bogensportdiscount.ch\/fr\/produit\/mathews-daempfer-ersatzteile-gummi-hds-body-roller-schwarz-5er-pack\/","og_site_name":"Bogensportdiscount \u2013 B\u00f6gen, Pfeile, Targets &amp; Zubeh\u00f6r","article_modified_time":"2026-05-14T05:14:10+00:00","og_image":[{"width":652,"height":556,"url":"https:\/\/bogensportdiscount.ch\/wp-content\/uploads\/bsm-images\/A064815_1.png","type":"image\/png"}],"twitter_card":"summary_large_image","schema":{"@context":"https:\/\/schema.org","@graph":[{"@type":"WebPage","@id":"https:\/\/bogensportdiscount.ch\/produkt\/mathews-daempfer-ersatzteile-gummi-hds-body-roller-schwarz-5er-pack\/","url":"https:\/\/bogensportdiscount.ch\/produkt\/mathews-daempfer-ersatzteile-gummi-hds-body-roller-schwarz-5er-pack\/","name":"Pi\u00e8ces d&#x27;amortisseurs MATHEWS en caoutchouc HDS Body-Roller, couleur noire, lot de 5 - Bogensportdiscount \u2013 Arcs, fl\u00e8ches, cibles et accessoires","isPartOf":{"@id":"https:\/\/bogensportdiscount.ch\/#website"},"primaryImageOfPage":{"@id":"https:\/\/bogensportdiscount.ch\/produkt\/mathews-daempfer-ersatzteile-gummi-hds-body-roller-schwarz-5er-pack\/#primaryimage"},"image":{"@id":"https:\/\/bogensportdiscount.ch\/produkt\/mathews-daempfer-ersatzteile-gummi-hds-body-roller-schwarz-5er-pack\/#primaryimage"},"thumbnailUrl":"https:\/\/bogensportdiscount.ch\/wp-content\/uploads\/bsm-images\/A064815_1.png","datePublished":"2026-04-05T12:34:40+00:00","dateModified":"2026-05-14T05:14:10+00:00","description":"Pi\u00e8ces d&#x27;amortisseurs MATHEWS en caoutchouc HDS Body-Roller, couleur noire, lot de 5 : achetez-les \u00e0 prix avantageux chez Bogensportdiscount \u2013 Grandes marques, livraison rapide depuis la Suisse.","breadcrumb":{"@id":"https:\/\/bogensportdiscount.ch\/produkt\/mathews-daempfer-ersatzteile-gummi-hds-body-roller-schwarz-5er-pack\/#breadcrumb"},"inLanguage":"fr-FR","potentialAction":[{"@type":"ReadAction","target":["https:\/\/bogensportdiscount.ch\/produkt\/mathews-daempfer-ersatzteile-gummi-hds-body-roller-schwarz-5er-pack\/"]}]},{"@type":"ImageObject","inLanguage":"fr-FR","@id":"https:\/\/bogensportdiscount.ch\/produkt\/mathews-daempfer-ersatzteile-gummi-hds-body-roller-schwarz-5er-pack\/#primaryimage","url":"https:\/\/bogensportdiscount.ch\/wp-content\/uploads\/bsm-images\/A064815_1.png","contentUrl":"https:\/\/bogensportdiscount.ch\/wp-content\/uploads\/bsm-images\/A064815_1.png","width":652,"height":556},{"@type":"BreadcrumbList","@id":"https:\/\/bogensportdiscount.ch\/produkt\/mathews-daempfer-ersatzteile-gummi-hds-body-roller-schwarz-5er-pack\/#breadcrumb","itemListElement":[{"@type":"ListItem","position":1,"name":"Home","item":"https:\/\/bogensportdiscount.ch\/"},{"@type":"ListItem","position":2,"name":"Shop","item":"https:\/\/bogensportdiscount.ch\/shop\/"},{"@type":"ListItem","position":3,"name":"MATHEWS DAEMPFER TEILE GUMMI HDS BODY-ROLLER FARBIG SCHWARZ 5\/PCK"}]},{"@type":"WebSite","@id":"https:\/\/bogensportdiscount.ch\/#website","url":"https:\/\/bogensportdiscount.ch\/","name":"Bogensportdiscount","description":"","potentialAction":[{"@type":"SearchAction","target":{"@type":"EntryPoint","urlTemplate":"https:\/\/bogensportdiscount.ch\/?s={search_term_string}"},"query-input":{"@type":"PropertyValueSpecification","valueRequired":true,"valueName":"search_term_string"}}],"inLanguage":"fr-FR"}]}},"_links":{"self":[{"href":"https:\/\/bogensportdiscount.ch\/fr\/wp-json\/wp\/v2\/product\/394717","targetHints":{"allow":["GET"]}}],"collection":[{"href":"https:\/\/bogensportdiscount.ch\/fr\/wp-json\/wp\/v2\/product"}],"about":[{"href":"https:\/\/bogensportdiscount.ch\/fr\/wp-json\/wp\/v2\/types\/product"}],"replies":[{"embeddable":true,"href":"https:\/\/bogensportdiscount.ch\/fr\/wp-json\/wp\/v2\/comments?post=394717"}],"wp:featuredmedia":[{"embeddable":true,"href":"https:\/\/bogensportdiscount.ch\/fr\/wp-json\/wp\/v2\/media\/523843"}],"wp:attachment":[{"href":"https:\/\/bogensportdiscount.ch\/fr\/wp-json\/wp\/v2\/media?parent=394717"}],"wp:term":[{"taxonomy":"product_brand","embeddable":true,"href":"https:\/\/bogensportdiscount.ch\/fr\/wp-json\/wp\/v2\/product_brand?post=394717"},{"taxonomy":"product_cat","embeddable":true,"href":"https:\/\/bogensportdiscount.ch\/fr\/wp-json\/wp\/v2\/product_cat?post=394717"},{"taxonomy":"product_tag","embeddable":true,"href":"https:\/\/bogensportdiscount.ch\/fr\/wp-json\/wp\/v2\/product_tag?post=394717"}],"curies":[{"name":"wp","href":"https:\/\/api.w.org\/{rel}","templated":true}]}}