{"id":394706,"date":"2026-04-05T14:34:37","date_gmt":"2026-04-05T12:34:37","guid":{"rendered":"https:\/\/bogensportdiscount.ch\/produkt\/spothogg-spot-hogg-triple-stack-pointer-tommy-hogg-hogg-father-rh\/"},"modified":"2026-04-23T15:30:04","modified_gmt":"2026-04-23T13:30:04","slug":"spot-hogg-triple-stack-pointer-tommy-hogg-hogg-father-rh","status":"publish","type":"product","link":"https:\/\/bogensportdiscount.ch\/fr\/produit\/spot-hogg-triple-stack-pointer-tommy-hogg-hogg-father-rh\/","title":{"rendered":"SPOTHOGG SPOT-HOGG TRIPLE STACK POINTER TOMMY HOGG\/HOGG FATHER RH"},"content":{"rendered":"<p>Der Spot-Hogg Triple Stack Pointer ist ein Ersatz- bzw. Zubeh\u00f6rteil f\u00fcr die Visiere Tommy Hogg und Hogg Father von Spot-Hogg. Der Pointer dient als Zeigelement innerhalb des Visiers und ist auf Rechtsh\u00e4nder (RH) ausgelegt.<\/p>\n<p>Als Original-Ersatzteil von Spot-Hogg ist der Triple Stack Pointer direkt auf die Montage an den genannten Visiersystemen abgestimmt. Er eignet sich f\u00fcr Bogensch\u00fctzen, die ihr bestehendes Visier warten oder aufr\u00fcsten m\u00f6chten.<\/p>\n<ul>\n<li>Kompatibel mit Tommy Hogg und Hogg Father Visieren<\/li>\n<li>Version pour droitier (RH)<\/li>\n<li>Original Spot-Hogg Ersatzteil<\/li>\n<li>Fabriqu\u00e9 aux \u00c9tats-Unis<\/li>\n<\/ul>","protected":false},"excerpt":{"rendered":"<table>\n<tr>\n<th>Propri\u00e9t\u00e9<\/th>\n<th>Valeur<\/th>\n<\/tr>\n<tr>\n<td>Marque<\/td>\n<td>Spot-Hogg<\/td>\n<\/tr>\n<tr>\n<td>Type<\/td>\n<td>Pointer<\/td>\n<\/tr>\n<tr>\n<td>Main<\/td>\n<td>Main droite (RH)<\/td>\n<\/tr>\n<tr>\n<td>GTIN<\/td>\n<td>8579655005957<\/td>\n<\/tr>\n<tr>\n<td>Pays d'origine<\/td>\n<td>USA<\/td>\n<\/tr>\n<\/table>","protected":false},"featured_media":523850,"comment_status":"open","ping_status":"closed","template":"","meta":[],"product_brand":[538],"product_cat":[4134],"product_tag":[3546],"class_list":{"0":"post-394706","1":"product","2":"type-product","3":"status-publish","4":"has-post-thumbnail","6":"product_brand-spothogg","7":"product_cat-einzelteile-fur-jagd-und-3d","8":"product_tag-neuheit","9":"product_shipping_class-bsd-standard","11":"first","12":"instock","13":"shipping-taxable","14":"purchasable","15":"product-type-simple"},"yoast_head":"<!-- This site is optimized with the Yoast SEO plugin v27.4 - https:\/\/yoast.com\/product\/yoast-seo-wordpress\/ -->\n<title>SPOTHOGG SPOT-HOGG TRIPLE STACK POINTER TOMMY HOGG\/HOGG FATHER RH - Bogensportdiscount \u2013 Arcs, fl\u00e8ches, cibles et accessoires<\/title>\n<meta name=\"description\" content=\"Achetez le SPOTHOGG SPOT-HOGG TRIPLE STACK POINTER TOMMY HOGG\/HOGG FATHER RH \u00e0 un prix avantageux chez Bogensportdiscount \u2013 Les meilleures marques, livraison rapide depuis la Suisse.\" \/>\n<meta name=\"robots\" content=\"index, follow, max-snippet:-1, max-image-preview:large, max-video-preview:-1\" \/>\n<link rel=\"canonical\" href=\"https:\/\/bogensportdiscount.ch\/fr\/produit\/spot-hogg-triple-stack-pointer-tommy-hogg-hogg-father-rh\/\" \/>\n<meta property=\"og:locale\" content=\"fr_FR\" \/>\n<meta property=\"og:type\" content=\"article\" \/>\n<meta property=\"og:title\" content=\"SPOTHOGG SPOT-HOGG TRIPLE STACK POINTER TOMMY HOGG\/HOGG FATHER RH - Bogensportdiscount \u2013 Arcs, fl\u00e8ches, cibles et accessoires\" \/>\n<meta property=\"og:description\" content=\"Achetez le SPOTHOGG SPOT-HOGG TRIPLE STACK POINTER TOMMY HOGG\/HOGG FATHER RH \u00e0 un prix avantageux chez Bogensportdiscount \u2013 Les meilleures marques, livraison rapide depuis la Suisse.\" \/>\n<meta property=\"og:url\" content=\"https:\/\/bogensportdiscount.ch\/fr\/produit\/spot-hogg-triple-stack-pointer-tommy-hogg-hogg-father-rh\/\" \/>\n<meta property=\"og:site_name\" content=\"Bogensportdiscount \u2013 B\u00f6gen, Pfeile, Targets &amp; Zubeh\u00f6r\" \/>\n<meta property=\"article:modified_time\" content=\"2026-04-23T13:30:04+00:00\" \/>\n<meta property=\"og:image\" content=\"https:\/\/bogensportdiscount.ch\/wp-content\/uploads\/bsm-images\/A062465_1.png\" \/>\n\t<meta property=\"og:image:width\" content=\"2122\" \/>\n\t<meta property=\"og:image:height\" content=\"775\" \/>\n\t<meta property=\"og:image:type\" content=\"image\/png\" \/>\n<meta name=\"twitter:card\" content=\"summary_large_image\" \/>\n<script type=\"application\/ld+json\" class=\"yoast-schema-graph\">{\"@context\":\"https:\\\/\\\/schema.org\",\"@graph\":[{\"@type\":\"WebPage\",\"@id\":\"https:\\\/\\\/bogensportdiscount.ch\\\/produkt\\\/spot-hogg-triple-stack-pointer-tommy-hogg-hogg-father-rh\\\/\",\"url\":\"https:\\\/\\\/bogensportdiscount.ch\\\/produkt\\\/spot-hogg-triple-stack-pointer-tommy-hogg-hogg-father-rh\\\/\",\"name\":\"SPOTHOGG SPOT-HOGG TRIPLE STACK POINTER TOMMY HOGG\\\/HOGG FATHER RH - Bogensportdiscount \u2013 B\u00f6gen, Pfeile, Targets &amp; Zubeh\u00f6r\",\"isPartOf\":{\"@id\":\"https:\\\/\\\/bogensportdiscount.ch\\\/#website\"},\"primaryImageOfPage\":{\"@id\":\"https:\\\/\\\/bogensportdiscount.ch\\\/produkt\\\/spot-hogg-triple-stack-pointer-tommy-hogg-hogg-father-rh\\\/#primaryimage\"},\"image\":{\"@id\":\"https:\\\/\\\/bogensportdiscount.ch\\\/produkt\\\/spot-hogg-triple-stack-pointer-tommy-hogg-hogg-father-rh\\\/#primaryimage\"},\"thumbnailUrl\":\"https:\\\/\\\/bogensportdiscount.ch\\\/wp-content\\\/uploads\\\/bsm-images\\\/A062465_1.png\",\"datePublished\":\"2026-04-05T12:34:37+00:00\",\"dateModified\":\"2026-04-23T13:30:04+00:00\",\"description\":\"SPOTHOGG SPOT-HOGG TRIPLE STACK POINTER TOMMY HOGG\\\/HOGG FATHER RH g\u00fcnstig kaufen bei Bogensportdiscount \u2013 Top-Marken, schneller Versand aus der Schweiz.\",\"breadcrumb\":{\"@id\":\"https:\\\/\\\/bogensportdiscount.ch\\\/produkt\\\/spot-hogg-triple-stack-pointer-tommy-hogg-hogg-father-rh\\\/#breadcrumb\"},\"inLanguage\":\"fr-FR\",\"potentialAction\":[{\"@type\":\"ReadAction\",\"target\":[\"https:\\\/\\\/bogensportdiscount.ch\\\/produkt\\\/spot-hogg-triple-stack-pointer-tommy-hogg-hogg-father-rh\\\/\"]}]},{\"@type\":\"ImageObject\",\"inLanguage\":\"fr-FR\",\"@id\":\"https:\\\/\\\/bogensportdiscount.ch\\\/produkt\\\/spot-hogg-triple-stack-pointer-tommy-hogg-hogg-father-rh\\\/#primaryimage\",\"url\":\"https:\\\/\\\/bogensportdiscount.ch\\\/wp-content\\\/uploads\\\/bsm-images\\\/A062465_1.png\",\"contentUrl\":\"https:\\\/\\\/bogensportdiscount.ch\\\/wp-content\\\/uploads\\\/bsm-images\\\/A062465_1.png\",\"width\":2122,\"height\":775},{\"@type\":\"BreadcrumbList\",\"@id\":\"https:\\\/\\\/bogensportdiscount.ch\\\/produkt\\\/spot-hogg-triple-stack-pointer-tommy-hogg-hogg-father-rh\\\/#breadcrumb\",\"itemListElement\":[{\"@type\":\"ListItem\",\"position\":1,\"name\":\"Home\",\"item\":\"https:\\\/\\\/bogensportdiscount.ch\\\/\"},{\"@type\":\"ListItem\",\"position\":2,\"name\":\"Shop\",\"item\":\"https:\\\/\\\/bogensportdiscount.ch\\\/shop\\\/\"},{\"@type\":\"ListItem\",\"position\":3,\"name\":\"SPOTHOGG SPOT-HOGG TRIPLE STACK POINTER TOMMY HOGG\\\/HOGG FATHER RH\"}]},{\"@type\":\"WebSite\",\"@id\":\"https:\\\/\\\/bogensportdiscount.ch\\\/#website\",\"url\":\"https:\\\/\\\/bogensportdiscount.ch\\\/\",\"name\":\"Bogensportdiscount\",\"description\":\"\",\"potentialAction\":[{\"@type\":\"SearchAction\",\"target\":{\"@type\":\"EntryPoint\",\"urlTemplate\":\"https:\\\/\\\/bogensportdiscount.ch\\\/?s={search_term_string}\"},\"query-input\":{\"@type\":\"PropertyValueSpecification\",\"valueRequired\":true,\"valueName\":\"search_term_string\"}}],\"inLanguage\":\"fr-FR\"}]}<\/script>\n<!-- \/ Yoast SEO plugin. -->","yoast_head_json":{"title":"SPOTHOGG SPOT-HOGG TRIPLE STACK POINTER TOMMY HOGG\/HOGG FATHER RH - Bogensportdiscount \u2013 Arcs, fl\u00e8ches, cibles et accessoires","description":"Achetez le SPOTHOGG SPOT-HOGG TRIPLE STACK POINTER TOMMY HOGG\/HOGG FATHER RH \u00e0 un prix avantageux chez Bogensportdiscount \u2013 Les meilleures marques, livraison rapide depuis la Suisse.","robots":{"index":"index","follow":"follow","max-snippet":"max-snippet:-1","max-image-preview":"max-image-preview:large","max-video-preview":"max-video-preview:-1"},"canonical":"https:\/\/bogensportdiscount.ch\/fr\/produit\/spot-hogg-triple-stack-pointer-tommy-hogg-hogg-father-rh\/","og_locale":"fr_FR","og_type":"article","og_title":"SPOTHOGG SPOT-HOGG TRIPLE STACK POINTER TOMMY HOGG\/HOGG FATHER RH - Bogensportdiscount \u2013 Arcs, fl\u00e8ches, cibles et accessoires","og_description":"Achetez le SPOTHOGG SPOT-HOGG TRIPLE STACK POINTER TOMMY HOGG\/HOGG FATHER RH \u00e0 un prix avantageux chez Bogensportdiscount \u2013 Les meilleures marques, livraison rapide depuis la Suisse.","og_url":"https:\/\/bogensportdiscount.ch\/fr\/produit\/spot-hogg-triple-stack-pointer-tommy-hogg-hogg-father-rh\/","og_site_name":"Bogensportdiscount \u2013 B\u00f6gen, Pfeile, Targets &amp; Zubeh\u00f6r","article_modified_time":"2026-04-23T13:30:04+00:00","og_image":[{"url":"https:\/\/bogensportdiscount.ch\/wp-content\/uploads\/bsm-images\/A062465_1.png","width":2122,"height":775,"type":"image\/png"}],"twitter_card":"summary_large_image","schema":{"@context":"https:\/\/schema.org","@graph":[{"@type":"WebPage","@id":"https:\/\/bogensportdiscount.ch\/produkt\/spot-hogg-triple-stack-pointer-tommy-hogg-hogg-father-rh\/","url":"https:\/\/bogensportdiscount.ch\/produkt\/spot-hogg-triple-stack-pointer-tommy-hogg-hogg-father-rh\/","name":"SPOTHOGG SPOT-HOGG TRIPLE STACK POINTER TOMMY HOGG\/HOGG FATHER RH - Bogensportdiscount \u2013 Arcs, fl\u00e8ches, cibles et accessoires","isPartOf":{"@id":"https:\/\/bogensportdiscount.ch\/#website"},"primaryImageOfPage":{"@id":"https:\/\/bogensportdiscount.ch\/produkt\/spot-hogg-triple-stack-pointer-tommy-hogg-hogg-father-rh\/#primaryimage"},"image":{"@id":"https:\/\/bogensportdiscount.ch\/produkt\/spot-hogg-triple-stack-pointer-tommy-hogg-hogg-father-rh\/#primaryimage"},"thumbnailUrl":"https:\/\/bogensportdiscount.ch\/wp-content\/uploads\/bsm-images\/A062465_1.png","datePublished":"2026-04-05T12:34:37+00:00","dateModified":"2026-04-23T13:30:04+00:00","description":"Achetez le SPOTHOGG SPOT-HOGG TRIPLE STACK POINTER TOMMY HOGG\/HOGG FATHER RH \u00e0 un prix avantageux chez Bogensportdiscount \u2013 Les meilleures marques, livraison rapide depuis la Suisse.","breadcrumb":{"@id":"https:\/\/bogensportdiscount.ch\/produkt\/spot-hogg-triple-stack-pointer-tommy-hogg-hogg-father-rh\/#breadcrumb"},"inLanguage":"fr-FR","potentialAction":[{"@type":"ReadAction","target":["https:\/\/bogensportdiscount.ch\/produkt\/spot-hogg-triple-stack-pointer-tommy-hogg-hogg-father-rh\/"]}]},{"@type":"ImageObject","inLanguage":"fr-FR","@id":"https:\/\/bogensportdiscount.ch\/produkt\/spot-hogg-triple-stack-pointer-tommy-hogg-hogg-father-rh\/#primaryimage","url":"https:\/\/bogensportdiscount.ch\/wp-content\/uploads\/bsm-images\/A062465_1.png","contentUrl":"https:\/\/bogensportdiscount.ch\/wp-content\/uploads\/bsm-images\/A062465_1.png","width":2122,"height":775},{"@type":"BreadcrumbList","@id":"https:\/\/bogensportdiscount.ch\/produkt\/spot-hogg-triple-stack-pointer-tommy-hogg-hogg-father-rh\/#breadcrumb","itemListElement":[{"@type":"ListItem","position":1,"name":"Home","item":"https:\/\/bogensportdiscount.ch\/"},{"@type":"ListItem","position":2,"name":"Shop","item":"https:\/\/bogensportdiscount.ch\/shop\/"},{"@type":"ListItem","position":3,"name":"SPOTHOGG SPOT-HOGG TRIPLE STACK POINTER TOMMY HOGG\/HOGG FATHER RH"}]},{"@type":"WebSite","@id":"https:\/\/bogensportdiscount.ch\/#website","url":"https:\/\/bogensportdiscount.ch\/","name":"Bogensportdiscount","description":"","potentialAction":[{"@type":"SearchAction","target":{"@type":"EntryPoint","urlTemplate":"https:\/\/bogensportdiscount.ch\/?s={search_term_string}"},"query-input":{"@type":"PropertyValueSpecification","valueRequired":true,"valueName":"search_term_string"}}],"inLanguage":"fr-FR"}]}},"_links":{"self":[{"href":"https:\/\/bogensportdiscount.ch\/fr\/wp-json\/wp\/v2\/product\/394706","targetHints":{"allow":["GET"]}}],"collection":[{"href":"https:\/\/bogensportdiscount.ch\/fr\/wp-json\/wp\/v2\/product"}],"about":[{"href":"https:\/\/bogensportdiscount.ch\/fr\/wp-json\/wp\/v2\/types\/product"}],"replies":[{"embeddable":true,"href":"https:\/\/bogensportdiscount.ch\/fr\/wp-json\/wp\/v2\/comments?post=394706"}],"wp:featuredmedia":[{"embeddable":true,"href":"https:\/\/bogensportdiscount.ch\/fr\/wp-json\/wp\/v2\/media\/523850"}],"wp:attachment":[{"href":"https:\/\/bogensportdiscount.ch\/fr\/wp-json\/wp\/v2\/media?parent=394706"}],"wp:term":[{"taxonomy":"product_brand","embeddable":true,"href":"https:\/\/bogensportdiscount.ch\/fr\/wp-json\/wp\/v2\/product_brand?post=394706"},{"taxonomy":"product_cat","embeddable":true,"href":"https:\/\/bogensportdiscount.ch\/fr\/wp-json\/wp\/v2\/product_cat?post=394706"},{"taxonomy":"product_tag","embeddable":true,"href":"https:\/\/bogensportdiscount.ch\/fr\/wp-json\/wp\/v2\/product_tag?post=394706"}],"curies":[{"name":"wp","href":"https:\/\/api.w.org\/{rel}","templated":true}]}}