{"id":394703,"date":"2026-04-05T14:34:36","date_gmt":"2026-04-05T12:34:36","guid":{"rendered":"https:\/\/bogensportdiscount.ch\/produkt\/neet-traditional-recurve-soft-case-nk-164-155x20-sw-black\/"},"modified":"2026-05-14T07:14:09","modified_gmt":"2026-05-14T05:14:09","slug":"neet-traditionelle-recurve-softcase-nk-164-155x20-sw-schwarz","status":"publish","type":"product","link":"https:\/\/bogensportdiscount.ch\/fr\/produit\/neet-traditionelle-recurve-softcase-nk-164-155x20-sw-schwarz\/","title":{"rendered":"NEET TRADITIONAL RECURVE \u00c9TUI SOUPLE NK-164 155X20 SW NOIR"},"content":{"rendered":"<p>La housse NEET NK-164 est une housse souple (softcase) pour arcs classiques traditionnels. Avec des dimensions de 155 x 20 cm, elle offre suffisamment d'espace pour un arc classique d\u00e9mont\u00e9 ou monobloc de longueur moyenne \u00e0 grande.<\/p>\n<p>La housse est en noir et prot\u00e8ge l'arc contre les rayures et les chocs l\u00e9gers lors du transport et du rangement. Le mat\u00e9riau souple maintient le poids r\u00e9duit et rend la housse pratique pour une utilisation quotidienne ainsi que pour se rendre \u00e0 l'entra\u00eenement ou \u00e0 un tournoi.<\/p>\n<ul>\n<li>Convient aux arcs classiques traditionnels<\/li>\n<li>Dimensions : 155 x 20 cm<\/li>\n<li>Design softcase l\u00e9ger<\/li>\n<li>Couleur : Noir<\/li>\n<\/ul>","protected":false},"excerpt":{"rendered":"<table>\n<tr>\n<th>Propri\u00e9t\u00e9<\/th>\n<th>Valeur<\/th>\n<\/tr>\n<tr>\n<td>Marque<\/td>\n<td>NEET<\/td>\n<\/tr>\n<tr>\n<td>Mod\u00e8le<\/td>\n<td>NK-164<\/td>\n<\/tr>\n<tr>\n<td>Couleur<\/td>\n<td>Noir<\/td>\n<\/tr>\n<tr>\n<td>Dimensions<\/td>\n<td>155 x 20 cm<\/td>\n<\/tr>\n<tr>\n<td>Pays d'origine<\/td>\n<td>USA<\/td>\n<\/tr>\n<\/table>","protected":false},"featured_media":523854,"comment_status":"open","ping_status":"closed","template":"","meta":[],"product_brand":[786],"product_cat":[4124,4125,4127],"product_tag":[3546],"class_list":{"0":"post-394703","1":"product","2":"type-product","3":"status-publish","4":"has-post-thumbnail","6":"product_brand-neet","7":"product_cat-bogenschuetzer-ausruestung","8":"product_cat-taschen-koffer","9":"product_cat-traditioneller-bogentaschen","10":"product_tag-neuheit","11":"product_shipping_class-bsd-standard","13":"first","14":"instock","15":"shipping-taxable","16":"purchasable","17":"product-type-simple"},"yoast_head":"<!-- This site is optimized with the Yoast SEO plugin v27.6 - https:\/\/yoast.com\/product\/yoast-seo-wordpress\/ -->\n<title>\u00c9tui souple pour arc classique NEET NK-164 155 x 20 SW noir - Bogensportdiscount \u2013 Arcs, fl\u00e8ches, cibles et accessoires<\/title>\n<meta name=\"description\" content=\"Achetez l&#x27;\u00e9tui souple NEET TRADITIONAL RECURVE NK-164 155x20 SW NOIR \u00e0 prix avantageux chez Bogensportdiscount \u2013 Grandes marques, livraison rapide depuis la Suisse.\" \/>\n<meta name=\"robots\" content=\"index, follow, max-snippet:-1, max-image-preview:large, max-video-preview:-1\" \/>\n<link rel=\"canonical\" href=\"https:\/\/bogensportdiscount.ch\/fr\/produit\/neet-traditionelle-recurve-softcase-nk-164-155x20-sw-schwarz\/\" \/>\n<meta property=\"og:locale\" content=\"fr_FR\" \/>\n<meta property=\"og:type\" content=\"article\" \/>\n<meta property=\"og:title\" content=\"\u00c9tui souple pour arc classique NEET NK-164 155 x 20 SW noir - Bogensportdiscount \u2013 Arcs, fl\u00e8ches, cibles et accessoires\" \/>\n<meta property=\"og:description\" content=\"Achetez l&#x27;\u00e9tui souple NEET TRADITIONAL RECURVE NK-164 155x20 SW NOIR \u00e0 prix avantageux chez Bogensportdiscount \u2013 Grandes marques, livraison rapide depuis la Suisse.\" \/>\n<meta property=\"og:url\" content=\"https:\/\/bogensportdiscount.ch\/fr\/produit\/neet-traditionelle-recurve-softcase-nk-164-155x20-sw-schwarz\/\" \/>\n<meta property=\"og:site_name\" content=\"Bogensportdiscount \u2013 B\u00f6gen, Pfeile, Targets &amp; Zubeh\u00f6r\" \/>\n<meta property=\"article:modified_time\" content=\"2026-05-14T05:14:09+00:00\" \/>\n<meta property=\"og:image\" content=\"https:\/\/bogensportdiscount.ch\/wp-content\/uploads\/bsm-images\/A062253_1.png\" \/>\n\t<meta property=\"og:image:width\" content=\"6950\" \/>\n\t<meta property=\"og:image:height\" content=\"974\" \/>\n\t<meta property=\"og:image:type\" content=\"image\/png\" \/>\n<meta name=\"twitter:card\" content=\"summary_large_image\" \/>\n<script type=\"application\/ld+json\" class=\"yoast-schema-graph\">{\"@context\":\"https:\\\/\\\/schema.org\",\"@graph\":[{\"@type\":\"WebPage\",\"@id\":\"https:\\\/\\\/bogensportdiscount.ch\\\/produkt\\\/neet-traditionelle-recurve-softcase-nk-164-155x20-sw-schwarz\\\/\",\"url\":\"https:\\\/\\\/bogensportdiscount.ch\\\/produkt\\\/neet-traditionelle-recurve-softcase-nk-164-155x20-sw-schwarz\\\/\",\"name\":\"NEET TRADITIONAL RECURVE WEICHETUI NK-164 155X20 SW SCHWARZ - Bogensportdiscount \u2013 B\u00f6gen, Pfeile, Targets &amp; Zubeh\u00f6r\",\"isPartOf\":{\"@id\":\"https:\\\/\\\/bogensportdiscount.ch\\\/#website\"},\"primaryImageOfPage\":{\"@id\":\"https:\\\/\\\/bogensportdiscount.ch\\\/produkt\\\/neet-traditionelle-recurve-softcase-nk-164-155x20-sw-schwarz\\\/#primaryimage\"},\"image\":{\"@id\":\"https:\\\/\\\/bogensportdiscount.ch\\\/produkt\\\/neet-traditionelle-recurve-softcase-nk-164-155x20-sw-schwarz\\\/#primaryimage\"},\"thumbnailUrl\":\"https:\\\/\\\/bogensportdiscount.ch\\\/wp-content\\\/uploads\\\/bsm-images\\\/A062253_1.png\",\"datePublished\":\"2026-04-05T12:34:36+00:00\",\"dateModified\":\"2026-05-14T05:14:09+00:00\",\"description\":\"NEET TRADITIONAL RECURVE WEICHETUI NK-164 155X20 SW SCHWARZ g\u00fcnstig kaufen bei Bogensportdiscount \u2013 Top-Marken, schneller Versand aus der Schweiz.\",\"breadcrumb\":{\"@id\":\"https:\\\/\\\/bogensportdiscount.ch\\\/produkt\\\/neet-traditionelle-recurve-softcase-nk-164-155x20-sw-schwarz\\\/#breadcrumb\"},\"inLanguage\":\"fr-FR\",\"potentialAction\":[{\"@type\":\"ReadAction\",\"target\":[\"https:\\\/\\\/bogensportdiscount.ch\\\/produkt\\\/neet-traditionelle-recurve-softcase-nk-164-155x20-sw-schwarz\\\/\"]}]},{\"@type\":\"ImageObject\",\"inLanguage\":\"fr-FR\",\"@id\":\"https:\\\/\\\/bogensportdiscount.ch\\\/produkt\\\/neet-traditionelle-recurve-softcase-nk-164-155x20-sw-schwarz\\\/#primaryimage\",\"url\":\"https:\\\/\\\/bogensportdiscount.ch\\\/wp-content\\\/uploads\\\/bsm-images\\\/A062253_1.png\",\"contentUrl\":\"https:\\\/\\\/bogensportdiscount.ch\\\/wp-content\\\/uploads\\\/bsm-images\\\/A062253_1.png\",\"width\":6950,\"height\":974},{\"@type\":\"BreadcrumbList\",\"@id\":\"https:\\\/\\\/bogensportdiscount.ch\\\/produkt\\\/neet-traditionelle-recurve-softcase-nk-164-155x20-sw-schwarz\\\/#breadcrumb\",\"itemListElement\":[{\"@type\":\"ListItem\",\"position\":1,\"name\":\"Home\",\"item\":\"https:\\\/\\\/bogensportdiscount.ch\\\/\"},{\"@type\":\"ListItem\",\"position\":2,\"name\":\"Shop\",\"item\":\"https:\\\/\\\/bogensportdiscount.ch\\\/shop\\\/\"},{\"@type\":\"ListItem\",\"position\":3,\"name\":\"NEET TRADITIONAL RECURVE WEICHETUI NK-164 155X20 SW SCHWARZ\"}]},{\"@type\":\"WebSite\",\"@id\":\"https:\\\/\\\/bogensportdiscount.ch\\\/#website\",\"url\":\"https:\\\/\\\/bogensportdiscount.ch\\\/\",\"name\":\"Bogensportdiscount\",\"description\":\"\",\"potentialAction\":[{\"@type\":\"SearchAction\",\"target\":{\"@type\":\"EntryPoint\",\"urlTemplate\":\"https:\\\/\\\/bogensportdiscount.ch\\\/?s={search_term_string}\"},\"query-input\":{\"@type\":\"PropertyValueSpecification\",\"valueRequired\":true,\"valueName\":\"search_term_string\"}}],\"inLanguage\":\"fr-FR\"}]}<\/script>\n<!-- \/ Yoast SEO plugin. -->","yoast_head_json":{"title":"\u00c9tui souple pour arc classique NEET NK-164 155 x 20 SW noir - Bogensportdiscount \u2013 Arcs, fl\u00e8ches, cibles et accessoires","description":"Achetez l&#x27;\u00e9tui souple NEET TRADITIONAL RECURVE NK-164 155x20 SW NOIR \u00e0 prix avantageux chez Bogensportdiscount \u2013 Grandes marques, livraison rapide depuis la Suisse.","robots":{"index":"index","follow":"follow","max-snippet":"max-snippet:-1","max-image-preview":"max-image-preview:large","max-video-preview":"max-video-preview:-1"},"canonical":"https:\/\/bogensportdiscount.ch\/fr\/produit\/neet-traditionelle-recurve-softcase-nk-164-155x20-sw-schwarz\/","og_locale":"fr_FR","og_type":"article","og_title":"\u00c9tui souple pour arc classique NEET NK-164 155 x 20 SW noir - Bogensportdiscount \u2013 Arcs, fl\u00e8ches, cibles et accessoires","og_description":"Achetez l&#x27;\u00e9tui souple NEET TRADITIONAL RECURVE NK-164 155x20 SW NOIR \u00e0 prix avantageux chez Bogensportdiscount \u2013 Grandes marques, livraison rapide depuis la Suisse.","og_url":"https:\/\/bogensportdiscount.ch\/fr\/produit\/neet-traditionelle-recurve-softcase-nk-164-155x20-sw-schwarz\/","og_site_name":"Bogensportdiscount \u2013 B\u00f6gen, Pfeile, Targets &amp; Zubeh\u00f6r","article_modified_time":"2026-05-14T05:14:09+00:00","og_image":[{"url":"https:\/\/bogensportdiscount.ch\/wp-content\/uploads\/bsm-images\/A062253_1.png","width":6950,"height":974,"type":"image\/png"}],"twitter_card":"summary_large_image","schema":{"@context":"https:\/\/schema.org","@graph":[{"@type":"WebPage","@id":"https:\/\/bogensportdiscount.ch\/produkt\/neet-traditionelle-recurve-softcase-nk-164-155x20-sw-schwarz\/","url":"https:\/\/bogensportdiscount.ch\/produkt\/neet-traditionelle-recurve-softcase-nk-164-155x20-sw-schwarz\/","name":"\u00c9tui souple pour arc classique NEET NK-164 155 x 20 SW noir - Bogensportdiscount \u2013 Arcs, fl\u00e8ches, cibles et accessoires","isPartOf":{"@id":"https:\/\/bogensportdiscount.ch\/#website"},"primaryImageOfPage":{"@id":"https:\/\/bogensportdiscount.ch\/produkt\/neet-traditionelle-recurve-softcase-nk-164-155x20-sw-schwarz\/#primaryimage"},"image":{"@id":"https:\/\/bogensportdiscount.ch\/produkt\/neet-traditionelle-recurve-softcase-nk-164-155x20-sw-schwarz\/#primaryimage"},"thumbnailUrl":"https:\/\/bogensportdiscount.ch\/wp-content\/uploads\/bsm-images\/A062253_1.png","datePublished":"2026-04-05T12:34:36+00:00","dateModified":"2026-05-14T05:14:09+00:00","description":"Achetez l&#x27;\u00e9tui souple NEET TRADITIONAL RECURVE NK-164 155x20 SW NOIR \u00e0 prix avantageux chez Bogensportdiscount \u2013 Grandes marques, livraison rapide depuis la Suisse.","breadcrumb":{"@id":"https:\/\/bogensportdiscount.ch\/produkt\/neet-traditionelle-recurve-softcase-nk-164-155x20-sw-schwarz\/#breadcrumb"},"inLanguage":"fr-FR","potentialAction":[{"@type":"ReadAction","target":["https:\/\/bogensportdiscount.ch\/produkt\/neet-traditionelle-recurve-softcase-nk-164-155x20-sw-schwarz\/"]}]},{"@type":"ImageObject","inLanguage":"fr-FR","@id":"https:\/\/bogensportdiscount.ch\/produkt\/neet-traditionelle-recurve-softcase-nk-164-155x20-sw-schwarz\/#primaryimage","url":"https:\/\/bogensportdiscount.ch\/wp-content\/uploads\/bsm-images\/A062253_1.png","contentUrl":"https:\/\/bogensportdiscount.ch\/wp-content\/uploads\/bsm-images\/A062253_1.png","width":6950,"height":974},{"@type":"BreadcrumbList","@id":"https:\/\/bogensportdiscount.ch\/produkt\/neet-traditionelle-recurve-softcase-nk-164-155x20-sw-schwarz\/#breadcrumb","itemListElement":[{"@type":"ListItem","position":1,"name":"Home","item":"https:\/\/bogensportdiscount.ch\/"},{"@type":"ListItem","position":2,"name":"Shop","item":"https:\/\/bogensportdiscount.ch\/shop\/"},{"@type":"ListItem","position":3,"name":"NEET TRADITIONAL RECURVE WEICHETUI NK-164 155X20 SW SCHWARZ"}]},{"@type":"WebSite","@id":"https:\/\/bogensportdiscount.ch\/#website","url":"https:\/\/bogensportdiscount.ch\/","name":"Bogensportdiscount","description":"","potentialAction":[{"@type":"SearchAction","target":{"@type":"EntryPoint","urlTemplate":"https:\/\/bogensportdiscount.ch\/?s={search_term_string}"},"query-input":{"@type":"PropertyValueSpecification","valueRequired":true,"valueName":"search_term_string"}}],"inLanguage":"fr-FR"}]}},"_links":{"self":[{"href":"https:\/\/bogensportdiscount.ch\/fr\/wp-json\/wp\/v2\/product\/394703","targetHints":{"allow":["GET"]}}],"collection":[{"href":"https:\/\/bogensportdiscount.ch\/fr\/wp-json\/wp\/v2\/product"}],"about":[{"href":"https:\/\/bogensportdiscount.ch\/fr\/wp-json\/wp\/v2\/types\/product"}],"replies":[{"embeddable":true,"href":"https:\/\/bogensportdiscount.ch\/fr\/wp-json\/wp\/v2\/comments?post=394703"}],"wp:featuredmedia":[{"embeddable":true,"href":"https:\/\/bogensportdiscount.ch\/fr\/wp-json\/wp\/v2\/media\/523854"}],"wp:attachment":[{"href":"https:\/\/bogensportdiscount.ch\/fr\/wp-json\/wp\/v2\/media?parent=394703"}],"wp:term":[{"taxonomy":"product_brand","embeddable":true,"href":"https:\/\/bogensportdiscount.ch\/fr\/wp-json\/wp\/v2\/product_brand?post=394703"},{"taxonomy":"product_cat","embeddable":true,"href":"https:\/\/bogensportdiscount.ch\/fr\/wp-json\/wp\/v2\/product_cat?post=394703"},{"taxonomy":"product_tag","embeddable":true,"href":"https:\/\/bogensportdiscount.ch\/fr\/wp-json\/wp\/v2\/product_tag?post=394703"}],"curies":[{"name":"wp","href":"https:\/\/api.w.org\/{rel}","templated":true}]}}