{"id":394676,"date":"2026-04-05T14:34:30","date_gmt":"2026-04-05T12:34:30","guid":{"rendered":"https:\/\/bogensportdiscount.ch\/produkt\/bowtech-compound-package-amplify-max-binary-cam-w-rot-mod-rh-10-70lbs-21-30-black\/"},"modified":"2026-05-14T07:14:09","modified_gmt":"2026-05-14T05:14:09","slug":"bowtech-compound-set-amplify-max-binary-cam-rh-10-70lbs-21-30-schwarz","status":"publish","type":"product","link":"https:\/\/bogensportdiscount.ch\/fr\/produit\/bowtech-compound-set-amplify-max-binary-cam-rh-10-70lbs-21-30-schwarz\/","title":{"rendered":"BOWTECH KIT ARC \u00c0 POULIES AMPLIFY MAX BINARY CAM AVEC MOD. ROT. RH 10-70LBS 21-30&#8243; NOIR"},"content":{"rendered":"<p>Le BOWTECH Amplify Max est un arc \u00e0 poulies avec syst\u00e8me Binary Cam et module rotatif permettant un r\u00e9glage flexible de l'allonge. Le kit est destin\u00e9 aux droitiers et couvre une large gamme de tireurs avec une puissance de 10 \u00e0 70 lbs ainsi qu'une allonge de 21 \u00e0 30 pouces.<\/p>\n<p>Le syst\u00e8me Binary Cam synchronise m\u00e9caniquement les deux cams entre eux, ce qui favorise un transfert de force r\u00e9gulier et une d\u00e9coche coh\u00e9rente. Le module rotatif permet le r\u00e9glage de l'allonge sans avoir \u00e0 d\u00e9monter enti\u00e8rement l'arc.<\/p>\n<ul>\n<li>Syst\u00e8me Binary Cam avec module rotatif<\/li>\n<li>Puissance : 10\u201370 lbs r\u00e9glable en continu<\/li>\n<li>Allonge : 21\u201330 pouces<\/li>\n<li>Pour droitiers, couleur noir<\/li>\n<\/ul>","protected":false},"excerpt":{"rendered":"<table>\n<tr>\n<th>Propri\u00e9t\u00e9<\/th>\n<th>Valeur<\/th>\n<\/tr>\n<tr>\n<td>Marque<\/td>\n<td>Bowtech<\/td>\n<\/tr>\n<tr>\n<td>Mat\u00e9riau<\/td>\n<td>Aluminium<\/td>\n<\/tr>\n<tr>\n<td>Couleur<\/td>\n<td>Noir<\/td>\n<\/tr>\n<tr>\n<td>Entre-axes (pouces)<\/td>\n<td>31,5<\/td>\n<\/tr>\n<tr>\n<td>Hauteur d'encoche (pouces)<\/td>\n<td>6<\/td>\n<\/tr>\n<tr>\n<td>Zuggewicht (Lbs)<\/td>\n<td>8-70<\/td>\n<\/tr>\n<tr>\n<td>Module<\/td>\n<td>Rotating mod<\/td>\n<\/tr>\n<tr>\n<td>Auszugsl\u00e4nge (Zoll)<\/td>\n<td>21-30<\/td>\n<\/tr>\n<tr>\n<td>Hand (LH\/RH)<\/td>\n<td>RH<\/td>\n<\/tr>\n<tr>\n<td>Pays d'origine<\/td>\n<td>USA<\/td>\n<\/tr>\n<tr>\n<td>GTIN<\/td>\n<td>840107806712<\/td>\n<\/tr>\n<\/table>","protected":false},"featured_media":524522,"comment_status":"open","ping_status":"closed","template":"","meta":[],"product_brand":[451],"product_cat":[3302,4510,4525],"product_tag":[3546],"class_list":{"0":"post-394676","1":"product","2":"type-product","3":"status-publish","4":"has-post-thumbnail","6":"product_brand-bowtech","7":"product_cat-boegen","8":"product_cat-compound-boegen","9":"product_cat-compound-boegen-sets","10":"product_tag-neuheit","11":"product_shipping_class-bsd-standard","13":"first","14":"instock","15":"shipping-taxable","16":"purchasable","17":"product-type-simple"},"yoast_head":"<!-- This site is optimized with the Yoast SEO plugin v27.6 - https:\/\/yoast.com\/product\/yoast-seo-wordpress\/ -->\n<title>BOWTECH COMPOUNDBOGEN PAKET AMPLIFY MAX BINARY CAM MIT ROT. MOD RH 10-70LBS 21-30&quot; SCHWARZ - Bogensportdiscount \u2013 B\u00f6gen, Pfeile, Targets &amp; Zubeh\u00f6r<\/title>\n<meta name=\"description\" content=\"BOWTECH COMPOUNDBOGEN PAKET AMPLIFY MAX BINARY CAM MIT ROT. MOD RH 10-70LBS 21-30&quot; SCHWARZ g\u00fcnstig kaufen bei Bogensportdiscount \u2013 Top-Marken, schneller Versand aus der Schweiz.\" \/>\n<meta name=\"robots\" content=\"index, follow, max-snippet:-1, max-image-preview:large, max-video-preview:-1\" \/>\n<link rel=\"canonical\" href=\"https:\/\/bogensportdiscount.ch\/fr\/produit\/bowtech-compound-set-amplify-max-binary-cam-rh-10-70lbs-21-30-schwarz\/\" \/>\n<meta property=\"og:locale\" content=\"fr_FR\" \/>\n<meta property=\"og:type\" content=\"article\" \/>\n<meta property=\"og:title\" content=\"BOWTECH COMPOUNDBOGEN PAKET AMPLIFY MAX BINARY CAM MIT ROT. MOD RH 10-70LBS 21-30&quot; SCHWARZ - Bogensportdiscount \u2013 B\u00f6gen, Pfeile, Targets &amp; Zubeh\u00f6r\" \/>\n<meta property=\"og:description\" content=\"BOWTECH COMPOUNDBOGEN PAKET AMPLIFY MAX BINARY CAM MIT ROT. MOD RH 10-70LBS 21-30&quot; SCHWARZ g\u00fcnstig kaufen bei Bogensportdiscount \u2013 Top-Marken, schneller Versand aus der Schweiz.\" \/>\n<meta property=\"og:url\" content=\"https:\/\/bogensportdiscount.ch\/fr\/produit\/bowtech-compound-set-amplify-max-binary-cam-rh-10-70lbs-21-30-schwarz\/\" \/>\n<meta property=\"og:site_name\" content=\"Bogensportdiscount \u2013 B\u00f6gen, Pfeile, Targets &amp; Zubeh\u00f6r\" \/>\n<meta property=\"article:modified_time\" content=\"2026-05-14T05:14:09+00:00\" \/>\n<meta property=\"og:image\" content=\"https:\/\/bogensportdiscount.ch\/wp-content\/uploads\/bsm-images\/A053845_1.png\" \/>\n\t<meta property=\"og:image:width\" content=\"1732\" \/>\n\t<meta property=\"og:image:height\" content=\"5594\" \/>\n\t<meta property=\"og:image:type\" content=\"image\/png\" \/>\n<meta name=\"twitter:card\" content=\"summary_large_image\" \/>\n<script type=\"application\/ld+json\" class=\"yoast-schema-graph\">{\"@context\":\"https:\\\/\\\/schema.org\",\"@graph\":[{\"@type\":\"WebPage\",\"@id\":\"https:\\\/\\\/bogensportdiscount.ch\\\/produkt\\\/bowtech-compound-set-amplify-max-binary-cam-rh-10-70lbs-21-30-schwarz\\\/\",\"url\":\"https:\\\/\\\/bogensportdiscount.ch\\\/produkt\\\/bowtech-compound-set-amplify-max-binary-cam-rh-10-70lbs-21-30-schwarz\\\/\",\"name\":\"BOWTECH COMPOUNDBOGEN PAKET AMPLIFY MAX BINARY CAM MIT ROT. MOD RH 10-70LBS 21-30\\\" SCHWARZ - Bogensportdiscount \u2013 B\u00f6gen, Pfeile, Targets &amp; Zubeh\u00f6r\",\"isPartOf\":{\"@id\":\"https:\\\/\\\/bogensportdiscount.ch\\\/#website\"},\"primaryImageOfPage\":{\"@id\":\"https:\\\/\\\/bogensportdiscount.ch\\\/produkt\\\/bowtech-compound-set-amplify-max-binary-cam-rh-10-70lbs-21-30-schwarz\\\/#primaryimage\"},\"image\":{\"@id\":\"https:\\\/\\\/bogensportdiscount.ch\\\/produkt\\\/bowtech-compound-set-amplify-max-binary-cam-rh-10-70lbs-21-30-schwarz\\\/#primaryimage\"},\"thumbnailUrl\":\"https:\\\/\\\/bogensportdiscount.ch\\\/wp-content\\\/uploads\\\/bsm-images\\\/A053845_1.png\",\"datePublished\":\"2026-04-05T12:34:30+00:00\",\"dateModified\":\"2026-05-14T05:14:09+00:00\",\"description\":\"BOWTECH COMPOUNDBOGEN PAKET AMPLIFY MAX BINARY CAM MIT ROT. MOD RH 10-70LBS 21-30\\\" SCHWARZ g\u00fcnstig kaufen bei Bogensportdiscount \u2013 Top-Marken, schneller Versand aus der Schweiz.\",\"breadcrumb\":{\"@id\":\"https:\\\/\\\/bogensportdiscount.ch\\\/produkt\\\/bowtech-compound-set-amplify-max-binary-cam-rh-10-70lbs-21-30-schwarz\\\/#breadcrumb\"},\"inLanguage\":\"fr-FR\",\"potentialAction\":[{\"@type\":\"ReadAction\",\"target\":[\"https:\\\/\\\/bogensportdiscount.ch\\\/produkt\\\/bowtech-compound-set-amplify-max-binary-cam-rh-10-70lbs-21-30-schwarz\\\/\"]}]},{\"@type\":\"ImageObject\",\"inLanguage\":\"fr-FR\",\"@id\":\"https:\\\/\\\/bogensportdiscount.ch\\\/produkt\\\/bowtech-compound-set-amplify-max-binary-cam-rh-10-70lbs-21-30-schwarz\\\/#primaryimage\",\"url\":\"https:\\\/\\\/bogensportdiscount.ch\\\/wp-content\\\/uploads\\\/bsm-images\\\/A053845_1.png\",\"contentUrl\":\"https:\\\/\\\/bogensportdiscount.ch\\\/wp-content\\\/uploads\\\/bsm-images\\\/A053845_1.png\",\"width\":1732,\"height\":5594},{\"@type\":\"BreadcrumbList\",\"@id\":\"https:\\\/\\\/bogensportdiscount.ch\\\/produkt\\\/bowtech-compound-set-amplify-max-binary-cam-rh-10-70lbs-21-30-schwarz\\\/#breadcrumb\",\"itemListElement\":[{\"@type\":\"ListItem\",\"position\":1,\"name\":\"Home\",\"item\":\"https:\\\/\\\/bogensportdiscount.ch\\\/\"},{\"@type\":\"ListItem\",\"position\":2,\"name\":\"Shop\",\"item\":\"https:\\\/\\\/bogensportdiscount.ch\\\/shop\\\/\"},{\"@type\":\"ListItem\",\"position\":3,\"name\":\"BOWTECH COMPOUND PACKAGE AMPLIFY MAX BINARY CAM W\\\/ ROT. MOD RH 10-70LBS 21-30&#8243; BLACK\"}]},{\"@type\":\"WebSite\",\"@id\":\"https:\\\/\\\/bogensportdiscount.ch\\\/#website\",\"url\":\"https:\\\/\\\/bogensportdiscount.ch\\\/\",\"name\":\"Bogensportdiscount\",\"description\":\"\",\"potentialAction\":[{\"@type\":\"SearchAction\",\"target\":{\"@type\":\"EntryPoint\",\"urlTemplate\":\"https:\\\/\\\/bogensportdiscount.ch\\\/?s={search_term_string}\"},\"query-input\":{\"@type\":\"PropertyValueSpecification\",\"valueRequired\":true,\"valueName\":\"search_term_string\"}}],\"inLanguage\":\"fr-FR\"}]}<\/script>\n<!-- \/ Yoast SEO plugin. -->","yoast_head_json":{"title":"BOWTECH COMPOUNDBOGEN PAKET AMPLIFY MAX BINARY CAM MIT ROT. MOD RH 10-70LBS 21-30\" SCHWARZ - Bogensportdiscount \u2013 B\u00f6gen, Pfeile, Targets &amp; Zubeh\u00f6r","description":"BOWTECH COMPOUNDBOGEN PAKET AMPLIFY MAX BINARY CAM MIT ROT. MOD RH 10-70LBS 21-30\" SCHWARZ g\u00fcnstig kaufen bei Bogensportdiscount \u2013 Top-Marken, schneller Versand aus der Schweiz.","robots":{"index":"index","follow":"follow","max-snippet":"max-snippet:-1","max-image-preview":"max-image-preview:large","max-video-preview":"max-video-preview:-1"},"canonical":"https:\/\/bogensportdiscount.ch\/fr\/produit\/bowtech-compound-set-amplify-max-binary-cam-rh-10-70lbs-21-30-schwarz\/","og_locale":"fr_FR","og_type":"article","og_title":"BOWTECH COMPOUNDBOGEN PAKET AMPLIFY MAX BINARY CAM MIT ROT. MOD RH 10-70LBS 21-30\" SCHWARZ - Bogensportdiscount \u2013 B\u00f6gen, Pfeile, Targets &amp; Zubeh\u00f6r","og_description":"BOWTECH COMPOUNDBOGEN PAKET AMPLIFY MAX BINARY CAM MIT ROT. MOD RH 10-70LBS 21-30\" SCHWARZ g\u00fcnstig kaufen bei Bogensportdiscount \u2013 Top-Marken, schneller Versand aus der Schweiz.","og_url":"https:\/\/bogensportdiscount.ch\/fr\/produit\/bowtech-compound-set-amplify-max-binary-cam-rh-10-70lbs-21-30-schwarz\/","og_site_name":"Bogensportdiscount \u2013 B\u00f6gen, Pfeile, Targets &amp; Zubeh\u00f6r","article_modified_time":"2026-05-14T05:14:09+00:00","og_image":[{"url":"https:\/\/bogensportdiscount.ch\/wp-content\/uploads\/bsm-images\/A053845_1.png","width":1732,"height":5594,"type":"image\/png"}],"twitter_card":"summary_large_image","schema":{"@context":"https:\/\/schema.org","@graph":[{"@type":"WebPage","@id":"https:\/\/bogensportdiscount.ch\/produkt\/bowtech-compound-set-amplify-max-binary-cam-rh-10-70lbs-21-30-schwarz\/","url":"https:\/\/bogensportdiscount.ch\/produkt\/bowtech-compound-set-amplify-max-binary-cam-rh-10-70lbs-21-30-schwarz\/","name":"BOWTECH COMPOUNDBOGEN PAKET AMPLIFY MAX BINARY CAM MIT ROT. MOD RH 10-70LBS 21-30\" SCHWARZ - Bogensportdiscount \u2013 B\u00f6gen, Pfeile, Targets &amp; Zubeh\u00f6r","isPartOf":{"@id":"https:\/\/bogensportdiscount.ch\/#website"},"primaryImageOfPage":{"@id":"https:\/\/bogensportdiscount.ch\/produkt\/bowtech-compound-set-amplify-max-binary-cam-rh-10-70lbs-21-30-schwarz\/#primaryimage"},"image":{"@id":"https:\/\/bogensportdiscount.ch\/produkt\/bowtech-compound-set-amplify-max-binary-cam-rh-10-70lbs-21-30-schwarz\/#primaryimage"},"thumbnailUrl":"https:\/\/bogensportdiscount.ch\/wp-content\/uploads\/bsm-images\/A053845_1.png","datePublished":"2026-04-05T12:34:30+00:00","dateModified":"2026-05-14T05:14:09+00:00","description":"BOWTECH COMPOUNDBOGEN PAKET AMPLIFY MAX BINARY CAM MIT ROT. MOD RH 10-70LBS 21-30\" SCHWARZ g\u00fcnstig kaufen bei Bogensportdiscount \u2013 Top-Marken, schneller Versand aus der Schweiz.","breadcrumb":{"@id":"https:\/\/bogensportdiscount.ch\/produkt\/bowtech-compound-set-amplify-max-binary-cam-rh-10-70lbs-21-30-schwarz\/#breadcrumb"},"inLanguage":"fr-FR","potentialAction":[{"@type":"ReadAction","target":["https:\/\/bogensportdiscount.ch\/produkt\/bowtech-compound-set-amplify-max-binary-cam-rh-10-70lbs-21-30-schwarz\/"]}]},{"@type":"ImageObject","inLanguage":"fr-FR","@id":"https:\/\/bogensportdiscount.ch\/produkt\/bowtech-compound-set-amplify-max-binary-cam-rh-10-70lbs-21-30-schwarz\/#primaryimage","url":"https:\/\/bogensportdiscount.ch\/wp-content\/uploads\/bsm-images\/A053845_1.png","contentUrl":"https:\/\/bogensportdiscount.ch\/wp-content\/uploads\/bsm-images\/A053845_1.png","width":1732,"height":5594},{"@type":"BreadcrumbList","@id":"https:\/\/bogensportdiscount.ch\/produkt\/bowtech-compound-set-amplify-max-binary-cam-rh-10-70lbs-21-30-schwarz\/#breadcrumb","itemListElement":[{"@type":"ListItem","position":1,"name":"Home","item":"https:\/\/bogensportdiscount.ch\/"},{"@type":"ListItem","position":2,"name":"Shop","item":"https:\/\/bogensportdiscount.ch\/shop\/"},{"@type":"ListItem","position":3,"name":"BOWTECH COMPOUND PACKAGE AMPLIFY MAX BINARY CAM W\/ ROT. MOD RH 10-70LBS 21-30&#8243; BLACK"}]},{"@type":"WebSite","@id":"https:\/\/bogensportdiscount.ch\/#website","url":"https:\/\/bogensportdiscount.ch\/","name":"Bogensportdiscount","description":"","potentialAction":[{"@type":"SearchAction","target":{"@type":"EntryPoint","urlTemplate":"https:\/\/bogensportdiscount.ch\/?s={search_term_string}"},"query-input":{"@type":"PropertyValueSpecification","valueRequired":true,"valueName":"search_term_string"}}],"inLanguage":"fr-FR"}]}},"_links":{"self":[{"href":"https:\/\/bogensportdiscount.ch\/fr\/wp-json\/wp\/v2\/product\/394676","targetHints":{"allow":["GET"]}}],"collection":[{"href":"https:\/\/bogensportdiscount.ch\/fr\/wp-json\/wp\/v2\/product"}],"about":[{"href":"https:\/\/bogensportdiscount.ch\/fr\/wp-json\/wp\/v2\/types\/product"}],"replies":[{"embeddable":true,"href":"https:\/\/bogensportdiscount.ch\/fr\/wp-json\/wp\/v2\/comments?post=394676"}],"wp:featuredmedia":[{"embeddable":true,"href":"https:\/\/bogensportdiscount.ch\/fr\/wp-json\/wp\/v2\/media\/524522"}],"wp:attachment":[{"href":"https:\/\/bogensportdiscount.ch\/fr\/wp-json\/wp\/v2\/media?parent=394676"}],"wp:term":[{"taxonomy":"product_brand","embeddable":true,"href":"https:\/\/bogensportdiscount.ch\/fr\/wp-json\/wp\/v2\/product_brand?post=394676"},{"taxonomy":"product_cat","embeddable":true,"href":"https:\/\/bogensportdiscount.ch\/fr\/wp-json\/wp\/v2\/product_cat?post=394676"},{"taxonomy":"product_tag","embeddable":true,"href":"https:\/\/bogensportdiscount.ch\/fr\/wp-json\/wp\/v2\/product_tag?post=394676"}],"curies":[{"name":"wp","href":"https:\/\/api.w.org\/{rel}","templated":true}]}}