{"id":394675,"date":"2026-04-05T14:34:30","date_gmt":"2026-04-05T12:34:30","guid":{"rendered":"https:\/\/bogensportdiscount.ch\/produkt\/decut-x10-stainless-steel-100-120-gr-12-pk-points\/"},"modified":"2026-04-17T13:26:16","modified_gmt":"2026-04-17T11:26:16","slug":"decut-einklebe-spitzen-x10-edelstahl-100-120-gr-12er-pack","status":"publish","type":"product","link":"https:\/\/bogensportdiscount.ch\/fr\/produit\/decut-einklebe-spitzen-x10-edelstahl-100-120-gr-12er-pack\/","title":{"rendered":"DECUT X10 ACIER INOXYDABLE 100-120 GR 12\/PK POINTS"},"content":{"rendered":"<p>Die DECUT Einklebe Spitzen X10 aus Edelstahl sind speziell f\u00fcr die Verwendung mit X10-Pfeilsch\u00e4ften konzipiert. Das Material Edelstahl sorgt f\u00fcr eine gleichm\u00e4ssige Gewichtsverteilung und eine langlebige Verbindung beim Einkleben in den Schaft.<\/p>\n<p>Mit einem Gewichtsbereich von 100 bis 120 Grain lassen sich die Spitzen an unterschiedliche Schussanforderungen anpassen. Der Lieferumfang von 12 St\u00fcck pro Packung macht diesen Artikel besonders wirtschaftlich f\u00fcr den regelm\u00e4ssigen Trainingsbetrieb oder Wettkampfeinsatz.<\/p>\n<ul>\n<li>Material: Edelstahl<\/li>\n<li>Kompatibel mit X10-Sch\u00e4ften<\/li>\n<li>Gewicht: 100\u2013120 Grain<\/li>\n<li>Lieferumfang: 12 St\u00fcck pro Packung<\/li>\n<\/ul>","protected":false},"excerpt":{"rendered":"<p><strong>Marque :<\/strong> Decut<br \/><strong>Typ:<\/strong> Break-off<br \/><strong>ID:<\/strong> X10<br \/><strong>Gewicht:<\/strong> 100-110-120<\/p>","protected":false},"featured_media":444885,"comment_status":"open","ping_status":"closed","template":"","meta":[],"product_brand":[817],"product_cat":[4543],"product_tag":[3546],"class_list":{"0":"post-394675","1":"product","2":"type-product","3":"status-publish","4":"has-post-thumbnail","6":"product_brand-decut","7":"product_cat-einklebe-spitzen-pfeil-komponenten","8":"product_tag-neuheit","10":"first","11":"instock","12":"shipping-taxable","13":"purchasable","14":"product-type-simple"},"_links":{"self":[{"href":"https:\/\/bogensportdiscount.ch\/fr\/wp-json\/wp\/v2\/product\/394675","targetHints":{"allow":["GET"]}}],"collection":[{"href":"https:\/\/bogensportdiscount.ch\/fr\/wp-json\/wp\/v2\/product"}],"about":[{"href":"https:\/\/bogensportdiscount.ch\/fr\/wp-json\/wp\/v2\/types\/product"}],"replies":[{"embeddable":true,"href":"https:\/\/bogensportdiscount.ch\/fr\/wp-json\/wp\/v2\/comments?post=394675"}],"wp:featuredmedia":[{"embeddable":true,"href":"https:\/\/bogensportdiscount.ch\/fr\/wp-json\/wp\/v2\/media\/444885"}],"wp:attachment":[{"href":"https:\/\/bogensportdiscount.ch\/fr\/wp-json\/wp\/v2\/media?parent=394675"}],"wp:term":[{"taxonomy":"product_brand","embeddable":true,"href":"https:\/\/bogensportdiscount.ch\/fr\/wp-json\/wp\/v2\/product_brand?post=394675"},{"taxonomy":"product_cat","embeddable":true,"href":"https:\/\/bogensportdiscount.ch\/fr\/wp-json\/wp\/v2\/product_cat?post=394675"},{"taxonomy":"product_tag","embeddable":true,"href":"https:\/\/bogensportdiscount.ch\/fr\/wp-json\/wp\/v2\/product_tag?post=394675"}],"curies":[{"name":"wp","href":"https:\/\/api.w.org\/{rel}","templated":true}]}}