{"id":394674,"date":"2026-04-05T14:34:30","date_gmt":"2026-04-05T12:34:30","guid":{"rendered":"https:\/\/bogensportdiscount.ch\/produkt\/mathews-modules-halon-32-tx-5-24-6-26-trav-7-27-triax-25-k-75\/"},"modified":"2026-05-14T07:14:09","modified_gmt":"2026-05-14T05:14:09","slug":"mathews-module-halon-32-tx-5-24-6-26-trav-7-27-triax-25-k-75","status":"publish","type":"product","link":"https:\/\/bogensportdiscount.ch\/fr\/produit\/mathews-module-halon-32-tx-5-24-6-26-trav-7-27-triax-25-k-75\/","title":{"rendered":"MATHEWS MODULE HALON-32\/TX 5 = 24&#8243;\/ 6 = 26&#8243;\/ TRAV.&#038;7 = 27&#8243; \/ TRIAX = 25&#8243; &#8218;K&#8216; 75%"},"content":{"rendered":"<p>Ce module MATHEWS est une pi\u00e8ce de rechange et un accessoire pour plusieurs mod\u00e8les d'arcs \u00e0 poulies de la marque MATHEWS. Il est compatible avec les mod\u00e8les Halon 32, TX 5 (24&#8243;), TX 6 (26&#8243;), Traverse &amp; TX 7 (27&#8243;) ainsi que Triax (25&#8243;) et est con\u00e7u pour une r\u00e9duction de puissance de 75 % (&#8218;K&#8216;).<\/p>\n<p>Les modules contr\u00f4lent l'allonge et la puissance d'un arc \u00e0 poulies et sont pr\u00e9cis\u00e9ment adapt\u00e9s au mod\u00e8le d'arc correspondant. Le remplacement du module permet d'ajuster l'allonge dans la plage pr\u00e9vue sans travaux de modification importants.<\/p>\n<ul>\n<li>Compatible avec Halon 32, TX 5, TX 6, Traverse, TX 7 et Triax<\/li>\n<li>R\u00e9duction de puissance : 75 % (&#8218;K&#8216;)<\/li>\n<li>Plages d'allonge sp\u00e9cifiques au mod\u00e8le : 24&#8243; \u00e0 27&#8243;<\/li>\n<li>Pi\u00e8ce de rechange MATHEWS d'origine<\/li>\n<\/ul>","protected":false},"excerpt":{"rendered":"<table>\n<tr>\n<th>Propri\u00e9t\u00e9<\/th>\n<th>Valeur<\/th>\n<\/tr>\n<tr>\n<td>Marque<\/td>\n<td>Mathews<\/td>\n<\/tr>\n<tr>\n<td>Type<\/td>\n<td>Module<\/td>\n<\/tr>\n<tr>\n<td>Let-Off %<\/td>\n<td>75<\/td>\n<\/tr>\n<tr>\n<td>Pays d'origine<\/td>\n<td>USA<\/td>\n<\/tr>\n<\/table>","protected":false},"featured_media":453631,"comment_status":"open","ping_status":"closed","template":"","meta":[],"product_brand":[427],"product_cat":[3302,4510,4526],"product_tag":[3546],"class_list":{"0":"post-394674","1":"product","2":"type-product","3":"status-publish","4":"has-post-thumbnail","6":"product_brand-mathews","7":"product_cat-boegen","8":"product_cat-compound-boegen","9":"product_cat-einzelteile-fuer-compound-boegen","10":"product_tag-neuheit","11":"product_shipping_class-bsd-standard","13":"first","14":"instock","15":"shipping-taxable","16":"purchasable","17":"product-type-simple"},"yoast_head":"<!-- This site is optimized with the Yoast SEO plugin v27.6 - https:\/\/yoast.com\/product\/yoast-seo-wordpress\/ -->\n<title>MODULES MATHEWS HALON-32\/TX 5 = 24&quot;\/ 6 = 26&quot;\/ TRAV.&amp;7 = 27&quot; \/ TRIAX = 25&quot; &#x27;K&#x27; 75% - Bogensportdiscount \u2013 Arcs, fl\u00e8ches, cibles et accessoires<\/title>\n<meta name=\"description\" content=\"Achetez les modules MATHEWS HALON-32\/TX 5 = 24&quot;\/ 6 = 26&quot;\/ TRAV.&amp;7 = 27&quot; \/ TRIAX = 25&quot; &#x27;K&#x27; \u00e0 75 % de r\u00e9duction chez Bogensportdiscount \u2013 Grandes marques, livraison rapide depuis la Suisse.\" \/>\n<meta name=\"robots\" content=\"index, follow, max-snippet:-1, max-image-preview:large, max-video-preview:-1\" \/>\n<link rel=\"canonical\" href=\"https:\/\/bogensportdiscount.ch\/fr\/produit\/mathews-module-halon-32-tx-5-24-6-26-trav-7-27-triax-25-k-75\/\" \/>\n<meta property=\"og:locale\" content=\"fr_FR\" \/>\n<meta property=\"og:type\" content=\"article\" \/>\n<meta property=\"og:title\" content=\"MODULES MATHEWS HALON-32\/TX 5 = 24&quot;\/ 6 = 26&quot;\/ TRAV.&amp;7 = 27&quot; \/ TRIAX = 25&quot; &#x27;K&#x27; 75% - Bogensportdiscount \u2013 Arcs, fl\u00e8ches, cibles et accessoires\" \/>\n<meta property=\"og:description\" content=\"Achetez les modules MATHEWS HALON-32\/TX 5 = 24&quot;\/ 6 = 26&quot;\/ TRAV.&amp;7 = 27&quot; \/ TRIAX = 25&quot; &#x27;K&#x27; \u00e0 75 % de r\u00e9duction chez Bogensportdiscount \u2013 Grandes marques, livraison rapide depuis la Suisse.\" \/>\n<meta property=\"og:url\" content=\"https:\/\/bogensportdiscount.ch\/fr\/produit\/mathews-module-halon-32-tx-5-24-6-26-trav-7-27-triax-25-k-75\/\" \/>\n<meta property=\"og:site_name\" content=\"Bogensportdiscount \u2013 B\u00f6gen, Pfeile, Targets &amp; Zubeh\u00f6r\" \/>\n<meta property=\"article:modified_time\" content=\"2026-05-14T05:14:09+00:00\" \/>\n<meta property=\"og:image\" content=\"https:\/\/bogensportdiscount.ch\/wp-content\/uploads\/2026\/04\/bogensportdiscount.ch-pfeile-boegen-zubehoer-fuer-anfaenger-und-profis-zum-besten-preis-Symbolbild-kein-foto-zu-diesem-artikel_01.jpg\" \/>\n\t<meta property=\"og:image:width\" content=\"1080\" \/>\n\t<meta property=\"og:image:height\" content=\"1080\" \/>\n\t<meta property=\"og:image:type\" content=\"image\/jpeg\" \/>\n<meta name=\"twitter:card\" content=\"summary_large_image\" \/>\n<script type=\"application\/ld+json\" class=\"yoast-schema-graph\">{\"@context\":\"https:\\\/\\\/schema.org\",\"@graph\":[{\"@type\":\"WebPage\",\"@id\":\"https:\\\/\\\/bogensportdiscount.ch\\\/produkt\\\/mathews-module-halon-32-tx-5-24-6-26-trav-7-27-triax-25-k-75\\\/\",\"url\":\"https:\\\/\\\/bogensportdiscount.ch\\\/produkt\\\/mathews-module-halon-32-tx-5-24-6-26-trav-7-27-triax-25-k-75\\\/\",\"name\":\"MATHEWS MODULE HALON-32\\\/TX 5 = 24\\\"\\\/ 6 = 26\\\"\\\/ TRAV.&7 = 27\\\" \\\/ TRIAX = 25\\\" 'K' 75% - Bogensportdiscount \u2013 B\u00f6gen, Pfeile, Targets &amp; Zubeh\u00f6r\",\"isPartOf\":{\"@id\":\"https:\\\/\\\/bogensportdiscount.ch\\\/#website\"},\"primaryImageOfPage\":{\"@id\":\"https:\\\/\\\/bogensportdiscount.ch\\\/produkt\\\/mathews-module-halon-32-tx-5-24-6-26-trav-7-27-triax-25-k-75\\\/#primaryimage\"},\"image\":{\"@id\":\"https:\\\/\\\/bogensportdiscount.ch\\\/produkt\\\/mathews-module-halon-32-tx-5-24-6-26-trav-7-27-triax-25-k-75\\\/#primaryimage\"},\"thumbnailUrl\":\"https:\\\/\\\/bogensportdiscount.ch\\\/wp-content\\\/uploads\\\/2026\\\/04\\\/bogensportdiscount.ch-pfeile-boegen-zubehoer-fuer-anfaenger-und-profis-zum-besten-preis-Symbolbild-kein-foto-zu-diesem-artikel_01.jpg\",\"datePublished\":\"2026-04-05T12:34:30+00:00\",\"dateModified\":\"2026-05-14T05:14:09+00:00\",\"description\":\"MATHEWS MODULE HALON-32\\\/TX 5 = 24\\\"\\\/ 6 = 26\\\"\\\/ TRAV.&7 = 27\\\" \\\/ TRIAX = 25\\\" 'K' 75% g\u00fcnstig kaufen bei Bogensportdiscount \u2013 Top-Marken, schneller Versand aus der Schweiz.\",\"breadcrumb\":{\"@id\":\"https:\\\/\\\/bogensportdiscount.ch\\\/produkt\\\/mathews-module-halon-32-tx-5-24-6-26-trav-7-27-triax-25-k-75\\\/#breadcrumb\"},\"inLanguage\":\"fr-FR\",\"potentialAction\":[{\"@type\":\"ReadAction\",\"target\":[\"https:\\\/\\\/bogensportdiscount.ch\\\/produkt\\\/mathews-module-halon-32-tx-5-24-6-26-trav-7-27-triax-25-k-75\\\/\"]}]},{\"@type\":\"ImageObject\",\"inLanguage\":\"fr-FR\",\"@id\":\"https:\\\/\\\/bogensportdiscount.ch\\\/produkt\\\/mathews-module-halon-32-tx-5-24-6-26-trav-7-27-triax-25-k-75\\\/#primaryimage\",\"url\":\"https:\\\/\\\/bogensportdiscount.ch\\\/wp-content\\\/uploads\\\/2026\\\/04\\\/bogensportdiscount.ch-pfeile-boegen-zubehoer-fuer-anfaenger-und-profis-zum-besten-preis-Symbolbild-kein-foto-zu-diesem-artikel_01.jpg\",\"contentUrl\":\"https:\\\/\\\/bogensportdiscount.ch\\\/wp-content\\\/uploads\\\/2026\\\/04\\\/bogensportdiscount.ch-pfeile-boegen-zubehoer-fuer-anfaenger-und-profis-zum-besten-preis-Symbolbild-kein-foto-zu-diesem-artikel_01.jpg\",\"width\":1080,\"height\":1080},{\"@type\":\"BreadcrumbList\",\"@id\":\"https:\\\/\\\/bogensportdiscount.ch\\\/produkt\\\/mathews-module-halon-32-tx-5-24-6-26-trav-7-27-triax-25-k-75\\\/#breadcrumb\",\"itemListElement\":[{\"@type\":\"ListItem\",\"position\":1,\"name\":\"Home\",\"item\":\"https:\\\/\\\/bogensportdiscount.ch\\\/\"},{\"@type\":\"ListItem\",\"position\":2,\"name\":\"Shop\",\"item\":\"https:\\\/\\\/bogensportdiscount.ch\\\/shop\\\/\"},{\"@type\":\"ListItem\",\"position\":3,\"name\":\"MATHEWS MODULES HALON-32\\\/TX 5 = 24&#8243;\\\/ 6 = 26&#8243;\\\/ TRAV.&#038;7 = 27&#8243; \\\/ TRIAX = 25&#8243; &#8218;K&#8216; 75%\"}]},{\"@type\":\"WebSite\",\"@id\":\"https:\\\/\\\/bogensportdiscount.ch\\\/#website\",\"url\":\"https:\\\/\\\/bogensportdiscount.ch\\\/\",\"name\":\"Bogensportdiscount\",\"description\":\"\",\"potentialAction\":[{\"@type\":\"SearchAction\",\"target\":{\"@type\":\"EntryPoint\",\"urlTemplate\":\"https:\\\/\\\/bogensportdiscount.ch\\\/?s={search_term_string}\"},\"query-input\":{\"@type\":\"PropertyValueSpecification\",\"valueRequired\":true,\"valueName\":\"search_term_string\"}}],\"inLanguage\":\"fr-FR\"}]}<\/script>\n<!-- \/ Yoast SEO plugin. -->","yoast_head_json":{"title":"MODULES MATHEWS HALON-32\/TX 5 = 24&quot;\/ 6 = 26&quot;\/ TRAV.&amp;7 = 27&quot; \/ TRIAX = 25&quot; &#x27;K&#x27; 75% - Bogensportdiscount \u2013 Arcs, fl\u00e8ches, cibles et accessoires","description":"Achetez les modules MATHEWS HALON-32\/TX 5 = 24&quot;\/ 6 = 26&quot;\/ TRAV.&amp;7 = 27&quot; \/ TRIAX = 25&quot; &#x27;K&#x27; \u00e0 75 % de r\u00e9duction chez Bogensportdiscount \u2013 Grandes marques, livraison rapide depuis la Suisse.","robots":{"index":"index","follow":"follow","max-snippet":"max-snippet:-1","max-image-preview":"max-image-preview:large","max-video-preview":"max-video-preview:-1"},"canonical":"https:\/\/bogensportdiscount.ch\/fr\/produit\/mathews-module-halon-32-tx-5-24-6-26-trav-7-27-triax-25-k-75\/","og_locale":"fr_FR","og_type":"article","og_title":"MODULES MATHEWS HALON-32\/TX 5 = 24&quot;\/ 6 = 26&quot;\/ TRAV.&amp;7 = 27&quot; \/ TRIAX = 25&quot; &#x27;K&#x27; 75% - Bogensportdiscount \u2013 Arcs, fl\u00e8ches, cibles et accessoires","og_description":"Achetez les modules MATHEWS HALON-32\/TX 5 = 24&quot;\/ 6 = 26&quot;\/ TRAV.&amp;7 = 27&quot; \/ TRIAX = 25&quot; &#x27;K&#x27; \u00e0 75 % de r\u00e9duction chez Bogensportdiscount \u2013 Grandes marques, livraison rapide depuis la Suisse.","og_url":"https:\/\/bogensportdiscount.ch\/fr\/produit\/mathews-module-halon-32-tx-5-24-6-26-trav-7-27-triax-25-k-75\/","og_site_name":"Bogensportdiscount \u2013 B\u00f6gen, Pfeile, Targets &amp; Zubeh\u00f6r","article_modified_time":"2026-05-14T05:14:09+00:00","og_image":[{"width":1080,"height":1080,"url":"https:\/\/bogensportdiscount.ch\/wp-content\/uploads\/2026\/04\/bogensportdiscount.ch-pfeile-boegen-zubehoer-fuer-anfaenger-und-profis-zum-besten-preis-Symbolbild-kein-foto-zu-diesem-artikel_01.jpg","type":"image\/jpeg"}],"twitter_card":"summary_large_image","schema":{"@context":"https:\/\/schema.org","@graph":[{"@type":"WebPage","@id":"https:\/\/bogensportdiscount.ch\/produkt\/mathews-module-halon-32-tx-5-24-6-26-trav-7-27-triax-25-k-75\/","url":"https:\/\/bogensportdiscount.ch\/produkt\/mathews-module-halon-32-tx-5-24-6-26-trav-7-27-triax-25-k-75\/","name":"MODULES MATHEWS HALON-32\/TX 5 = 24&quot;\/ 6 = 26&quot;\/ TRAV.&amp;7 = 27&quot; \/ TRIAX = 25&quot; &#x27;K&#x27; 75% - Bogensportdiscount \u2013 Arcs, fl\u00e8ches, cibles et accessoires","isPartOf":{"@id":"https:\/\/bogensportdiscount.ch\/#website"},"primaryImageOfPage":{"@id":"https:\/\/bogensportdiscount.ch\/produkt\/mathews-module-halon-32-tx-5-24-6-26-trav-7-27-triax-25-k-75\/#primaryimage"},"image":{"@id":"https:\/\/bogensportdiscount.ch\/produkt\/mathews-module-halon-32-tx-5-24-6-26-trav-7-27-triax-25-k-75\/#primaryimage"},"thumbnailUrl":"https:\/\/bogensportdiscount.ch\/wp-content\/uploads\/2026\/04\/bogensportdiscount.ch-pfeile-boegen-zubehoer-fuer-anfaenger-und-profis-zum-besten-preis-Symbolbild-kein-foto-zu-diesem-artikel_01.jpg","datePublished":"2026-04-05T12:34:30+00:00","dateModified":"2026-05-14T05:14:09+00:00","description":"Achetez les modules MATHEWS HALON-32\/TX 5 = 24&quot;\/ 6 = 26&quot;\/ TRAV.&amp;7 = 27&quot; \/ TRIAX = 25&quot; &#x27;K&#x27; \u00e0 75 % de r\u00e9duction chez Bogensportdiscount \u2013 Grandes marques, livraison rapide depuis la Suisse.","breadcrumb":{"@id":"https:\/\/bogensportdiscount.ch\/produkt\/mathews-module-halon-32-tx-5-24-6-26-trav-7-27-triax-25-k-75\/#breadcrumb"},"inLanguage":"fr-FR","potentialAction":[{"@type":"ReadAction","target":["https:\/\/bogensportdiscount.ch\/produkt\/mathews-module-halon-32-tx-5-24-6-26-trav-7-27-triax-25-k-75\/"]}]},{"@type":"ImageObject","inLanguage":"fr-FR","@id":"https:\/\/bogensportdiscount.ch\/produkt\/mathews-module-halon-32-tx-5-24-6-26-trav-7-27-triax-25-k-75\/#primaryimage","url":"https:\/\/bogensportdiscount.ch\/wp-content\/uploads\/2026\/04\/bogensportdiscount.ch-pfeile-boegen-zubehoer-fuer-anfaenger-und-profis-zum-besten-preis-Symbolbild-kein-foto-zu-diesem-artikel_01.jpg","contentUrl":"https:\/\/bogensportdiscount.ch\/wp-content\/uploads\/2026\/04\/bogensportdiscount.ch-pfeile-boegen-zubehoer-fuer-anfaenger-und-profis-zum-besten-preis-Symbolbild-kein-foto-zu-diesem-artikel_01.jpg","width":1080,"height":1080},{"@type":"BreadcrumbList","@id":"https:\/\/bogensportdiscount.ch\/produkt\/mathews-module-halon-32-tx-5-24-6-26-trav-7-27-triax-25-k-75\/#breadcrumb","itemListElement":[{"@type":"ListItem","position":1,"name":"Home","item":"https:\/\/bogensportdiscount.ch\/"},{"@type":"ListItem","position":2,"name":"Shop","item":"https:\/\/bogensportdiscount.ch\/shop\/"},{"@type":"ListItem","position":3,"name":"MATHEWS MODULES HALON-32\/TX 5 = 24&#8243;\/ 6 = 26&#8243;\/ TRAV.&#038;7 = 27&#8243; \/ TRIAX = 25&#8243; &#8218;K&#8216; 75%"}]},{"@type":"WebSite","@id":"https:\/\/bogensportdiscount.ch\/#website","url":"https:\/\/bogensportdiscount.ch\/","name":"Bogensportdiscount","description":"","potentialAction":[{"@type":"SearchAction","target":{"@type":"EntryPoint","urlTemplate":"https:\/\/bogensportdiscount.ch\/?s={search_term_string}"},"query-input":{"@type":"PropertyValueSpecification","valueRequired":true,"valueName":"search_term_string"}}],"inLanguage":"fr-FR"}]}},"_links":{"self":[{"href":"https:\/\/bogensportdiscount.ch\/fr\/wp-json\/wp\/v2\/product\/394674","targetHints":{"allow":["GET"]}}],"collection":[{"href":"https:\/\/bogensportdiscount.ch\/fr\/wp-json\/wp\/v2\/product"}],"about":[{"href":"https:\/\/bogensportdiscount.ch\/fr\/wp-json\/wp\/v2\/types\/product"}],"replies":[{"embeddable":true,"href":"https:\/\/bogensportdiscount.ch\/fr\/wp-json\/wp\/v2\/comments?post=394674"}],"wp:featuredmedia":[{"embeddable":true,"href":"https:\/\/bogensportdiscount.ch\/fr\/wp-json\/wp\/v2\/media\/453631"}],"wp:attachment":[{"href":"https:\/\/bogensportdiscount.ch\/fr\/wp-json\/wp\/v2\/media?parent=394674"}],"wp:term":[{"taxonomy":"product_brand","embeddable":true,"href":"https:\/\/bogensportdiscount.ch\/fr\/wp-json\/wp\/v2\/product_brand?post=394674"},{"taxonomy":"product_cat","embeddable":true,"href":"https:\/\/bogensportdiscount.ch\/fr\/wp-json\/wp\/v2\/product_cat?post=394674"},{"taxonomy":"product_tag","embeddable":true,"href":"https:\/\/bogensportdiscount.ch\/fr\/wp-json\/wp\/v2\/product_tag?post=394674"}],"curies":[{"name":"wp","href":"https:\/\/api.w.org\/{rel}","templated":true}]}}