{"id":394661,"date":"2026-04-05T14:34:27","date_gmt":"2026-04-05T12:34:27","guid":{"rendered":"https:\/\/bogensportdiscount.ch\/produkt\/blackgold-hunting-3d-sight-ascent-mountain-lite-5-pin-019-micro-rh-black\/"},"modified":"2026-04-16T13:28:31","modified_gmt":"2026-04-16T11:28:31","slug":"blackgold-jagd-3d-visier-ascent-mountain-lite-5-pin-019-direct-mount-rh-schwarz","status":"publish","type":"product","link":"https:\/\/bogensportdiscount.ch\/fr\/produit\/blackgold-jagd-3d-visier-ascent-mountain-lite-5-pin-019-direct-mount-rh-schwarz\/","title":{"rendered":"BLACKGOLD HUNTING &amp; 3D SIGHT ASCENT MOUNTAIN LITE \/ 5 PIN .019\u2033 MICRO RH BLACK"},"content":{"rendered":"<p>Das BLACKGOLD Ascent Mountain Lite ist ein Jagd- und 3D-Visier f\u00fcr Rechtshandbogensch\u00fctzen, ausgef\u00fchrt in Schwarz mit Direct-Mount-Befestigung. Es verf\u00fcgt \u00fcber 5 Pins in der Gr\u00f6sse .019&#8243; und ist damit f\u00fcr pr\u00e4zises Zielen auf mittlere und l\u00e4ngere Distanzen ausgelegt.<\/p>\n<p>Die Direct-Mount-Konstruktion erm\u00f6glicht eine direkte, stabile Montage am Bogen ohne zus\u00e4tzliche Adapterplatten. Das Modell Ascent Mountain Lite ist speziell auf die Anforderungen der Jagd und des 3D-Bogenschiessens ausgerichtet.<\/p>\n<ul>\n<li>5 Pins in der Gr\u00f6sse .019&#8243; f\u00fcr pr\u00e4zise Distanzabdeckung<\/li>\n<li>Direct-Mount-Befestigung f\u00fcr stabilen Sitz<\/li>\n<li>Geeignet f\u00fcr Jagd und 3D-Bogenschiessen<\/li>\n<li>Fabriqu\u00e9 aux \u00c9tats-Unis<\/li>\n<\/ul>","protected":false},"excerpt":{"rendered":"<table>\n<tr>\n<th>Propri\u00e9t\u00e9<\/th>\n<th>Valeur<\/th>\n<\/tr>\n<tr>\n<td>Marque<\/td>\n<td>Black Gold<\/td>\n<\/tr>\n<tr>\n<td>Modell<\/td>\n<td>Ascent Mountain Lite<\/td>\n<\/tr>\n<tr>\n<td>Main<\/td>\n<td>Main droite (RH)<\/td>\n<\/tr>\n<tr>\n<td>Couleur<\/td>\n<td>Schwarz<\/td>\n<\/tr>\n<tr>\n<td>Montagetyp<\/td>\n<td>Direct Mount<\/td>\n<\/tr>\n<tr>\n<td>Anzahl Pins<\/td>\n<td>5<\/td>\n<\/tr>\n<tr>\n<td>Pin-Gr\u00f6sse<\/td>\n<td>.019&#8243;<\/td>\n<\/tr>\n<tr>\n<td>Herkunftsland<\/td>\n<td>USA<\/td>\n<\/tr>\n<\/table>","protected":false},"featured_media":444909,"comment_status":"open","ping_status":"closed","template":"","meta":[],"product_brand":[513],"product_cat":[4263],"product_tag":[3546],"class_list":{"0":"post-394661","1":"product","2":"type-product","3":"status-publish","4":"has-post-thumbnail","6":"product_brand-blackgold","7":"product_cat-jagd-und-3d-visiere","8":"product_tag-neuheit","10":"first","11":"instock","12":"shipping-taxable","13":"purchasable","14":"product-type-simple"},"_links":{"self":[{"href":"https:\/\/bogensportdiscount.ch\/fr\/wp-json\/wp\/v2\/product\/394661","targetHints":{"allow":["GET"]}}],"collection":[{"href":"https:\/\/bogensportdiscount.ch\/fr\/wp-json\/wp\/v2\/product"}],"about":[{"href":"https:\/\/bogensportdiscount.ch\/fr\/wp-json\/wp\/v2\/types\/product"}],"replies":[{"embeddable":true,"href":"https:\/\/bogensportdiscount.ch\/fr\/wp-json\/wp\/v2\/comments?post=394661"}],"wp:featuredmedia":[{"embeddable":true,"href":"https:\/\/bogensportdiscount.ch\/fr\/wp-json\/wp\/v2\/media\/444909"}],"wp:attachment":[{"href":"https:\/\/bogensportdiscount.ch\/fr\/wp-json\/wp\/v2\/media?parent=394661"}],"wp:term":[{"taxonomy":"product_brand","embeddable":true,"href":"https:\/\/bogensportdiscount.ch\/fr\/wp-json\/wp\/v2\/product_brand?post=394661"},{"taxonomy":"product_cat","embeddable":true,"href":"https:\/\/bogensportdiscount.ch\/fr\/wp-json\/wp\/v2\/product_cat?post=394661"},{"taxonomy":"product_tag","embeddable":true,"href":"https:\/\/bogensportdiscount.ch\/fr\/wp-json\/wp\/v2\/product_tag?post=394661"}],"curies":[{"name":"wp","href":"https:\/\/api.w.org\/{rel}","templated":true}]}}