{"id":394656,"date":"2026-04-05T14:34:26","date_gmt":"2026-04-05T12:34:26","guid":{"rendered":"https:\/\/bogensportdiscount.ch\/produkt\/wns-risers-delta-nx-alu-25-rh-silver\/"},"modified":"2026-04-15T12:54:09","modified_gmt":"2026-04-15T10:54:09","slug":"wns-recurvebogen-mitterstueck-delta-nx-alu-25-rh-silber","status":"publish","type":"product","link":"https:\/\/bogensportdiscount.ch\/fr\/produit\/wns-recurvebogen-mitterstueck-delta-nx-alu-25-rh-silber\/","title":{"rendered":"WNS RISERS DELTA-NX ALU 25\u2033 RH SILVER"},"content":{"rendered":"<p>Das WNS Delta-NX Mittelst\u00fcck wird aus Aluminium gefertigt und bietet eine solide Basis f\u00fcr den Aufbau eines Recurvebogens. Mit einer L\u00e4nge von 25 Zoll ist es f\u00fcr die g\u00e4ngigen Wurfarml\u00e4ngen geeignet und richtet sich an Sch\u00fctzen mit Rechtshand-Ausf\u00fchrung.<\/p>\n<p>Die Silber-Ausf\u00fchrung verleiht dem Risers ein klares, zeitloses Erscheinungsbild. Als Aluminium-Mittelst\u00fcck bietet das Delta-NX ein g\u00fcnstiges Verh\u00e4ltnis von Gewicht und Steifigkeit, was sich positiv auf die Stabilit\u00e4t beim Schuss auswirkt.<\/p>\n<ul>\n<li>Material: Aluminium<\/li>\n<li>L\u00e4nge: 25 Zoll<\/li>\n<li>Ausf\u00fchrung: Rechtshand (RH)<\/li>\n<li>Farbe: Silber<\/li>\n<\/ul>","protected":false},"excerpt":{"rendered":"<p><strong>Marque :<\/strong> WNS<br \/><strong>LH\/RH:<\/strong> RH<br \/><strong>Farbe:<\/strong> Silbe<br \/><strong>L\u00e4nge (Zoll):<\/strong> 25<br \/><strong>Pocket fitting:<\/strong> ILF<br \/><strong>GTIN:<\/strong> 189250122<\/p>","protected":false},"featured_media":444919,"comment_status":"open","ping_status":"closed","template":"","meta":[],"product_brand":[461],"product_cat":[4519],"product_tag":[3546],"class_list":{"0":"post-394656","1":"product","2":"type-product","3":"status-publish","4":"has-post-thumbnail","6":"product_brand-wns","7":"product_cat-recurve-mittelteile-recurve-boegen","8":"product_tag-neuheit","10":"first","11":"instock","12":"shipping-taxable","13":"purchasable","14":"product-type-simple"},"_links":{"self":[{"href":"https:\/\/bogensportdiscount.ch\/fr\/wp-json\/wp\/v2\/product\/394656","targetHints":{"allow":["GET"]}}],"collection":[{"href":"https:\/\/bogensportdiscount.ch\/fr\/wp-json\/wp\/v2\/product"}],"about":[{"href":"https:\/\/bogensportdiscount.ch\/fr\/wp-json\/wp\/v2\/types\/product"}],"replies":[{"embeddable":true,"href":"https:\/\/bogensportdiscount.ch\/fr\/wp-json\/wp\/v2\/comments?post=394656"}],"wp:featuredmedia":[{"embeddable":true,"href":"https:\/\/bogensportdiscount.ch\/fr\/wp-json\/wp\/v2\/media\/444919"}],"wp:attachment":[{"href":"https:\/\/bogensportdiscount.ch\/fr\/wp-json\/wp\/v2\/media?parent=394656"}],"wp:term":[{"taxonomy":"product_brand","embeddable":true,"href":"https:\/\/bogensportdiscount.ch\/fr\/wp-json\/wp\/v2\/product_brand?post=394656"},{"taxonomy":"product_cat","embeddable":true,"href":"https:\/\/bogensportdiscount.ch\/fr\/wp-json\/wp\/v2\/product_cat?post=394656"},{"taxonomy":"product_tag","embeddable":true,"href":"https:\/\/bogensportdiscount.ch\/fr\/wp-json\/wp\/v2\/product_tag?post=394656"}],"curies":[{"name":"wp","href":"https:\/\/api.w.org\/{rel}","templated":true}]}}