{"id":394633,"date":"2026-04-05T14:34:21","date_gmt":"2026-04-05T12:34:21","guid":{"rendered":"https:\/\/bogensportdiscount.ch\/produkt\/gompy-chestguards-bb4-large-lh-white\/"},"modified":"2026-04-15T12:46:21","modified_gmt":"2026-04-15T10:46:21","slug":"gompy-brustschuetzer-bb4-large-lh-weiss","status":"publish","type":"product","link":"https:\/\/bogensportdiscount.ch\/fr\/produit\/gompy-brustschuetzer-bb4-large-lh-weiss\/","title":{"rendered":"GOMPY CHESTGUARDS BB4 LARGE LH WHITE"},"content":{"rendered":"<p>Der GOMPY BB4 ist ein Brustsch\u00fctzer f\u00fcr Bogensch\u00fctzen, der den Oberk\u00f6rper vor dem Kontakt mit der Bogensehne beim Abschuss sch\u00fctzt. Die Ausf\u00fchrung in Gr\u00f6sse Large eignet sich f\u00fcr Linksh\u00e4nder (LH) und ist in Weiss gehalten.<\/p>\n<p>Brustsch\u00fctzer geh\u00f6ren zur Grundausr\u00fcstung im Bogensport und werden sowohl im Training als auch im Wettkampf eingesetzt, um Verletzungen und St\u00f6rungen im Schussablauf zu vermeiden. Der BB4 von GOMPY bietet eine solide L\u00f6sung f\u00fcr diesen Zweck.<\/p>\n<ul>\n<li>F\u00fcr Linksh\u00e4nder (LH) geeignet<\/li>\n<li>Gr\u00f6sse: Large<\/li>\n<li>Farbe: Weiss<\/li>\n<li>Sch\u00fctzt vor Bogensehnen-Kontakt am Oberk\u00f6rper<\/li>\n<\/ul>","protected":false},"excerpt":{"rendered":"<p><strong>Marque :<\/strong> Gompy<br \/><strong>LH\/RH:<\/strong> LH<br \/><strong>Farbe:<\/strong> Wei\u00df<br \/><strong>Gr\u00f6\u00dfen:<\/strong> L<\/p>","protected":false},"featured_media":452617,"comment_status":"open","ping_status":"closed","template":"","meta":[],"product_brand":[596],"product_cat":[4180],"product_tag":[3546],"class_list":{"0":"post-394633","1":"product","2":"type-product","3":"status-publish","4":"has-post-thumbnail","6":"product_brand-gompy","7":"product_cat-brustschutz","8":"product_tag-neuheit","10":"first","11":"instock","12":"shipping-taxable","13":"purchasable","14":"product-type-simple"},"_links":{"self":[{"href":"https:\/\/bogensportdiscount.ch\/fr\/wp-json\/wp\/v2\/product\/394633","targetHints":{"allow":["GET"]}}],"collection":[{"href":"https:\/\/bogensportdiscount.ch\/fr\/wp-json\/wp\/v2\/product"}],"about":[{"href":"https:\/\/bogensportdiscount.ch\/fr\/wp-json\/wp\/v2\/types\/product"}],"replies":[{"embeddable":true,"href":"https:\/\/bogensportdiscount.ch\/fr\/wp-json\/wp\/v2\/comments?post=394633"}],"wp:featuredmedia":[{"embeddable":true,"href":"https:\/\/bogensportdiscount.ch\/fr\/wp-json\/wp\/v2\/media\/452617"}],"wp:attachment":[{"href":"https:\/\/bogensportdiscount.ch\/fr\/wp-json\/wp\/v2\/media?parent=394633"}],"wp:term":[{"taxonomy":"product_brand","embeddable":true,"href":"https:\/\/bogensportdiscount.ch\/fr\/wp-json\/wp\/v2\/product_brand?post=394633"},{"taxonomy":"product_cat","embeddable":true,"href":"https:\/\/bogensportdiscount.ch\/fr\/wp-json\/wp\/v2\/product_cat?post=394633"},{"taxonomy":"product_tag","embeddable":true,"href":"https:\/\/bogensportdiscount.ch\/fr\/wp-json\/wp\/v2\/product_tag?post=394633"}],"curies":[{"name":"wp","href":"https:\/\/api.w.org\/{rel}","templated":true}]}}