{"id":394625,"date":"2026-04-05T14:34:19","date_gmt":"2026-04-05T12:34:19","guid":{"rendered":"https:\/\/bogensportdiscount.ch\/produkt\/easton-nibb-acc-28-70-gr-600-12-pk\/"},"modified":"2026-04-17T18:40:53","modified_gmt":"2026-04-17T16:40:53","slug":"easton-nibb-acc-einklebespitze-28gr-70gr-600-12er-pack","status":"publish","type":"product","link":"https:\/\/bogensportdiscount.ch\/fr\/produit\/easton-nibb-acc-einklebespitze-28gr-70gr-600-12er-pack\/","title":{"rendered":"EASTON NIBB ACC -28 70 GR 600 12\/PK"},"content":{"rendered":"<p>Die Easton NIBB ACC Einklebespitze ist eine einteilige Aufschraubspitze (One-piece) f\u00fcr ACC-Sch\u00e4fte mit einem Spine von 600. Mit einem Gewicht von 70 Grain eignet sie sich f\u00fcr den Einsatz im Trainings- und Wettkampfbereich.<\/p>\n<p>Das Paket enth\u00e4lt 12 Spitzen, die direkt in kompatible ACC-Sch\u00e4fte eingeklebt werden. Die Spitzen werden in den USA gefertigt und entsprechen den Qualit\u00e4tsstandards von Easton.<\/p>\n<ul>\n<li>Einteiliges Design (One-piece) f\u00fcr einfache Montage<\/li>\n<li>Gewicht: 70 Grain<\/li>\n<li>Passend f\u00fcr ACC-Sch\u00e4fte, Spine 600<\/li>\n<li>12 St\u00fcck pro Packung<\/li>\n<\/ul>","protected":false},"excerpt":{"rendered":"<table>\n<tr>\n<th>Propri\u00e9t\u00e9<\/th>\n<th>Valeur<\/th>\n<\/tr>\n<tr>\n<td>Marque<\/td>\n<td>Easton<\/td>\n<\/tr>\n<tr>\n<td>Type<\/td>\n<td>One-piece<\/td>\n<\/tr>\n<tr>\n<td>Poids<\/td>\n<td>70 gr<\/td>\n<\/tr>\n<tr>\n<td>\u00c9pine<\/td>\n<td>600<\/td>\n<\/tr>\n<tr>\n<td>Origine<\/td>\n<td>USA<\/td>\n<\/tr>\n<tr>\n<td>Lieferumfang<\/td>\n<td>12 St\u00fcck<\/td>\n<\/tr>\n<\/table>","protected":false},"featured_media":452465,"comment_status":"open","ping_status":"closed","template":"","meta":[],"product_brand":[417],"product_cat":[4543],"product_tag":[3546],"class_list":{"0":"post-394625","1":"product","2":"type-product","3":"status-publish","4":"has-post-thumbnail","6":"product_brand-easton","7":"product_cat-einklebe-spitzen-pfeil-komponenten","8":"product_tag-neuheit","10":"first","11":"instock","12":"shipping-taxable","13":"purchasable","14":"product-type-simple"},"_links":{"self":[{"href":"https:\/\/bogensportdiscount.ch\/fr\/wp-json\/wp\/v2\/product\/394625","targetHints":{"allow":["GET"]}}],"collection":[{"href":"https:\/\/bogensportdiscount.ch\/fr\/wp-json\/wp\/v2\/product"}],"about":[{"href":"https:\/\/bogensportdiscount.ch\/fr\/wp-json\/wp\/v2\/types\/product"}],"replies":[{"embeddable":true,"href":"https:\/\/bogensportdiscount.ch\/fr\/wp-json\/wp\/v2\/comments?post=394625"}],"wp:featuredmedia":[{"embeddable":true,"href":"https:\/\/bogensportdiscount.ch\/fr\/wp-json\/wp\/v2\/media\/452465"}],"wp:attachment":[{"href":"https:\/\/bogensportdiscount.ch\/fr\/wp-json\/wp\/v2\/media?parent=394625"}],"wp:term":[{"taxonomy":"product_brand","embeddable":true,"href":"https:\/\/bogensportdiscount.ch\/fr\/wp-json\/wp\/v2\/product_brand?post=394625"},{"taxonomy":"product_cat","embeddable":true,"href":"https:\/\/bogensportdiscount.ch\/fr\/wp-json\/wp\/v2\/product_cat?post=394625"},{"taxonomy":"product_tag","embeddable":true,"href":"https:\/\/bogensportdiscount.ch\/fr\/wp-json\/wp\/v2\/product_tag?post=394625"}],"curies":[{"name":"wp","href":"https:\/\/api.w.org\/{rel}","templated":true}]}}