{"id":394602,"date":"2026-04-05T14:34:13","date_gmt":"2026-04-05T12:34:13","guid":{"rendered":"https:\/\/bogensportdiscount.ch\/produkt\/mission-wheel-and-cam-parts-rally-module-kit-70-lbs\/"},"modified":"2026-04-15T12:38:22","modified_gmt":"2026-04-15T10:38:22","slug":"mission-wheel-cam-teile-rally-module-kit-70-lbs","status":"publish","type":"product","link":"https:\/\/bogensportdiscount.ch\/fr\/produit\/mission-wheel-cam-teile-rally-module-kit-70-lbs\/","title":{"rendered":"MISSION WHEEL AND CAM PARTS RALLY MODULE KIT 70 LBS"},"content":{"rendered":"<p>Das Mission Rally Module Kit f\u00fcr 70 lbs ist ein Ersatz- und Tuning-Teileset f\u00fcr das Wheel- und Cam-System des Mission Rally Compoundbogens. Es erm\u00f6glicht die Anpassung oder den Austausch der Module, um das Zuggewicht des Bogens korrekt einzustellen.<\/p>\n<p>Module sind wesentliche Komponenten des Cam-Systems und beeinflussen Zuggewicht sowie Zugkurvenverlauf. Dieses Kit ist speziell auf die 70-lbs-Konfiguration des Mission Rally ausgelegt und gew\u00e4hrleistet eine passgenaue Montage.<\/p>\n<ul>\n<li>Passend f\u00fcr Mission Rally Compoundbogen<\/li>\n<li>Ausgelegt f\u00fcr 70 lbs Zuggewicht<\/li>\n<li>Originalteil f\u00fcr Wheel- und Cam-System<\/li>\n<li>Fabriqu\u00e9 aux \u00c9tats-Unis<\/li>\n<\/ul>","protected":false},"excerpt":{"rendered":"<table>\n<tr>\n<th>Propri\u00e9t\u00e9<\/th>\n<th>Valeur<\/th>\n<\/tr>\n<tr>\n<td>Marque<\/td>\n<td>Mission<\/td>\n<\/tr>\n<tr>\n<td>Type<\/td>\n<td>Module<\/td>\n<\/tr>\n<tr>\n<td>Poids de traction<\/td>\n<td>70 lbs<\/td>\n<\/tr>\n<tr>\n<td>Herkunftsland<\/td>\n<td>USA<\/td>\n<\/tr>\n<\/table>","protected":false},"featured_media":453631,"comment_status":"open","ping_status":"closed","template":"","meta":[],"product_brand":[610],"product_cat":[4526],"product_tag":[3546],"class_list":{"0":"post-394602","1":"product","2":"type-product","3":"status-publish","4":"has-post-thumbnail","6":"product_brand-mission","7":"product_cat-einzelteile-fuer-compound-boegen-compound-boegen","8":"product_tag-neuheit","10":"first","11":"instock","12":"shipping-taxable","13":"purchasable","14":"product-type-simple"},"_links":{"self":[{"href":"https:\/\/bogensportdiscount.ch\/fr\/wp-json\/wp\/v2\/product\/394602","targetHints":{"allow":["GET"]}}],"collection":[{"href":"https:\/\/bogensportdiscount.ch\/fr\/wp-json\/wp\/v2\/product"}],"about":[{"href":"https:\/\/bogensportdiscount.ch\/fr\/wp-json\/wp\/v2\/types\/product"}],"replies":[{"embeddable":true,"href":"https:\/\/bogensportdiscount.ch\/fr\/wp-json\/wp\/v2\/comments?post=394602"}],"wp:featuredmedia":[{"embeddable":true,"href":"https:\/\/bogensportdiscount.ch\/fr\/wp-json\/wp\/v2\/media\/453631"}],"wp:attachment":[{"href":"https:\/\/bogensportdiscount.ch\/fr\/wp-json\/wp\/v2\/media?parent=394602"}],"wp:term":[{"taxonomy":"product_brand","embeddable":true,"href":"https:\/\/bogensportdiscount.ch\/fr\/wp-json\/wp\/v2\/product_brand?post=394602"},{"taxonomy":"product_cat","embeddable":true,"href":"https:\/\/bogensportdiscount.ch\/fr\/wp-json\/wp\/v2\/product_cat?post=394602"},{"taxonomy":"product_tag","embeddable":true,"href":"https:\/\/bogensportdiscount.ch\/fr\/wp-json\/wp\/v2\/product_tag?post=394602"}],"curies":[{"name":"wp","href":"https:\/\/api.w.org\/{rel}","templated":true}]}}