{"id":394595,"date":"2026-04-05T14:34:11","date_gmt":"2026-04-05T12:34:11","guid":{"rendered":"https:\/\/bogensportdiscount.ch\/produkt\/truglo-hunting-3d-sights-carbon-hybrid-micro-rh-019-5pin-black\/"},"modified":"2026-04-23T19:17:14","modified_gmt":"2026-04-23T17:17:14","slug":"truglo-compound-jagd-3d-visier-carbon-hybrid-micro-rh-019-5-pin-schwarz","status":"publish","type":"product","link":"https:\/\/bogensportdiscount.ch\/fr\/produit\/truglo-compound-jagd-3d-visier-carbon-hybrid-micro-rh-019-5-pin-schwarz\/","title":{"rendered":"TRUGLO JAGD &#038; 3D VISIERE CARBON HYBRID MICRO RH \/ .019 \/ 5PIN \/ SCHWARZ"},"content":{"rendered":"<p>Das TRUGLO Carbon Hybrid Micro ist ein Compound-Visier, das speziell f\u00fcr Jagd- und 3D-Anwendungen entwickelt wurde. Das Modell ist f\u00fcr Rechtsh\u00e4nder (RH) ausgelegt und verf\u00fcgt \u00fcber 5 Pins mit einem Durchmesser von .019 Zoll, was eine feine Zielerfassung bei verschiedenen Distanzen erm\u00f6glicht.<\/p>\n<p>Die Hybrid-Bauweise kombiniert Carbon- und andere Materialien, um ein leichtes und gleichzeitig robustes Visier zu realisieren. Die Micro-Verstellm\u00f6glichkeit erlaubt eine genaue Justierung f\u00fcr pr\u00e4zises Schiessen im Jagdalltag oder im Parcours.<\/p>\n<ul>\n<li>5-Pin-Konfiguration f\u00fcr verschiedene Distanzen<\/li>\n<li>Pindurchmesser .019 f\u00fcr pr\u00e4zise Zielerfassung<\/li>\n<li>Con\u00e7u pour droitiers<\/li>\n<li>Leichte Carbon-Hybrid-Konstruktion in Schwarz<\/li>\n<\/ul>","protected":false},"excerpt":{"rendered":"<p><strong>Marque :<\/strong> Truglo<br \/><strong>LH\/RH:<\/strong> RH<br \/><strong>Couleur:<\/strong> Noir<br \/><strong>Type :<\/strong> Montage direct<br \/><strong>Nombre de pins :<\/strong> 5<br \/><strong>Taille du pin :<\/strong> 019<br \/><strong>GTIN:<\/strong> 788130020289<\/p>","protected":false},"featured_media":524536,"comment_status":"open","ping_status":"closed","template":"","meta":[],"product_brand":[560],"product_cat":[4263],"product_tag":[3546],"class_list":{"0":"post-394595","1":"product","2":"type-product","3":"status-publish","4":"has-post-thumbnail","6":"product_brand-truglo","7":"product_cat-jagd-und-3d-visiere","8":"product_tag-neuheit","9":"product_shipping_class-bsd-standard","11":"first","12":"instock","13":"shipping-taxable","14":"purchasable","15":"product-type-simple"},"yoast_head":"<!-- This site is optimized with the Yoast SEO plugin v27.4 - https:\/\/yoast.com\/product\/yoast-seo-wordpress\/ -->\n<title>TRUGLO VIS\u00c9ES DE CHASSE ET 3D CARBON HYBRID MICRO RH \/ .019 \/ 5 BROCHES \/ NOIR - Bogensportdiscount \u2013 Arcs, fl\u00e8ches, cibles et accessoires<\/title>\n<meta name=\"description\" content=\"TRUGLO JAGD &amp; 3D VISIERE CARBON HYBRID MICRO RH \/ .019 \/ 5PIN \/ NOIR : achetez-le \u00e0 prix avantageux chez Bogensportdiscount \u2013 Les meilleures marques, livraison rapide depuis la Suisse.\" \/>\n<meta name=\"robots\" content=\"index, follow, max-snippet:-1, max-image-preview:large, max-video-preview:-1\" \/>\n<link rel=\"canonical\" href=\"https:\/\/bogensportdiscount.ch\/fr\/produit\/truglo-compound-jagd-3d-visier-carbon-hybrid-micro-rh-019-5-pin-schwarz\/\" \/>\n<meta property=\"og:locale\" content=\"fr_FR\" \/>\n<meta property=\"og:type\" content=\"article\" \/>\n<meta property=\"og:title\" content=\"TRUGLO VIS\u00c9ES DE CHASSE ET 3D CARBON HYBRID MICRO RH \/ .019 \/ 5 BROCHES \/ NOIR - Bogensportdiscount \u2013 Arcs, fl\u00e8ches, cibles et accessoires\" \/>\n<meta property=\"og:description\" content=\"TRUGLO JAGD &amp; 3D VISIERE CARBON HYBRID MICRO RH \/ .019 \/ 5PIN \/ NOIR : achetez-le \u00e0 prix avantageux chez Bogensportdiscount \u2013 Les meilleures marques, livraison rapide depuis la Suisse.\" \/>\n<meta property=\"og:url\" content=\"https:\/\/bogensportdiscount.ch\/fr\/produit\/truglo-compound-jagd-3d-visier-carbon-hybrid-micro-rh-019-5-pin-schwarz\/\" \/>\n<meta property=\"og:site_name\" content=\"Bogensportdiscount \u2013 B\u00f6gen, Pfeile, Targets &amp; Zubeh\u00f6r\" \/>\n<meta property=\"article:modified_time\" content=\"2026-04-23T17:17:14+00:00\" \/>\n<meta property=\"og:image\" content=\"https:\/\/bogensportdiscount.ch\/wp-content\/uploads\/bsm-images\/A026797_1.png\" \/>\n\t<meta property=\"og:image:width\" content=\"1050\" \/>\n\t<meta property=\"og:image:height\" content=\"563\" \/>\n\t<meta property=\"og:image:type\" content=\"image\/png\" \/>\n<meta name=\"twitter:card\" content=\"summary_large_image\" \/>\n<script type=\"application\/ld+json\" class=\"yoast-schema-graph\">{\"@context\":\"https:\\\/\\\/schema.org\",\"@graph\":[{\"@type\":\"WebPage\",\"@id\":\"https:\\\/\\\/bogensportdiscount.ch\\\/produkt\\\/truglo-compound-jagd-3d-visier-carbon-hybrid-micro-rh-019-5-pin-schwarz\\\/\",\"url\":\"https:\\\/\\\/bogensportdiscount.ch\\\/produkt\\\/truglo-compound-jagd-3d-visier-carbon-hybrid-micro-rh-019-5-pin-schwarz\\\/\",\"name\":\"TRUGLO JAGD & 3D VISIERE CARBON HYBRID MICRO RH \\\/ .019 \\\/ 5PIN \\\/ SCHWARZ - Bogensportdiscount \u2013 B\u00f6gen, Pfeile, Targets &amp; Zubeh\u00f6r\",\"isPartOf\":{\"@id\":\"https:\\\/\\\/bogensportdiscount.ch\\\/#website\"},\"primaryImageOfPage\":{\"@id\":\"https:\\\/\\\/bogensportdiscount.ch\\\/produkt\\\/truglo-compound-jagd-3d-visier-carbon-hybrid-micro-rh-019-5-pin-schwarz\\\/#primaryimage\"},\"image\":{\"@id\":\"https:\\\/\\\/bogensportdiscount.ch\\\/produkt\\\/truglo-compound-jagd-3d-visier-carbon-hybrid-micro-rh-019-5-pin-schwarz\\\/#primaryimage\"},\"thumbnailUrl\":\"https:\\\/\\\/bogensportdiscount.ch\\\/wp-content\\\/uploads\\\/bsm-images\\\/A026797_1.png\",\"datePublished\":\"2026-04-05T12:34:11+00:00\",\"dateModified\":\"2026-04-23T17:17:14+00:00\",\"description\":\"TRUGLO JAGD & 3D VISIERE CARBON HYBRID MICRO RH \\\/ .019 \\\/ 5PIN \\\/ SCHWARZ g\u00fcnstig kaufen bei Bogensportdiscount \u2013 Top-Marken, schneller Versand aus der Schweiz.\",\"breadcrumb\":{\"@id\":\"https:\\\/\\\/bogensportdiscount.ch\\\/produkt\\\/truglo-compound-jagd-3d-visier-carbon-hybrid-micro-rh-019-5-pin-schwarz\\\/#breadcrumb\"},\"inLanguage\":\"fr-FR\",\"potentialAction\":[{\"@type\":\"ReadAction\",\"target\":[\"https:\\\/\\\/bogensportdiscount.ch\\\/produkt\\\/truglo-compound-jagd-3d-visier-carbon-hybrid-micro-rh-019-5-pin-schwarz\\\/\"]}]},{\"@type\":\"ImageObject\",\"inLanguage\":\"fr-FR\",\"@id\":\"https:\\\/\\\/bogensportdiscount.ch\\\/produkt\\\/truglo-compound-jagd-3d-visier-carbon-hybrid-micro-rh-019-5-pin-schwarz\\\/#primaryimage\",\"url\":\"https:\\\/\\\/bogensportdiscount.ch\\\/wp-content\\\/uploads\\\/bsm-images\\\/A026797_1.png\",\"contentUrl\":\"https:\\\/\\\/bogensportdiscount.ch\\\/wp-content\\\/uploads\\\/bsm-images\\\/A026797_1.png\",\"width\":1050,\"height\":563},{\"@type\":\"BreadcrumbList\",\"@id\":\"https:\\\/\\\/bogensportdiscount.ch\\\/produkt\\\/truglo-compound-jagd-3d-visier-carbon-hybrid-micro-rh-019-5-pin-schwarz\\\/#breadcrumb\",\"itemListElement\":[{\"@type\":\"ListItem\",\"position\":1,\"name\":\"Home\",\"item\":\"https:\\\/\\\/bogensportdiscount.ch\\\/\"},{\"@type\":\"ListItem\",\"position\":2,\"name\":\"Shop\",\"item\":\"https:\\\/\\\/bogensportdiscount.ch\\\/shop\\\/\"},{\"@type\":\"ListItem\",\"position\":3,\"name\":\"TRUGLO JAGD &#038; 3D VISIERE CARBON HYBRID MICRO RH \\\/ .019 \\\/ 5PIN \\\/ SCHWARZ\"}]},{\"@type\":\"WebSite\",\"@id\":\"https:\\\/\\\/bogensportdiscount.ch\\\/#website\",\"url\":\"https:\\\/\\\/bogensportdiscount.ch\\\/\",\"name\":\"Bogensportdiscount\",\"description\":\"\",\"potentialAction\":[{\"@type\":\"SearchAction\",\"target\":{\"@type\":\"EntryPoint\",\"urlTemplate\":\"https:\\\/\\\/bogensportdiscount.ch\\\/?s={search_term_string}\"},\"query-input\":{\"@type\":\"PropertyValueSpecification\",\"valueRequired\":true,\"valueName\":\"search_term_string\"}}],\"inLanguage\":\"fr-FR\"}]}<\/script>\n<!-- \/ Yoast SEO plugin. -->","yoast_head_json":{"title":"TRUGLO VIS\u00c9ES DE CHASSE ET 3D CARBON HYBRID MICRO RH \/ .019 \/ 5 BROCHES \/ NOIR - Bogensportdiscount \u2013 Arcs, fl\u00e8ches, cibles et accessoires","description":"TRUGLO JAGD &amp; 3D VISIERE CARBON HYBRID MICRO RH \/ .019 \/ 5PIN \/ NOIR : achetez-le \u00e0 prix avantageux chez Bogensportdiscount \u2013 Les meilleures marques, livraison rapide depuis la Suisse.","robots":{"index":"index","follow":"follow","max-snippet":"max-snippet:-1","max-image-preview":"max-image-preview:large","max-video-preview":"max-video-preview:-1"},"canonical":"https:\/\/bogensportdiscount.ch\/fr\/produit\/truglo-compound-jagd-3d-visier-carbon-hybrid-micro-rh-019-5-pin-schwarz\/","og_locale":"fr_FR","og_type":"article","og_title":"TRUGLO VIS\u00c9ES DE CHASSE ET 3D CARBON HYBRID MICRO RH \/ .019 \/ 5 BROCHES \/ NOIR - Bogensportdiscount \u2013 Arcs, fl\u00e8ches, cibles et accessoires","og_description":"TRUGLO JAGD &amp; 3D VISIERE CARBON HYBRID MICRO RH \/ .019 \/ 5PIN \/ NOIR : achetez-le \u00e0 prix avantageux chez Bogensportdiscount \u2013 Les meilleures marques, livraison rapide depuis la Suisse.","og_url":"https:\/\/bogensportdiscount.ch\/fr\/produit\/truglo-compound-jagd-3d-visier-carbon-hybrid-micro-rh-019-5-pin-schwarz\/","og_site_name":"Bogensportdiscount \u2013 B\u00f6gen, Pfeile, Targets &amp; Zubeh\u00f6r","article_modified_time":"2026-04-23T17:17:14+00:00","og_image":[{"width":1050,"height":563,"url":"https:\/\/bogensportdiscount.ch\/wp-content\/uploads\/bsm-images\/A026797_1.png","type":"image\/png"}],"twitter_card":"summary_large_image","schema":{"@context":"https:\/\/schema.org","@graph":[{"@type":"WebPage","@id":"https:\/\/bogensportdiscount.ch\/produkt\/truglo-compound-jagd-3d-visier-carbon-hybrid-micro-rh-019-5-pin-schwarz\/","url":"https:\/\/bogensportdiscount.ch\/produkt\/truglo-compound-jagd-3d-visier-carbon-hybrid-micro-rh-019-5-pin-schwarz\/","name":"TRUGLO VIS\u00c9ES DE CHASSE ET 3D CARBON HYBRID MICRO RH \/ .019 \/ 5 BROCHES \/ NOIR - Bogensportdiscount \u2013 Arcs, fl\u00e8ches, cibles et accessoires","isPartOf":{"@id":"https:\/\/bogensportdiscount.ch\/#website"},"primaryImageOfPage":{"@id":"https:\/\/bogensportdiscount.ch\/produkt\/truglo-compound-jagd-3d-visier-carbon-hybrid-micro-rh-019-5-pin-schwarz\/#primaryimage"},"image":{"@id":"https:\/\/bogensportdiscount.ch\/produkt\/truglo-compound-jagd-3d-visier-carbon-hybrid-micro-rh-019-5-pin-schwarz\/#primaryimage"},"thumbnailUrl":"https:\/\/bogensportdiscount.ch\/wp-content\/uploads\/bsm-images\/A026797_1.png","datePublished":"2026-04-05T12:34:11+00:00","dateModified":"2026-04-23T17:17:14+00:00","description":"TRUGLO JAGD &amp; 3D VISIERE CARBON HYBRID MICRO RH \/ .019 \/ 5PIN \/ NOIR : achetez-le \u00e0 prix avantageux chez Bogensportdiscount \u2013 Les meilleures marques, livraison rapide depuis la Suisse.","breadcrumb":{"@id":"https:\/\/bogensportdiscount.ch\/produkt\/truglo-compound-jagd-3d-visier-carbon-hybrid-micro-rh-019-5-pin-schwarz\/#breadcrumb"},"inLanguage":"fr-FR","potentialAction":[{"@type":"ReadAction","target":["https:\/\/bogensportdiscount.ch\/produkt\/truglo-compound-jagd-3d-visier-carbon-hybrid-micro-rh-019-5-pin-schwarz\/"]}]},{"@type":"ImageObject","inLanguage":"fr-FR","@id":"https:\/\/bogensportdiscount.ch\/produkt\/truglo-compound-jagd-3d-visier-carbon-hybrid-micro-rh-019-5-pin-schwarz\/#primaryimage","url":"https:\/\/bogensportdiscount.ch\/wp-content\/uploads\/bsm-images\/A026797_1.png","contentUrl":"https:\/\/bogensportdiscount.ch\/wp-content\/uploads\/bsm-images\/A026797_1.png","width":1050,"height":563},{"@type":"BreadcrumbList","@id":"https:\/\/bogensportdiscount.ch\/produkt\/truglo-compound-jagd-3d-visier-carbon-hybrid-micro-rh-019-5-pin-schwarz\/#breadcrumb","itemListElement":[{"@type":"ListItem","position":1,"name":"Home","item":"https:\/\/bogensportdiscount.ch\/"},{"@type":"ListItem","position":2,"name":"Shop","item":"https:\/\/bogensportdiscount.ch\/shop\/"},{"@type":"ListItem","position":3,"name":"TRUGLO JAGD &#038; 3D VISIERE CARBON HYBRID MICRO RH \/ .019 \/ 5PIN \/ SCHWARZ"}]},{"@type":"WebSite","@id":"https:\/\/bogensportdiscount.ch\/#website","url":"https:\/\/bogensportdiscount.ch\/","name":"Bogensportdiscount","description":"","potentialAction":[{"@type":"SearchAction","target":{"@type":"EntryPoint","urlTemplate":"https:\/\/bogensportdiscount.ch\/?s={search_term_string}"},"query-input":{"@type":"PropertyValueSpecification","valueRequired":true,"valueName":"search_term_string"}}],"inLanguage":"fr-FR"}]}},"_links":{"self":[{"href":"https:\/\/bogensportdiscount.ch\/fr\/wp-json\/wp\/v2\/product\/394595","targetHints":{"allow":["GET"]}}],"collection":[{"href":"https:\/\/bogensportdiscount.ch\/fr\/wp-json\/wp\/v2\/product"}],"about":[{"href":"https:\/\/bogensportdiscount.ch\/fr\/wp-json\/wp\/v2\/types\/product"}],"replies":[{"embeddable":true,"href":"https:\/\/bogensportdiscount.ch\/fr\/wp-json\/wp\/v2\/comments?post=394595"}],"wp:featuredmedia":[{"embeddable":true,"href":"https:\/\/bogensportdiscount.ch\/fr\/wp-json\/wp\/v2\/media\/524536"}],"wp:attachment":[{"href":"https:\/\/bogensportdiscount.ch\/fr\/wp-json\/wp\/v2\/media?parent=394595"}],"wp:term":[{"taxonomy":"product_brand","embeddable":true,"href":"https:\/\/bogensportdiscount.ch\/fr\/wp-json\/wp\/v2\/product_brand?post=394595"},{"taxonomy":"product_cat","embeddable":true,"href":"https:\/\/bogensportdiscount.ch\/fr\/wp-json\/wp\/v2\/product_cat?post=394595"},{"taxonomy":"product_tag","embeddable":true,"href":"https:\/\/bogensportdiscount.ch\/fr\/wp-json\/wp\/v2\/product_tag?post=394595"}],"curies":[{"name":"wp","href":"https:\/\/api.w.org\/{rel}","templated":true}]}}