{"id":394591,"date":"2026-04-05T14:34:10","date_gmt":"2026-04-05T12:34:10","guid":{"rendered":"https:\/\/bogensportdiscount.ch\/produkt\/spothogg-hunting-3d-sights-fast-eddie-xl-mrt-3-pin-019-micro-lh-black\/"},"modified":"2026-04-19T11:43:05","modified_gmt":"2026-04-19T09:43:05","slug":"spothogg-jagd-3d-visier-fast-eddie-xl-mrt-3-pin-019-micro-lh-schwarz","status":"publish","type":"product","link":"https:\/\/bogensportdiscount.ch\/fr\/produit\/spothogg-jagd-3d-visier-fast-eddie-xl-mrt-3-pin-019-micro-lh-schwarz\/","title":{"rendered":"SPOTHOGG JAGD &#038; 3D VISIERE FAST EDDIE XL MRT \/ 3 PIN .019&#8243; MICRO LH SCHWARZ"},"content":{"rendered":"<p>Le SPOTHOGG Fast Eddie XL MRT est un viseur de chasse et 3D pour arcs \u00e0 poulies, disponible en version pour gauchers (LH) en noir. Il est \u00e9quip\u00e9 d&#x27;un support d&#x27;extension qui permet de positionner le viseur de mani\u00e8re flexible sur l&#x27;arc.<\/p>\n<p>Le viseur est \u00e9quip\u00e9 de 3 rep\u00e8res d&#x27;un diam\u00e8tre de 0,019 pouce (micro), qui permettent une d\u00e9finition pr\u00e9cise du point de vis\u00e9e \u00e0 diff\u00e9rentes distances. La petite taille des rep\u00e8res est particuli\u00e8rement adapt\u00e9e \u00e0 la lumi\u00e8re vive et aux applications de pr\u00e9cision dans le tir 3D ainsi qu&#x27;\u00e0 la chasse.<\/p>\n<ul>\n<li>Configuration \u00e0 3 broches avec des micro-broches de 0,019 pouce<\/li>\n<li>Support d&#x27;extension pour un positionnement flexible de la visi\u00e8re<\/li>\n<li>Version pour gaucher (LH)<\/li>\n<li>Fabrication aux \u00c9tats-Unis<\/li>\n<\/ul>","protected":false},"excerpt":{"rendered":"<table>\n<tr>\n<th>Propri\u00e9t\u00e9<\/th>\n<th>Valeur<\/th>\n<\/tr>\n<tr>\n<td>Marque<\/td>\n<td>Spot-Hogg<\/td>\n<\/tr>\n<tr>\n<td>Gaucher\/Droitier<\/td>\n<td>Gaucher (LH)<\/td>\n<\/tr>\n<tr>\n<td>Couleur<\/td>\n<td>Noir<\/td>\n<\/tr>\n<tr>\n<td>Type<\/td>\n<td>Extension Mount<\/td>\n<\/tr>\n<tr>\n<td>Nombre de pins<\/td>\n<td>3<\/td>\n<\/tr>\n<tr>\n<td>Diam\u00e8tre des pins<\/td>\n<td>.019&#8243;<\/td>\n<\/tr>\n<tr>\n<td>Pays d'origine<\/td>\n<td>USA<\/td>\n<\/tr>\n<\/table>","protected":false},"featured_media":452427,"comment_status":"open","ping_status":"closed","template":"","meta":[],"product_brand":[538],"product_cat":[4263],"product_tag":[3546],"class_list":{"0":"post-394591","1":"product","2":"type-product","3":"status-publish","4":"has-post-thumbnail","6":"product_brand-spothogg","7":"product_cat-jagd-und-3d-visiere","8":"product_tag-neuheit","10":"first","11":"instock","12":"shipping-taxable","13":"purchasable","14":"product-type-simple"},"yoast_head":"<!-- This site is optimized with the Yoast SEO plugin v27.4 - https:\/\/yoast.com\/product\/yoast-seo-wordpress\/ -->\n<title>SPOTHOGG JAGD &amp; 3D VISIERE FAST EDDIE XL MRT \/ 3 PIN .019&quot; MICRO LH SCHWARZ - Bogensportdiscount \u2013 B\u00f6gen, Pfeile, Targets &amp; Zubeh\u00f6r<\/title>\n<meta name=\"robots\" content=\"noindex, follow, max-snippet:-1, max-image-preview:large, max-video-preview:-1\" \/>\n<meta property=\"og:locale\" content=\"fr_FR\" \/>\n<meta property=\"og:type\" content=\"article\" \/>\n<meta property=\"og:title\" content=\"SPOTHOGG JAGD &amp; 3D VISIERE FAST EDDIE XL MRT \/ 3 PIN .019&quot; MICRO LH SCHWARZ - Bogensportdiscount \u2013 B\u00f6gen, Pfeile, Targets &amp; Zubeh\u00f6r\" \/>\n<meta property=\"og:description\" content=\"EigenschaftWertMarkeSpot-HoggLinks-\/RechtshandLinksh\u00e4nder (LH)FarbeSchwarzTypExtension MountAnzahl Pins3Pin-Durchmesser.019&quot;HerkunftslandUSA\" \/>\n<meta property=\"og:url\" content=\"https:\/\/bogensportdiscount.ch\/fr\/produit\/spothogg-jagd-3d-visier-fast-eddie-xl-mrt-3-pin-019-micro-lh-schwarz\/\" \/>\n<meta property=\"og:site_name\" content=\"Bogensportdiscount \u2013 B\u00f6gen, Pfeile, Targets &amp; Zubeh\u00f6r\" \/>\n<meta property=\"article:modified_time\" content=\"2026-04-19T09:43:05+00:00\" \/>\n<meta property=\"og:image\" content=\"https:\/\/bogensportdiscount.ch\/wp-content\/uploads\/bsm-images\/a026748_1.jpg\" \/>\n\t<meta property=\"og:image:width\" content=\"400\" \/>\n\t<meta property=\"og:image:height\" content=\"266\" \/>\n\t<meta property=\"og:image:type\" content=\"image\/jpeg\" \/>\n<meta name=\"twitter:card\" content=\"summary_large_image\" \/>\n<script type=\"application\/ld+json\" class=\"yoast-schema-graph\">{\"@context\":\"https:\\\/\\\/schema.org\",\"@graph\":[{\"@type\":\"WebPage\",\"@id\":\"https:\\\/\\\/bogensportdiscount.ch\\\/fr\\\/produit\\\/spothogg-jagd-3d-visier-fast-eddie-xl-mrt-3-pin-019-micro-lh-schwarz\\\/\",\"url\":\"https:\\\/\\\/bogensportdiscount.ch\\\/fr\\\/produit\\\/spothogg-jagd-3d-visier-fast-eddie-xl-mrt-3-pin-019-micro-lh-schwarz\\\/\",\"name\":\"SPOTHOGG JAGD & 3D VISIERE FAST EDDIE XL MRT \\\/ 3 PIN .019\\\" MICRO LH SCHWARZ - Bogensportdiscount \u2013 B\u00f6gen, Pfeile, Targets &amp; Zubeh\u00f6r\",\"isPartOf\":{\"@id\":\"https:\\\/\\\/bogensportdiscount.ch\\\/#website\"},\"primaryImageOfPage\":{\"@id\":\"https:\\\/\\\/bogensportdiscount.ch\\\/fr\\\/produit\\\/spothogg-jagd-3d-visier-fast-eddie-xl-mrt-3-pin-019-micro-lh-schwarz\\\/#primaryimage\"},\"image\":{\"@id\":\"https:\\\/\\\/bogensportdiscount.ch\\\/fr\\\/produit\\\/spothogg-jagd-3d-visier-fast-eddie-xl-mrt-3-pin-019-micro-lh-schwarz\\\/#primaryimage\"},\"thumbnailUrl\":\"https:\\\/\\\/bogensportdiscount.ch\\\/wp-content\\\/uploads\\\/bsm-images\\\/a026748_1.jpg\",\"datePublished\":\"2026-04-05T12:34:10+00:00\",\"dateModified\":\"2026-04-19T09:43:05+00:00\",\"breadcrumb\":{\"@id\":\"https:\\\/\\\/bogensportdiscount.ch\\\/fr\\\/produit\\\/spothogg-jagd-3d-visier-fast-eddie-xl-mrt-3-pin-019-micro-lh-schwarz\\\/#breadcrumb\"},\"inLanguage\":\"fr-FR\",\"potentialAction\":[{\"@type\":\"ReadAction\",\"target\":[\"https:\\\/\\\/bogensportdiscount.ch\\\/fr\\\/produit\\\/spothogg-jagd-3d-visier-fast-eddie-xl-mrt-3-pin-019-micro-lh-schwarz\\\/\"]}]},{\"@type\":\"ImageObject\",\"inLanguage\":\"fr-FR\",\"@id\":\"https:\\\/\\\/bogensportdiscount.ch\\\/fr\\\/produit\\\/spothogg-jagd-3d-visier-fast-eddie-xl-mrt-3-pin-019-micro-lh-schwarz\\\/#primaryimage\",\"url\":\"https:\\\/\\\/bogensportdiscount.ch\\\/wp-content\\\/uploads\\\/bsm-images\\\/a026748_1.jpg\",\"contentUrl\":\"https:\\\/\\\/bogensportdiscount.ch\\\/wp-content\\\/uploads\\\/bsm-images\\\/a026748_1.jpg\",\"width\":400,\"height\":266},{\"@type\":\"BreadcrumbList\",\"@id\":\"https:\\\/\\\/bogensportdiscount.ch\\\/fr\\\/produit\\\/spothogg-jagd-3d-visier-fast-eddie-xl-mrt-3-pin-019-micro-lh-schwarz\\\/#breadcrumb\",\"itemListElement\":[{\"@type\":\"ListItem\",\"position\":1,\"name\":\"Home\",\"item\":\"https:\\\/\\\/bogensportdiscount.ch\\\/\"},{\"@type\":\"ListItem\",\"position\":2,\"name\":\"Shop\",\"item\":\"https:\\\/\\\/bogensportdiscount.ch\\\/shop\\\/\"},{\"@type\":\"ListItem\",\"position\":3,\"name\":\"SPOTHOGG JAGD &#038; 3D VISIERE FAST EDDIE XL MRT \\\/ 3 PIN .019&#8243; MICRO LH SCHWARZ\"}]},{\"@type\":\"WebSite\",\"@id\":\"https:\\\/\\\/bogensportdiscount.ch\\\/#website\",\"url\":\"https:\\\/\\\/bogensportdiscount.ch\\\/\",\"name\":\"Bogensportdiscount\",\"description\":\"\",\"potentialAction\":[{\"@type\":\"SearchAction\",\"target\":{\"@type\":\"EntryPoint\",\"urlTemplate\":\"https:\\\/\\\/bogensportdiscount.ch\\\/?s={search_term_string}\"},\"query-input\":{\"@type\":\"PropertyValueSpecification\",\"valueRequired\":true,\"valueName\":\"search_term_string\"}}],\"inLanguage\":\"fr-FR\"}]}<\/script>\n<!-- \/ Yoast SEO plugin. -->","yoast_head_json":{"title":"SPOTHOGG JAGD & 3D VISIERE FAST EDDIE XL MRT \/ 3 PIN .019\" MICRO LH SCHWARZ - Bogensportdiscount \u2013 B\u00f6gen, Pfeile, Targets &amp; Zubeh\u00f6r","robots":{"index":"noindex","follow":"follow","max-snippet":"max-snippet:-1","max-image-preview":"max-image-preview:large","max-video-preview":"max-video-preview:-1"},"og_locale":"fr_FR","og_type":"article","og_title":"SPOTHOGG JAGD & 3D VISIERE FAST EDDIE XL MRT \/ 3 PIN .019\" MICRO LH SCHWARZ - Bogensportdiscount \u2013 B\u00f6gen, Pfeile, Targets &amp; Zubeh\u00f6r","og_description":"EigenschaftWertMarkeSpot-HoggLinks-\/RechtshandLinksh\u00e4nder (LH)FarbeSchwarzTypExtension MountAnzahl Pins3Pin-Durchmesser.019\"HerkunftslandUSA","og_url":"https:\/\/bogensportdiscount.ch\/fr\/produit\/spothogg-jagd-3d-visier-fast-eddie-xl-mrt-3-pin-019-micro-lh-schwarz\/","og_site_name":"Bogensportdiscount \u2013 B\u00f6gen, Pfeile, Targets &amp; Zubeh\u00f6r","article_modified_time":"2026-04-19T09:43:05+00:00","og_image":[{"width":400,"height":266,"url":"https:\/\/bogensportdiscount.ch\/wp-content\/uploads\/bsm-images\/a026748_1.jpg","type":"image\/jpeg"}],"twitter_card":"summary_large_image","schema":{"@context":"https:\/\/schema.org","@graph":[{"@type":"WebPage","@id":"https:\/\/bogensportdiscount.ch\/fr\/produit\/spothogg-jagd-3d-visier-fast-eddie-xl-mrt-3-pin-019-micro-lh-schwarz\/","url":"https:\/\/bogensportdiscount.ch\/fr\/produit\/spothogg-jagd-3d-visier-fast-eddie-xl-mrt-3-pin-019-micro-lh-schwarz\/","name":"SPOTHOGG JAGD & 3D VISIERE FAST EDDIE XL MRT \/ 3 PIN .019\" MICRO LH SCHWARZ - Bogensportdiscount \u2013 B\u00f6gen, Pfeile, Targets &amp; Zubeh\u00f6r","isPartOf":{"@id":"https:\/\/bogensportdiscount.ch\/#website"},"primaryImageOfPage":{"@id":"https:\/\/bogensportdiscount.ch\/fr\/produit\/spothogg-jagd-3d-visier-fast-eddie-xl-mrt-3-pin-019-micro-lh-schwarz\/#primaryimage"},"image":{"@id":"https:\/\/bogensportdiscount.ch\/fr\/produit\/spothogg-jagd-3d-visier-fast-eddie-xl-mrt-3-pin-019-micro-lh-schwarz\/#primaryimage"},"thumbnailUrl":"https:\/\/bogensportdiscount.ch\/wp-content\/uploads\/bsm-images\/a026748_1.jpg","datePublished":"2026-04-05T12:34:10+00:00","dateModified":"2026-04-19T09:43:05+00:00","breadcrumb":{"@id":"https:\/\/bogensportdiscount.ch\/fr\/produit\/spothogg-jagd-3d-visier-fast-eddie-xl-mrt-3-pin-019-micro-lh-schwarz\/#breadcrumb"},"inLanguage":"fr-FR","potentialAction":[{"@type":"ReadAction","target":["https:\/\/bogensportdiscount.ch\/fr\/produit\/spothogg-jagd-3d-visier-fast-eddie-xl-mrt-3-pin-019-micro-lh-schwarz\/"]}]},{"@type":"ImageObject","inLanguage":"fr-FR","@id":"https:\/\/bogensportdiscount.ch\/fr\/produit\/spothogg-jagd-3d-visier-fast-eddie-xl-mrt-3-pin-019-micro-lh-schwarz\/#primaryimage","url":"https:\/\/bogensportdiscount.ch\/wp-content\/uploads\/bsm-images\/a026748_1.jpg","contentUrl":"https:\/\/bogensportdiscount.ch\/wp-content\/uploads\/bsm-images\/a026748_1.jpg","width":400,"height":266},{"@type":"BreadcrumbList","@id":"https:\/\/bogensportdiscount.ch\/fr\/produit\/spothogg-jagd-3d-visier-fast-eddie-xl-mrt-3-pin-019-micro-lh-schwarz\/#breadcrumb","itemListElement":[{"@type":"ListItem","position":1,"name":"Home","item":"https:\/\/bogensportdiscount.ch\/"},{"@type":"ListItem","position":2,"name":"Shop","item":"https:\/\/bogensportdiscount.ch\/shop\/"},{"@type":"ListItem","position":3,"name":"SPOTHOGG JAGD &#038; 3D VISIERE FAST EDDIE XL MRT \/ 3 PIN .019&#8243; MICRO LH SCHWARZ"}]},{"@type":"WebSite","@id":"https:\/\/bogensportdiscount.ch\/#website","url":"https:\/\/bogensportdiscount.ch\/","name":"Bogensportdiscount","description":"","potentialAction":[{"@type":"SearchAction","target":{"@type":"EntryPoint","urlTemplate":"https:\/\/bogensportdiscount.ch\/?s={search_term_string}"},"query-input":{"@type":"PropertyValueSpecification","valueRequired":true,"valueName":"search_term_string"}}],"inLanguage":"fr-FR"}]}},"_links":{"self":[{"href":"https:\/\/bogensportdiscount.ch\/fr\/wp-json\/wp\/v2\/product\/394591","targetHints":{"allow":["GET"]}}],"collection":[{"href":"https:\/\/bogensportdiscount.ch\/fr\/wp-json\/wp\/v2\/product"}],"about":[{"href":"https:\/\/bogensportdiscount.ch\/fr\/wp-json\/wp\/v2\/types\/product"}],"replies":[{"embeddable":true,"href":"https:\/\/bogensportdiscount.ch\/fr\/wp-json\/wp\/v2\/comments?post=394591"}],"wp:featuredmedia":[{"embeddable":true,"href":"https:\/\/bogensportdiscount.ch\/fr\/wp-json\/wp\/v2\/media\/452427"}],"wp:attachment":[{"href":"https:\/\/bogensportdiscount.ch\/fr\/wp-json\/wp\/v2\/media?parent=394591"}],"wp:term":[{"taxonomy":"product_brand","embeddable":true,"href":"https:\/\/bogensportdiscount.ch\/fr\/wp-json\/wp\/v2\/product_brand?post=394591"},{"taxonomy":"product_cat","embeddable":true,"href":"https:\/\/bogensportdiscount.ch\/fr\/wp-json\/wp\/v2\/product_cat?post=394591"},{"taxonomy":"product_tag","embeddable":true,"href":"https:\/\/bogensportdiscount.ch\/fr\/wp-json\/wp\/v2\/product_tag?post=394591"}],"curies":[{"name":"wp","href":"https:\/\/api.w.org\/{rel}","templated":true}]}}